{"id":234844,"date":"2022-02-24T14:31:09","date_gmt":"2020-04-01T14:41:34","guid":{"rendered":"https:\/\/www.blumen-schwarz.de\/aktuell\/produkt\/rosa-schneeflocke-bodendecker-weiss\/"},"modified":"2022-02-24T14:31:11","modified_gmt":"2022-02-24T13:31:11","slug":"rosa-schneeflocke-bodendecker-weiss","status":"publish","type":"product","link":"https:\/\/www.blumen-schwarz.de\/aktuell\/produkt\/rosa-schneeflocke-bodendecker-weiss\/","title":{"rendered":"Rosa Schneeflocke, Bodendecker, wei\u00df"},"content":{"rendered":"<p>wei\u00dfe Bodendeckerrose<br \/>Rosa Schneeflocke<br \/>Rosaceae<br \/>Bl\u00fcte: wei\u00df, halbgef\u00fcllt<br \/> leichter Duft<br \/> Wuchsh\u00f6he bis 50cm<br \/> Halbgef\u00fcllte Sorte (sch\u00f6ne Rosenbl\u00fcte), die bienenfreundlich ist und sehr gesund w\u00e4chst.<\/p>\n","protected":false},"excerpt":{"rendered":"<p> _<\/p>\n","protected":false},"featured_media":241236,"comment_status":"open","ping_status":"closed","template":"","meta":{"inline_featured_image":false},"product_brand":[],"product_cat":[1259,1258],"product_tag":[1574,2102,2099,1819,1415,1564,2024,2111,1633,1634,1591],"class_list":{"0":"post-234844","1":"product","2":"type-product","3":"status-publish","4":"has-post-thumbnail","6":"product_cat-gehoelze","7":"product_cat-pflanzen","8":"product_tag-10-20cm","9":"product_tag-adr","10":"product_tag-beetrose","11":"product_tag-biene","12":"product_tag-bodendecker","13":"product_tag-c5","14":"product_tag-kleinstrauch","15":"product_tag-noack","16":"product_tag-rose","17":"product_tag-solitaer","18":"product_tag-strauch","19":"thunk-woo-product-list","20":"open-woo-hover-zoom","21":"open-single-product-tab-horizontal","22":"open-shadow-","23":"open-shadow-hover-","24":"wcpa_has_options","26":"first","27":"outofstock","28":"taxable","29":"shipping-taxable","30":"purchasable","31":"product-type-simple"},"wcpa_form_fields":{"wcpaData":{"product":{"product_price":17.5,"price_html":"<span class=\"woocommerce-Price-amount amount\"><bdi>17,50&nbsp;<span class=\"woocommerce-Price-currencySymbol\">&euro;<\/span><\/bdi><\/span>","original_product_price":17.5,"price_including_tax":17.5,"price_excluding_tax":16.35514,"product_id":{"parent":234844,"variation":false},"is_variable":false,"stock_status":"outofstock","stock_quantity":0,"parent_sku":"835091608","product_attributes":[],"custom_fields":[],"is_taxable":true,"product_name":"Rosa Schneeflocke, Bodendecker, wei\u00df","hasImage":false},"fields":{"sec_569d4a30b37dd6":{"extra":{"key":"sec_569d4a30b37dd6","section_id":"sec_569d4a30b37dd6","name":"Default","status":1,"cl_rule":"show","enableCl":false,"relations":[],"toggle":true,"title_tag":"h3","show_title":false,"showPrice":"default","form_id":245222,"form_rules":{"exclude_from_discount":false,"fee_label":"Steuer","disp_hide_options_price":false,"disp_show_section_price":false,"disp_show_field_price":true,"layout_option":"standard","pric_use_as_fee":false,"process_fee_as":"woo_fee"},"layout_option":"standard"},"fields":[[{"type":"textarea","elementId":"wcpa-textarea-1608033486494","label":"zus. W\u00fcnsche (Farbe, Form o.\u00e4.)","description":"","desc_type":true,"pricingType":"fixed","rows":"2","className":"form-control","name":"textarea-1608033486494","cl_rule":"show","col":6,"relations":false,"active":true,"tooltip":"Hier k\u00f6nnen Sie, falls der Artikel nicht eindeutig ist, Ihre W\u00fcnsche eintragen. Im Zweifelsfall lassen Sie dieses Feld einfach leer.","gt_translate_keys":["label","description","tooltip"],"price_dependency":false,"cl_dependency":false,"value":""}]]}},"config":{"price_override":"","enable_recaptcha":false,"bind_quantity":false,"quantity_bind_formula":false,"disp_summ_show_option_price":true,"disp_summ_show_product_price":true,"disp_summ_show_total_price":true,"disp_summ_show_fee":false,"disp_summ_show_discount":false,"summary_title":"","options_total_label":"ausgew\u00e4hlter Preis","total_label":"Komplett","options_product_label":"Produkt Preis","fee_label":"Steuer","discount_label":"Discount","has_price":true,"has_quantity_formula":false},"mc_unit":1,"tax_rate":1,"tax_rate_real":0.07,"discount":{"percentage":0,"fixed":0},"design":{"conf":{"LabelPosition":"above","DescPosition":"above","UploadField":"custom_1","QuantityFieldStyle":"default"},"css":{"LeftLabelWidth":"120px"}},"formulas":[],"lookuptables":[],"clones":false,"cartKey":false}},"_links":{"self":[{"href":"https:\/\/www.blumen-schwarz.de\/aktuell\/wp-json\/wp\/v2\/product\/234844","targetHints":{"allow":["GET"]}}],"collection":[{"href":"https:\/\/www.blumen-schwarz.de\/aktuell\/wp-json\/wp\/v2\/product"}],"about":[{"href":"https:\/\/www.blumen-schwarz.de\/aktuell\/wp-json\/wp\/v2\/types\/product"}],"replies":[{"embeddable":true,"href":"https:\/\/www.blumen-schwarz.de\/aktuell\/wp-json\/wp\/v2\/comments?post=234844"}],"wp:featuredmedia":[{"embeddable":true,"href":"https:\/\/www.blumen-schwarz.de\/aktuell\/wp-json\/wp\/v2\/media\/241236"}],"wp:attachment":[{"href":"https:\/\/www.blumen-schwarz.de\/aktuell\/wp-json\/wp\/v2\/media?parent=234844"}],"wp:term":[{"taxonomy":"product_brand","embeddable":true,"href":"https:\/\/www.blumen-schwarz.de\/aktuell\/wp-json\/wp\/v2\/product_brand?post=234844"},{"taxonomy":"product_cat","embeddable":true,"href":"https:\/\/www.blumen-schwarz.de\/aktuell\/wp-json\/wp\/v2\/product_cat?post=234844"},{"taxonomy":"product_tag","embeddable":true,"href":"https:\/\/www.blumen-schwarz.de\/aktuell\/wp-json\/wp\/v2\/product_tag?post=234844"}],"curies":[{"name":"wp","href":"https:\/\/api.w.org\/{rel}","templated":true}]}}