{"id":234741,"date":"2026-04-17T09:50:43","date_gmt":"2020-04-01T13:35:03","guid":{"rendered":"https:\/\/www.blumen-schwarz.de\/aktuell\/produkt\/vaccinium-c-bluecrop-aroma-heidelbeere\/"},"modified":"2026-04-17T09:50:44","modified_gmt":"2026-04-17T07:50:44","slug":"vaccinium-c-bluecrop-aroma-heidelbeere","status":"publish","type":"product","link":"https:\/\/www.blumen-schwarz.de\/aktuell\/produkt\/vaccinium-c-bluecrop-aroma-heidelbeere\/","title":{"rendered":"Vaccinium c. Bluecrop - Aroma-Heidelbeere"},"content":{"rendered":"<p>Heidelbeere<br \/>Vaccinium corymbosa<br \/>Ericaceae<br \/>Bl\u00fcte: cremewei\u00df M\u00e4rz - April<br \/> Blatt: sommergr\u00fcn<br \/> Wuchsh\u00f6he: 1 - 1,2 m<br \/> Standort: humusreich, sauerer Boden, halbschattige Lage<br \/> Sonstiges: Kultursorten treiben wenig Ausl\u00e4ufer<\/p>\n","protected":false},"excerpt":{"rendered":"<br \/>\n","protected":false},"featured_media":234742,"comment_status":"open","ping_status":"closed","template":"","meta":{"inline_featured_image":false},"product_brand":[],"product_cat":[1259,1258],"product_tag":[1563,1571,1566,1606,745,1591,1607],"class_list":{"0":"post-234741","1":"product","2":"type-product","3":"status-publish","4":"has-post-thumbnail","6":"product_cat-gehoelze","7":"product_cat-pflanzen","8":"product_tag-30-40cm","9":"product_tag-c3","10":"product_tag-frucht","11":"product_tag-heidelbeere","12":"product_tag-obst","13":"product_tag-strauch","14":"product_tag-vaccinium","15":"thunk-woo-product-list","16":"open-woo-hover-zoom","17":"open-single-product-tab-horizontal","18":"open-shadow-","19":"open-shadow-hover-","20":"wcpa_has_options","22":"first","23":"instock","24":"taxable","25":"shipping-taxable","26":"purchasable","27":"product-type-simple"},"wcpa_form_fields":{"wcpaData":{"product":{"product_price":13.99,"price_html":"<span class=\"woocommerce-Price-amount amount\"><bdi>13,99&nbsp;<span class=\"woocommerce-Price-currencySymbol\">&euro;<\/span><\/bdi><\/span>","original_product_price":13.99,"price_including_tax":13.99,"price_excluding_tax":13.074766,"product_id":{"parent":234741,"variation":false},"is_variable":false,"stock_status":"instock","stock_quantity":71,"parent_sku":"4051451212821","product_attributes":[],"custom_fields":[],"is_taxable":true,"product_name":"Vaccinium c. Bluecrop - Aroma-Heidelbeere","hasImage":false},"fields":{"sec_069e8c1965b035":{"extra":{"key":"sec_069e8c1965b035","section_id":"sec_069e8c1965b035","name":"Default","status":1,"cl_rule":"show","enableCl":false,"relations":[],"toggle":true,"title_tag":"h3","show_title":false,"showPrice":"default","form_id":245222,"form_rules":{"exclude_from_discount":false,"fee_label":"Steuer","disp_hide_options_price":false,"disp_show_section_price":false,"disp_show_field_price":true,"layout_option":"standard","pric_use_as_fee":false,"process_fee_as":"woo_fee"},"layout_option":"standard"},"fields":[[{"type":"textarea","elementId":"wcpa-textarea-1608033486494","label":"zus. W\u00fcnsche (Farbe, Form o.\u00e4.)","description":"","desc_type":true,"pricingType":"fixed","rows":"2","className":"form-control","name":"textarea-1608033486494","cl_rule":"show","col":6,"relations":false,"active":true,"tooltip":"Hier k\u00f6nnen Sie, falls der Artikel nicht eindeutig ist, Ihre W\u00fcnsche eintragen. Im Zweifelsfall lassen Sie dieses Feld einfach leer.","gt_translate_keys":["label","description","tooltip"],"price_dependency":false,"cl_dependency":false,"value":""}]]}},"config":{"price_override":"","enable_recaptcha":false,"bind_quantity":false,"quantity_bind_formula":false,"disp_summ_show_option_price":true,"disp_summ_show_product_price":true,"disp_summ_show_total_price":true,"disp_summ_show_fee":false,"disp_summ_show_discount":false,"summary_title":"","options_total_label":"ausgew\u00e4hlter Preis","total_label":"Komplett","options_product_label":"Produkt Preis","fee_label":"Steuer","discount_label":"Discount","has_price":true,"has_quantity_formula":false},"mc_unit":1,"tax_rate":1,"tax_rate_real":0.07,"discount":{"percentage":0,"fixed":0},"design":{"conf":{"LabelPosition":"above","DescPosition":"above","UploadField":"custom_1","QuantityFieldStyle":"default"},"css":{"LeftLabelWidth":"120px"}},"formulas":[],"lookuptables":[],"clones":false,"cartKey":false}},"_links":{"self":[{"href":"https:\/\/www.blumen-schwarz.de\/aktuell\/wp-json\/wp\/v2\/product\/234741","targetHints":{"allow":["GET"]}}],"collection":[{"href":"https:\/\/www.blumen-schwarz.de\/aktuell\/wp-json\/wp\/v2\/product"}],"about":[{"href":"https:\/\/www.blumen-schwarz.de\/aktuell\/wp-json\/wp\/v2\/types\/product"}],"replies":[{"embeddable":true,"href":"https:\/\/www.blumen-schwarz.de\/aktuell\/wp-json\/wp\/v2\/comments?post=234741"}],"wp:featuredmedia":[{"embeddable":true,"href":"https:\/\/www.blumen-schwarz.de\/aktuell\/wp-json\/wp\/v2\/media\/234742"}],"wp:attachment":[{"href":"https:\/\/www.blumen-schwarz.de\/aktuell\/wp-json\/wp\/v2\/media?parent=234741"}],"wp:term":[{"taxonomy":"product_brand","embeddable":true,"href":"https:\/\/www.blumen-schwarz.de\/aktuell\/wp-json\/wp\/v2\/product_brand?post=234741"},{"taxonomy":"product_cat","embeddable":true,"href":"https:\/\/www.blumen-schwarz.de\/aktuell\/wp-json\/wp\/v2\/product_cat?post=234741"},{"taxonomy":"product_tag","embeddable":true,"href":"https:\/\/www.blumen-schwarz.de\/aktuell\/wp-json\/wp\/v2\/product_tag?post=234741"}],"curies":[{"name":"wp","href":"https:\/\/api.w.org\/{rel}","templated":true}]}}