{"id":234530,"date":"2026-05-13T17:07:34","date_gmt":"2020-03-31T14:40:14","guid":{"rendered":"https:\/\/www.blumen-schwarz.de\/aktuell\/produkt\/thuja-occidentalis-danica-kugelthuja\/"},"modified":"2026-05-13T17:07:35","modified_gmt":"2026-05-13T15:07:35","slug":"thuja-occidentalis-danica-kugelthuja","status":"publish","type":"product","link":"https:\/\/www.blumen-schwarz.de\/aktuell\/produkt\/thuja-occidentalis-danica-kugelthuja\/","title":{"rendered":"Thuja occ. Danica T17 - Gelbe Kugelthuja"},"content":{"rendered":"<p>Kugelthuja<br \/>Thuja occidentalis Danica<br \/>Cupressaceae<br \/>Blatt: immergr\u00fcn, schuppenf\u00f6rmig, kleine Zapfen<br \/> Wuchsh\u00f6he: 0,7m<br \/> Standort: Sonne - Halbschatten \/ auch in windigen Lagen<br \/> Sonstiges: kugelig wachsende Thuja f\u00fcr K\u00fcbel, Heideg\u00e4rten oder Friedhof<\/p>\n","protected":false},"excerpt":{"rendered":"<br \/>\n","protected":false},"featured_media":234531,"comment_status":"open","ping_status":"closed","template":"","meta":{"inline_featured_image":false},"product_brand":[],"product_cat":[1259,1258],"product_tag":[1574,1568,2073,1614,2232,1608,1609,1569,1613,1612],"class_list":{"0":"post-234530","1":"product","2":"type-product","3":"status-publish","4":"has-post-thumbnail","6":"product_cat-gehoelze","7":"product_cat-pflanzen","8":"product_tag-10-20cm","9":"product_tag-20-30cm","10":"product_tag-eigenproduktion","11":"product_tag-grabgehoelz","12":"product_tag-immergruenes","13":"product_tag-konifere","14":"product_tag-nadelgehoelz","15":"product_tag-t17","16":"product_tag-thuja","17":"product_tag-zwergkonifere","18":"thunk-woo-product-list","19":"open-woo-hover-zoom","20":"open-single-product-tab-horizontal","21":"open-shadow-","22":"open-shadow-hover-","23":"wcpa_has_options","25":"first","26":"instock","27":"taxable","28":"shipping-taxable","29":"purchasable","30":"product-type-simple"},"wcpa_form_fields":{"wcpaData":{"product":{"product_price":12.99,"price_html":"<span class=\"woocommerce-Price-amount amount\"><bdi>12,99&nbsp;<span class=\"woocommerce-Price-currencySymbol\">&euro;<\/span><\/bdi><\/span>","original_product_price":12.99,"price_including_tax":12.99,"price_excluding_tax":12.140187000000001,"product_id":{"parent":234530,"variation":false},"is_variable":false,"stock_status":"instock","stock_quantity":32,"parent_sku":"8350922354","product_attributes":[],"custom_fields":[],"is_taxable":true,"product_name":"Thuja occ. Danica T17 - Gelbe Kugelthuja","hasImage":false},"fields":{"sec_86a0493b7eb9af":{"extra":{"key":"sec_86a0493b7eb9af","section_id":"sec_86a0493b7eb9af","name":"Default","status":1,"cl_rule":"show","enableCl":false,"relations":[],"toggle":true,"title_tag":"h3","show_title":false,"showPrice":"default","form_id":245222,"form_rules":{"exclude_from_discount":false,"fee_label":"Steuer","disp_hide_options_price":false,"disp_show_section_price":false,"disp_show_field_price":true,"layout_option":"standard","pric_use_as_fee":false,"process_fee_as":"woo_fee"},"layout_option":"standard"},"fields":[[{"type":"textarea","elementId":"wcpa-textarea-1608033486494","label":"zus. W\u00fcnsche (Farbe, Form o.\u00e4.)","description":"","desc_type":true,"pricingType":"fixed","rows":"2","className":"form-control","name":"textarea-1608033486494","cl_rule":"show","col":6,"relations":false,"active":true,"tooltip":"Hier k\u00f6nnen Sie, falls der Artikel nicht eindeutig ist, Ihre W\u00fcnsche eintragen. Im Zweifelsfall lassen Sie dieses Feld einfach leer.","gt_translate_keys":["label","description","tooltip"],"price_dependency":false,"cl_dependency":false,"value":""}]]}},"config":{"price_override":"","enable_recaptcha":false,"bind_quantity":false,"quantity_bind_formula":false,"disp_summ_show_option_price":true,"disp_summ_show_product_price":true,"disp_summ_show_total_price":true,"disp_summ_show_fee":false,"disp_summ_show_discount":false,"summary_title":"","options_total_label":"ausgew\u00e4hlter Preis","total_label":"Komplett","options_product_label":"Produkt Preis","fee_label":"Steuer","discount_label":"Discount","has_price":true,"has_quantity_formula":false},"mc_unit":1,"tax_rate":1,"tax_rate_real":0.07,"discount":{"percentage":0,"fixed":0},"design":{"conf":{"LabelPosition":"above","DescPosition":"above","UploadField":"custom_1","QuantityFieldStyle":"default"},"css":{"LeftLabelWidth":"120px"}},"formulas":[],"lookuptables":[],"clones":false,"cartKey":false}},"_links":{"self":[{"href":"https:\/\/www.blumen-schwarz.de\/aktuell\/wp-json\/wp\/v2\/product\/234530","targetHints":{"allow":["GET"]}}],"collection":[{"href":"https:\/\/www.blumen-schwarz.de\/aktuell\/wp-json\/wp\/v2\/product"}],"about":[{"href":"https:\/\/www.blumen-schwarz.de\/aktuell\/wp-json\/wp\/v2\/types\/product"}],"replies":[{"embeddable":true,"href":"https:\/\/www.blumen-schwarz.de\/aktuell\/wp-json\/wp\/v2\/comments?post=234530"}],"wp:featuredmedia":[{"embeddable":true,"href":"https:\/\/www.blumen-schwarz.de\/aktuell\/wp-json\/wp\/v2\/media\/234531"}],"wp:attachment":[{"href":"https:\/\/www.blumen-schwarz.de\/aktuell\/wp-json\/wp\/v2\/media?parent=234530"}],"wp:term":[{"taxonomy":"product_brand","embeddable":true,"href":"https:\/\/www.blumen-schwarz.de\/aktuell\/wp-json\/wp\/v2\/product_brand?post=234530"},{"taxonomy":"product_cat","embeddable":true,"href":"https:\/\/www.blumen-schwarz.de\/aktuell\/wp-json\/wp\/v2\/product_cat?post=234530"},{"taxonomy":"product_tag","embeddable":true,"href":"https:\/\/www.blumen-schwarz.de\/aktuell\/wp-json\/wp\/v2\/product_tag?post=234530"}],"curies":[{"name":"wp","href":"https:\/\/api.w.org\/{rel}","templated":true}]}}