{"id":233885,"date":"2020-03-26T17:42:26","date_gmt":"2020-03-26T16:42:26","guid":{"rendered":"https:\/\/www.blumen-schwarz.de\/aktuell\/?post_type=product&#038;p=233885"},"modified":"2021-04-22T19:09:11","modified_gmt":"2021-04-22T17:09:11","slug":"biocin-kraeuter-pflegespray-500ml-bio","status":"publish","type":"product","link":"https:\/\/www.blumen-schwarz.de\/aktuell\/produkt\/biocin-kraeuter-pflegespray-500ml-bio\/","title":{"rendered":"Biocin - Kr\u00e4uter Pflegespray - 500ml - BIO"},"content":{"rendered":"","protected":false},"excerpt":{"rendered":"<p>St\u00e4rkt s\u00e4mtliche Kr\u00e4uter und beugt Krankheiten und Sch\u00e4dlinge vor!<\/p>\n","protected":false},"featured_media":233886,"comment_status":"open","ping_status":"closed","template":"","meta":{"inline_featured_image":false},"product_brand":[],"product_cat":[1399],"product_tag":[1487,1434,1485,1486],"class_list":{"0":"post-233885","1":"product","2":"type-product","3":"status-publish","4":"has-post-thumbnail","6":"product_cat-duenger","7":"product_tag-bio","8":"product_tag-duenger","9":"product_tag-fluessigduenger","10":"product_tag-pflanzenstaerkung","11":"product_shipping_class-lieferung-vor-ort","12":"thunk-woo-product-list","13":"open-woo-hover-zoom","14":"open-single-product-tab-horizontal","15":"open-shadow-","16":"open-shadow-hover-","18":"first","19":"instock","20":"taxable","21":"shipping-taxable","22":"purchasable","23":"product-type-simple"},"wcpa_form_fields":null,"_links":{"self":[{"href":"https:\/\/www.blumen-schwarz.de\/aktuell\/wp-json\/wp\/v2\/product\/233885","targetHints":{"allow":["GET"]}}],"collection":[{"href":"https:\/\/www.blumen-schwarz.de\/aktuell\/wp-json\/wp\/v2\/product"}],"about":[{"href":"https:\/\/www.blumen-schwarz.de\/aktuell\/wp-json\/wp\/v2\/types\/product"}],"replies":[{"embeddable":true,"href":"https:\/\/www.blumen-schwarz.de\/aktuell\/wp-json\/wp\/v2\/comments?post=233885"}],"wp:featuredmedia":[{"embeddable":true,"href":"https:\/\/www.blumen-schwarz.de\/aktuell\/wp-json\/wp\/v2\/media\/233886"}],"wp:attachment":[{"href":"https:\/\/www.blumen-schwarz.de\/aktuell\/wp-json\/wp\/v2\/media?parent=233885"}],"wp:term":[{"taxonomy":"product_brand","embeddable":true,"href":"https:\/\/www.blumen-schwarz.de\/aktuell\/wp-json\/wp\/v2\/product_brand?post=233885"},{"taxonomy":"product_cat","embeddable":true,"href":"https:\/\/www.blumen-schwarz.de\/aktuell\/wp-json\/wp\/v2\/product_cat?post=233885"},{"taxonomy":"product_tag","embeddable":true,"href":"https:\/\/www.blumen-schwarz.de\/aktuell\/wp-json\/wp\/v2\/product_tag?post=233885"}],"curies":[{"name":"wp","href":"https:\/\/api.w.org\/{rel}","templated":true}]}}