{"id":233730,"date":"2020-12-16T11:05:15","date_gmt":"2020-12-16T10:05:15","guid":{"rendered":"https:\/\/www.blumen-schwarz.de\/aktuell\/?post_type=product&#038;p=233730"},"modified":"2023-05-11T07:58:11","modified_gmt":"2023-05-11T05:58:11","slug":"ihr-wunschstrauss-schnell-und-einfach-zusammen-gestellt","status":"publish","type":"product","link":"https:\/\/www.blumen-schwarz.de\/aktuell\/produkt\/ihr-wunschstrauss-schnell-und-einfach-zusammen-gestellt\/","title":{"rendered":"--- Ihr Wunschstrau\u00df ---"},"content":{"rendered":"","protected":false},"excerpt":{"rendered":"<p>Bitte beachten Sie, dass Wunschstr\u00e4u\u00dfe je nach Pflanzenwunsch erst 1 Werktag sp\u00e4ter geliefert werden k\u00f6nnen.<\/p>\n<p>Gerne stecken wir auch eine Karte dazu mit einen kleinen Gru\u00dfwort. Dazu einfach im Anmerkungsfeld den Text eingeben.<\/p>\n<p>Bei den Bildern handelt es sich nur um Beispielbilder und haben keinen Zusammenhang mit der ausgew\u00e4hlten Preiskategorie.<\/p>\n","protected":false},"featured_media":233320,"comment_status":"open","ping_status":"closed","template":"","meta":{"inline_featured_image":false},"product_brand":[],"product_cat":[1361,1362],"product_tag":[1460,1364,1461],"class_list":{"0":"post-233730","1":"product","2":"type-product","3":"status-publish","4":"has-post-thumbnail","6":"product_cat-floristik","7":"product_cat-straeusse","8":"product_tag-alle-farben","9":"product_tag-strauss","10":"product_tag-wunschstrauss","11":"product_shipping_class-lieferung-vor-ort","12":"thunk-woo-product-list","13":"open-woo-hover-zoom","14":"open-single-product-tab-horizontal","15":"open-shadow-","16":"open-shadow-hover-","17":"wcpa_has_options","19":"first","20":"instock","21":"featured","22":"taxable","23":"shipping-taxable","24":"purchasable","25":"product-type-variable","26":"has-default-attributes"},"wcpa_form_fields":{"wcpaData":{"product":{"product_price":22.5,"price_html":"<span class=\"woocommerce-Price-amount amount\" aria-hidden=\"true\"><bdi>22,50&nbsp;<span class=\"woocommerce-Price-currencySymbol\">&euro;<\/span><\/bdi><\/span> <span aria-hidden=\"true\"> \u2013 <\/span> <span class=\"woocommerce-Price-amount amount\" aria-hidden=\"true\"><bdi>150,00&nbsp;<span class=\"woocommerce-Price-currencySymbol\">&euro;<\/span><\/bdi><\/span><span class=\"screen-reader-text\">Preisspanne: 22,50&nbsp;&euro; bis 150,00&nbsp;&euro;<\/span>","original_product_price":22.5,"price_including_tax":22.5,"price_excluding_tax":21.028037,"product_id":{"parent":233730,"variation":false},"is_variable":true,"stock_status":"instock","stock_quantity":null,"parent_sku":"48_1","product_attributes":{"pa_preis":{"is_variation":true,"values":[]}},"custom_fields":[],"is_taxable":true,"product_name":"--- Ihr Wunschstrau\u00df ---","hasImage":false},"fields":{"sec_06a04e1ad9c33e":{"extra":{"key":"sec_06a04e1ad9c33e","section_id":"sec_06a04e1ad9c33e","name":"Default","status":1,"cl_rule":"show","enableCl":false,"relations":[],"toggle":true,"title_tag":"h3","show_title":false,"showPrice":"default","form_id":245222,"form_rules":{"exclude_from_discount":false,"fee_label":"Steuer","disp_hide_options_price":false,"disp_show_section_price":false,"disp_show_field_price":true,"layout_option":"standard","pric_use_as_fee":false,"process_fee_as":"woo_fee"},"layout_option":"standard"},"fields":[[{"type":"textarea","elementId":"wcpa-textarea-1608033486494","label":"zus. W\u00fcnsche (Farbe, Form o.\u00e4.)","description":"","desc_type":true,"pricingType":"fixed","rows":"2","className":"form-control","name":"textarea-1608033486494","cl_rule":"show","col":6,"relations":false,"active":true,"tooltip":"Hier k\u00f6nnen Sie, falls der Artikel nicht eindeutig ist, Ihre W\u00fcnsche eintragen. Im Zweifelsfall lassen Sie dieses Feld einfach leer.","gt_translate_keys":["label","description","tooltip"],"price_dependency":false,"cl_dependency":false,"value":""}]]},"sec_46a04e1ad9c5c2":{"extra":{"key":"sec_46a04e1ad9c5c2","section_id":"sec_46a04e1ad9c5c2","name":"Default","status":1,"cl_rule":"show","enableCl":false,"relations":[],"toggle":true,"title_tag":"h3","show_title":false,"showPrice":"default","form_id":233895,"form_rules":{"exclude_from_discount":false,"fee_label":"Steuer","disp_hide_options_price":false,"disp_show_section_price":false,"disp_show_field_price":true,"layout_option":"standard","pric_use_as_fee":false,"process_fee_as":"woo_fee"},"layout_option":"standard"},"fields":[[{"type":"textarea","elementId":"wcpa-textarea-1585242221182","label":"Bitte Tragen Sie hier Ihren Gru\u00dfkartentext ein","className":"form-control","name":"grusskarte","active":true,"col":6,"tooltip":"","gt_translate_keys":["label","tooltip"],"price_dependency":false,"cl_dependency":false,"value":""}]]},"sec_46a04e1ad9c7aa":{"extra":{"key":"sec_46a04e1ad9c7aa","section_id":"sec_46a04e1ad9c7aa","name":"Default","status":1,"cl_rule":"show","enableCl":false,"relations":[],"toggle":true,"title_tag":"h3","show_title":false,"showPrice":"default","form_id":233753,"form_rules":{"exclude_from_discount":false,"fee_label":"Steuer","disp_hide_options_price":false,"disp_show_section_price":false,"disp_show_field_price":true,"layout_option":"standard","pric_use_as_fee":false,"process_fee_as":"woo_fee"},"layout_option":"standard"},"fields":[[{"type":"textarea","required":true,"elementId":"wcpa-textarea-1585230795154","label":"Beschreiben Sie Ihren Wunschstrau\u00df","className":"form-control","name":"wunschstrauss-formular","active":true,"col":6,"tooltip":"","gt_translate_keys":["label","tooltip"],"price_dependency":false,"cl_dependency":false,"value":""}],[{"type":"date","required":true,"elementId":"wcpa-date-1585230798934","label":"Gew\u00fcnschtes Lieferdatum","className":"form-control","name":"date-1585230798934","active":true,"col":6,"tooltip":"","picker_mode":"single","gt_translate_keys":["label","tooltip"],"price_dependency":false,"cl_dependency":false,"value":""}]]}},"config":{"price_override":"","enable_recaptcha":false,"bind_quantity":false,"quantity_bind_formula":false,"disp_summ_show_option_price":true,"disp_summ_show_product_price":true,"disp_summ_show_total_price":true,"disp_summ_show_fee":false,"disp_summ_show_discount":false,"summary_title":"","options_total_label":"ausgew\u00e4hlter Preis","total_label":"Komplett","options_product_label":"Produkt Preis","fee_label":"Steuer","discount_label":"Discount","has_price":true,"has_quantity_formula":false},"mc_unit":1,"tax_rate":1,"tax_rate_real":0.07,"discount":{"percentage":0,"fixed":0},"design":{"conf":{"LabelPosition":"above","DescPosition":"above","UploadField":"custom_1","QuantityFieldStyle":"default"},"css":{"LeftLabelWidth":"120px"}},"formulas":[],"lookuptables":[],"clones":false,"cartKey":false}},"_links":{"self":[{"href":"https:\/\/www.blumen-schwarz.de\/aktuell\/wp-json\/wp\/v2\/product\/233730","targetHints":{"allow":["GET"]}}],"collection":[{"href":"https:\/\/www.blumen-schwarz.de\/aktuell\/wp-json\/wp\/v2\/product"}],"about":[{"href":"https:\/\/www.blumen-schwarz.de\/aktuell\/wp-json\/wp\/v2\/types\/product"}],"replies":[{"embeddable":true,"href":"https:\/\/www.blumen-schwarz.de\/aktuell\/wp-json\/wp\/v2\/comments?post=233730"}],"wp:featuredmedia":[{"embeddable":true,"href":"https:\/\/www.blumen-schwarz.de\/aktuell\/wp-json\/wp\/v2\/media\/233320"}],"wp:attachment":[{"href":"https:\/\/www.blumen-schwarz.de\/aktuell\/wp-json\/wp\/v2\/media?parent=233730"}],"wp:term":[{"taxonomy":"product_brand","embeddable":true,"href":"https:\/\/www.blumen-schwarz.de\/aktuell\/wp-json\/wp\/v2\/product_brand?post=233730"},{"taxonomy":"product_cat","embeddable":true,"href":"https:\/\/www.blumen-schwarz.de\/aktuell\/wp-json\/wp\/v2\/product_cat?post=233730"},{"taxonomy":"product_tag","embeddable":true,"href":"https:\/\/www.blumen-schwarz.de\/aktuell\/wp-json\/wp\/v2\/product_tag?post=233730"}],"curies":[{"name":"wp","href":"https:\/\/api.w.org\/{rel}","templated":true}]}}