{"id":232135,"date":"2017-07-17T10:07:42","date_gmt":"2017-07-17T08:07:42","guid":{"rendered":"https:\/\/www.blumen-schwarz.de\/aktuell\/?post_type=product&#038;p=232135"},"modified":"2025-11-30T13:14:29","modified_gmt":"2025-11-30T12:14:29","slug":"grabpflege-friedhof-rednitzhembach","status":"publish","type":"product","link":"https:\/\/www.blumen-schwarz.de\/aktuell\/produkt\/grabpflege-friedhof-rednitzhembach\/","title":{"rendered":"Rednitzhembach Grabpflege"},"content":{"rendered":"<h1>Grabpflege auf dem Rednitzhembacher Friedhof<\/h1>\n<p>Seit 2022 k\u00f6nnen wir Ihr Grab auch in Rednitzhembach gie\u00dfen und pflegen. Da hier unser Gie\u00dfroboter<a href=\"https:\/\/www.blumen-schwarz.de\/aktuell\/?s=wasserwilli\"> Wasserwilli<\/a> zum Einsatz kommt, k\u00f6nnen wir Ihnen konkurrenz-los-g\u00fcnstig das reine Gie\u00dfen anbieten. Nat\u00fcrlich k\u00f6nnen Sie das Grab s\u00e4uber und Anpflanzen extra dazu bestellen.<\/p>\n<p>Wer sehen will, wie dieser Roboter im Einsatz aussieht, findet <a href=\"https:\/\/www.blumen-schwarz.de\/aktuell\/giessroboter-das-aus-fuer-unseren-wasserwilli-in-schwabach\/2020\/10\/\">hier ein nettes Video<\/a> von Sat1 Franken (ganz unten auf der Webseite).<\/p>\n<p>Die Pflege wird j\u00e4hrlich r\u00fcckwirkend berechnet (Rechnung zum Jahresende). Wir haben keine Mindestlaufzeiten. Die Pflege kann jederzeit gek\u00fcndigt werden und wird dann bis zu diesem Termin abgerechnet.<\/p>\n<p><em><strong>Einmalig berechnen wir f\u00fcr die Einrichtung \/ Programmierung eine IT-Arbeitsstunde mit 85 \u20ac inklusive Mehrwertsteuer.<\/strong><\/em><\/p>\n<p>&nbsp;<\/p>\n<p>&nbsp;<\/p>\n","protected":false},"excerpt":{"rendered":"<p>Grabpflege, Gie\u00dfen, Pflanzen auf dem Rednitzhembacher Friedhof<\/p>\n<p><em><strong>Einmalig berechnen wir f\u00fcr die Einrichtung \/ Programmierung eine IT-Arbeitsstunde mit 85 \u20ac inklusive Mehrwertsteuer.<\/strong><\/em><\/p>\n<p><em><strong>\u00a0<\/strong><\/em><\/p>\n","protected":false},"featured_media":521,"comment_status":"open","ping_status":"closed","template":"","meta":{"inline_featured_image":false},"product_brand":[],"product_cat":[764,1076],"product_tag":[1077],"class_list":{"0":"post-232135","1":"product","2":"type-product","3":"status-publish","4":"has-post-thumbnail","6":"product_cat-dienstleistung","7":"product_cat-grabpflege","8":"product_tag-grabpflege","9":"product_shipping_class-kein-versand","10":"thunk-woo-product-list","11":"open-woo-hover-zoom","12":"open-single-product-tab-horizontal","13":"open-shadow-","14":"open-shadow-hover-","15":"wcpa_has_options","17":"first","18":"instock","19":"taxable","20":"shipping-taxable","21":"purchasable","22":"product-type-variable","23":"has-default-attributes"},"wcpa_form_fields":{"wcpaData":{"product":{"product_price":86,"price_html":"<span class=\"woocommerce-Price-amount amount\" aria-hidden=\"true\"><bdi>86,00&nbsp;<span class=\"woocommerce-Price-currencySymbol\">&euro;<\/span><\/bdi><\/span> <span aria-hidden=\"true\"> \u2013 <\/span> <span class=\"woocommerce-Price-amount amount\" aria-hidden=\"true\"><bdi>274,73&nbsp;<span class=\"woocommerce-Price-currencySymbol\">&euro;<\/span><\/bdi><\/span><span class=\"screen-reader-text\">Preisspanne: 86,00&nbsp;&euro; bis 274,73&nbsp;&euro;<\/span>","original_product_price":86,"price_including_tax":86,"price_excluding_tax":72.268908,"product_id":{"parent":232135,"variation":false},"is_variable":true,"stock_status":"instock","stock_quantity":342,"parent_sku":"8350924872","product_attributes":{"grabpflege":{"is_variation":true,"values":[]}},"custom_fields":[],"is_taxable":true,"product_name":"Rednitzhembach Grabpflege","hasImage":false},"fields":{"sec_769e7ae805f740":{"extra":{"key":"sec_769e7ae805f740","section_id":"sec_769e7ae805f740","name":"Default","status":1,"cl_rule":"show","enableCl":false,"relations":[],"toggle":true,"title_tag":"h3","show_title":false,"showPrice":"default","form_id":231893,"form_rules":{"exclude_from_discount":false,"fee_label":"Steuer","disp_hide_options_price":false,"disp_show_section_price":false,"disp_show_field_price":true,"layout_option":"standard","pric_use_as_fee":false,"process_fee_as":"woo_fee"},"layout_option":"standard"},"fields":[[{"type":"text","required":true,"elementId":"wcpa-text-1557822076218","label":"Grabname  Abteilung und Grabnummer","className":"form-control","name":"text-1557822076218","subtype":"text","active":true,"col":6,"tooltip":"","gt_translate_keys":["label","tooltip"],"price_dependency":false,"cl_dependency":false,"value":""}],[{"type":"checkbox-group","elementId":"wcpa-checkbox-group-1557750558684","label":"optionale Arbeiten (nicht im Preis enthalten!)","name":"checkbox-group-1557750558684","values":[{"label":"Erd- und Wetterschadenpauschale","value":"erd-wetter","gt_translate_keys":["label"]},{"label":"3 mal j\u00e4hrliche bl\u00fchende Pflanzung","value":"pflanzung","gt_translate_keys":["label"]},{"label":"3 mal j\u00e4hrlich bl\u00fchende Schalen","value":"schalen","gt_translate_keys":["label"]},{"label":"Waldgesteck zu den Totengedenktagen","value":"waldgesteck","gt_translate_keys":["label"]},{"label":"Tannenabdeckung zu den Totengedenktagen","value":"abdecken","gt_translate_keys":["label"]},{"label":"Rechnung per Post (statt per Email)","value":"postversand","gt_translate_keys":["label"]}],"active":true,"col":6,"tooltip":"","layOut":"","gt_translate_keys":["label","tooltip"],"price_dependency":false,"cl_dependency":false,"value":""}],[{"type":"textarea","elementId":"wcpa-textarea-1557751308554","label":"Ihre Informationen f\u00fcr uns (Beschreibung Grablage  zus\u00e4tzliche W\u00fcnsche):","className":"form-control","name":"textarea-1557751308554","active":true,"col":6,"tooltip":"","gt_translate_keys":["label","tooltip"],"price_dependency":false,"cl_dependency":false,"value":""}]]}},"config":{"price_override":"","enable_recaptcha":false,"bind_quantity":false,"quantity_bind_formula":false,"disp_summ_show_option_price":true,"disp_summ_show_product_price":true,"disp_summ_show_total_price":true,"disp_summ_show_fee":false,"disp_summ_show_discount":false,"summary_title":"","options_total_label":"ausgew\u00e4hlter Preis","total_label":"Komplett","options_product_label":"Produkt Preis","fee_label":"Steuer","discount_label":"Discount","has_price":true,"has_quantity_formula":false},"mc_unit":1,"tax_rate":1,"tax_rate_real":0.19,"discount":{"percentage":0,"fixed":0},"design":{"conf":{"LabelPosition":"above","DescPosition":"above","UploadField":"custom_1","QuantityFieldStyle":"default"},"css":{"LeftLabelWidth":"120px"}},"formulas":[],"lookuptables":[],"clones":false,"cartKey":false}},"_links":{"self":[{"href":"https:\/\/www.blumen-schwarz.de\/aktuell\/wp-json\/wp\/v2\/product\/232135","targetHints":{"allow":["GET"]}}],"collection":[{"href":"https:\/\/www.blumen-schwarz.de\/aktuell\/wp-json\/wp\/v2\/product"}],"about":[{"href":"https:\/\/www.blumen-schwarz.de\/aktuell\/wp-json\/wp\/v2\/types\/product"}],"replies":[{"embeddable":true,"href":"https:\/\/www.blumen-schwarz.de\/aktuell\/wp-json\/wp\/v2\/comments?post=232135"}],"wp:featuredmedia":[{"embeddable":true,"href":"https:\/\/www.blumen-schwarz.de\/aktuell\/wp-json\/wp\/v2\/media\/521"}],"wp:attachment":[{"href":"https:\/\/www.blumen-schwarz.de\/aktuell\/wp-json\/wp\/v2\/media?parent=232135"}],"wp:term":[{"taxonomy":"product_brand","embeddable":true,"href":"https:\/\/www.blumen-schwarz.de\/aktuell\/wp-json\/wp\/v2\/product_brand?post=232135"},{"taxonomy":"product_cat","embeddable":true,"href":"https:\/\/www.blumen-schwarz.de\/aktuell\/wp-json\/wp\/v2\/product_cat?post=232135"},{"taxonomy":"product_tag","embeddable":true,"href":"https:\/\/www.blumen-schwarz.de\/aktuell\/wp-json\/wp\/v2\/product_tag?post=232135"}],"curies":[{"name":"wp","href":"https:\/\/api.w.org\/{rel}","templated":true}]}}