{"id":231896,"date":"2019-05-17T14:48:40","date_gmt":"2019-05-17T12:48:40","guid":{"rendered":"https:\/\/www.blumen-schwarz.de\/aktuell\/?post_type=product&#038;p=231896"},"modified":"2025-11-30T13:02:50","modified_gmt":"2025-11-30T12:02:50","slug":"grabpflege-stadtfriedhof-ansbach","status":"publish","type":"product","link":"https:\/\/www.blumen-schwarz.de\/aktuell\/produkt\/grabpflege-stadtfriedhof-ansbach\/","title":{"rendered":"Ansbach Stadtfriedhof Grabpflege"},"content":{"rendered":"<h1>Grabpflege auf dem Stadtfriedhof Ansbach<\/h1>\n<p>Standardpflege: Enth\u00e4lt bis zu 11 Pflegeg\u00e4nge (s\u00e4ubern der Grabstelle), bis zu 3 mal pro Wochen gie\u00dfen. Details finden Sie <a href=\"https:\/\/www.blumen-schwarz.de\/aktuell\/gartenbau\/grabpflege\/\">hier.<\/a><\/p>\n<p>Die Pflege wird j\u00e4hrlich r\u00fcckwirkend berechnet (Rechnung zum Jahresende). Wir haben keine Mindestlaufzeiten. Die Pflege kann jederzeit gek\u00fcndigt werden und wird dann bis zu diesem Termin abgerechnet.*<\/p>\n<p><strong>In der Pflege nicht enthalten sind Pflanzungen, Schalen oder Neuanlage. <\/strong>Diese k\u00f6nnen Sie hier (oder auch telefonisch) mitbestellen. F\u00fcr diese Punkte bieten wir keine Pauschale an (die Gr\u00e4ber sind zu unterschiedlich).<\/p>\n<p>Die Pflege verl\u00e4ngert sich automatisch. Sie m\u00fcssen uns diesen Auftrag nur einmal geben und wenn Sie uns nicht mehr ben\u00f6tigen das Grab wieder abbestellen (formlos per Telefon, Email oder pers\u00f6nlich ...).<\/p>\n<p>*Dies gilt nur bei fairem Gebrauch. Wenn die Grabpflege mehrere Jahre z.B. nur f\u00fcr die Sommermonate bestellt wird und danach wieder gek\u00fcndigt wird, berechnen wir die normalen j\u00e4hrlichen Pflegekosten.<\/p>\n<p>Ab 2024 gie\u00dfen wir am Ansbacher Stadtfriedhof auch mit unserem Gie\u00dfroboter. Daher k\u00f6nnen wir sehr g\u00fcnstige Gie\u00dfpreise anbieten und diese auch dauerhaft niedrig halten.<\/p>\n<p>Wer sehen will, wie dieser Roboter im Einsatz aussieht, findet <a href=\"https:\/\/www.blumen-schwarz.de\/aktuell\/giessroboter-das-aus-fuer-unseren-wasserwilli-in-schwabach\/2020\/10\/\">hier ein nettes Video<\/a> von Sat1 Franken (ganz unten auf der Webseite - wurde f\u00fcr den Friedhof in Rednitzhembach erstellt). Aktuell gehen wir davon aus, dass wir trotz der engen Belegung alle Gr\u00e4ber gie\u00dfen k\u00f6nnen.<\/p>\n<p>Die Pflege wird j\u00e4hrlich r\u00fcckwirkend berechnet (Rechnung zum Jahresende). Wir haben keine Mindestlaufzeiten. Die Pflege kann jederzeit gek\u00fcndigt werden und wird dann bis zu diesem Termin abgerechnet.<\/p>\n<p><em><strong>Einmalig berechnen wir f\u00fcr die Einrichtung \/ Programmierung eine IT-Arbeitsstunde mit 85 \u20ac inklusive Mehrwertsteuer.<\/strong><\/em><\/p>\n","protected":false},"excerpt":{"rendered":"<p>Grabpflege und Gie\u00dfen auf dem Ansbacher Stadtfriedhof (Heilig-Kreuz).<\/p>\n<p><em><strong>Einmalig berechnen wir f\u00fcr die Einrichtung \/ Programmierung eine IT-Arbeitsstunde mit 85 \u20ac inklusive Mehrwertsteuer.<\/strong><\/em><\/p>\n","protected":false},"featured_media":522,"comment_status":"open","ping_status":"closed","template":"","meta":{"inline_featured_image":false},"product_brand":[],"product_cat":[764,1076],"product_tag":[1079,1077,1094],"class_list":{"0":"post-231896","1":"product","2":"type-product","3":"status-publish","4":"has-post-thumbnail","6":"product_cat-dienstleistung","7":"product_cat-grabpflege","8":"product_tag-ansbach","9":"product_tag-grabpflege","10":"product_tag-stadtfriedhof","11":"product_shipping_class-kein-versand","12":"thunk-woo-product-list","13":"open-woo-hover-zoom","14":"open-single-product-tab-horizontal","15":"open-shadow-","16":"open-shadow-hover-","17":"wcpa_has_options","19":"first","20":"instock","21":"featured","22":"taxable","23":"shipping-taxable","24":"purchasable","25":"product-type-variable","26":"has-default-attributes"},"wcpa_form_fields":{"wcpaData":{"product":{"product_price":95,"price_html":"<span class=\"woocommerce-Price-amount amount\" aria-hidden=\"true\"><bdi>95,00&nbsp;<span class=\"woocommerce-Price-currencySymbol\">&euro;<\/span><\/bdi><\/span> <span aria-hidden=\"true\"> \u2013 <\/span> <span class=\"woocommerce-Price-amount amount\" aria-hidden=\"true\"><bdi>274,73&nbsp;<span class=\"woocommerce-Price-currencySymbol\">&euro;<\/span><\/bdi><\/span><span class=\"screen-reader-text\">Preisspanne: 95,00&nbsp;&euro; bis 274,73&nbsp;&euro;<\/span>","original_product_price":95,"price_including_tax":95,"price_excluding_tax":79.83193299999999,"product_id":{"parent":231896,"variation":false},"is_variable":true,"stock_status":"instock","stock_quantity":null,"parent_sku":"","product_attributes":{"grabpflege":{"is_variation":true,"values":[]}},"custom_fields":[],"is_taxable":true,"product_name":"Ansbach Stadtfriedhof Grabpflege","hasImage":false},"fields":{"sec_369e7785a7d66a":{"extra":{"key":"sec_369e7785a7d66a","section_id":"sec_369e7785a7d66a","name":"Default","status":1,"cl_rule":"show","enableCl":false,"relations":[],"toggle":true,"title_tag":"h3","show_title":false,"showPrice":"default","form_id":231893,"form_rules":{"exclude_from_discount":false,"fee_label":"Steuer","disp_hide_options_price":false,"disp_show_section_price":false,"disp_show_field_price":true,"layout_option":"standard","pric_use_as_fee":false,"process_fee_as":"woo_fee"},"layout_option":"standard"},"fields":[[{"type":"text","required":true,"elementId":"wcpa-text-1557822076218","label":"Grabname  Abteilung und Grabnummer","className":"form-control","name":"text-1557822076218","subtype":"text","active":true,"col":6,"tooltip":"","gt_translate_keys":["label","tooltip"],"price_dependency":false,"cl_dependency":false,"value":""}],[{"type":"checkbox-group","elementId":"wcpa-checkbox-group-1557750558684","label":"optionale Arbeiten (nicht im Preis enthalten!)","name":"checkbox-group-1557750558684","values":[{"label":"Erd- und Wetterschadenpauschale","value":"erd-wetter","gt_translate_keys":["label"]},{"label":"3 mal j\u00e4hrliche bl\u00fchende Pflanzung","value":"pflanzung","gt_translate_keys":["label"]},{"label":"3 mal j\u00e4hrlich bl\u00fchende Schalen","value":"schalen","gt_translate_keys":["label"]},{"label":"Waldgesteck zu den Totengedenktagen","value":"waldgesteck","gt_translate_keys":["label"]},{"label":"Tannenabdeckung zu den Totengedenktagen","value":"abdecken","gt_translate_keys":["label"]},{"label":"Rechnung per Post (statt per Email)","value":"postversand","gt_translate_keys":["label"]}],"active":true,"col":6,"tooltip":"","layOut":"","gt_translate_keys":["label","tooltip"],"price_dependency":false,"cl_dependency":false,"value":""}],[{"type":"textarea","elementId":"wcpa-textarea-1557751308554","label":"Ihre Informationen f\u00fcr uns (Beschreibung Grablage  zus\u00e4tzliche W\u00fcnsche):","className":"form-control","name":"textarea-1557751308554","active":true,"col":6,"tooltip":"","gt_translate_keys":["label","tooltip"],"price_dependency":false,"cl_dependency":false,"value":""}]]}},"config":{"price_override":"","enable_recaptcha":false,"bind_quantity":false,"quantity_bind_formula":false,"disp_summ_show_option_price":true,"disp_summ_show_product_price":true,"disp_summ_show_total_price":true,"disp_summ_show_fee":false,"disp_summ_show_discount":false,"summary_title":"","options_total_label":"ausgew\u00e4hlter Preis","total_label":"Komplett","options_product_label":"Produkt Preis","fee_label":"Steuer","discount_label":"Discount","has_price":true,"has_quantity_formula":false},"mc_unit":1,"tax_rate":1,"tax_rate_real":0.19,"discount":{"percentage":0,"fixed":0},"design":{"conf":{"LabelPosition":"above","DescPosition":"above","UploadField":"custom_1","QuantityFieldStyle":"default"},"css":{"LeftLabelWidth":"120px"}},"formulas":[],"lookuptables":[],"clones":false,"cartKey":false}},"_links":{"self":[{"href":"https:\/\/www.blumen-schwarz.de\/aktuell\/wp-json\/wp\/v2\/product\/231896","targetHints":{"allow":["GET"]}}],"collection":[{"href":"https:\/\/www.blumen-schwarz.de\/aktuell\/wp-json\/wp\/v2\/product"}],"about":[{"href":"https:\/\/www.blumen-schwarz.de\/aktuell\/wp-json\/wp\/v2\/types\/product"}],"replies":[{"embeddable":true,"href":"https:\/\/www.blumen-schwarz.de\/aktuell\/wp-json\/wp\/v2\/comments?post=231896"}],"wp:featuredmedia":[{"embeddable":true,"href":"https:\/\/www.blumen-schwarz.de\/aktuell\/wp-json\/wp\/v2\/media\/522"}],"wp:attachment":[{"href":"https:\/\/www.blumen-schwarz.de\/aktuell\/wp-json\/wp\/v2\/media?parent=231896"}],"wp:term":[{"taxonomy":"product_brand","embeddable":true,"href":"https:\/\/www.blumen-schwarz.de\/aktuell\/wp-json\/wp\/v2\/product_brand?post=231896"},{"taxonomy":"product_cat","embeddable":true,"href":"https:\/\/www.blumen-schwarz.de\/aktuell\/wp-json\/wp\/v2\/product_cat?post=231896"},{"taxonomy":"product_tag","embeddable":true,"href":"https:\/\/www.blumen-schwarz.de\/aktuell\/wp-json\/wp\/v2\/product_tag?post=231896"}],"curies":[{"name":"wp","href":"https:\/\/api.w.org\/{rel}","templated":true}]}}