{"id":95,"date":"2016-11-05T23:07:01","date_gmt":"2016-11-05T22:07:01","guid":{"rendered":"https:\/\/www.blumen-schwarz.de\/aktuell\/?page_id=95"},"modified":"2021-10-05T13:59:15","modified_gmt":"2021-10-05T11:59:15","slug":"ueber-uns","status":"publish","type":"page","link":"https:\/\/www.blumen-schwarz.de\/aktuell\/ueber-uns\/","title":{"rendered":"\u00dcber uns"},"content":{"rendered":"<h3>Wir stellen uns vor<\/h3>\n<p>Seit 1902 g\u00e4rtnern und gestalten die Schwarzens in Schwabach. Momentan wird der Betrieb von der 4. Generation (Annette und Heino Schwarz) gef\u00fchrt.<\/p>\n<p>Als kleiner Familienbetrieb m\u00f6chten wir fachliche Kompetenz, Freundlichkeit, Leistungsbereitschaft und Kundenn\u00e4he umsetzen.<\/p>\n<p>Wir arbeiten ausschlie\u00dflich mit Fachpersonal. Darunter vier Meister und mehrere Mitarbeiter mit Doppelausbildung Florist \/ G\u00e4rtner.<\/p>\n<p>Wir wollen vielseitig sein und Ihnen in allen \"gr\u00fcnen Belangen\" zur Seite stehen. Von der Trockenmauer, \u00fcber die Hochzeitsfloristik, Innenraumbegr\u00fcnung bis zur Pflege Ihres Grabes reicht unser Spektrum. Unsere motivierten Angestellten erm\u00f6glichen uns eine enorme Vielfalt anzubieten.<\/p>\n","protected":false},"excerpt":{"rendered":"<p>Wir stellen uns vor Seit 1902 g\u00e4rtnern und gestalten die Schwarzens in Schwabach. Momentan wird &hellip;<\/p>\n<p class=\"read-more\"> <a class=\" thunk-readmore button \" href=\"https:\/\/www.blumen-schwarz.de\/aktuell\/ueber-uns\/\"> <span class=\"screen-reader-text\">\u00dcber uns<\/span>weiterlesen<\/a><\/p>\n","protected":false},"author":1,"featured_media":0,"parent":0,"menu_order":0,"comment_status":"closed","ping_status":"closed","template":"","meta":{"inline_featured_image":false,"footnotes":""},"class_list":["post-95","page","type-page","status-publish","hentry","thunk-woo-product-list","open-woo-hover-zoom","open-single-product-tab-horizontal","open-shadow-","open-shadow-hover-"],"_links":{"self":[{"href":"https:\/\/www.blumen-schwarz.de\/aktuell\/wp-json\/wp\/v2\/pages\/95","targetHints":{"allow":["GET"]}}],"collection":[{"href":"https:\/\/www.blumen-schwarz.de\/aktuell\/wp-json\/wp\/v2\/pages"}],"about":[{"href":"https:\/\/www.blumen-schwarz.de\/aktuell\/wp-json\/wp\/v2\/types\/page"}],"author":[{"embeddable":true,"href":"https:\/\/www.blumen-schwarz.de\/aktuell\/wp-json\/wp\/v2\/users\/1"}],"replies":[{"embeddable":true,"href":"https:\/\/www.blumen-schwarz.de\/aktuell\/wp-json\/wp\/v2\/comments?post=95"}],"version-history":[{"count":0,"href":"https:\/\/www.blumen-schwarz.de\/aktuell\/wp-json\/wp\/v2\/pages\/95\/revisions"}],"wp:attachment":[{"href":"https:\/\/www.blumen-schwarz.de\/aktuell\/wp-json\/wp\/v2\/media?parent=95"}],"curies":[{"name":"wp","href":"https:\/\/api.w.org\/{rel}","templated":true}]}}