{"id":903,"date":"2016-12-13T13:05:00","date_gmt":"2016-12-13T12:05:00","guid":{"rendered":"https:\/\/www.blumen-schwarz.de\/aktuell\/?page_id=903"},"modified":"2016-12-13T13:06:58","modified_gmt":"2016-12-13T12:06:58","slug":"2004-kubota-kommt-weg","status":"publish","type":"page","link":"https:\/\/www.blumen-schwarz.de\/aktuell\/geschichte\/2004-2\/2004-kubota-kommt-weg\/","title":{"rendered":"Kubota kommt weg"},"content":{"rendered":"<div id='gallery-1' class='gallery galleryid-903 gallery-columns-2 gallery-size-thumbnail'><figure class='gallery-item'>\n\t\t\t<div class='gallery-icon landscape'>\n\t\t\t\t<a href='https:\/\/www.blumen-schwarz.de\/aktuell\/wp-content\/uploads\/2016\/12\/org00007.jpg'><img loading=\"lazy\" decoding=\"async\" width=\"150\" height=\"150\" src=\"https:\/\/www.blumen-schwarz.de\/aktuell\/wp-content\/uploads\/2016\/12\/org00007-299x299.jpg\" class=\"attachment-thumbnail size-thumbnail\" alt=\"\" aria-describedby=\"gallery-1-776\" srcset=\"https:\/\/www.blumen-schwarz.de\/aktuell\/wp-content\/uploads\/2016\/12\/org00007-299x299.jpg 299w, https:\/\/www.blumen-schwarz.de\/aktuell\/wp-content\/uploads\/2016\/12\/org00007-100x100.jpg 100w, https:\/\/www.blumen-schwarz.de\/aktuell\/wp-content\/uploads\/2016\/12\/org00007-150x150.jpg 150w\" sizes=\"auto, (max-width: 150px) 100vw, 150px\" \/><\/a>\n\t\t\t<\/div>\n\t\t\t\t<figcaption class='wp-caption-text gallery-caption' id='gallery-1-776'>\n\t\t\t\tschweren Herzens (deswegen die vielen Bilder) haben wir uns von unserem alten Friedhofstraktor getrennt. Gut 17 Jahre lief er bei uns.\n\t\t\t\t<\/figcaption><\/figure><figure class='gallery-item'>\n\t\t\t<div class='gallery-icon landscape'>\n\t\t\t\t<a href='https:\/\/www.blumen-schwarz.de\/aktuell\/wp-content\/uploads\/2016\/12\/org00006.jpg'><img loading=\"lazy\" decoding=\"async\" width=\"150\" height=\"150\" src=\"https:\/\/www.blumen-schwarz.de\/aktuell\/wp-content\/uploads\/2016\/12\/org00006-299x299.jpg\" class=\"attachment-thumbnail size-thumbnail\" alt=\"\" aria-describedby=\"gallery-1-775\" srcset=\"https:\/\/www.blumen-schwarz.de\/aktuell\/wp-content\/uploads\/2016\/12\/org00006-299x299.jpg 299w, https:\/\/www.blumen-schwarz.de\/aktuell\/wp-content\/uploads\/2016\/12\/org00006-100x100.jpg 100w, https:\/\/www.blumen-schwarz.de\/aktuell\/wp-content\/uploads\/2016\/12\/org00006-150x150.jpg 150w\" sizes=\"auto, (max-width: 150px) 100vw, 150px\" \/><\/a>\n\t\t\t<\/div>\n\t\t\t\t<figcaption class='wp-caption-text gallery-caption' id='gallery-1-775'>\n\t\t\t\tschweren Herzens (deswegen die vielen Bilder) haben wir uns von unserem alten Friedhofstraktor getrennt. Gut 17 Jahre lief er bei uns.\n\t\t\t\t<\/figcaption><\/figure><figure class='gallery-item'>\n\t\t\t<div class='gallery-icon landscape'>\n\t\t\t\t<a href='https:\/\/www.blumen-schwarz.de\/aktuell\/wp-content\/uploads\/2016\/12\/org00005.jpg'><img loading=\"lazy\" decoding=\"async\" width=\"150\" height=\"150\" src=\"https:\/\/www.blumen-schwarz.de\/aktuell\/wp-content\/uploads\/2016\/12\/org00005-299x299.jpg\" class=\"attachment-thumbnail size-thumbnail\" alt=\"\" aria-describedby=\"gallery-1-774\" srcset=\"https:\/\/www.blumen-schwarz.de\/aktuell\/wp-content\/uploads\/2016\/12\/org00005-299x299.jpg 299w, https:\/\/www.blumen-schwarz.de\/aktuell\/wp-content\/uploads\/2016\/12\/org00005-100x100.jpg 100w, https:\/\/www.blumen-schwarz.de\/aktuell\/wp-content\/uploads\/2016\/12\/org00005-150x150.jpg 150w\" sizes=\"auto, (max-width: 150px) 100vw, 150px\" \/><\/a>\n\t\t\t<\/div>\n\t\t\t\t<figcaption class='wp-caption-text gallery-caption' id='gallery-1-774'>\n\t\t\t\tschweren Herzens (deswegen die vielen Bilder) haben wir uns von unserem alten Friedhofstraktor getrennt. Gut 17 Jahre lief er bei uns.\n\t\t\t\t<\/figcaption><\/figure><figure class='gallery-item'>\n\t\t\t<div class='gallery-icon landscape'>\n\t\t\t\t<a href='https:\/\/www.blumen-schwarz.de\/aktuell\/wp-content\/uploads\/2016\/12\/org00004.jpg'><img loading=\"lazy\" decoding=\"async\" width=\"150\" height=\"150\" src=\"https:\/\/www.blumen-schwarz.de\/aktuell\/wp-content\/uploads\/2016\/12\/org00004-299x299.jpg\" class=\"attachment-thumbnail size-thumbnail\" alt=\"\" aria-describedby=\"gallery-1-773\" srcset=\"https:\/\/www.blumen-schwarz.de\/aktuell\/wp-content\/uploads\/2016\/12\/org00004-299x299.jpg 299w, https:\/\/www.blumen-schwarz.de\/aktuell\/wp-content\/uploads\/2016\/12\/org00004-100x100.jpg 100w, https:\/\/www.blumen-schwarz.de\/aktuell\/wp-content\/uploads\/2016\/12\/org00004-150x150.jpg 150w\" sizes=\"auto, (max-width: 150px) 100vw, 150px\" \/><\/a>\n\t\t\t<\/div>\n\t\t\t\t<figcaption class='wp-caption-text gallery-caption' id='gallery-1-773'>\n\t\t\t\tschweren Herzens (deswegen die vielen Bilder) haben wir uns von unserem alten Friedhofstraktor getrennt. Gut 17 Jahre lief er bei uns.\n\t\t\t\t<\/figcaption><\/figure><figure class='gallery-item'>\n\t\t\t<div class='gallery-icon landscape'>\n\t\t\t\t<a href='https:\/\/www.blumen-schwarz.de\/aktuell\/wp-content\/uploads\/2016\/12\/org00003.jpg'><img loading=\"lazy\" decoding=\"async\" width=\"150\" height=\"150\" src=\"https:\/\/www.blumen-schwarz.de\/aktuell\/wp-content\/uploads\/2016\/12\/org00003-299x299.jpg\" class=\"attachment-thumbnail size-thumbnail\" alt=\"\" aria-describedby=\"gallery-1-772\" srcset=\"https:\/\/www.blumen-schwarz.de\/aktuell\/wp-content\/uploads\/2016\/12\/org00003-299x299.jpg 299w, https:\/\/www.blumen-schwarz.de\/aktuell\/wp-content\/uploads\/2016\/12\/org00003-100x100.jpg 100w, https:\/\/www.blumen-schwarz.de\/aktuell\/wp-content\/uploads\/2016\/12\/org00003-150x150.jpg 150w\" sizes=\"auto, (max-width: 150px) 100vw, 150px\" \/><\/a>\n\t\t\t<\/div>\n\t\t\t\t<figcaption class='wp-caption-text gallery-caption' id='gallery-1-772'>\n\t\t\t\tschweren Herzens (deswegen die vielen Bilder) haben wir uns von unserem alten Friedhofstraktor getrennt. Gut 17 Jahre lief er bei uns.\n\t\t\t\t<\/figcaption><\/figure><figure class='gallery-item'>\n\t\t\t<div class='gallery-icon landscape'>\n\t\t\t\t<a href='https:\/\/www.blumen-schwarz.de\/aktuell\/wp-content\/uploads\/2016\/12\/org00002.jpg'><img loading=\"lazy\" decoding=\"async\" width=\"150\" height=\"150\" src=\"https:\/\/www.blumen-schwarz.de\/aktuell\/wp-content\/uploads\/2016\/12\/org00002-299x299.jpg\" class=\"attachment-thumbnail size-thumbnail\" alt=\"\" aria-describedby=\"gallery-1-771\" srcset=\"https:\/\/www.blumen-schwarz.de\/aktuell\/wp-content\/uploads\/2016\/12\/org00002-299x299.jpg 299w, https:\/\/www.blumen-schwarz.de\/aktuell\/wp-content\/uploads\/2016\/12\/org00002-100x100.jpg 100w, https:\/\/www.blumen-schwarz.de\/aktuell\/wp-content\/uploads\/2016\/12\/org00002-150x150.jpg 150w\" sizes=\"auto, (max-width: 150px) 100vw, 150px\" \/><\/a>\n\t\t\t<\/div>\n\t\t\t\t<figcaption class='wp-caption-text gallery-caption' id='gallery-1-771'>\n\t\t\t\tschweren Herzens (deswegen die vielen Bilder) haben wir uns von unserem alten Friedhofstraktor getrennt. Gut 17 Jahre lief er bei uns.\n\t\t\t\t<\/figcaption><\/figure><figure class='gallery-item'>\n\t\t\t<div class='gallery-icon landscape'>\n\t\t\t\t<a href='https:\/\/www.blumen-schwarz.de\/aktuell\/wp-content\/uploads\/2016\/12\/org00000-1.jpg'><img loading=\"lazy\" decoding=\"async\" width=\"150\" height=\"150\" src=\"https:\/\/www.blumen-schwarz.de\/aktuell\/wp-content\/uploads\/2016\/12\/org00000-1-299x299.jpg\" class=\"attachment-thumbnail size-thumbnail\" alt=\"\" aria-describedby=\"gallery-1-769\" srcset=\"https:\/\/www.blumen-schwarz.de\/aktuell\/wp-content\/uploads\/2016\/12\/org00000-1-299x299.jpg 299w, https:\/\/www.blumen-schwarz.de\/aktuell\/wp-content\/uploads\/2016\/12\/org00000-1-100x100.jpg 100w, https:\/\/www.blumen-schwarz.de\/aktuell\/wp-content\/uploads\/2016\/12\/org00000-1-150x150.jpg 150w\" sizes=\"auto, (max-width: 150px) 100vw, 150px\" \/><\/a>\n\t\t\t<\/div>\n\t\t\t\t<figcaption class='wp-caption-text gallery-caption' id='gallery-1-769'>\n\t\t\t\tschweren Herzens (deswegen die vielen Bilder) haben wir uns von unserem alten Friedhofstraktor getrennt. Gut 17 Jahre lief er bei uns.\n\t\t\t\t<\/figcaption><\/figure><figure class='gallery-item'>\n\t\t\t<div class='gallery-icon landscape'>\n\t\t\t\t<a href='https:\/\/www.blumen-schwarz.de\/aktuell\/wp-content\/uploads\/2016\/12\/org00001.jpg'><img loading=\"lazy\" decoding=\"async\" width=\"150\" height=\"150\" src=\"https:\/\/www.blumen-schwarz.de\/aktuell\/wp-content\/uploads\/2016\/12\/org00001-299x299.jpg\" class=\"attachment-thumbnail size-thumbnail\" alt=\"\" aria-describedby=\"gallery-1-770\" srcset=\"https:\/\/www.blumen-schwarz.de\/aktuell\/wp-content\/uploads\/2016\/12\/org00001-299x299.jpg 299w, https:\/\/www.blumen-schwarz.de\/aktuell\/wp-content\/uploads\/2016\/12\/org00001-100x100.jpg 100w, https:\/\/www.blumen-schwarz.de\/aktuell\/wp-content\/uploads\/2016\/12\/org00001-150x150.jpg 150w\" sizes=\"auto, (max-width: 150px) 100vw, 150px\" \/><\/a>\n\t\t\t<\/div>\n\t\t\t\t<figcaption class='wp-caption-text gallery-caption' id='gallery-1-770'>\n\t\t\t\tschweren Herzens (deswegen die vielen Bilder) haben wir uns von unserem alten Friedhofstraktor getrennt. Gut 17 Jahre lief er bei uns.\n\t\t\t\t<\/figcaption><\/figure><figure class='gallery-item'>\n\t\t\t<div class='gallery-icon landscape'>\n\t\t\t\t<a href='https:\/\/www.blumen-schwarz.de\/aktuell\/wp-content\/uploads\/2016\/12\/org00009.jpg'><img loading=\"lazy\" decoding=\"async\" width=\"150\" height=\"150\" src=\"https:\/\/www.blumen-schwarz.de\/aktuell\/wp-content\/uploads\/2016\/12\/org00009-299x299.jpg\" class=\"attachment-thumbnail size-thumbnail\" alt=\"\" aria-describedby=\"gallery-1-778\" srcset=\"https:\/\/www.blumen-schwarz.de\/aktuell\/wp-content\/uploads\/2016\/12\/org00009-299x299.jpg 299w, https:\/\/www.blumen-schwarz.de\/aktuell\/wp-content\/uploads\/2016\/12\/org00009-100x100.jpg 100w, https:\/\/www.blumen-schwarz.de\/aktuell\/wp-content\/uploads\/2016\/12\/org00009-150x150.jpg 150w\" sizes=\"auto, (max-width: 150px) 100vw, 150px\" \/><\/a>\n\t\t\t<\/div>\n\t\t\t\t<figcaption class='wp-caption-text gallery-caption' id='gallery-1-778'>\n\t\t\t\tNeu kam ein kleiner Iseki dazu. Der gro\u00dfe Vorteil (sonst w\u00e4re es wieder ein Kubota geworden): Trotz der Gr\u00f6\u00dfe hat er einen hydrostatischen Antrieb (eine Art Automatikgetriebe)\n\t\t\t\t<\/figcaption><\/figure><figure class='gallery-item'>\n\t\t\t<div class='gallery-icon landscape'>\n\t\t\t\t<a href='https:\/\/www.blumen-schwarz.de\/aktuell\/wp-content\/uploads\/2016\/12\/org00008.jpg'><img loading=\"lazy\" decoding=\"async\" width=\"150\" height=\"150\" src=\"https:\/\/www.blumen-schwarz.de\/aktuell\/wp-content\/uploads\/2016\/12\/org00008-299x299.jpg\" class=\"attachment-thumbnail size-thumbnail\" alt=\"\" aria-describedby=\"gallery-1-777\" srcset=\"https:\/\/www.blumen-schwarz.de\/aktuell\/wp-content\/uploads\/2016\/12\/org00008-299x299.jpg 299w, https:\/\/www.blumen-schwarz.de\/aktuell\/wp-content\/uploads\/2016\/12\/org00008-100x100.jpg 100w, https:\/\/www.blumen-schwarz.de\/aktuell\/wp-content\/uploads\/2016\/12\/org00008-150x150.jpg 150w\" sizes=\"auto, (max-width: 150px) 100vw, 150px\" \/><\/a>\n\t\t\t<\/div>\n\t\t\t\t<figcaption class='wp-caption-text gallery-caption' id='gallery-1-777'>\n\t\t\t\tNeu kam ein kleiner Iseki dazu. Der gro\u00dfe Vorteil (sonst w\u00e4re es wieder ein Kubota geworden): Trotz der Gr\u00f6\u00dfe hat er einen hydrostatischen Antrieb (eine Art Automatikgetriebe)\n\t\t\t\t<\/figcaption><\/figure>\n\t\t<\/div>\n\n","protected":false},"excerpt":{"rendered":"","protected":false},"author":2,"featured_media":0,"parent":873,"menu_order":0,"comment_status":"closed","ping_status":"closed","template":"","meta":{"inline_featured_image":false,"footnotes":""},"class_list":["post-903","page","type-page","status-publish","hentry","thunk-woo-product-list","open-woo-hover-zoom","open-single-product-tab-horizontal","open-shadow-","open-shadow-hover-"],"_links":{"self":[{"href":"https:\/\/www.blumen-schwarz.de\/aktuell\/wp-json\/wp\/v2\/pages\/903","targetHints":{"allow":["GET"]}}],"collection":[{"href":"https:\/\/www.blumen-schwarz.de\/aktuell\/wp-json\/wp\/v2\/pages"}],"about":[{"href":"https:\/\/www.blumen-schwarz.de\/aktuell\/wp-json\/wp\/v2\/types\/page"}],"author":[{"embeddable":true,"href":"https:\/\/www.blumen-schwarz.de\/aktuell\/wp-json\/wp\/v2\/users\/2"}],"replies":[{"embeddable":true,"href":"https:\/\/www.blumen-schwarz.de\/aktuell\/wp-json\/wp\/v2\/comments?post=903"}],"version-history":[{"count":0,"href":"https:\/\/www.blumen-schwarz.de\/aktuell\/wp-json\/wp\/v2\/pages\/903\/revisions"}],"up":[{"embeddable":true,"href":"https:\/\/www.blumen-schwarz.de\/aktuell\/wp-json\/wp\/v2\/pages\/873"}],"wp:attachment":[{"href":"https:\/\/www.blumen-schwarz.de\/aktuell\/wp-json\/wp\/v2\/media?parent=903"}],"curies":[{"name":"wp","href":"https:\/\/api.w.org\/{rel}","templated":true}]}}