{"id":846,"date":"2016-12-12T20:00:03","date_gmt":"2016-12-12T19:00:03","guid":{"rendered":"https:\/\/www.blumen-schwarz.de\/aktuell\/?page_id=846"},"modified":"2016-12-13T12:00:09","modified_gmt":"2016-12-13T11:00:09","slug":"50er-jahre","status":"publish","type":"page","link":"https:\/\/www.blumen-schwarz.de\/aktuell\/geschichte\/50er-jahre\/","title":{"rendered":"50er Jahre"},"content":{"rendered":"<p>In den 30er Jahren wurde der Betrieb an den \"neuen\" Friedhof in Schwabach ausgesiedelt. Die Limbacher Stra\u00dfe war damals ein Feldweg und der Betrieb richtig \"au\u00dferhalb\".<\/p>\n<div id='gallery-1' class='gallery galleryid-846 gallery-columns-2 gallery-size-thumbnail'><figure class='gallery-item'>\n\t\t\t<div class='gallery-icon landscape'>\n\t\t\t\t<a href='https:\/\/www.blumen-schwarz.de\/aktuell\/wp-content\/uploads\/2016\/12\/gaertnerei_ca_1952_4.jpg'><img loading=\"lazy\" decoding=\"async\" width=\"150\" height=\"150\" src=\"https:\/\/www.blumen-schwarz.de\/aktuell\/wp-content\/uploads\/2016\/12\/gaertnerei_ca_1952_4-299x299.jpg\" class=\"attachment-thumbnail size-thumbnail\" alt=\"\" aria-describedby=\"gallery-1-708\" srcset=\"https:\/\/www.blumen-schwarz.de\/aktuell\/wp-content\/uploads\/2016\/12\/gaertnerei_ca_1952_4-299x299.jpg 299w, https:\/\/www.blumen-schwarz.de\/aktuell\/wp-content\/uploads\/2016\/12\/gaertnerei_ca_1952_4-100x100.jpg 100w, https:\/\/www.blumen-schwarz.de\/aktuell\/wp-content\/uploads\/2016\/12\/gaertnerei_ca_1952_4-150x150.jpg 150w\" sizes=\"auto, (max-width: 150px) 100vw, 150px\" \/><\/a>\n\t\t\t<\/div>\n\t\t\t\t<figcaption class='wp-caption-text gallery-caption' id='gallery-1-708'>\n\t\t\t\tGeorg Schwarz - Maschine gab es keine. Alle Arbeiten, auch das Umsetzen des Komposthaufens, wurden per Hand gemacht.\n\t\t\t\t<\/figcaption><\/figure><figure class='gallery-item'>\n\t\t\t<div class='gallery-icon portrait'>\n\t\t\t\t<a href='https:\/\/www.blumen-schwarz.de\/aktuell\/wp-content\/uploads\/2016\/12\/gaertnerei_ca_1952_3.jpg'><img loading=\"lazy\" decoding=\"async\" width=\"150\" height=\"150\" src=\"https:\/\/www.blumen-schwarz.de\/aktuell\/wp-content\/uploads\/2016\/12\/gaertnerei_ca_1952_3-299x299.jpg\" class=\"attachment-thumbnail size-thumbnail\" alt=\"\" aria-describedby=\"gallery-1-707\" srcset=\"https:\/\/www.blumen-schwarz.de\/aktuell\/wp-content\/uploads\/2016\/12\/gaertnerei_ca_1952_3-299x299.jpg 299w, https:\/\/www.blumen-schwarz.de\/aktuell\/wp-content\/uploads\/2016\/12\/gaertnerei_ca_1952_3-100x100.jpg 100w, https:\/\/www.blumen-schwarz.de\/aktuell\/wp-content\/uploads\/2016\/12\/gaertnerei_ca_1952_3-150x150.jpg 150w\" sizes=\"auto, (max-width: 150px) 100vw, 150px\" \/><\/a>\n\t\t\t<\/div>\n\t\t\t\t<figcaption class='wp-caption-text gallery-caption' id='gallery-1-707'>\n\t\t\t\tLuise Schwarz\n\t\t\t\t<\/figcaption><\/figure><figure class='gallery-item'>\n\t\t\t<div class='gallery-icon landscape'>\n\t\t\t\t<a href='https:\/\/www.blumen-schwarz.de\/aktuell\/wp-content\/uploads\/2016\/12\/gaertnerei_ca_1952_2.jpg'><img loading=\"lazy\" decoding=\"async\" width=\"150\" height=\"150\" src=\"https:\/\/www.blumen-schwarz.de\/aktuell\/wp-content\/uploads\/2016\/12\/gaertnerei_ca_1952_2-299x299.jpg\" class=\"attachment-thumbnail size-thumbnail\" alt=\"\" aria-describedby=\"gallery-1-706\" srcset=\"https:\/\/www.blumen-schwarz.de\/aktuell\/wp-content\/uploads\/2016\/12\/gaertnerei_ca_1952_2-299x299.jpg 299w, https:\/\/www.blumen-schwarz.de\/aktuell\/wp-content\/uploads\/2016\/12\/gaertnerei_ca_1952_2-100x100.jpg 100w, https:\/\/www.blumen-schwarz.de\/aktuell\/wp-content\/uploads\/2016\/12\/gaertnerei_ca_1952_2-150x150.jpg 150w\" sizes=\"auto, (max-width: 150px) 100vw, 150px\" \/><\/a>\n\t\t\t<\/div>\n\t\t\t\t<figcaption class='wp-caption-text gallery-caption' id='gallery-1-706'>\n\t\t\t\tDie damalige G\u00e4rtnerzeit war gepr\u00e4gt von Mistbeetk\u00e4sten und Erdh\u00e4usern (Gew\u00e4chsh\u00e4user in den Boden gegraben, praktisch nur das Dach war au\u00dfen - sehr energieeffizient und f\u00fcrchterlich zum arbeiten).\n\t\t\t\t<\/figcaption><\/figure><figure class='gallery-item'>\n\t\t\t<div class='gallery-icon landscape'>\n\t\t\t\t<a href='https:\/\/www.blumen-schwarz.de\/aktuell\/wp-content\/uploads\/2016\/12\/gaertnerei_ca_1952_1.jpg'><img loading=\"lazy\" decoding=\"async\" width=\"150\" height=\"150\" src=\"https:\/\/www.blumen-schwarz.de\/aktuell\/wp-content\/uploads\/2016\/12\/gaertnerei_ca_1952_1-299x299.jpg\" class=\"attachment-thumbnail size-thumbnail\" alt=\"\" aria-describedby=\"gallery-1-705\" srcset=\"https:\/\/www.blumen-schwarz.de\/aktuell\/wp-content\/uploads\/2016\/12\/gaertnerei_ca_1952_1-299x299.jpg 299w, https:\/\/www.blumen-schwarz.de\/aktuell\/wp-content\/uploads\/2016\/12\/gaertnerei_ca_1952_1-100x100.jpg 100w, https:\/\/www.blumen-schwarz.de\/aktuell\/wp-content\/uploads\/2016\/12\/gaertnerei_ca_1952_1-150x150.jpg 150w\" sizes=\"auto, (max-width: 150px) 100vw, 150px\" \/><\/a>\n\t\t\t<\/div>\n\t\t\t\t<figcaption class='wp-caption-text gallery-caption' id='gallery-1-705'>\n\t\t\t\tAu\u00dfer dem Friedhof gab es noch keine Bebauung in der N\u00e4he. Die Limbacher Stra\u00dfe war ein ungeteerter Feldweg. Unsere G\u00e4rtnerei lag damals im Au\u00dfenbereich\n\t\t\t\t<\/figcaption><\/figure><figure class='gallery-item'>\n\t\t\t<div class='gallery-icon landscape'>\n\t\t\t\t<a href='https:\/\/www.blumen-schwarz.de\/aktuell\/wp-content\/uploads\/2016\/12\/luise_schwarz.jpg'><img loading=\"lazy\" decoding=\"async\" width=\"150\" height=\"150\" src=\"https:\/\/www.blumen-schwarz.de\/aktuell\/wp-content\/uploads\/2016\/12\/luise_schwarz-299x299.jpg\" class=\"attachment-thumbnail size-thumbnail\" alt=\"\" aria-describedby=\"gallery-1-704\" srcset=\"https:\/\/www.blumen-schwarz.de\/aktuell\/wp-content\/uploads\/2016\/12\/luise_schwarz-299x299.jpg 299w, https:\/\/www.blumen-schwarz.de\/aktuell\/wp-content\/uploads\/2016\/12\/luise_schwarz-100x100.jpg 100w, https:\/\/www.blumen-schwarz.de\/aktuell\/wp-content\/uploads\/2016\/12\/luise_schwarz-150x150.jpg 150w\" sizes=\"auto, (max-width: 150px) 100vw, 150px\" \/><\/a>\n\t\t\t<\/div>\n\t\t\t\t<figcaption class='wp-caption-text gallery-caption' id='gallery-1-704'>\n\t\t\t\tLuise Schwarz\n\t\t\t\t<\/figcaption><\/figure><figure class='gallery-item'>\n\t\t\t<div class='gallery-icon landscape'>\n\t\t\t\t<a href='https:\/\/www.blumen-schwarz.de\/aktuell\/wp-content\/uploads\/2016\/12\/georg_schwarz.jpg'><img loading=\"lazy\" decoding=\"async\" width=\"150\" height=\"150\" src=\"https:\/\/www.blumen-schwarz.de\/aktuell\/wp-content\/uploads\/2016\/12\/georg_schwarz-299x299.jpg\" class=\"attachment-thumbnail size-thumbnail\" alt=\"\" aria-describedby=\"gallery-1-703\" srcset=\"https:\/\/www.blumen-schwarz.de\/aktuell\/wp-content\/uploads\/2016\/12\/georg_schwarz-299x299.jpg 299w, https:\/\/www.blumen-schwarz.de\/aktuell\/wp-content\/uploads\/2016\/12\/georg_schwarz-100x100.jpg 100w, https:\/\/www.blumen-schwarz.de\/aktuell\/wp-content\/uploads\/2016\/12\/georg_schwarz-150x150.jpg 150w\" sizes=\"auto, (max-width: 150px) 100vw, 150px\" \/><\/a>\n\t\t\t<\/div>\n\t\t\t\t<figcaption class='wp-caption-text gallery-caption' id='gallery-1-703'>\n\t\t\t\tGeorg Schwarz\n\t\t\t\t<\/figcaption><\/figure><figure class='gallery-item'>\n\t\t\t<div class='gallery-icon landscape'>\n\t\t\t\t<a href='https:\/\/www.blumen-schwarz.de\/aktuell\/wp-content\/uploads\/2016\/12\/luise_u_georg_schwarz.jpg'><img loading=\"lazy\" decoding=\"async\" width=\"150\" height=\"150\" src=\"https:\/\/www.blumen-schwarz.de\/aktuell\/wp-content\/uploads\/2016\/12\/luise_u_georg_schwarz-299x299.jpg\" class=\"attachment-thumbnail size-thumbnail\" alt=\"\" aria-describedby=\"gallery-1-702\" srcset=\"https:\/\/www.blumen-schwarz.de\/aktuell\/wp-content\/uploads\/2016\/12\/luise_u_georg_schwarz-299x299.jpg 299w, https:\/\/www.blumen-schwarz.de\/aktuell\/wp-content\/uploads\/2016\/12\/luise_u_georg_schwarz-100x100.jpg 100w, https:\/\/www.blumen-schwarz.de\/aktuell\/wp-content\/uploads\/2016\/12\/luise_u_georg_schwarz-150x150.jpg 150w\" sizes=\"auto, (max-width: 150px) 100vw, 150px\" \/><\/a>\n\t\t\t<\/div>\n\t\t\t\t<figcaption class='wp-caption-text gallery-caption' id='gallery-1-702'>\n\t\t\t\tLuise und Georg Schwarz\n\t\t\t\t<\/figcaption><\/figure>\n\t\t<\/div>\n\n","protected":false},"excerpt":{"rendered":"<p>In den 30er Jahren wurde der Betrieb an den \"neuen\" Friedhof in Schwabach ausgesiedelt. Die &hellip;<\/p>\n<p class=\"read-more\"> <a class=\" thunk-readmore button \" href=\"https:\/\/www.blumen-schwarz.de\/aktuell\/geschichte\/50er-jahre\/\"> <span class=\"screen-reader-text\">50er Jahre<\/span>weiterlesen<\/a><\/p>\n","protected":false},"author":2,"featured_media":702,"parent":842,"menu_order":0,"comment_status":"closed","ping_status":"closed","template":"","meta":{"inline_featured_image":false,"footnotes":""},"class_list":["post-846","page","type-page","status-publish","has-post-thumbnail","hentry","thunk-woo-product-list","open-woo-hover-zoom","open-single-product-tab-horizontal","open-shadow-","open-shadow-hover-"],"_links":{"self":[{"href":"https:\/\/www.blumen-schwarz.de\/aktuell\/wp-json\/wp\/v2\/pages\/846","targetHints":{"allow":["GET"]}}],"collection":[{"href":"https:\/\/www.blumen-schwarz.de\/aktuell\/wp-json\/wp\/v2\/pages"}],"about":[{"href":"https:\/\/www.blumen-schwarz.de\/aktuell\/wp-json\/wp\/v2\/types\/page"}],"author":[{"embeddable":true,"href":"https:\/\/www.blumen-schwarz.de\/aktuell\/wp-json\/wp\/v2\/users\/2"}],"replies":[{"embeddable":true,"href":"https:\/\/www.blumen-schwarz.de\/aktuell\/wp-json\/wp\/v2\/comments?post=846"}],"version-history":[{"count":0,"href":"https:\/\/www.blumen-schwarz.de\/aktuell\/wp-json\/wp\/v2\/pages\/846\/revisions"}],"up":[{"embeddable":true,"href":"https:\/\/www.blumen-schwarz.de\/aktuell\/wp-json\/wp\/v2\/pages\/842"}],"wp:featuredmedia":[{"embeddable":true,"href":"https:\/\/www.blumen-schwarz.de\/aktuell\/wp-json\/wp\/v2\/media\/702"}],"wp:attachment":[{"href":"https:\/\/www.blumen-schwarz.de\/aktuell\/wp-json\/wp\/v2\/media?parent=846"}],"curies":[{"name":"wp","href":"https:\/\/api.w.org\/{rel}","templated":true}]}}