{"id":842,"date":"2016-12-12T19:55:38","date_gmt":"2016-12-12T18:55:38","guid":{"rendered":"https:\/\/www.blumen-schwarz.de\/aktuell\/?page_id=842"},"modified":"2021-10-05T12:11:13","modified_gmt":"2021-10-05T10:11:13","slug":"geschichte","status":"publish","type":"page","link":"https:\/\/www.blumen-schwarz.de\/aktuell\/geschichte\/","title":{"rendered":"Geschichte bis 2015"},"content":{"rendered":"<p>Seit 1902 g\u00e4rtnern die Schwarzens in Schwabach. Vieles ist seitdem passiert. F\u00fcr uns als Familie gibt es aus dieser Zeit viel zu wenig Bilder. F\u00fcr Sie als Besucher unserer Webseite sind es wahrscheinlich viel zu viel Bilder.<\/p>\n<p>Von daher sehen Sie diese Seite bitte als Spleen von uns. Der Informationsgehalt ist nur nostalgischer Natur und wahrscheinlich f\u00fcr unsere gro\u00dfe Familie am interessantesten.<\/p>\n<p>&nbsp;<\/p>\n<div class=\"menu-geschichte-container\"><ul id=\"geschichte\" class=\"menu\"><li id=\"menu-item-3095\" class=\"menu-item menu-item-type-custom menu-item-object-custom menu-item-home menu-item-3095\"><a href=\"https:\/\/www.blumen-schwarz.de\/aktuell\/\">Startseite<\/a><\/li>\n<li id=\"menu-item-2831\" class=\"menu-item menu-item-type-post_type menu-item-object-page menu-item-has-children menu-item-2831\"><a href=\"https:\/\/www.blumen-schwarz.de\/aktuell\/geschichte\/geschichte-ab-2016\/\">Geschichte ab 2016<\/a>\n<ul class=\"sub-menu\">\n\t<li id=\"menu-item-231861\" class=\"menu-item menu-item-type-taxonomy menu-item-object-category menu-item-231861\"><a href=\"https:\/\/www.blumen-schwarz.de\/aktuell\/kategorie\/geschichte_ab_2016\/2019\/\">2019<\/a><\/li>\n\t<li id=\"menu-item-231860\" class=\"menu-item menu-item-type-taxonomy menu-item-object-category menu-item-231860\"><a href=\"https:\/\/www.blumen-schwarz.de\/aktuell\/kategorie\/geschichte_ab_2016\/2018\/\">2018<\/a><\/li>\n\t<li id=\"menu-item-4846\" class=\"menu-item menu-item-type-taxonomy menu-item-object-category menu-item-4846\"><a href=\"https:\/\/www.blumen-schwarz.de\/aktuell\/kategorie\/geschichte_ab_2016\/2017\/\">2017<\/a><\/li>\n\t<li id=\"menu-item-4865\" class=\"menu-item menu-item-type-taxonomy menu-item-object-category menu-item-4865\"><a href=\"https:\/\/www.blumen-schwarz.de\/aktuell\/kategorie\/geschichte_ab_2016\/2016\/\">2016<\/a><\/li>\n<\/ul>\n<\/li>\n<li id=\"menu-item-2845\" class=\"menu-item menu-item-type-post_type menu-item-object-page menu-item-has-children menu-item-2845\"><a href=\"https:\/\/www.blumen-schwarz.de\/aktuell\/geschichte\/geschichte-2000-2015\/\">Geschichte 2000 -2015<\/a>\n<ul class=\"sub-menu\">\n\t<li id=\"menu-item-2585\" class=\"menu-item menu-item-type-post_type menu-item-object-page menu-item-has-children menu-item-2585\"><a href=\"https:\/\/www.blumen-schwarz.de\/aktuell\/geschichte\/2014-15\/\">2014-15<\/a>\n\t<ul class=\"sub-menu\">\n\t\t<li id=\"menu-item-2846\" class=\"menu-item menu-item-type-post_type menu-item-object-page menu-item-has-children menu-item-2846\"><a href=\"https:\/\/www.blumen-schwarz.de\/aktuell\/geschichte\/2014-15\/\">der gro\u00dfe Umbau<\/a>\n\t\t<ul class=\"sub-menu\">\n\t\t\t<li id=\"menu-item-2584\" class=\"menu-item menu-item-type-post_type menu-item-object-page menu-item-2584\"><a href=\"https:\/\/www.blumen-schwarz.de\/aktuell\/geschichte\/2014-15\/1ter-bauabschnitt-planung\/\">1ter Bauabschnitt: Planung<\/a><\/li>\n\t\t\t<li id=\"menu-item-2583\" class=\"menu-item menu-item-type-post_type menu-item-object-page menu-item-2583\"><a href=\"https:\/\/www.blumen-schwarz.de\/aktuell\/geschichte\/2014-15\/2ter-bauabschnitt-kompost\/\">2ter Bauabschnitt: Kompost<\/a><\/li>\n\t\t\t<li id=\"menu-item-2582\" class=\"menu-item menu-item-type-post_type menu-item-object-page menu-item-2582\"><a href=\"https:\/\/www.blumen-schwarz.de\/aktuell\/geschichte\/2014-15\/3ter-bauabschnitt-gewaechshaus-2\/\">3ter Bauabschnitt: Gew\u00e4chshaus 2<\/a><\/li>\n\t\t\t<li id=\"menu-item-2581\" class=\"menu-item menu-item-type-post_type menu-item-object-page menu-item-2581\"><a href=\"https:\/\/www.blumen-schwarz.de\/aktuell\/geschichte\/2014-15\/4ter-bauabschnitt-schulungsraum\/\">4ter Bauabschnitt: Schulungsraum<\/a><\/li>\n\t\t\t<li id=\"menu-item-2580\" class=\"menu-item menu-item-type-post_type menu-item-object-page menu-item-2580\"><a href=\"https:\/\/www.blumen-schwarz.de\/aktuell\/geschichte\/2014-15\/5ter-bauabschnitt\/\">5ter Bauabschnitt<\/a><\/li>\n\t\t\t<li id=\"menu-item-2579\" class=\"menu-item menu-item-type-post_type menu-item-object-page menu-item-2579\"><a href=\"https:\/\/www.blumen-schwarz.de\/aktuell\/geschichte\/2014-15\/6ter-bauabschnitt-neuer-arbeitsraum\/\">6ter Bauabschnitt: neuer Arbeitsraum<\/a><\/li>\n\t\t\t<li id=\"menu-item-2578\" class=\"menu-item menu-item-type-post_type menu-item-object-page menu-item-2578\"><a href=\"https:\/\/www.blumen-schwarz.de\/aktuell\/geschichte\/2014-15\/7ter-bauabschnitt-neue-energieschirme\/\">7ter Bauabschnitt: neue Energieschirme<\/a><\/li>\n\t\t\t<li id=\"menu-item-2577\" class=\"menu-item menu-item-type-post_type menu-item-object-page menu-item-2577\"><a href=\"https:\/\/www.blumen-schwarz.de\/aktuell\/geschichte\/2014-15\/8ter-bauabschnitt-stahlgeruest-bruecke\/\">8ter Bauabschnitt: Stahlger\u00fcst Br\u00fccke<\/a><\/li>\n\t\t\t<li id=\"menu-item-2576\" class=\"menu-item menu-item-type-post_type menu-item-object-page menu-item-2576\"><a href=\"https:\/\/www.blumen-schwarz.de\/aktuell\/geschichte\/2014-15\/9ter-bauabschnitt-gartenmarkt\/\">9ter Bauabschnitt: Gartenmarkt<\/a><\/li>\n\t\t\t<li id=\"menu-item-2575\" class=\"menu-item menu-item-type-post_type menu-item-object-page menu-item-2575\"><a href=\"https:\/\/www.blumen-schwarz.de\/aktuell\/geschichte\/2014-15\/10ter-bauabschnitt-neuer-floristikarbeitsraum\/\">10ter Bauabschnitt: neuer Floristikarbeitsraum<\/a><\/li>\n\t\t\t<li id=\"menu-item-2574\" class=\"menu-item menu-item-type-post_type menu-item-object-page menu-item-2574\"><a href=\"https:\/\/www.blumen-schwarz.de\/aktuell\/geschichte\/2014-15\/11ter-bauabschnitt-kleine-rampe\/\">11ter Bauabschnitt: kleine Rampe<\/a><\/li>\n\t\t\t<li id=\"menu-item-2573\" class=\"menu-item menu-item-type-post_type menu-item-object-page menu-item-2573\"><a href=\"https:\/\/www.blumen-schwarz.de\/aktuell\/geschichte\/2014-15\/12ter-bauabschnitt-automatiktueren\/\">12ter Bauabschnitt: Automatikt\u00fcren<\/a><\/li>\n\t\t\t<li id=\"menu-item-2572\" class=\"menu-item menu-item-type-post_type menu-item-object-page menu-item-2572\"><a href=\"https:\/\/www.blumen-schwarz.de\/aktuell\/geschichte\/2014-15\/13ter-bauabschnitt-bruecke\/\">13ter Bauabschnitt: Br\u00fccke<\/a><\/li>\n\t\t\t<li id=\"menu-item-2570\" class=\"menu-item menu-item-type-post_type menu-item-object-page menu-item-2570\"><a href=\"https:\/\/www.blumen-schwarz.de\/aktuell\/geschichte\/2014-15\/15ter-bauabschnitt-bhkw\/\">14ter Bauabschnitt: BHKW<\/a><\/li>\n\t\t<\/ul>\n<\/li>\n\t\t<li id=\"menu-item-2571\" class=\"menu-item menu-item-type-post_type menu-item-object-page menu-item-2571\"><a href=\"https:\/\/www.blumen-schwarz.de\/aktuell\/geschichte\/2014-15\/14ter-bauabschnitt-umbau-ist-fertig-feier\/\">Umbau-ist-fertig-Feier<\/a><\/li>\n\t\t<li id=\"menu-item-2822\" class=\"menu-item menu-item-type-post_type menu-item-object-page menu-item-2822\"><a href=\"https:\/\/www.blumen-schwarz.de\/aktuell\/geschichte\/2014-15\/orchideentage\/\">Orchideentage<\/a><\/li>\n\t\t<li id=\"menu-item-2823\" class=\"menu-item menu-item-type-post_type menu-item-object-page menu-item-2823\"><a href=\"https:\/\/www.blumen-schwarz.de\/aktuell\/geschichte\/2014-15\/nacht-der-lichter\/\">Nacht der Lichter<\/a><\/li>\n\t\t<li id=\"menu-item-2824\" class=\"menu-item menu-item-type-post_type menu-item-object-page menu-item-2824\"><a href=\"https:\/\/www.blumen-schwarz.de\/aktuell\/geschichte\/2014-15\/gruene-wand\/\">gr\u00fcne Wand<\/a><\/li>\n\t\t<li id=\"menu-item-2826\" class=\"menu-item menu-item-type-post_type menu-item-object-page menu-item-2826\"><a href=\"https:\/\/www.blumen-schwarz.de\/aktuell\/geschichte\/2014-15\/fortbidung\/\">Fortbildung<\/a><\/li>\n\t\t<li id=\"menu-item-2828\" class=\"menu-item menu-item-type-post_type menu-item-object-page menu-item-2828\"><a href=\"https:\/\/www.blumen-schwarz.de\/aktuell\/geschichte\/2014-15\/besuch-von-kollegen\/\">Besuch von Kollegen<\/a><\/li>\n\t\t<li id=\"menu-item-2825\" class=\"menu-item menu-item-type-post_type menu-item-object-page menu-item-2825\"><a href=\"https:\/\/www.blumen-schwarz.de\/aktuell\/geschichte\/2014-15\/gaertnerei\/\">G\u00e4rtnerei<\/a><\/li>\n\t\t<li id=\"menu-item-2827\" class=\"menu-item menu-item-type-post_type menu-item-object-page menu-item-2827\"><a href=\"https:\/\/www.blumen-schwarz.de\/aktuell\/geschichte\/2014-15\/blumenladen\/\">Blumenladen<\/a><\/li>\n\t<\/ul>\n<\/li>\n\t<li id=\"menu-item-1885\" class=\"menu-item menu-item-type-post_type menu-item-object-page menu-item-has-children menu-item-1885\"><a href=\"https:\/\/www.blumen-schwarz.de\/aktuell\/geschichte\/2013-2\/\">2013<\/a>\n\t<ul class=\"sub-menu\">\n\t\t<li id=\"menu-item-1884\" class=\"menu-item menu-item-type-post_type menu-item-object-page menu-item-1884\"><a href=\"https:\/\/www.blumen-schwarz.de\/aktuell\/geschichte\/2013-2\/nacht-der-lichter\/\">Nacht der Lichter<\/a><\/li>\n\t\t<li id=\"menu-item-1883\" class=\"menu-item menu-item-type-post_type menu-item-object-page menu-item-1883\"><a href=\"https:\/\/www.blumen-schwarz.de\/aktuell\/geschichte\/2013-2\/gaertnerei\/\">G\u00e4rtnerei<\/a><\/li>\n\t\t<li id=\"menu-item-1882\" class=\"menu-item menu-item-type-post_type menu-item-object-page menu-item-1882\"><a href=\"https:\/\/www.blumen-schwarz.de\/aktuell\/geschichte\/2013-2\/orchideentage\/\">Orchideentage<\/a><\/li>\n\t\t<li id=\"menu-item-1881\" class=\"menu-item menu-item-type-post_type menu-item-object-page menu-item-1881\"><a href=\"https:\/\/www.blumen-schwarz.de\/aktuell\/geschichte\/2013-2\/silberne-rose-bayern\/\">Silberne Rose Bayern<\/a><\/li>\n\t<\/ul>\n<\/li>\n\t<li id=\"menu-item-1870\" class=\"menu-item menu-item-type-post_type menu-item-object-page menu-item-has-children menu-item-1870\"><a href=\"https:\/\/www.blumen-schwarz.de\/aktuell\/geschichte\/2012-2\/\">2012<\/a>\n\t<ul class=\"sub-menu\">\n\t\t<li id=\"menu-item-1869\" class=\"menu-item menu-item-type-post_type menu-item-object-page menu-item-1869\"><a href=\"https:\/\/www.blumen-schwarz.de\/aktuell\/geschichte\/2012-2\/kuebelpflanzentag\/\">K\u00fcbelpflanzentag<\/a><\/li>\n\t\t<li id=\"menu-item-1867\" class=\"menu-item menu-item-type-post_type menu-item-object-page menu-item-1867\"><a href=\"https:\/\/www.blumen-schwarz.de\/aktuell\/geschichte\/2012-2\/luftbilder-b2\/\">Luftbilder B2<\/a><\/li>\n\t\t<li id=\"menu-item-1868\" class=\"menu-item menu-item-type-post_type menu-item-object-page menu-item-1868\"><a href=\"https:\/\/www.blumen-schwarz.de\/aktuell\/geschichte\/2012-2\/fortbildung\/\">Fortbildung<\/a><\/li>\n\t<\/ul>\n<\/li>\n\t<li id=\"menu-item-1857\" class=\"menu-item menu-item-type-post_type menu-item-object-page menu-item-has-children menu-item-1857\"><a href=\"https:\/\/www.blumen-schwarz.de\/aktuell\/geschichte\/2011-2\/\">2011<\/a>\n\t<ul class=\"sub-menu\">\n\t\t<li id=\"menu-item-1856\" class=\"menu-item menu-item-type-post_type menu-item-object-page menu-item-1856\"><a href=\"https:\/\/www.blumen-schwarz.de\/aktuell\/geschichte\/2011-2\/frankenschau\/\">Frankenschau<\/a><\/li>\n\t\t<li id=\"menu-item-1855\" class=\"menu-item menu-item-type-post_type menu-item-object-page menu-item-1855\"><a href=\"https:\/\/www.blumen-schwarz.de\/aktuell\/geschichte\/2011-2\/tage-der-kindergaertnerei\/\">Tage der Kinderg\u00e4rtnerei<\/a><\/li>\n\t\t<li id=\"menu-item-1854\" class=\"menu-item menu-item-type-post_type menu-item-object-page menu-item-1854\"><a href=\"https:\/\/www.blumen-schwarz.de\/aktuell\/geschichte\/2011-2\/gaertnerei-im-oktober\/\">G\u00e4rtnerei im Oktober<\/a><\/li>\n\t<\/ul>\n<\/li>\n\t<li id=\"menu-item-1548\" class=\"menu-item menu-item-type-post_type menu-item-object-page menu-item-has-children menu-item-1548\"><a href=\"https:\/\/www.blumen-schwarz.de\/aktuell\/geschichte\/2010-2\/\">2010<\/a>\n\t<ul class=\"sub-menu\">\n\t\t<li id=\"menu-item-1547\" class=\"menu-item menu-item-type-post_type menu-item-object-page menu-item-1547\"><a href=\"https:\/\/www.blumen-schwarz.de\/aktuell\/geschichte\/2010-2\/neubau-betrieb-2\/\">Neubau Betrieb 2<\/a><\/li>\n\t\t<li id=\"menu-item-1546\" class=\"menu-item menu-item-type-post_type menu-item-object-page menu-item-1546\"><a href=\"https:\/\/www.blumen-schwarz.de\/aktuell\/geschichte\/2010-2\/tag-der-offenen-gaertnerei\/\">Tag der offenen G\u00e4rtnerei<\/a><\/li>\n\t<\/ul>\n<\/li>\n\t<li id=\"menu-item-1549\" class=\"menu-item menu-item-type-post_type menu-item-object-page menu-item-has-children menu-item-1549\"><a href=\"https:\/\/www.blumen-schwarz.de\/aktuell\/geschichte\/2009-2\/\">2009<\/a>\n\t<ul class=\"sub-menu\">\n\t\t<li id=\"menu-item-1551\" class=\"menu-item menu-item-type-post_type menu-item-object-page menu-item-1551\"><a href=\"https:\/\/www.blumen-schwarz.de\/aktuell\/geschichte\/2009-2\/tag-der-offenen-gaertnerei\/\">Tag der offenen G\u00e4rtnerei<\/a><\/li>\n\t\t<li id=\"menu-item-1552\" class=\"menu-item menu-item-type-post_type menu-item-object-page menu-item-1552\"><a href=\"https:\/\/www.blumen-schwarz.de\/aktuell\/geschichte\/2009-2\/taubenrettung\/\">Taubenrettung<\/a><\/li>\n\t<\/ul>\n<\/li>\n\t<li id=\"menu-item-1550\" class=\"menu-item menu-item-type-post_type menu-item-object-page menu-item-has-children menu-item-1550\"><a href=\"https:\/\/www.blumen-schwarz.de\/aktuell\/geschichte\/2008-2\/\">2008<\/a>\n\t<ul class=\"sub-menu\">\n\t\t<li id=\"menu-item-1553\" class=\"menu-item menu-item-type-post_type menu-item-object-page menu-item-1553\"><a href=\"https:\/\/www.blumen-schwarz.de\/aktuell\/geschichte\/2008-2\/tag-der-offenen-gaertnerei\/\">Tag der offenen G\u00e4rtnerei<\/a><\/li>\n\t\t<li id=\"menu-item-1554\" class=\"menu-item menu-item-type-post_type menu-item-object-page menu-item-1554\"><a href=\"https:\/\/www.blumen-schwarz.de\/aktuell\/geschichte\/2008-2\/5-sterne-von-der-fleurop\/\">5 Sterne von der Fleurop<\/a><\/li>\n\t<\/ul>\n<\/li>\n\t<li id=\"menu-item-1522\" class=\"menu-item menu-item-type-post_type menu-item-object-page menu-item-has-children menu-item-1522\"><a href=\"https:\/\/www.blumen-schwarz.de\/aktuell\/geschichte\/2007-2\/\">2007<\/a>\n\t<ul class=\"sub-menu\">\n\t\t<li id=\"menu-item-1520\" class=\"menu-item menu-item-type-post_type menu-item-object-page menu-item-1520\"><a href=\"https:\/\/www.blumen-schwarz.de\/aktuell\/geschichte\/2007-2\/tag-der-offenen-gaertnerei\/\">Tag der offenen G\u00e4rtnerei<\/a><\/li>\n\t\t<li id=\"menu-item-1521\" class=\"menu-item menu-item-type-post_type menu-item-object-page menu-item-1521\"><a href=\"https:\/\/www.blumen-schwarz.de\/aktuell\/geschichte\/2007-2\/bundesgartenschau-gera-12\/\">Bundesgartenschau Gera<\/a><\/li>\n\t<\/ul>\n<\/li>\n\t<li id=\"menu-item-1523\" class=\"menu-item menu-item-type-post_type menu-item-object-page menu-item-has-children menu-item-1523\"><a href=\"https:\/\/www.blumen-schwarz.de\/aktuell\/geschichte\/2006-2\/\">2006<\/a>\n\t<ul class=\"sub-menu\">\n\t\t<li id=\"menu-item-1526\" class=\"menu-item menu-item-type-post_type menu-item-object-page menu-item-1526\"><a href=\"https:\/\/www.blumen-schwarz.de\/aktuell\/geschichte\/2006-2\/4-sterne-auszeichnung\/\">4-Sterne Auszeichnung<\/a><\/li>\n\t\t<li id=\"menu-item-1527\" class=\"menu-item menu-item-type-post_type menu-item-object-page menu-item-1527\"><a href=\"https:\/\/www.blumen-schwarz.de\/aktuell\/geschichte\/2006-2\/abschied-von-der-agria\/\">Abschied von der Agria<\/a><\/li>\n\t\t<li id=\"menu-item-1525\" class=\"menu-item menu-item-type-post_type menu-item-object-page menu-item-1525\"><a href=\"https:\/\/www.blumen-schwarz.de\/aktuell\/geschichte\/2006-2\/pflanze-des-jahres\/\">Pflanze des Jahres<\/a><\/li>\n\t<\/ul>\n<\/li>\n\t<li id=\"menu-item-1524\" class=\"menu-item menu-item-type-post_type menu-item-object-page menu-item-1524\"><a href=\"https:\/\/www.blumen-schwarz.de\/aktuell\/geschichte\/2005-2\/\">2005<\/a><\/li>\n\t<li id=\"menu-item-881\" class=\"menu-item menu-item-type-post_type menu-item-object-page menu-item-has-children menu-item-881\"><a href=\"https:\/\/www.blumen-schwarz.de\/aktuell\/geschichte\/2004-2\/\">2004<\/a>\n\t<ul class=\"sub-menu\">\n\t\t<li id=\"menu-item-919\" class=\"menu-item menu-item-type-post_type menu-item-object-page menu-item-919\"><a href=\"https:\/\/www.blumen-schwarz.de\/aktuell\/geschichte\/2004-2\/luftbilder\/\">Luftbilder<\/a><\/li>\n\t\t<li id=\"menu-item-921\" class=\"menu-item menu-item-type-post_type menu-item-object-page menu-item-921\"><a href=\"https:\/\/www.blumen-schwarz.de\/aktuell\/geschichte\/2004-2\/fassadenrenovierung\/\">Fassadenrenovierung<\/a><\/li>\n\t\t<li id=\"menu-item-918\" class=\"menu-item menu-item-type-post_type menu-item-object-page menu-item-918\"><a href=\"https:\/\/www.blumen-schwarz.de\/aktuell\/geschichte\/2004-2\/ladenumbau\/\">Ladenumbau<\/a><\/li>\n\t\t<li id=\"menu-item-920\" class=\"menu-item menu-item-type-post_type menu-item-object-page menu-item-920\"><a href=\"https:\/\/www.blumen-schwarz.de\/aktuell\/geschichte\/2004-2\/gaertnerei\/\">G\u00e4rtnerei<\/a><\/li>\n\t\t<li id=\"menu-item-905\" class=\"menu-item menu-item-type-post_type menu-item-object-page menu-item-905\"><a href=\"https:\/\/www.blumen-schwarz.de\/aktuell\/geschichte\/2004-2\/2004-kubota-kommt-weg\/\">Kubota kommt weg<\/a><\/li>\n\t<\/ul>\n<\/li>\n\t<li id=\"menu-item-882\" class=\"menu-item menu-item-type-post_type menu-item-object-page menu-item-882\"><a href=\"https:\/\/www.blumen-schwarz.de\/aktuell\/geschichte\/2003-2\/\">2003<\/a><\/li>\n<\/ul>\n<\/li>\n<li id=\"menu-item-880\" class=\"menu-item menu-item-type-post_type menu-item-object-page menu-item-has-children menu-item-880\"><a href=\"https:\/\/www.blumen-schwarz.de\/aktuell\/geschichte\/\">Geschichte bis 1999<\/a>\n<ul class=\"sub-menu\">\n\t<li id=\"menu-item-883\" class=\"menu-item menu-item-type-post_type menu-item-object-page menu-item-883\"><a href=\"https:\/\/www.blumen-schwarz.de\/aktuell\/geschichte\/90er-jahre\/\">90er Jahre<\/a><\/li>\n\t<li id=\"menu-item-884\" class=\"menu-item menu-item-type-post_type menu-item-object-page menu-item-884\"><a href=\"https:\/\/www.blumen-schwarz.de\/aktuell\/geschichte\/80er-jahre\/\">80er Jahre<\/a><\/li>\n\t<li id=\"menu-item-885\" class=\"menu-item menu-item-type-post_type menu-item-object-page menu-item-885\"><a href=\"https:\/\/www.blumen-schwarz.de\/aktuell\/geschichte\/70er-jahre\/\">70er Jahre<\/a><\/li>\n\t<li id=\"menu-item-886\" class=\"menu-item menu-item-type-post_type menu-item-object-page menu-item-886\"><a href=\"https:\/\/www.blumen-schwarz.de\/aktuell\/geschichte\/60er-jahre\/\">60er Jahre<\/a><\/li>\n\t<li id=\"menu-item-887\" class=\"menu-item menu-item-type-post_type menu-item-object-page menu-item-887\"><a href=\"https:\/\/www.blumen-schwarz.de\/aktuell\/geschichte\/50er-jahre\/\">50er Jahre<\/a><\/li>\n\t<li id=\"menu-item-888\" class=\"menu-item menu-item-type-post_type menu-item-object-page menu-item-888\"><a href=\"https:\/\/www.blumen-schwarz.de\/aktuell\/geschichte\/1902-2\/\">1902<\/a><\/li>\n<\/ul>\n<\/li>\n<li id=\"menu-item-957\" class=\"menu-item menu-item-type-post_type menu-item-object-page menu-item-privacy-policy menu-item-957\"><a rel=\"privacy-policy\" href=\"https:\/\/www.blumen-schwarz.de\/aktuell\/ueber-uns\/impressum\/\">Impressum und Kontakt<\/a><\/li>\n<\/ul><\/div>\n<p>&nbsp;<\/p>\n","protected":false},"excerpt":{"rendered":"<p>Seit 1902 g\u00e4rtnern die Schwarzens in Schwabach. Vieles ist seitdem passiert. F\u00fcr uns als Familie &hellip;<\/p>\n<p class=\"read-more\"> <a class=\" thunk-readmore button \" href=\"https:\/\/www.blumen-schwarz.de\/aktuell\/geschichte\/\"> <span class=\"screen-reader-text\">Geschichte bis 2015<\/span>weiterlesen<\/a><\/p>\n","protected":false},"author":2,"featured_media":0,"parent":0,"menu_order":0,"comment_status":"closed","ping_status":"closed","template":"","meta":{"inline_featured_image":false,"footnotes":""},"class_list":["post-842","page","type-page","status-publish","hentry","thunk-woo-product-list","open-woo-hover-zoom","open-single-product-tab-horizontal","open-shadow-","open-shadow-hover-"],"_links":{"self":[{"href":"https:\/\/www.blumen-schwarz.de\/aktuell\/wp-json\/wp\/v2\/pages\/842","targetHints":{"allow":["GET"]}}],"collection":[{"href":"https:\/\/www.blumen-schwarz.de\/aktuell\/wp-json\/wp\/v2\/pages"}],"about":[{"href":"https:\/\/www.blumen-schwarz.de\/aktuell\/wp-json\/wp\/v2\/types\/page"}],"author":[{"embeddable":true,"href":"https:\/\/www.blumen-schwarz.de\/aktuell\/wp-json\/wp\/v2\/users\/2"}],"replies":[{"embeddable":true,"href":"https:\/\/www.blumen-schwarz.de\/aktuell\/wp-json\/wp\/v2\/comments?post=842"}],"version-history":[{"count":0,"href":"https:\/\/www.blumen-schwarz.de\/aktuell\/wp-json\/wp\/v2\/pages\/842\/revisions"}],"wp:attachment":[{"href":"https:\/\/www.blumen-schwarz.de\/aktuell\/wp-json\/wp\/v2\/media?parent=842"}],"curies":[{"name":"wp","href":"https:\/\/api.w.org\/{rel}","templated":true}]}}