{"id":6384,"date":"2017-09-08T10:35:16","date_gmt":"2017-09-08T08:35:16","guid":{"rendered":"https:\/\/www.blumen-schwarz.de\/aktuell\/?page_id=6384"},"modified":"2025-09-12T14:30:24","modified_gmt":"2025-09-12T12:30:24","slug":"zusatzkosten","status":"publish","type":"page","link":"https:\/\/www.blumen-schwarz.de\/aktuell\/gartenbau\/ueberwinterung\/zusatzkosten\/","title":{"rendered":"Zusatzkosten"},"content":{"rendered":"<p>Alle Preisangaben inklusive 19% Mehrwertsteuer<\/p>\n<p><strong>Jede Dienstleistung, die nicht in der \u00dcberwinterung enthalten ist, wird mit der Arbeitszeit und den Materialkosten berechnet. Dazu geh\u00f6ren beispielsweise Umtopfarbeiten, Erde auff\u00fcllen, Wurzelballen lockern, Pflanze austopfen und gerade eintopfen, Dr\u00e4nage einbauen oder \u00fcberpr\u00fcfen, neu aufbinden.<\/strong><\/p>\n<p>Zus\u00e4tzlich zu den eingesetzten Materialien berechnen wir 75 \u20ac \/ Stunde f\u00fcr unsere G\u00e4rtner.<\/p>\n<p>Als Erde verwenden wir die Gramoflorr K\u00fcbelpflanzenerde mit\u00a0 45l \/ 13,99 \u20ac<\/p>\n<p>Alle weiteren Materialpreise entnehmen Sie bitte unserem Angebot und unserer Preisauszeichnung.<\/p>\n<p>&nbsp;<\/p>\n<p><a href=\"https:\/\/www.blumen-schwarz.de\/aktuell\/gartenbau\/ueberwinterung\/\">Zur\u00fcck zur \u00dcberwinterungsseite<\/a><\/p>\n","protected":false},"excerpt":{"rendered":"<p>Alle Preisangaben inklusive 19% Mehrwertsteuer Jede Dienstleistung, die nicht in der \u00dcberwinterung enthalten ist, wird &hellip;<\/p>\n<p class=\"read-more\"> <a class=\" thunk-readmore button \" href=\"https:\/\/www.blumen-schwarz.de\/aktuell\/gartenbau\/ueberwinterung\/zusatzkosten\/\"> <span class=\"screen-reader-text\">Zusatzkosten<\/span>weiterlesen<\/a><\/p>\n","protected":false},"author":2,"featured_media":0,"parent":146,"menu_order":0,"comment_status":"closed","ping_status":"closed","template":"","meta":{"inline_featured_image":false,"footnotes":""},"class_list":["post-6384","page","type-page","status-publish","hentry","thunk-woo-product-list","open-woo-hover-zoom","open-single-product-tab-horizontal","open-shadow-","open-shadow-hover-"],"_links":{"self":[{"href":"https:\/\/www.blumen-schwarz.de\/aktuell\/wp-json\/wp\/v2\/pages\/6384","targetHints":{"allow":["GET"]}}],"collection":[{"href":"https:\/\/www.blumen-schwarz.de\/aktuell\/wp-json\/wp\/v2\/pages"}],"about":[{"href":"https:\/\/www.blumen-schwarz.de\/aktuell\/wp-json\/wp\/v2\/types\/page"}],"author":[{"embeddable":true,"href":"https:\/\/www.blumen-schwarz.de\/aktuell\/wp-json\/wp\/v2\/users\/2"}],"replies":[{"embeddable":true,"href":"https:\/\/www.blumen-schwarz.de\/aktuell\/wp-json\/wp\/v2\/comments?post=6384"}],"version-history":[{"count":2,"href":"https:\/\/www.blumen-schwarz.de\/aktuell\/wp-json\/wp\/v2\/pages\/6384\/revisions"}],"predecessor-version":[{"id":285790,"href":"https:\/\/www.blumen-schwarz.de\/aktuell\/wp-json\/wp\/v2\/pages\/6384\/revisions\/285790"}],"up":[{"embeddable":true,"href":"https:\/\/www.blumen-schwarz.de\/aktuell\/wp-json\/wp\/v2\/pages\/146"}],"wp:attachment":[{"href":"https:\/\/www.blumen-schwarz.de\/aktuell\/wp-json\/wp\/v2\/media?parent=6384"}],"curies":[{"name":"wp","href":"https:\/\/api.w.org\/{rel}","templated":true}]}}