{"id":6365,"date":"2020-09-21T09:27:05","date_gmt":"2020-09-21T07:27:05","guid":{"rendered":"https:\/\/www.blumen-schwarz.de\/aktuell\/?page_id=6365"},"modified":"2025-10-08T08:57:06","modified_gmt":"2025-10-08T06:57:06","slug":"termine","status":"publish","type":"page","link":"https:\/\/www.blumen-schwarz.de\/aktuell\/gartenbau\/ueberwinterung\/termine\/","title":{"rendered":"Abhol- und Liefertermine \u00dcberwinterung"},"content":{"rendered":"<h2>Saison 2025 \/ 26<\/h2>\n<p>Alle Preisangaben inklusive 19% Mehrwertsteuer.<\/p>\n<p>Die Pauschalen Abhol- und Liefertermine gelten, wenn<\/p>\n<ul>\n<li>Sie maximal 5 Pflanzen haben<\/li>\n<li>Ihre Pflanzen frei zug\u00e4nglich auf befestigten Wegen stehen<\/li>\n<li>auf dem Weg zu Ihrer Pflanzen keine Barrieren wie H\u00f6hen- oder Breitenbeschr\u00e4nkung oder ein Gef\u00e4lle liegen<\/li>\n<li>keine Treppe, Kiesbeete auf dem Weg liegen<\/li>\n<li>Ihre Pflanzen bis maximal 100kg wiegen, sodass sie von einem G\u00e4rtner transportiert werden k\u00f6nnen.<\/li>\n<\/ul>\n<p>Falls einer dieser Punkte nicht zutrifft werden die Pflanzen zu unseren normalen Abholpreisen abgeholt. Wir empfehlen aber trotzdem aus Kostengr\u00fcnden eine Abholung\/Lieferung an den unten genannten Terminen. Es ist f\u00fcr Sie g\u00fcnstiger, wenn wir in der N\u00e4he sind.<\/p>\n<p>Wir berechnen, au\u00dferhalb der pauschalen Termine, die anfallenden Arbeitszeitkosten. Eine Arbeitsstunde wird mit 75 \u20ac \/ G\u00e4rtner verrechnet. Wenn mehrere G\u00e4rtner (schwere Pflanzen, herausforderndes Gel\u00e4nde) n\u00f6tig sind, fallen nat\u00fcrlich die Kosten pro G\u00e4rtner an. Die Arbeitszeit wird von Abfahrt Blumen Schwarz bis Ankunft Blumen Schwarz gerechnet.<\/p>\n<p>&nbsp;<\/p>\n<p>Wenn Sie fr\u00fcher oder sp\u00e4ter als die genannten Termine angefahren werden wollen, bestellen Sie bitte eine individuellen Lieferung.<\/p>\n<div>\n<h4><b>Zone Schwabach 29,90 \u20ac je Anfahrt <\/b><\/h4>\n<table style=\"width: 42.2837%; height: 144px;\" border=\"2\" cellspacing=\"2\" cellpadding=\"2\">\n<tbody>\n<tr style=\"height: 24px;\">\n<td style=\"height: 24px;\">Abholung<\/td>\n<td style=\"height: 24px;\">Ort<\/td>\n<td style=\"height: 24px;\">Lieferung<\/td>\n<\/tr>\n<tr style=\"height: 24px;\">\n<td style=\"height: 24px;\">06.10.2025<\/td>\n<td style=\"height: 24px;\">Limbach und Umgebung (\u00fc-1)<\/td>\n<td style=\"height: 24px;\">13.05.2026<\/td>\n<\/tr>\n<tr style=\"height: 24px;\">\n<td style=\"height: 24px;\">09.10.2025<\/td>\n<td style=\"height: 24px;\">Vogelherd, Penzendorf, Klinggraben (\u00fc-2)<\/td>\n<td style=\"height: 24px;\">07.05.2026<\/td>\n<\/tr>\n<tr style=\"height: 24px;\">\n<td style=\"height: 24px;\">07.10.2025<\/td>\n<td style=\"height: 24px;\">Innenstadt, Unterreichenbach, Forsthof, Uigenau (\u00fc-3)<\/td>\n<td style=\"height: 24px;\">12.05.2026<\/td>\n<\/tr>\n<tr style=\"height: 24px;\">\n<td style=\"height: 24px;\">08.10.2025<\/td>\n<td style=\"height: 24px;\">Eichwasen, Nasbach, Wolkersdorf (\u00fc-4)<\/td>\n<td style=\"height: 24px;\">11.05.2026<\/td>\n<\/tr>\n<tr style=\"height: 24px;\">\n<td style=\"height: 24px;\"><\/td>\n<td style=\"height: 24px;\"><\/td>\n<td style=\"height: 24px;\"><\/td>\n<\/tr>\n<\/tbody>\n<\/table>\n<h4><b>Zone I 42,90 \u20ac je Anfahrt<\/b><\/h4>\n<table style=\"height: 192px; width: 63.382%;\" border=\"2\" cellspacing=\"2\" cellpadding=\"2\">\n<tbody>\n<tr style=\"height: 24px;\">\n<td style=\"height: 24px;\">Abholung<\/td>\n<td style=\"height: 24px;\">Ort,<\/td>\n<td style=\"height: 24px;\">Lieferung<\/td>\n<\/tr>\n<tr style=\"height: 24px;\">\n<td style=\"height: 24px;\">08.10.2025<\/td>\n<td style=\"height: 24px;\">M\u00fchlhof, Krottendorf, Dietersdorf (\u00fc-5)<\/td>\n<td style=\"height: 24px;\">11.05.2026<\/td>\n<\/tr>\n<tr style=\"height: 24px;\">\n<td style=\"height: 24px;\">09.10.2025<\/td>\n<td style=\"height: 24px;\">Katzwang, Neukatzwang, (\u00fc-6)<\/td>\n<td style=\"height: 24px;\">07.05.2026<\/td>\n<\/tr>\n<tr style=\"height: 24px;\">\n<td style=\"height: 24px;\">08.10.2025<\/td>\n<td style=\"height: 24px;\">Rednitzhembach, Walpersdorf, Obermainbach (\u00fc-7)<\/td>\n<td style=\"height: 24px;\">11.05.2026<\/td>\n<\/tr>\n<tr style=\"height: 24px;\">\n<td style=\"height: 24px;\">13.10.2025<\/td>\n<td style=\"height: 24px;\">Reichelsdorf, Reichelsdorfer Keller, Weiherhaus, Pillenreuth (\u00fc-8)<\/td>\n<td style=\"height: 24px;\">06.05.2026<\/td>\n<\/tr>\n<tr style=\"height: 48px;\">\n<td style=\"height: 48px;\">13.10.2025<\/td>\n<td style=\"height: 48px;\">Gaulnhofen, Herpersdorf, Worzeldorf, N\u00fcrnberg Gartenstadt (Einzugsbereich S\u00fcdfriedhof) (\u00fc-9)<\/td>\n<td style=\"height: 48px;\">06.05.2026<\/td>\n<\/tr>\n<tr style=\"height: 24px;\">\n<td style=\"height: 24px;\">21.10.2025<\/td>\n<td style=\"height: 24px;\">Ansbach (Stadt)(\u00fc-16)<\/td>\n<td style=\"height: 24px;\">28.04.2026<\/td>\n<\/tr>\n<tr>\n<td>22.10.2025<\/td>\n<td>Sachsen b. Ansbach, Lichtenau(\u00fc-20)<\/td>\n<td>27.04.2026<\/td>\n<\/tr>\n<\/tbody>\n<\/table>\n<h4><b> Zone II 51,90 \u20ac je Anfahrt<\/b><\/h4>\n<table style=\"width: 53.5995%; height: 120px;\" border=\"2\" cellspacing=\"2\" cellpadding=\"2\">\n<tbody>\n<tr style=\"height: 24px;\">\n<td style=\"width: 87px; height: 24px;\">Abholung<\/td>\n<td style=\"width: 554px; height: 24px;\">Ort<\/td>\n<td style=\"width: 88px; height: 24px;\">Lieferung<\/td>\n<\/tr>\n<tr style=\"height: 24px;\">\n<td style=\"width: 87px; height: 24px;\">14.10.2025<\/td>\n<td style=\"width: 554px; height: 24px;\">Wendelstein, Roth (\u00dc-10)<\/td>\n<td style=\"width: 88px; height: 24px;\">05.05.2026<\/td>\n<\/tr>\n<tr style=\"height: 24px;\">\n<td style=\"width: 87px; height: 24px;\">15.10.2025<\/td>\n<td style=\"width: 554px; height: 24px;\">Kornburg, Kleinschwarzenlohe, Gro\u00dfschwarzenlohe, Schwanstetten, (\u00fc-11)<\/td>\n<td style=\"width: 88px; height: 24px;\">04.05.2026<\/td>\n<\/tr>\n<tr style=\"height: 24px;\">\n<td style=\"width: 87px; height: 24px;\">16.10.2025<\/td>\n<td style=\"width: 554px; height: 24px;\">Gustenfelden, Regelsbach, Nemsdorf ,\u00a0 (F\u00fcrth, Zirndorf ohne Festpreis)(\u00fc-12)<\/td>\n<td style=\"width: 88px; height: 24px;\">30.04.2026<\/td>\n<\/tr>\n<tr style=\"height: 24px;\">\n<td style=\"width: 87px; height: 24px;\">22.10.2025<\/td>\n<td style=\"width: 554px; height: 24px;\">Heilsbronn, Neuendettelsau, Windsbach, Petersaurach, Weihenzell (\u00fc-17)<\/td>\n<td style=\"width: 88px; height: 24px;\">27.04.2026<\/td>\n<\/tr>\n<\/tbody>\n<\/table>\n<h4><b> Zone III 72,90 \u20ac je Anfahrt<\/b><\/h4>\n<table style=\"width: 40.6203%; height: 176px;\" border=\"2\" cellspacing=\"2\" cellpadding=\"2\">\n<tbody>\n<tr style=\"height: 24px;\">\n<td style=\"height: 24px;\">Abholung<\/td>\n<td style=\"height: 24px;\">Ort<\/td>\n<td style=\"height: 24px;\">Lieferung<\/td>\n<\/tr>\n<tr style=\"height: 24px;\">\n<td style=\"height: 24px;\">16.10.2025<\/td>\n<td style=\"height: 24px;\">Feucht, Pfeifferh\u00fctte, Allersberg (\u00fc-13)<\/td>\n<td style=\"height: 24px;\">30.04.2026<\/td>\n<\/tr>\n<tr style=\"height: 48px;\">\n<td style=\"height: 48px;\">20.10.2025<\/td>\n<td style=\"height: 48px;\">N\u00fcrnberg Innenstadt, N\u00fcrnberg s\u00fcdliche H\u00e4lfte (\u00fc-14)<\/td>\n<td style=\"height: 48px;\">29.04.2026<\/td>\n<\/tr>\n<tr style=\"height: 24px;\">\n<td style=\"height: 24px;\">20.10.2025<\/td>\n<td style=\"height: 24px;\">N\u00fcrnberg n\u00f6rdliche H\u00e4lfte (\u00fc-15)<\/td>\n<td style=\"height: 24px;\">29.04.2026<\/td>\n<\/tr>\n<tr style=\"height: 56px;\">\n<td style=\"height: 56px;\">23.10.2025<\/td>\n<td style=\"height: 56px;\">Hilpoltstein, Heideck und n\u00e4heres Umfeld (\u00fc-18)<\/td>\n<td style=\"height: 56px;\">24.04.2026<\/td>\n<\/tr>\n<tr>\n<td>23.10.2025<\/td>\n<td>Abenberg und Umgebung (\u00fc-19)<\/td>\n<td>24.04.2026<\/td>\n<\/tr>\n<\/tbody>\n<\/table>\n<h4><b> Zone IV\u00a0 85,80 \u20ac je Anfahrt<\/b><\/h4>\n<table style=\"width: 40%; border-collapse: collapse; border-style: solid; height: 48px;\" border=\"2\" cellspacing=\"2\" cellpadding=\"2\">\n<tbody>\n<tr style=\"height: 24px;\">\n<td style=\"width: 33.3333%; height: 24px;\">23.10.2025<\/td>\n<td style=\"width: 33.3333%; height: 24px;\">Wei\u00dfenburg, (\u00fc-21)<\/td>\n<td style=\"width: 33.3333%; height: 24px;\">24.04.2026<\/td>\n<\/tr>\n<tr style=\"height: 24px;\">\n<td style=\"width: 33.3333%; height: 24px;\">23.10.2025<\/td>\n<td style=\"width: 33.3333%; height: 24px;\">Gunzenhausen, Lehrberg o.\u00e4. auf Anfrage<\/td>\n<td style=\"width: 33.3333%; height: 24px;\">24.04.2026<\/td>\n<\/tr>\n<\/tbody>\n<\/table>\n<p><a href=\"https:\/\/www.blumen-schwarz.de\/aktuell\/gartenbau\/ueberwinterung\/\">Zur\u00fcck zur \u00dcberwinterungsseite<\/a><\/p>\n<\/div>\n","protected":false},"excerpt":{"rendered":"<p>Saison 2025 \/ 26 Alle Preisangaben inklusive 19% Mehrwertsteuer. Die Pauschalen Abhol- und Liefertermine gelten, &hellip;<\/p>\n<p class=\"read-more\"> <a class=\" thunk-readmore button \" href=\"https:\/\/www.blumen-schwarz.de\/aktuell\/gartenbau\/ueberwinterung\/termine\/\"> <span class=\"screen-reader-text\">Abhol- und Liefertermine \u00dcberwinterung<\/span>weiterlesen<\/a><\/p>\n","protected":false},"author":2,"featured_media":0,"parent":146,"menu_order":0,"comment_status":"closed","ping_status":"closed","template":"","meta":{"inline_featured_image":false,"footnotes":""},"class_list":["post-6365","page","type-page","status-publish","hentry","thunk-woo-product-list","open-woo-hover-zoom","open-single-product-tab-horizontal","open-shadow-","open-shadow-hover-"],"_links":{"self":[{"href":"https:\/\/www.blumen-schwarz.de\/aktuell\/wp-json\/wp\/v2\/pages\/6365","targetHints":{"allow":["GET"]}}],"collection":[{"href":"https:\/\/www.blumen-schwarz.de\/aktuell\/wp-json\/wp\/v2\/pages"}],"about":[{"href":"https:\/\/www.blumen-schwarz.de\/aktuell\/wp-json\/wp\/v2\/types\/page"}],"author":[{"embeddable":true,"href":"https:\/\/www.blumen-schwarz.de\/aktuell\/wp-json\/wp\/v2\/users\/2"}],"replies":[{"embeddable":true,"href":"https:\/\/www.blumen-schwarz.de\/aktuell\/wp-json\/wp\/v2\/comments?post=6365"}],"version-history":[{"count":7,"href":"https:\/\/www.blumen-schwarz.de\/aktuell\/wp-json\/wp\/v2\/pages\/6365\/revisions"}],"predecessor-version":[{"id":286235,"href":"https:\/\/www.blumen-schwarz.de\/aktuell\/wp-json\/wp\/v2\/pages\/6365\/revisions\/286235"}],"up":[{"embeddable":true,"href":"https:\/\/www.blumen-schwarz.de\/aktuell\/wp-json\/wp\/v2\/pages\/146"}],"wp:attachment":[{"href":"https:\/\/www.blumen-schwarz.de\/aktuell\/wp-json\/wp\/v2\/media?parent=6365"}],"curies":[{"name":"wp","href":"https:\/\/api.w.org\/{rel}","templated":true}]}}