{"id":6345,"date":"2017-09-07T19:28:42","date_gmt":"2017-09-07T17:28:42","guid":{"rendered":"https:\/\/www.blumen-schwarz.de\/aktuell\/?page_id=6345"},"modified":"2025-09-29T14:35:37","modified_gmt":"2025-09-29T12:35:37","slug":"preisliste","status":"publish","type":"page","link":"https:\/\/www.blumen-schwarz.de\/aktuell\/gartenbau\/ueberwinterung\/preisliste\/","title":{"rendered":"Preisliste"},"content":{"rendered":"<h1>Stand Saison 2025\/2026<\/h1>\n<h4>Berechnungsgrundlagen<\/h4>\n<ul>\n<li>Die Pflanzen werden nach dem Durchmesser vermessen (das kann der Topf als gr\u00f6\u00dftes Element oder die Pflanze sein).<\/li>\n<li>Jede Pflanze wird einzeln berechnet.<\/li>\n<li>Die Preis wird anteilig nach Pflanzendurchmesser berechnet.<\/li>\n<li>Der Durchmesser wird mit einem Zusatz von 5-10cm berechnet (der n\u00f6tige Platz zwischen den Pflanzen).<\/li>\n<li>Die H\u00f6he der Pflanzen spielt keine Rolle.<\/li>\n<li>Bei l\u00e4nglichen Pflanzen (Spalierform oder \u00e4hnliche Wuchsformen) wird als Durchmesser der Durchschnitt von zwei \u00fcberkreuzten Querschnitten gerechnet.<\/li>\n<li>Pflanzen \u00fcber 1,70m Durchmesser k\u00f6nnen individuell berechnet werden. Dies machen wir in Ausnahmef\u00e4llen, wenn Faktoren wie Gewicht o.\u00e4. eine deutlich h\u00f6here Arbeitszeit ben\u00f6tigen.<\/li>\n<\/ul>\n<h4>Preise<\/h4>\n<p>Alle Preisangaben sind<strong> inklusiv<\/strong> der gesetzlichen Mehrwertsteuer von 19%.<\/p>\n<p>Die Kosten f\u00fcr einen Meter Durchmesser betragen 132,05 \u20ac (alter Preis 139 \u20ac). Dieser Preis ist g\u00fcltig f\u00fcr eine Wintersaison. Es gilt eine Mindestpreis von 39,60 \u20ac (alter Preis 41,70 \u20ac) \/ Pflanze.<\/p>\n<p>Berechnungsbeispiel:<\/p>\n<table>\n<tbody>\n<tr style=\"height: 24px;\">\n<td style=\"height: 24px;\">Pflanzendurchmesser<\/td>\n<td style=\"height: 24px;\">\u00dcberwinterungspreis<\/td>\n<\/tr>\n<tr style=\"height: 24px;\">\n<td style=\"height: 24px;\">20cm<\/td>\n<td style=\"height: 24px;\">39,60 \u20ac<\/td>\n<\/tr>\n<tr style=\"height: 24px;\">\n<td style=\"height: 24px;\">30cm<\/td>\n<td style=\"height: 24px;\">39,60 \u20ac<\/td>\n<\/tr>\n<tr style=\"height: 56px;\">\n<td style=\"height: 56px;\">40cm<\/td>\n<td style=\"height: 56px;\">52,80 \u20ac<\/td>\n<\/tr>\n<tr style=\"height: 24px;\">\n<td style=\"height: 24px;\">50cm<\/td>\n<td style=\"height: 24px;\">66,00 \u20ac<\/td>\n<\/tr>\n<tr style=\"height: 24px;\">\n<td style=\"height: 24px;\">60cm<\/td>\n<td style=\"height: 24px;\">79,20 \u20ac<\/td>\n<\/tr>\n<tr style=\"height: 24px;\">\n<td style=\"height: 24px;\">70cm<\/td>\n<td style=\"height: 24px;\">92,40 \u20ac<\/td>\n<\/tr>\n<tr style=\"height: 24px;\">\n<td style=\"height: 24px;\">80cm<\/td>\n<td style=\"height: 24px;\">111,20 \u20ac<\/td>\n<\/tr>\n<tr style=\"height: 24px;\">\n<td style=\"height: 24px;\">90cm<\/td>\n<td style=\"height: 24px;\">105,60 \u20ac<\/td>\n<\/tr>\n<tr>\n<td>100cm<\/td>\n<td>132,05 \u20ac<\/td>\n<\/tr>\n<tr>\n<td>110cm<\/td>\n<td>145,20 \u20ac<\/td>\n<\/tr>\n<tr>\n<td>120cm<\/td>\n<td>158,40 \u20ac<\/td>\n<\/tr>\n<tr>\n<td>130cm<\/td>\n<td>171,60 \u20ac<\/td>\n<\/tr>\n<tr>\n<td>und so weiter<\/td>\n<td><\/td>\n<\/tr>\n<\/tbody>\n<\/table>\n<p>Wir berechnen auch selbst bei Pflanzen mit einem Durchmesser von 4m oder mehr den vollen Preis (also bei 4m w\u00e4ren das 528 \u20ac - damit k\u00e4men Sie bei dieser Gr\u00f6\u00dfe auf einen Quadratmeterpreis von 44 \u20ac . 4m Durchmesser entsprechen 12m\u00b2). Der Durchmesserpreis ist extrem fair f\u00fcr unsere Kunden, weil damit gro\u00dfe Pflanzen im Verh\u00e4ltnis deutlich g\u00fcnstiger sind als kleinere Pflanzen.<\/p>\n<h4>Mengenrabatt:<\/h4>\n<p>Leider ist die \u00dcberwinterung so knapp kalkuliert, dass wir keine Mengenrabatte geben k\u00f6nnen. Wir freuen uns jedes Jahr bei der Nachkalkulation der \u00dcberwinterung, wenn \u00fcberhaupt ein kleiner Gewinn \u00fcbrigbleibt. Daher sind unsere Preise auch nicht verhandelbar.<\/p>\n<p>&nbsp;<\/p>\n<p>&nbsp;<\/p>\n<p><a href=\"https:\/\/www.blumen-schwarz.de\/aktuell\/gartenbau\/ueberwinterung\/\">Zur\u00fcck zur \u00dcberwinterungsseite.<\/a><\/p>\n","protected":false},"excerpt":{"rendered":"<p>Stand Saison 2025\/2026 Berechnungsgrundlagen Die Pflanzen werden nach dem Durchmesser vermessen (das kann der Topf &hellip;<\/p>\n<p class=\"read-more\"> <a class=\" thunk-readmore button \" href=\"https:\/\/www.blumen-schwarz.de\/aktuell\/gartenbau\/ueberwinterung\/preisliste\/\"> <span class=\"screen-reader-text\">Preisliste<\/span>weiterlesen<\/a><\/p>\n","protected":false},"author":2,"featured_media":0,"parent":146,"menu_order":0,"comment_status":"closed","ping_status":"closed","template":"","meta":{"inline_featured_image":false,"footnotes":""},"class_list":["post-6345","page","type-page","status-publish","hentry","thunk-woo-product-list","open-woo-hover-zoom","open-single-product-tab-horizontal","open-shadow-","open-shadow-hover-"],"_links":{"self":[{"href":"https:\/\/www.blumen-schwarz.de\/aktuell\/wp-json\/wp\/v2\/pages\/6345","targetHints":{"allow":["GET"]}}],"collection":[{"href":"https:\/\/www.blumen-schwarz.de\/aktuell\/wp-json\/wp\/v2\/pages"}],"about":[{"href":"https:\/\/www.blumen-schwarz.de\/aktuell\/wp-json\/wp\/v2\/types\/page"}],"author":[{"embeddable":true,"href":"https:\/\/www.blumen-schwarz.de\/aktuell\/wp-json\/wp\/v2\/users\/2"}],"replies":[{"embeddable":true,"href":"https:\/\/www.blumen-schwarz.de\/aktuell\/wp-json\/wp\/v2\/comments?post=6345"}],"version-history":[{"count":2,"href":"https:\/\/www.blumen-schwarz.de\/aktuell\/wp-json\/wp\/v2\/pages\/6345\/revisions"}],"predecessor-version":[{"id":285903,"href":"https:\/\/www.blumen-schwarz.de\/aktuell\/wp-json\/wp\/v2\/pages\/6345\/revisions\/285903"}],"up":[{"embeddable":true,"href":"https:\/\/www.blumen-schwarz.de\/aktuell\/wp-json\/wp\/v2\/pages\/146"}],"wp:attachment":[{"href":"https:\/\/www.blumen-schwarz.de\/aktuell\/wp-json\/wp\/v2\/media?parent=6345"}],"curies":[{"name":"wp","href":"https:\/\/api.w.org\/{rel}","templated":true}]}}