{"id":6337,"date":"2017-09-07T19:04:51","date_gmt":"2017-09-07T17:04:51","guid":{"rendered":"https:\/\/www.blumen-schwarz.de\/aktuell\/?page_id=6337"},"modified":"2021-10-05T12:02:44","modified_gmt":"2021-10-05T10:02:44","slug":"ueberwinterungsvertrag","status":"publish","type":"page","link":"https:\/\/www.blumen-schwarz.de\/aktuell\/gartenbau\/ueberwinterung\/ueberwinterungsvertrag\/","title":{"rendered":"\u00dcberwinterungsvertrag"},"content":{"rendered":"<p>Unten aufgef\u00fchrter Vertrag wird zwingend bei der \u00dcberwinterung unterschrieben. Dies kann digital \u00fcber unseren Webshop oder analog auf dem Papier erfolgen.<\/p>\n<h2>Vertrag zur \u00dcberwinterung von Pflanzen<\/h2>\n<h3>zwischen<br \/>\nBlumen Schwarz, Limbacher Str. 60, 91126 Schwabach hier als Blumen Schwarz<br \/>\nund<br \/>\n\"Ihr Name\" hier als Kunde<\/h3>\n<h2>1. Unsere Leistungen f\u00fcr Ihre Pflanzen<\/h2>\n<h4>1.1 Zeitraum<\/h4>\n<p>\u00dcberwinterungspflanzen werden vom 04.10. bis 30.11. des jeweiligen Jahres angenommen und vom 01.04. bis sp\u00e4testens 31.05. des Folgejahres vom Kunden abgeholt. Eine \u00dcberwinterung au\u00dferhalb dieses Standard-Zeitraums ist nur gegen gesonderte Kosten m\u00f6glich. Die \u00dcberwinterung beginnt mit der Einlagerung (Ziffer 1.3) und endet mit der Auslieferung (Ziffer 1.5).<\/p>\n<h4>1.2 Pflanzen<\/h4>\n<p>Blumen Schwarz \u00fcberwintert nur Pflanzen zur Dekoration und keine essbaren Nutzpflanzen. Der Unterschied besteht in den gesetzlichen Vorgaben des Pflanzenschutzes.<br \/>\nDie \u00dcberwinterung erfolgt, je nach Pflanzenart, in verschiedenen Temperaturzonen in Gew\u00e4chsh\u00e4usern.<br \/>\nBei Pflanzenarten die h\u00f6here Heiztemperaturen als 14\u00b0C ben\u00f6tigen, lehnt Blumen Schwarz die \u00dcberwinterung ab. Eine aktuelle Liste mit Pflanzen, deren \u00dcberwinterungsm\u00f6glichkeit und Temperaturanspr\u00fcchen ist unter <a href=\"https:\/\/www.blumen-schwarz.de\/aktuell\/gartenbau\/ueberwinterung\/pflanzenliste\/\">Pflanzenliste<\/a> zu finden.<br \/>\nBlumen Schwarz kann Pflanzen bis zu einer H\u00f6he von maximal 5 m \u00fcber alles (also einschlie\u00dflich Topf) \u00fcberwintern.<br \/>\nBlumen Schwarz kann Pflanzen zur \u00dcberwinterung nur annehmen, von denen der Kunde jegliche Dekoration (Dekosticker, Rosenkugeln etc.) sowie die Untersetzer entfernt hat.<\/p>\n<h4>1.3 Einlagerung<\/h4>\n<p>Die Einlagerung erfolgt in verschiedenen Gew\u00e4chsh\u00e4usern. Bei der Einlagerung wird die Pflanze des Kunden etikettiert, photographiert und per EDV-System erfasst. Die Photos zeigen nur den \u00e4u\u00dferen Habitus der Pflanze. Es werden keine Detail- Mikroskopaufnahmen, die einen etwaigen Sch\u00e4dlingsbestand dokumentieren, gemacht.<br \/>\nBlumen Schwarz bewertet die Pflanze nach einem System von 1 (sehr gut) bis 6 (kaum \u00dcberwinterungschancen). Vorsch\u00e4den werden dokumentiert. Die Bewertung spiegelt nur das \u00e4u\u00dfere Erscheinungsbild bei der Einlagerung wider. Versteckte, erst sp\u00e4ter sichtbar werdende Sch\u00e4den k\u00f6nnen nicht dokumentiert werden (z.B. Wurzelschaden durch Staun\u00e4sse o.\u00e4.).<br \/>\nDiesen Einlagerungsbescheid erh\u00e4lt der Kunde automatisch per Email. Gegen gesonderte Kosten k\u00f6nnen diese Einlagerungsbescheide auch per Post verschickt werden.<\/p>\n<h4>1.4 \u00dcberwinterung<\/h4>\n<p>Die \u00dcberwinterung beinhaltet das Aufstellen der Pflanze im geheizten Gew\u00e4chshaus in verschiedenen Klimazonen (je nach Pflanzenart und Pflegeanspr\u00fcchen), regelm\u00e4\u00dfiges D\u00fcngen und Gie\u00dfen, etwaigen R\u00fcckschnitt (soweit nicht anders mit Ihnen vereinbart) und einen auf die jeweilige Pflanzenart abgestimmten Pflanzenschutz.<\/p>\n<p>Das Pflanzenschutztagebuch mit den eingesetzten Mitteln und Zeitpunkten der Sch\u00e4dlingsbek\u00e4mpfung der \u00dcberwinterungspflanzen kann auf Verlangen eingesehen werden.<\/p>\n<p>Pflanzen sind lebende Organismen und k\u00f6nnen auf eine neue Umgebung unterschiedlich reagieren. Blumen Schwarz hat keinen Einfluss auf, vor der Einlagerung erfolgten Pflanzenschutz, D\u00fcngung, Substrate, Topfgr\u00f6\u00dfe, Gef\u00e4\u00dfauswahl oder Abfluss der T\u00f6pfe. Die angebotenen Leistungen bestehen daher ausschlie\u00dflich in den in dieser Ziffer 1. genannten T\u00e4tigkeiten.<\/p>\n<p><strong>Nicht zu unseren Leistungen geh\u00f6rt ein bestimmtes Aussehen der Pflanze nach der \u00dcberwinterung oder bei der Auslieferung, z.B. Bl\u00fctenbildung oder Wachstum, oder bestimmte Resultate bei der Sch\u00e4dlingsbek\u00e4mpfung.<\/strong><\/p>\n<p>Blumen Schwarz beh\u00e4lt sich vor, Pflanzen von der \u00dcberwinterung zur\u00fcckzuweisen. Dies gilt insbesondere f\u00fcr Pflanzen mit Sch\u00e4den, z.B. durch Frost, Hitze, Wasser, Sch\u00e4dlinge, Krankheiten, \u00dcberd\u00fcngung, sowie f\u00fcr Pflanzen mit einer Bewertung von 5 oder 6 (dazu Ziffer 1.3).<\/p>\n<h4>1.5 Abholung<\/h4>\n<p>Die Abholung erfolgt im Folgejahr aus unseren Gew\u00e4chsh\u00e4usern. Der Zeitfenster der Abholung durch den Kunden liegt zwischen 01.04. und 31.05.. Die Abholung durch Kunden muss 24 h vorher angek\u00fcndigt sein.<\/p>\n<h4>1.6 Besuch der Pflanzen<\/h4>\n<p>Ein Besuch der Pflanzen durch den Kunden ist nicht Bestandteil der \u00dcberwinterung.<\/p>\n<h3>2. Kosten der \u00dcberwinterung<\/h3>\n<p>Die \u00dcberwinterung der Pflanzen im Standard-Zeitraum (\u00a7 1.1) erfolgt zu den Preisen, die gelten, wenn die Pflanzen eingelagert werden. Die aktuelle Preisliste ist unter <a href=\"https:\/\/www.blumen-schwarz.de\/aktuell\/gartenbau\/ueberwinterung\/preisliste\/\">Preisliste<\/a> zu finden.<br \/>\nVon den Kosten werden 50 % nach Beginn der \u00dcberwinterung f\u00e4llig, der Restbetrag nach Abholung.<\/p>\n<p>&nbsp;<\/p>\n<h3>3. Zus\u00e4tzliche Leistungen<\/h3>\n<h4>3.1 Abholung und Auslieferung<\/h4>\n<p>Wenn die Pflanze des Kunden an einem f\u00fcr Blumen Schwarz mit den \u00fcblichen Ger\u00e4tschaften (Sackkarre etc.) frei zug\u00e4nglichen Standort (ohne H\u00f6hen- und Breitenbeschr\u00e4nkung, mit befestigten Wegen ohne Treppe) steht, k\u00f6nnen dort die Pflanze, gegen gesonderte Kosten, f\u00fcr die Einlagerung abgeholt und nach \u00dcberwinterung geliefert werden. Die aktuellen Lieferpreise stehen unter <a href=\"https:\/\/www.blumen-schwarz.de\/aktuell\/gartenbau\/ueberwinterung\/termine\">Lieferpreise.<\/a><\/p>\n<h4>3.2. Termine der Abholung und Auslieferung<\/h4>\n<p>Die Abholung und Auslieferung (siehe Ziffer 3.1) zu den vereinbarten Terminen erfolgt wetterunabh\u00e4ngig. Etwaiger Schutz vor Wettersch\u00e4den liegt, sobald die Pflanzen beim Kunden stehen, in der Verantwortung der Kunden. Die Termine der Abholung und Auslieferung stehen, wenn nicht individuell vereinbart unter <a href=\"https:\/\/www.blumen-schwarz.de\/aktuell\/gartenbau\/ueberwinterung\/termine\/\">Liefer- und Abholungstermine<\/a>. Der Kunde wird Ende September und Anfang April zus\u00e4tzlich per Email \u00fcber die Termine informiert.<\/p>\n<h4>3.3 individuelle Haftungsbeschr\u00e4nkung<\/h4>\n<p>Falls die Pflanzen nicht, wie unter \u00a7 3.1 stehen und trotzdem die Abholung und Auslieferung bestellt wird, werden hier die Haftungsbeschr\u00e4nkungen vermerkt:<\/p>\n<p>&lt;dieser Platz ist eine Freifl\u00e4che, die, wenn n\u00f6tig, individuell, ausgef\u00fcllt wird&gt;<\/p>\n<p>&nbsp;<\/p>\n<h4>3.4 sonstige Zusatzleistungen<\/h4>\n<p>Gegen gesonderte Vereinbarung und Kosten \u00fcbernimmt Blumen Schwarz das Umtopfen, Teilen der Pflanze, das Auff\u00fcllen von Substraten oder weitere Arbeiten. Die aktuelle Preisliste steht unter <a href=\"https:\/\/www.blumen-schwarz.de\/aktuell\/gartenbau\/ueberwinterung\/zusatzkosten\/\">Zusatzkosten.<\/a><\/p>\n<h4>4. Dauer des Vertrages<\/h4>\n<p>Dieser \u00dcberwinterungsvertrag verl\u00e4ngert sich automatisch um eine \u00dcberwinterungssaison. Er kann jederzeit von beiden Seiten, ohne Angabe von Gr\u00fcnden, im Zeitraum von 01.06. bis 30.09. telefonisch, schriftlich, per Email oder Fax gek\u00fcndigt werden.<\/p>\n<h4>5. Versicherung der \u00dcberwinterung<\/h4>\n<p>F\u00fcr 10% des \u00dcberwinterungspreises (ohne Zusatzkosten) kann eine Versicherung mit einer maximalen Schadenabdeckung von 1.000,- \u20ac \/ Pflanze abgeschlossen werden. Die Versicherung tritt in Kraft wenn<\/p>\n<ul>\n<li>die Pflanze abgestorben ist oder<\/li>\n<li>der Zustand der Pflanze (siehe \u00a7 1.3) sich um zwei Bewertungsnoten verschlechtert hat.<\/li>\n<\/ul>\n<p>Im Regelfall wird die Pflanze durch Blumen Schwarz mit einer gleichwertigen Pflanzen ersetzt. Falls eine solche Pflanze nicht verf\u00fcgbar ist, wird der Wert der Pflanze ausgezahlt.<br \/>\nNicht versicherbar sind Sch\u00e4den an den T\u00f6pfen der \u00dcberwinterungspflanze.<br \/>\nDie Versicherung muss sp\u00e4testens zu Beginn der \u00dcberwinterung (\u00a71.3) abgeschlossen werden. Als Versicherungsnachweis gilt die Rechnung mit dem Vermerk der Versicherung.<\/p>\n<p>&nbsp;<\/p>\n<p><a href=\"https:\/\/www.blumen-schwarz.de\/aktuell\/gartenbau\/ueberwinterung\">Zur\u00fcck zur \u00dcberwinterungsseite<\/a><\/p>\n","protected":false},"excerpt":{"rendered":"<p>Unten aufgef\u00fchrter Vertrag wird zwingend bei der \u00dcberwinterung unterschrieben. Dies kann digital \u00fcber unseren Webshop &hellip;<\/p>\n<p class=\"read-more\"> <a class=\" thunk-readmore button \" href=\"https:\/\/www.blumen-schwarz.de\/aktuell\/gartenbau\/ueberwinterung\/ueberwinterungsvertrag\/\"> <span class=\"screen-reader-text\">\u00dcberwinterungsvertrag<\/span>weiterlesen<\/a><\/p>\n","protected":false},"author":2,"featured_media":0,"parent":146,"menu_order":0,"comment_status":"closed","ping_status":"closed","template":"","meta":{"inline_featured_image":false,"footnotes":""},"class_list":["post-6337","page","type-page","status-publish","hentry","thunk-woo-product-list","open-woo-hover-zoom","open-single-product-tab-horizontal","open-shadow-","open-shadow-hover-"],"_links":{"self":[{"href":"https:\/\/www.blumen-schwarz.de\/aktuell\/wp-json\/wp\/v2\/pages\/6337","targetHints":{"allow":["GET"]}}],"collection":[{"href":"https:\/\/www.blumen-schwarz.de\/aktuell\/wp-json\/wp\/v2\/pages"}],"about":[{"href":"https:\/\/www.blumen-schwarz.de\/aktuell\/wp-json\/wp\/v2\/types\/page"}],"author":[{"embeddable":true,"href":"https:\/\/www.blumen-schwarz.de\/aktuell\/wp-json\/wp\/v2\/users\/2"}],"replies":[{"embeddable":true,"href":"https:\/\/www.blumen-schwarz.de\/aktuell\/wp-json\/wp\/v2\/comments?post=6337"}],"version-history":[{"count":0,"href":"https:\/\/www.blumen-schwarz.de\/aktuell\/wp-json\/wp\/v2\/pages\/6337\/revisions"}],"up":[{"embeddable":true,"href":"https:\/\/www.blumen-schwarz.de\/aktuell\/wp-json\/wp\/v2\/pages\/146"}],"wp:attachment":[{"href":"https:\/\/www.blumen-schwarz.de\/aktuell\/wp-json\/wp\/v2\/media?parent=6337"}],"curies":[{"name":"wp","href":"https:\/\/api.w.org\/{rel}","templated":true}]}}