{"id":621,"date":"2016-11-25T09:10:24","date_gmt":"2016-11-25T08:10:24","guid":{"rendered":"https:\/\/www.blumen-schwarz.de\/aktuell\/?page_id=621"},"modified":"2026-02-14T18:17:04","modified_gmt":"2026-02-14T17:17:04","slug":"freie-stellen","status":"publish","type":"page","link":"https:\/\/www.blumen-schwarz.de\/aktuell\/ueber-uns\/freie-stellen\/","title":{"rendered":"Kommen Sie ins Team"},"content":{"rendered":"<h1>Talente gesucht<a href=\"https:\/\/www.blumen-schwarz.de\/aktuell\/wp-content\/uploads\/2023\/09\/IMG-20200703-WA0014_v1.jpg\"><img loading=\"lazy\" decoding=\"async\" class=\"alignright wp-image-277313 size-full\" src=\"https:\/\/www.blumen-schwarz.de\/aktuell\/wp-content\/uploads\/2023\/09\/IMG-20200703-WA0014_v1.jpg\" alt=\"\" width=\"591\" height=\"176\" srcset=\"https:\/\/www.blumen-schwarz.de\/aktuell\/wp-content\/uploads\/2023\/09\/IMG-20200703-WA0014_v1.jpg 591w, https:\/\/www.blumen-schwarz.de\/aktuell\/wp-content\/uploads\/2023\/09\/IMG-20200703-WA0014_v1-500x149.jpg 500w\" sizes=\"auto, (max-width: 591px) 100vw, 591px\" \/><\/a><\/h1>\n<h2>Wir versch\u00f6nern die Welt<\/h2>\n<p><a href=\"#freie\">freie Stellen<\/a><\/p>\n<p><a href=\"#bieten\">f\u00fcr Sie<\/a><\/p>\n<p><a href=\"#gaertner\">Info Ausbildung G\u00e4rtner<\/a><\/p>\n<p><a href=\"#florist\">Info Ausbildung Florist<\/a><\/p>\n<p><a href=\"#bassdned\">nicht-bewerben-wenn<\/a><\/p>\n<p><a href=\"#unsereErwartung\">Tipps f\u00fcrs erste Gespr\u00e4ch<\/a><\/p>\n<p><a href=\"#Ausland\">Info f\u00fcr ausl\u00e4ndische Bewerbungen<\/a><\/p>\n<h3><a id=\"freie\"><\/a>Freie Stellen (alle Stellen m\/w\/d)<\/h3>\n<ul>\n<li><strong>Auszubildender<\/strong> im Beruf G\u00e4rtner Standort Schwabach\u00a0 und Rutzendorf (Herbst <strong>2026<\/strong>)<\/li>\n<li><strong>Auszubildende<\/strong> im Beruf <strong>Florist <\/strong>Standort Schwabach (Herbst <strong>2026<\/strong>)<\/li>\n<li><strong>Quereinsteiger zur Ausbildung als G\u00e4rtner<\/strong> (2026 in Rutzendorf und Schwabach). Bitte lesen Sie dazu unsere <a href=\"https:\/\/www.blumen-schwarz.de\/aktuell\/halbtagsausbildung-zum-gaertner-oder-florist-ausbildung-fuer-quereinsteiger\/2023\/08\/\">gesonderten Informationen<\/a><\/li>\n<li><strong>Quereinsteiger zur Ausbildung als Florist<\/strong> (2026 in Rutzendorf und Schwabach). Bitte lesen Sie dazu unsere <a href=\"https:\/\/www.blumen-schwarz.de\/aktuell\/halbtagsausbildung-zum-gaertner-oder-florist-ausbildung-fuer-quereinsteiger\/2023\/08\/\">gesonderten Informationen<\/a><\/li>\n<li><strong>Praktikanten, <\/strong>Standort Schwabach und Rutzendorf<strong>:<\/strong> Gerne zeigen wir Ihnen unsere tollen Berufe. Maximal eine Woche k\u00f6nnen Sie in den Monaten Januar bis M\u00e4rz und Juni bis August und November in die Floristik oder Gartenbau \"hineinschnuppern\". Bitte kommen Sie f\u00fcr eine Praktikumsanfrage einfach nach kurzer Anmeldung vorbei. Viele private Schulen machen Praktika ab der 5. Klasse. Das k\u00f6nnen wir nicht anbieten und empfinden dies f\u00fcr die Betriebe als unzumutbar. Wir arbeiten mit Maschinen und unter k\u00f6rperlichen Einsatz. Daher ist das Mindestalter f\u00fcr Praktikanten bei uns 14 besser 15 Jahre. L\u00e4ngerfristige Praktika (Triesdorf o.\u00e4.) auf Anfrage.<\/li>\n<li><strong>Florist\/Floristmeister<\/strong> Standort Schwabach (bitte f\u00fcr diese Stelle nur bewerben, wenn Sie eine Ausbildung in diesem Beruf haben)<\/li>\n<li><strong>Hintergrund-Fee Floristik<\/strong> Standort Schwabach: Die t\u00e4glichen Routinearbeiten (Schnittblumen anschneiden, Vasen s\u00e4uber, Regale s\u00e4ubern etc.) wachsen uns \u00fcber den Kopf. Daher suchen wir eine Fee (ab 20h \/ Woche), die uns hilft die Routinearbeiten schneller zu erledigen. Ab Herbst 2025. Kommen Sie einfach vorbei und stellen Sie sich vor.<\/li>\n<\/ul>\n<h4>Nicht bewerben wenn:<\/h4>\n<ul>\n<li><a id=\"bassdned\"><\/a>Bitte bewerben Sie sich <strong>nicht<\/strong>, wenn Sie nur \u00fcber eine Fachwerkerausbildung G\u00e4rtner oder Florist besitzen (au\u00dfer auf die Azubistellen und Stellen f\u00fcr ungelernte Mitarbeiter). Die letzten Jahre haben uns hier gezeigt, dass unser Anforderungsprofil f\u00fcr diese Ausbildung einfach nicht passt und beide Seiten damit nicht zufrieden sind.<\/li>\n<li>Bitte bewerben Sie sich <strong>nicht<\/strong> auf eine Gesellenstelle (au\u00dfer es ist explizit vermerkt), wenn Sie nicht die n\u00f6tige Ausbildung besitzen. Ein guter Hobbykoch kann noch lange kein Restaurant f\u00fchren und genauso ist es bei uns G\u00e4rtnern: Wenn Sie Spa\u00df und Freude an Pflanzen haben und auch hier \u00fcber ein gro\u00dfes Wissen verf\u00fcgen, hei\u00dft das noch lange nicht, dass Sie gut als hauptberuflicher G\u00e4rtner sind.<\/li>\n<li><strong>Bitte bewerben Sie sich ausschlie\u00dflich per E-Mail an wir-verschoenern-die-welt@blumen-schwarz.de. Per Post zugesandte Bewerbungen k\u00f6nnen wir leider nicht ber\u00fccksichtigen und schicken diese auch nicht zur\u00fcck.<br \/>\n<\/strong><\/li>\n<\/ul>\n<h4><a id=\"bieten\"><\/a>Wir bieten Ihnen<\/h4>\n<ul>\n<li>eine leistungs- und wissensgerechte Bezahlung<\/li>\n<li>Firmenauto, dass Sie auch privat nutzen d\u00fcrfen (erst nach Probezeit und nicht in der Ausbildung)<\/li>\n<li>ab 2024 Firmen-E-Bike<\/li>\n<li>Ein tolles Team, mit dem das Arbeiten wirklich Spa\u00df macht (ja wir wissen, dass das bei jeder Anzeige steht und jeder Arbeitgeber das von sich behauptet \ud83d\ude42 , aber wir geben uns mit unserem Team wirklich M\u00fche). G\u00e4rtner und Florist sind keine hochbezahlten Berufe (auch f\u00fcr die Chefs nicht).\u00a0 Damit es dann, trotzdem es weniger Geld als in der Industrie gibt, Freude macht, muss das Team harmonieren.\u00a0 Daher sehen wir auch die Probezeit als ernsthafte Probezeit und w\u00e4hlen, neben den fachlichen Kenntnissen, auch sehr stark nach \"passt in unser Team\", bzw. \"kommt mit unseren Fehler gut zurecht\", aus.<\/li>\n<li>eine enorme F\u00fclle an Pflanzen<\/li>\n<li>ein abwechslungsreiches Arbeiten<\/li>\n<li>j\u00e4hrliche Fortbildungen (nicht in der Ausbildung)<\/li>\n<\/ul>\n<h4><a id=\"gaertner\"><\/a>Informationen zur G\u00e4rtnerausbildung:<\/h4>\n<p>Wir bilden G\u00e4rtner in der Fachrichtung Zierpflanzenbau \/ Produktion aus. In Ihrer Ausbildungszeit erlernen Sie ein gro\u00dfes Sortiment an Pflanzen (winterharten Stauden, Zier- und Obstgeh\u00f6lze, Zimmerpflanzen und nat\u00fcrlich unser Schwerpunkt Beet- und Balkonpflanzen), Wissen und Anwendung \u00fcber D\u00fcnger, Pflanzenschutz, Substrate, N\u00fctzlingseinsatz und chemischen Pflanzenschutz. Zu Ihren T\u00e4tigkeiten geh\u00f6rt die Anzucht von Pflanzen, die Beratung unserer Kunden, das Anlegen und Gestalten von Pflanzungen in G\u00e4rten, die Innenraumbegr\u00fcnung, Grabpflege und Grabgestaltung und vieles mehr. Ein weiterer Schwerpunkt im Zierpflanzenbau ist die Technik. Sie lernen die Bedienung von Klimacomputern, Bew\u00e4sserungswartung und Installation, Arbeiten mit Topfmaschine und Transplanter, Einsatz von Kleinmaschinen und vieles mehr.<\/p>\n<ul>\n<li><a href=\"https:\/\/www.youtube.com\/watch?v=oNNrqXxMw5k\">G\u00e4rtner Fachrichtung Zierpflanzenbau vom Bayrischen Rundfung auf youtube.com<\/a><\/li>\n<li><a href=\"https:\/\/www.beruf-gaertner.de\">Beruf G\u00e4rtner<\/a> - die Berufs-Webseite der gr\u00fcnen Verb\u00e4nde - gute Informationen, aber nicht immer aktuell (z.B. Ausbildungsverg\u00fctung) und pseudo-jugendlich-aufgemacht (daf\u00fcr bin ich zu alt), muss man m\u00f6gen - oder man grinst dar\u00fcber ...<\/li>\n<li><a href=\"https:\/\/www.stmelf.bayern.de\/bildung\/agrarbereich\/gaertner-gaertnerin\/index.html\">Beruf G\u00e4rtner<\/a> - in Bayern sind f\u00fcr die Ausbildung die \u00c4mter f\u00fcr Ern\u00e4hrung, Landwirtschaft und Forsten zust\u00e4ndig. Hier gibt es die Informationen direkt aus dem Amt.<\/li>\n<\/ul>\n<h4><a id=\"florist\"><\/a>Informationen zur Floristausbildung<\/h4>\n<p>Florist ist viel mehr als ein Strau\u00dfbinder. Sie erlernen Gestaltungsgrundlagen, Farblehre und Stilkunde. Im gr\u00fcnen Bereich steht das Wissen \u00fcber Zimmerpflanzen, Schnittblumen und Beet- und Balkonpflanzen auf der Lernliste. Sie erhalten die Ausbildung und das Wissen, um Pflanzenschutzmittel zu verkaufen. Im handwerklichen Bereich geht die Gestaltung von Str\u00e4u\u00dfen, \u00fcber Anlassfloristik (Hochzeit, Trauer) bis hin zur Dekoration gr\u00f6\u00dferer Veranstaltungen und R\u00e4ume. Und dazu kommt noch das Wichtigste: Kein Basteln oder Spielen, sondern Sie lernen bei uns, wie der Beruf Florist wirtschaftlich sein kann.<\/p>\n<ul>\n<li><a href=\"https:\/\/www.beruf-florist.de\">Beruf Florist<\/a> - eine \u00dcbersicht<\/li>\n<li><a href=\"https:\/\/www.youtube.com\/results?search_query=ausbildung+beruf+florist\">Auf youtube finden<\/a> Sie viele Filme zum Ausbildungsberuf Florist<\/li>\n<\/ul>\n<h3><a id=\"unsereErwartung\"><\/a>Wir erwarten bei einem Bewerbungsgespr\u00e4ch von Ihnen<\/h3>\n<ul>\n<li>Sie sollten sich vorab \u00fcber den Ausbildungsberuf informiert haben. Beispiel: Wenn wir Ihnen die Frage stellen, warum Sie Florist lernen wollen und als Antwort ein \"ich gehe gerne in den Garten\" zu h\u00f6ren bekommen und sonst nichts, brechen wir das Gespr\u00e4ch ab. Ich esse auch gerne Hamburger und will deswegen nicht Metzger, Gastronom oder Bauer werden.<\/li>\n<li>Sie sollten einen kurzen Blick auf unsere Homepage geworfen haben und so einen Basiseindruck von unserer Arbeit erlangen.<\/li>\n<li>Sie sollten sich Fragen zur Ausbildung \u00fcberlegen und uns diese auch stellen.<\/li>\n<li>Sie sollten Bereitschaft zum Probearbeiten mitbringen (wenn wir nach dem ersten Kennenlernen einen Platz f\u00fcr Sie sehen k\u00f6nnen).<\/li>\n<li>Sie sollten sich mindestens 45min Zeit nehmen. Es ist f\u00fcr uns extrem unangenehm, wen der Bewerber nach 20 min auf dem Sitz hin und herrutscht und dann von sich aus das Gespr\u00e4ch abbricht.<\/li>\n<li>Das Vorstellungsgespr\u00e4ch dient dazu, dass wir Sie als Menschen kennenlernen. Bitte \u00fcberlegen Sie sich, was Sie uns erz\u00e4hlen m\u00f6chte und was f\u00fcr Sie wichtig ist. Gerne machen wir das auch umgekehrt und erz\u00e4hlen von uns.<\/li>\n<li>Wir unterscheiden zwischen Bewerbungsgespr\u00e4chen mit Teenagern und\u00a0 Bewerbungsgespr\u00e4chen mit Erwachsenen. Je \u00e4lter Sie sind, desto h\u00f6her ist nat\u00fcrlich unsere Erwartung an Gespr\u00e4chskultur.<\/li>\n<li>Sie bewerben sich bei uns auf Berufe mit einem hohen Anteil an praktischer Arbeit. Bitte denken Sie daran, dass Sie uns nicht nur vom Wissen, sondern auch von Ihren praktischen F\u00e4higkeiten \u00fcberzeugen wollen.<\/li>\n<\/ul>\n<h3><a id=\"Ausland\"><\/a>Informationen f\u00fcr ausl\u00e4ndische Bewerber<\/h3>\n<p><strong>Vorab:<\/strong><\/p>\n<ul>\n<li>Wir nehmen aus dem Ausland (au\u00dferhalb der EU) nur Bewerber zu einer Ausbildung und keine Bewerber mit abgeschlossener Berufsausbildung G\u00e4rtner. Die Anforderung und das in Deutschland vermittelte Fachwissen ist oft deutlich h\u00f6her. Selbst wenn die Ausbildung einer deutschen Ausbildung vergleichbar ist, sind die l\u00e4nderspezifischen Unterschiede im Beruf G\u00e4rtner doch extrem (wer in Thailand Orchideen kultiviert hat, kann noch lange nicht in Deutschland ein Grab pflanzen).<\/li>\n<li>Wir nehmen keine Praktikanten aus dem Ausland (EU und au\u00dferhalb der EU). Das hat schlicht und einfach den Hintergrund, dass wir ein kleiner Betrieb sind, jeder ausl\u00e4ndische Bewerber viel Arbeit macht und wir diese Zeit nicht f\u00fcr 6 oder 12 Monate investieren k\u00f6nnen.<\/li>\n<\/ul>\n<p><strong>Aktuell arbeiten vier Nationen bei uns. Bisher haben wir meist positive Erfahrungen mit Bewerbern aus aller Welt gemacht. Es gelten aber ein paar einfache Regeln:<\/strong><\/p>\n<ul>\n<li>Sie m\u00fcssen zwingend Sprachkenntnisse auf B1 Niveau haben. Darunter geht es nicht und stresst auch unseren Alltagsablauf zu sehr. Wir beantworten keine Bewerbungen, die nicht in Deutsch geschrieben sind und ein Minimum an Form haben.<\/li>\n<li>Auch von ausl\u00e4ndischen Bewerber erwarten wir eine anst\u00e4ndige Bewerbung. Ein Bild und ein Google-Translate-Text\u00a0 geht nat\u00fcrlich \u00fcberhaupt nicht. Bewerbungen, die das Wasserzeichen eines Onlinedienstes aufweisen, l\u00f6schen wir sofort.<\/li>\n<li>Ihre Bewerbung muss zwingend folgende Teile erhalten: Zeugnisse, B1 - Zertifikat Deutsch, Lebenslauf mit Bild, Anschreiben mit Informationen, warum Sie nach Deutschland kommen wollen. Je mehr Informationen Sie \u00fcber sich schreiben umso besser sind die Chancen, dass wir Sie zu einem Videogespr\u00e4ch einladen.<\/li>\n<li>Bitte zeigen Sie uns, anhand Ihrer Bewerbung, dass Sie die Anzeige verstanden. Dazu geh\u00f6rt:\n<ul>\n<li>\u00a0Wir m\u00fcssen wissen, dass Sie den Unterschied zwischen Ausbildung und Anstellung als G\u00e4rtner\/Florist verstanden haben. Wenn Sie sich als gelernter G\u00e4rtner auf eine Ausbildungsstelle bewerben, gehen wir davon aus, dass Sie die Anzeige nicht verstanden haben. Eine au\u00dfereurop\u00e4ische Ausbildung in einem dieser beiden Berufe, ist in nur sehr wenigen F\u00e4llen mit der deutschen Ausbildung gleich zu setzen.<\/li>\n<li>Wir haben oft Ausbildungsstelle mit einem Ausbildungsbeginn in einem oder zwei Jahren ausgeschrieben (Beispiel: Die Anzeige wird 2024 schon angezeigt, der Ausbildungsbeginn ist aber 2025). Bitte zeigen Sie uns, dass Sie wissen, wann wir starten wollen.<\/li>\n<\/ul>\n<\/li>\n<li>Als Auszubildender ben\u00f6tigen wir f\u00fcr Sie keine <a href=\"#Vorabzustimmung\">Vorabzustimmung der Arbeitsagentur<\/a> (dieser Prozess ist f\u00fcr ausl\u00e4ndische Facharbeiter). Wir diskutieren diesen Punkt nicht. Wir haben mehrmals mit der Arbeitsagentur geredet und dies best\u00e4tigt bekommen.<\/li>\n<li>Bitte nehmen Sie davon Abstand uns zu erkl\u00e4ren, welche Beh\u00f6rde zust\u00e4ndig ist und uns (falsch) ausgef\u00fcllte Formulare zu schicken. Wenn wir ein Formular von Ihnen ben\u00f6tigen, melden wir uns bei Ihnen. Wenn Sie als Bewerber uns die Telefonnummer der Arbeitsagentur oder des zust\u00e4ndigen Ausl\u00e4nderamtes mitteilen, ist das f\u00fcr deutsche Verh\u00e4ltnisse, ein schlechtes Benehmen. Wir kennen uns in Deutschland besser aus.<\/li>\n<li>Unsere meisten Stellen f\u00fcr ausl\u00e4ndische Bewerber sind Ausbildungsstellen. Auch wenn Ihnen die deutsche Ausbildungsverg\u00fctung hoch erscheint, reicht das meistens nicht f\u00fcr eine Familie aus. Eine Bewerbung, wenn Sie eine Familie ern\u00e4hren m\u00fcssen, macht daher meistens keinen Sinn.<\/li>\n<li>Wir helfen bei der Wohnungssuche und Erstausstattung der Wohnung. Auch \u00fcbernehmen wir gegen\u00fcber dem Vermieter - solange Sie bei uns angestellt sind - die B\u00fcrgschaft f\u00fcr die Zahlung der Miete.<\/li>\n<\/ul>\n<p><strong>Ein paar S\u00e4tze zum Arbeiten in Deutschland. Wir erleben immer wieder Bewerber, deren Hauptziel es ist, nach Deutschland zu kommen. Egal wie oder zu welchen Bedingungen. Dazu ein paar Informationen:<\/strong><\/p>\n<ul>\n<li>Das Arbeiten in Deutschland ist strukturiert. P\u00fcnktlichkeit ist ebenso wichtig, wie Leistungsbereichtschaft. Ein Arbeitstag hat normalerweise 8h. In Deutschland wird, im Normalfall, auch diese 8h voll gearbeitet.<\/li>\n<li>Das Leben in Deutschland ist teuer. Es gibt, selbst in Wohngemeinschaften, kaum Zimmer zum mieten, die weniger als 400\u20ac im Monat kosten. Vergleichsweise g\u00fcnstig sind in Deutschland nur Lebensmittel und Pflanzen (jedenfalls im europ\u00e4ischen Vergleich).<\/li>\n<li>Der Gartenbau und die Floristik gelten in Deutschland als Berufe, mit vergleichsweise niedrigem Einkommen. Im Klartext hei\u00dft das, dass unsere Mitarbeiter von Ihrem Geld leben k\u00f6nnen, aber nicht damit reich werden. Wir sind alle Individualisten, die ihren Beruf gerne machen - ansonsten w\u00fcrden wir die Branche wechseln.<\/li>\n<li>Der Arbeitsmarkt verlangt in Deutschland sehr viel. Als ausgelernter G\u00e4rtner erwarten wir sowohl praktische als auch theoretische Kenntnisse. Dazu wird ein guter Umgang mit Kunden zwingend vorausgesetzt.<\/li>\n<li>Unser Ziel ist es, dass unsere ausl\u00e4ndischen Mitarbeiter sich hier in Deutschland integrieren. Wir f\u00f6rdern es, wenn Sie ein einen Verein gehen, wir versuchen die Erstwohnung als Wohngemeinschaft mit Deutschen zu finden und wir machen im Mitarbeiterteam gemeinsame Fortbildungen und Unternehmungen.<\/li>\n<li>Wir wollen auf keinen Fall ausl\u00e4ndische Ghettos wie sie in einigen Gro\u00dfst\u00e4dten in Deutschland\u00a0 auftreten. Unser Ziel ist erreicht, wenn Sie nach der Ausbildung, viele deutsche Freunde haben.<\/li>\n<li>Ehrlichkeit in Ihrer Bewerbung und im Bewerbungsgespr\u00e4ch. Beispiel: Eine Bewerbung, die ein nicht-bestandenes B1 Zertifikat am Ende einer 15 seitigen PDF Datei anh\u00e4ngt (und vorher sind 14 Seiten unn\u00f6tige Zertifikate), empfinden wir schon als unangenehm. In diesem Fall d\u00fcrfen Sie sicher sein, dass Sie keinen Bewerbungsanruf bekommen.<\/li>\n<li>Keine Tricks mit dem B1 Zertifikat. Unsere IT ist nicht dumm und wir erkennen gef\u00e4lschte Sprachzertifikate sofort. Auch lassen sich Zertifikate, die mit Photoshop oder Gimp bearbeitet wurde, sehr schnell erkennen! Sp\u00e4testens wenn Sie in Deutschland sind, w\u00fcrden wir Ihre fehlenden Sprachkenntnisse sofort bemerken und Sie umgehend nach Hause schicken.<\/li>\n<li>Sie haben Frauen als Vorgesetzte! Alle unsere bisherigen Auszubildende aus muslimischen L\u00e4ndern haben einstimmig im Vorfeld gesagt, dass dies kein Problem ist. W\u00e4hrend der Ausbildung zeigt sich aber, dass sie damit viele Probleme haben. Bitte \u00fcberlegen Sie es sich vorher, ob Sie eine Frau als Ausbilderin akzeptieren.<\/li>\n<\/ul>\n<p><strong>Ein paar S\u00e4tze zum Bewerbungsgespr\u00e4ch:<\/strong><\/p>\n<ul>\n<li>Wir f\u00fchren unsere Bewerbungsgespr\u00e4che immer mit einem Videoanruf. Sie bekommen von einen Zugangslink zu unserem Chatserver.<\/li>\n<li>Bitte stellen Sie sicher, dass die Internetverbindung ausreichend ist. Wenn Sie unsere Fragen nicht verstehen, weil die Verbindung zu schlecht ist, wissen wir das nicht und denken, dass Ihre Deutschkenntnisse zu schlecht sind.<\/li>\n<li>2 Videoanrufe sind bei uns der Minimum f\u00fcr eine Bewerbung. Manchmal werden dies auch mehr. Wir wollen damit sicherstellen, dass Sie in unser Team passen und wir gemeinsam, w\u00e4hrend der Ausbildung, Spa\u00df haben.<\/li>\n<li>Es ist nicht schlimm, wenn wir beim Videoanruf eine Wohnung sehen oder Ihre kleine Schwester durch das Bild l\u00e4uft. Sie brauchen (au\u00dfer Sie wollen das) keine Leinwand als Hintergrund aufh\u00e4ngen oder sich in eine leere Ecke verziehen. Wir kennen z.B. russische Wohnblocks im Osten, wir kennen Gro\u00dffamilien auf engem Raum. Das macht uns daher nichts aus. Bitte investieren Sie lieber Ihre Zeit in Ihre Deutschkenntnisse.<\/li>\n<li>Wir sind, beim ersten Videoanruf, genauso aufgeregt wie Sie. Es ist immer spannend quer \u00fcber die Welt Menschen kennen zu lernen. Nerv\u00f6s zu sein, ist daher kein Problem.<\/li>\n<li>Bitte lesen Sie keine vorbereitete Bewerbungsvortr\u00e4ge ab. Das bekommen wir sofort mit und empfinden es als ungut.\u00a0 Wir wollen mit Ihnen reden und nicht einen Vortrag von Ihnen bekommen.<\/li>\n<li>Bitte \u00fcberlegen Sie sich Ihre Fragen an uns. Bewerber, die ohne Fragen, durch das Bewerbungsgespr\u00e4ch gehen, zeigen nur, dass Sie weder an der Ausbildung, noch an unserem Beruf, sondern einzig und alleine an Deutschland interessiert sind.<\/li>\n<li>Versuchen Sie sich \u00fcber die deutsche Kultur und die europ\u00e4ischen H\u00f6flichkeitsstandards zu informieren. Dazu geh\u00f6rt:\n<ul>\n<li>Keine Videoanrufe oder dr\u00e4ngende Mails am Wochenende. Bitte erwarten Sie nur eine Antwort innerhalb unserer \u00d6ffnungszeiten (plus eine angemessene Reaktionszeit).<\/li>\n<li>Kein Nachfragen wenn Sie nicht sofort den Termin f\u00fcr das zweite Telefonat erhalten. Bitte warten Sie hier mindestens eine Woche, bis Sie (h\u00f6flich) fragen, wann es weitergeht.<\/li>\n<li>Ein Mitschneiden \/ Speichern des Videoanrufes ist nur nach vorherigem Einverst\u00e4ndnis m\u00f6glich. Es kommt meistens sehr schnell heraus, wenn Sie eine Aufnahme gemacht haben. Das ist dann das sofortige Aus f\u00fcr Ihre Bewerbung.<\/li>\n<\/ul>\n<\/li>\n<\/ul>\n<p><a id=\"Vorabzustimmung\"><\/a>Vorabzustimmung der Arbeitsagentur<\/p>\n<p>Auch wenn es tausendmal wiederholt wird so ist die Information, dass Sie als Azubi, wenn Sie in Deutschland eine Ausbildung machen, eine Vorabzustimmung der Arbeitsagentur ben\u00f6tigen falsch. Wir haben von der Arbeitsagentur dazu folgende Stellungnahme erhalten:<\/p>\n<p>\"Vorabzustimmung ausl\u00e4ndische Azubis \"Eine Zustimmung der BA sollte eigentlich nicht notwendig sein, wenn es sich um eine Berufsausbildung nach \u00a7 32 Nr. 2 der BeschV handelt.<\/p>\n<p>Nachfolgend die relevanten Vorschriften zusammengefasst.<\/p>\n<p>Der Aufenthaltstitel zur Ausbildung ist \u00a7 16 a Abs. 1 AufenthG dort hei\u00dft es:<\/p>\n<p>\"Eine Aufenthaltserlaubnis zum Zweck der betrieblichen Aus- und Weiterbildung kann erteilt werden, wenn die Bundesagentur f\u00fcr Arbeit nach \u00a7 39 zugestimmt hat oder durch die Besch\u00e4ftigungsverordnung oder zwischenstaatliche Vereinbarung bestimmt ist, dass die Aus- und Weiterbildung ohne Zustimmung der Bundesagentur f\u00fcr Arbeit zul\u00e4ssig ist. W\u00e4hrend des Aufenthalts nach Satz 1 darf eine Aufenthaltserlaubnis zu einem anderen Aufenthaltszweck nur zum Zweck einer qualifizierten Berufsausbildung, der Aus\u00fcbung einer Besch\u00e4ftigung als Fachkraft, der Aus\u00fcbung einer Besch\u00e4ftigung mit ausgepr\u00e4gten berufspraktischen Kenntnissen nach \u00a7 19c Absatz 2 oder in F\u00e4llen eines gesetzlichen Anspruchs erteilt werden. Der Aufenthaltszweck der betrieblichen qualifizierten Berufsausbildung nach Satz 1 umfasst auch den Besuch eines Deutschsprachkurses zur Vorbereitung auf die Berufsausbildung, insbesondere den Besuch eines berufsbezogenen Deutschsprachkurses nach der Deutschsprachf\u00f6rderverordnung.\"<\/p>\n<p>&nbsp;<\/p>\n<p>In \u00a7 32 Abs. 2 Nr. 2 BeschV ist geregelt:<\/p>\n<p>\u201eKeiner Zustimmung bedarf die Erteilung einer Erlaubnis zur Aus\u00fcbung<\/p>\n<p>1.eines Praktikums nach \u00a7 22 Absatz 1 Satz 2 Nummer 1 bis 4 des Mindestlohngesetzes,<\/p>\n<p>2.einer Berufsausbildung in einem staatlich anerkannten oder vergleichbar geregelten Ausbildungsberuf,<\/p>\n<p>3.einer Besch\u00e4ftigung nach \u00a7 18b Absatz 2 Satz 1 und \u00a7 18c Absatz 3 des Aufenthaltsgesetzes, \u00a7 5, \u00a7 14 Absatz 1, \u00a7 15 Nummer 2, \u00a7 22 Nummer 3 bis 6 und \u00a7 23,<\/p>\n<p>4.einer Besch\u00e4ftigung von Ehegatten, Lebenspartnern, Verwandten und Verschw\u00e4gerten ersten Grades eines Arbeitgebers in dessen Betrieb, wenn der Arbeitgeber mit diesen in h\u00e4uslicher Gemeinschaft lebt oder<\/p>\n<p>5.jeder Besch\u00e4ftigung nach einem ununterbrochen vierj\u00e4hrigen erlaubten, geduldeten oder gestatteten Aufenthalt im Bundesgebiet.<\/p>\n<p>(3) Der Absatz 2 findet auch Anwendung auf Ausl\u00e4nderinnen und Ausl\u00e4nder mit einer Aufenthaltsgestattung.\u201c<\/p>\n","protected":false},"excerpt":{"rendered":"<p>Talente gesucht Wir versch\u00f6nern die Welt freie Stellen f\u00fcr Sie Info Ausbildung G\u00e4rtner Info Ausbildung &hellip;<\/p>\n<p class=\"read-more\"> <a class=\" thunk-readmore button \" href=\"https:\/\/www.blumen-schwarz.de\/aktuell\/ueber-uns\/freie-stellen\/\"> <span class=\"screen-reader-text\">Kommen Sie ins Team<\/span>weiterlesen<\/a><\/p>\n","protected":false},"author":2,"featured_media":277313,"parent":95,"menu_order":0,"comment_status":"closed","ping_status":"closed","template":"","meta":{"inline_featured_image":false,"footnotes":""},"class_list":["post-621","page","type-page","status-publish","has-post-thumbnail","hentry","thunk-woo-product-list","open-woo-hover-zoom","open-single-product-tab-horizontal","open-shadow-","open-shadow-hover-"],"_links":{"self":[{"href":"https:\/\/www.blumen-schwarz.de\/aktuell\/wp-json\/wp\/v2\/pages\/621","targetHints":{"allow":["GET"]}}],"collection":[{"href":"https:\/\/www.blumen-schwarz.de\/aktuell\/wp-json\/wp\/v2\/pages"}],"about":[{"href":"https:\/\/www.blumen-schwarz.de\/aktuell\/wp-json\/wp\/v2\/types\/page"}],"author":[{"embeddable":true,"href":"https:\/\/www.blumen-schwarz.de\/aktuell\/wp-json\/wp\/v2\/users\/2"}],"replies":[{"embeddable":true,"href":"https:\/\/www.blumen-schwarz.de\/aktuell\/wp-json\/wp\/v2\/comments?post=621"}],"version-history":[{"count":11,"href":"https:\/\/www.blumen-schwarz.de\/aktuell\/wp-json\/wp\/v2\/pages\/621\/revisions"}],"predecessor-version":[{"id":288149,"href":"https:\/\/www.blumen-schwarz.de\/aktuell\/wp-json\/wp\/v2\/pages\/621\/revisions\/288149"}],"up":[{"embeddable":true,"href":"https:\/\/www.blumen-schwarz.de\/aktuell\/wp-json\/wp\/v2\/pages\/95"}],"wp:featuredmedia":[{"embeddable":true,"href":"https:\/\/www.blumen-schwarz.de\/aktuell\/wp-json\/wp\/v2\/media\/277313"}],"wp:attachment":[{"href":"https:\/\/www.blumen-schwarz.de\/aktuell\/wp-json\/wp\/v2\/media?parent=621"}],"curies":[{"name":"wp","href":"https:\/\/api.w.org\/{rel}","templated":true}]}}