{"id":5931,"date":"2017-08-16T15:38:28","date_gmt":"2017-08-16T13:38:28","guid":{"rendered":"https:\/\/www.blumen-schwarz.de\/aktuell\/versand__lieferung\/"},"modified":"2022-04-08T17:14:14","modified_gmt":"2022-04-08T15:14:14","slug":"versand__lieferung","status":"publish","type":"page","link":"https:\/\/www.blumen-schwarz.de\/aktuell\/versand__lieferung\/","title":{"rendered":"Versand und Lieferung"},"content":{"rendered":"<h1>Herzlich willkommen im Webshop von Blumen Schwarz,<\/h1>\n<h3>Lokal und pers\u00f6nlich<\/h3>\n<p>Wir liefern in unserem Einzugsgebiet mit eigenen Mitarbeitern aus. Im Normalfall k\u00f6nnen Sie am folgenden Tag mit Ihrer Bestellung rechnen. Dar\u00fcber hinaus liefern wir per Paketdienste.<\/p>\n<p>Gerne k\u00f6nnen Sie die Bestellung auch bei uns abholen. Auch hier ben\u00f6tigen wir einen Tag Vorlaufzeit (bitte rufen Sie uns an, wenn es schneller gehen muss).<\/p>\n<h4><strong>Pflanzenlieferungen per Paketdienst<\/strong><\/h4>\n<p><strong>Pflanzenlieferungen per Paketdienst<\/strong> werden nur <strong>Dienstag<\/strong> und<strong> Mittwoch<\/strong> versandt. Wir wollen damit in jedem Fall vermeiden, dass das Paket \u00fcber das Wochenende unterwegs ist. Pflanzen gut versandfertig verpacken erfordert viel Zeit, Wissen und gutes Verpackungsmaterial. Bitte honorieren Sie das. Im Normalfall werden unsere Pflanzenkartons mit Heu oder Papier gestopft. Wir versuchen, wo es geht, Kunststoffe zu vermeiden. Der Versand erfolgt C02 neutral.<\/p>\n<p>Nat\u00fcrlich haben wir Produkte im Sortiment, die sich nicht \u00fcber Paketdienst bestellen lassen. Dazu geh\u00f6ren lose Erde mit 1m\u00b3, Solit\u00e4rb\u00e4ume und \u00e4hnliches. Nach einer Bestellung nehmen wir Kontakt auf und kl\u00e4ren die M\u00f6glichkeiten.<\/p>\n<h4>Blumenstr\u00e4u\u00dfe \/ Frischblumen<\/h4>\n<p>&nbsp;<\/p>\n<p>Blumenstrau\u00dflieferung verschicken wir t\u00e4glich au\u00dfer Samstag. Von Montag bis Mittwoch \u00fcber normale Versandkosten. Donnerstag und Freitag nur \u00fcber Expressversand. In den hei\u00dfen Sommermonaten (ab 28\u00b0C tags\u00fcber) verschicken wir keine Blumenstr\u00e4u\u00dfe. Bitte haben Sie Verst\u00e4ndnis daf\u00fcr. Aktuell verschicken wir mit DPD.<\/p>\n<h4><\/h4>\n<h4>Mindestbestellwert f\u00fcr alle Lieferungen 20 \u20ac<\/h4>\n<h4>Folgende Postleitzahlen liefern wir ab 39 \u20ac frei Haus (unter 39 \u20ac fallen 7,50 \u20ac Lieferkosten an)<\/h4>\n<ul>\n<li>90455 Katzwang<\/li>\n<li>91126 Schwabach<\/li>\n<li>91522 Ansbach Eyb<\/li>\n<li>91586 Lichtenau<\/li>\n<li>91623 Sachsen<\/li>\n<\/ul>\n<h4>Folgende Postleitzahlen liefern wir ab 39 \u20ac frei Haus (unter 39 \u20ac fallen 12,90 \u20ac Lieferkosten an)<\/h4>\n<ul>\n<li>90453 N\u00fcrnberg (au\u00dfer Katzwang)<\/li>\n<li>90455 N\u00fcrnberg<\/li>\n<li>91126 Rednitzhembach<\/li>\n<li>91126 Kammerstein \/ Haag<\/li>\n<li>91189 Rohr<\/li>\n<li>91522 Ansbach<\/li>\n<li>91560 Heilsbronn<\/li>\n<li>91564 Neuendettelsau<\/li>\n<li>91575 Windsbach - Veitsaurch<\/li>\n<li>91580 Petersaurach<\/li>\n<\/ul>\n<h4>Folgende Postleitzahlen liefern wir ab 69 \u20ac frei Haus (unter 69 \u20ac liefern wir mit Paketdienst)<\/h4>\n<ul>\n<li>90530 Wendelstein<\/li>\n<li>90596 Schwanstetten<\/li>\n<li>91126 Barthelmesaurach<\/li>\n<li>91154 Roth<\/li>\n<li>91183 Abendberg<\/li>\n<li>91723 Merkendorf<\/li>\n<li>91746 Weidenbach<\/li>\n<li>91590 Neubruck<\/li>\n<li>91595 Burgoberbach<\/li>\n<li>91629 Weihenzell<\/li>\n<\/ul>\n<h4>Folgende Postleitzahlen liefern wir ab 149 \u20ac frei Haus (unter 149 \u20ac liefern wir mit Paketdienst.)<\/h4>\n<ul>\n<li>90469 Bereich S\u00fcdfriedhof<\/li>\n<li>90574 Ro\u00dftal<\/li>\n<li>90547 Stein<\/li>\n<li>91166 Georgensgm\u00fcnd<\/li>\n<li>91174 Spalt<\/li>\n<li>91611 Lehrberg<\/li>\n<li>91598 Colmberg<\/li>\n<li>91578 Leutershausen<\/li>\n<\/ul>\n<p>&nbsp;<\/p>\n<p>&nbsp;<\/p>\n<p>Die auf den Produktseiten genannten Preise enthalten die gesetzliche Mehrwertsteuer. Teilweise kann ein Pfand auf unsere Kulturt\u00f6pfe (0,06 \u20ac \/ Topf) anfallen. Sie k\u00f6nnen die T\u00f6pfe, sowie nat\u00fcrlich alle anderen Verpackungsmaterialien gerne zu uns zur\u00fcckbringen - oder bei der n\u00e4chsten Lieferung wieder mitgeben (bitte bei der Bestellung vermerken). Soweit dies m\u00f6glich ist verzichten wir auf aufwendige Verpackung und liefern in gebrauchten Kartons oder gebrauchten Pflanzentrays.<\/p>\n<p>&nbsp;<\/p>\n<p>Bei Fragen und Anmerkungen stehen wir Ihnen gerne zur Verf\u00fcgung. Am besten Sie kontaktieren uns einfach mit unserem <a href=\"https:\/\/www.blumen-schwarz.de\/aktuell\/kontakt\/\">Online-Formular.<\/a><\/p>\n<p>&nbsp;<\/p>\n<p>Ihr Blumen Schwarz Team<\/p>\n","protected":false},"excerpt":{"rendered":"<p>Herzlich willkommen im Webshop von Blumen Schwarz, Lokal und pers\u00f6nlich Wir liefern in unserem Einzugsgebiet &hellip;<\/p>\n<p class=\"read-more\"> <a class=\" thunk-readmore button \" href=\"https:\/\/www.blumen-schwarz.de\/aktuell\/versand__lieferung\/\"> <span class=\"screen-reader-text\">Versand und Lieferung<\/span>weiterlesen<\/a><\/p>\n","protected":false},"author":2,"featured_media":0,"parent":0,"menu_order":0,"comment_status":"closed","ping_status":"closed","template":"","meta":{"inline_featured_image":false,"footnotes":""},"class_list":["post-5931","page","type-page","status-publish","hentry","thunk-woo-product-list","open-woo-hover-zoom","open-single-product-tab-horizontal","open-shadow-","open-shadow-hover-"],"_links":{"self":[{"href":"https:\/\/www.blumen-schwarz.de\/aktuell\/wp-json\/wp\/v2\/pages\/5931","targetHints":{"allow":["GET"]}}],"collection":[{"href":"https:\/\/www.blumen-schwarz.de\/aktuell\/wp-json\/wp\/v2\/pages"}],"about":[{"href":"https:\/\/www.blumen-schwarz.de\/aktuell\/wp-json\/wp\/v2\/types\/page"}],"author":[{"embeddable":true,"href":"https:\/\/www.blumen-schwarz.de\/aktuell\/wp-json\/wp\/v2\/users\/2"}],"replies":[{"embeddable":true,"href":"https:\/\/www.blumen-schwarz.de\/aktuell\/wp-json\/wp\/v2\/comments?post=5931"}],"version-history":[{"count":0,"href":"https:\/\/www.blumen-schwarz.de\/aktuell\/wp-json\/wp\/v2\/pages\/5931\/revisions"}],"wp:attachment":[{"href":"https:\/\/www.blumen-schwarz.de\/aktuell\/wp-json\/wp\/v2\/media?parent=5931"}],"curies":[{"name":"wp","href":"https:\/\/api.w.org\/{rel}","templated":true}]}}