{"id":567,"date":"2016-11-24T08:20:02","date_gmt":"2016-11-24T07:20:02","guid":{"rendered":"https:\/\/www.blumen-schwarz.de\/aktuell\/?page_id=567"},"modified":"2025-10-23T15:13:31","modified_gmt":"2025-10-23T13:13:31","slug":"oeffnungszeiten","status":"publish","type":"page","link":"https:\/\/www.blumen-schwarz.de\/aktuell\/ueber-uns\/oeffnungszeiten\/","title":{"rendered":"\u00d6ffnungszeiten und Anfahrt Schwabach"},"content":{"rendered":"<figure id=\"attachment_5331\" aria-describedby=\"caption-attachment-5331\" style=\"width: 500px\" class=\"wp-caption alignright\"><a href=\"https:\/\/www.blumen-schwarz.de\/aktuell\/wp-content\/uploads\/2017\/06\/DJI_0031_v1.jpg\"><img loading=\"lazy\" decoding=\"async\" class=\"wp-image-5331 size-medium\" src=\"https:\/\/www.blumen-schwarz.de\/aktuell\/wp-content\/uploads\/2017\/06\/DJI_0031_v1-500x472.jpg\" alt=\"Unser Stammbetrieb in der Limbacher Stra\u00dfe.\" width=\"500\" height=\"472\" srcset=\"https:\/\/www.blumen-schwarz.de\/aktuell\/wp-content\/uploads\/2017\/06\/DJI_0031_v1-500x472.jpg 500w, https:\/\/www.blumen-schwarz.de\/aktuell\/wp-content\/uploads\/2017\/06\/DJI_0031_v1-620x585.jpg 620w, https:\/\/www.blumen-schwarz.de\/aktuell\/wp-content\/uploads\/2017\/06\/DJI_0031_v1-768x725.jpg 768w, https:\/\/www.blumen-schwarz.de\/aktuell\/wp-content\/uploads\/2017\/06\/DJI_0031_v1-1483x1400.jpg 1483w, https:\/\/www.blumen-schwarz.de\/aktuell\/wp-content\/uploads\/2017\/06\/DJI_0031_v1.jpg 1144w\" sizes=\"auto, (max-width: 500px) 100vw, 500px\" \/><\/a><figcaption id=\"caption-attachment-5331\" class=\"wp-caption-text\">Unser Stammbetrieb in der Limbacher Stra\u00dfe.<\/figcaption><\/figure>\n<h4>\u00d6ffnungszeiten Laden:<\/h4>\n<p>Wir sind ganzj\u00e4hrig durchgehend f\u00fcr Sie da:<br \/>\n<strong>Montag - Freitag von 7 - 18 Uhr<\/strong><br \/>\n<strong> Samstag 7 - 13 Uhr<\/strong><\/p>\n<p>Unser zweiter Eingang an den Gew\u00e4chsh\u00e4usern (Hans-Sachs-Str.) ist nur saisonal ge\u00f6ffnet. Bitte verwenden Sie bei geschlossenem Tor den Eingang durch den Blumenladen. Die Gew\u00e4chsh\u00e4user sind ganzj\u00e4hrig ge\u00f6ffnet. Gerne d\u00fcrfen Sie sich selbst bedienen.<\/p>\n<h4>\u00d6ffnungszeiten mit Beratung G\u00e4rtnerei:<\/h4>\n<p>Montag - Freitag 7.30 Uhr - 12 Uhr und 13 - 16.30 Uhr<\/p>\n<p>Samstags von 7.30 Uhr - 13 Uhr<\/p>\n<p>F\u00fcr Sie vor Ort.<\/p>\n<p><strong>Seit Ende 2023 k\u00f6nnen Sie 24h am Tag, das ganze Jahr \u00fcber, frische Blumenstr\u00e4u\u00dfe und ausdekorierte Pflanzen in unserem<a href=\"https:\/\/www.blumen-schwarz.de\/aktuell\/24h-laden-immer-fuer-sie-geoeffnet\/\"> 24h Laden kaufen.<\/a><br \/>\n<\/strong><\/p>\n<p>&nbsp;<\/p>\n<h4>Unsere Anschrift<\/h4>\n<p>Blumen Schwarz<\/p>\n<p>Ihre G\u00e4rtnerei in Schwabach<\/p>\n<p>Limbacher Str. 60<\/p>\n<p>91126 Schwabach<\/p>\n<p>Telefon 09122 691850<\/p>\n<p>\u00dcber folgende Messenger k\u00f6nnen Sie uns anschreiben<br \/>\n<a href=\"https:\/\/wa.me\/4917645501104\">Whatsapp: 0176 45501104<\/a> (bitte lesen Sie vorher unsere <a href=\"https:\/\/www.blumen-schwarz.de\/aktuell\/ueber-uns\/impressum\/#a15\">Datenschutzhinweise Punkt 15<\/a>)<\/p>\n<h4>Wir sind leicht zu finden:<\/h4>\n<p>10 Minuten von der S-Bahn Limbach oder 12 Minuten Fu\u00dfweg vom Bahnhof Schwabach<\/p>\n<p>Per Auto folgen Sie im gesamten Stadtgebiet bitte den Wegweiser Richtung Friedhof. Sie finden uns auf der Stra\u00dfe Richtung Katzwang, Weiherhaus 300m vom Friedhof entfernt.<\/p>\n<p><a href=\"https:\/\/www.blumen-schwarz.de\/aktuell\/wp-content\/uploads\/2025\/10\/anfahrt-scaled.jpg\"><img loading=\"lazy\" decoding=\"async\" class=\"aligncenter wp-image-286456 size-large\" src=\"https:\/\/www.blumen-schwarz.de\/aktuell\/wp-content\/uploads\/2025\/10\/anfahrt-1920x1078.jpg\" alt=\"\" width=\"640\" height=\"359\" srcset=\"https:\/\/www.blumen-schwarz.de\/aktuell\/wp-content\/uploads\/2025\/10\/anfahrt-1920x1078.jpg 1920w, https:\/\/www.blumen-schwarz.de\/aktuell\/wp-content\/uploads\/2025\/10\/anfahrt-500x281.jpg 500w, https:\/\/www.blumen-schwarz.de\/aktuell\/wp-content\/uploads\/2025\/10\/anfahrt-768x431.jpg 768w, https:\/\/www.blumen-schwarz.de\/aktuell\/wp-content\/uploads\/2025\/10\/anfahrt-1536x862.jpg 1536w, https:\/\/www.blumen-schwarz.de\/aktuell\/wp-content\/uploads\/2025\/10\/anfahrt-2048x1150.jpg 2048w, https:\/\/www.blumen-schwarz.de\/aktuell\/wp-content\/uploads\/2025\/10\/anfahrt-620x348.jpg 620w\" sizes=\"auto, (max-width: 640px) 100vw, 640px\" \/><\/a><a href=\"https:\/\/www.openstreetmap.org\/?mlat=49.33589&amp;mlon=11.03294#map=17\/49.335890\/11.032940\">Auf Openstreetmap ansehen<\/a><\/p>\n","protected":false},"excerpt":{"rendered":"<p>\u00d6ffnungszeiten Laden: Wir sind ganzj\u00e4hrig durchgehend f\u00fcr Sie da: Montag - Freitag von 7 - &hellip;<\/p>\n<p class=\"read-more\"> <a class=\" thunk-readmore button \" href=\"https:\/\/www.blumen-schwarz.de\/aktuell\/ueber-uns\/oeffnungszeiten\/\"> <span class=\"screen-reader-text\">\u00d6ffnungszeiten und Anfahrt Schwabach<\/span>weiterlesen<\/a><\/p>\n","protected":false},"author":2,"featured_media":5331,"parent":95,"menu_order":0,"comment_status":"closed","ping_status":"closed","template":"","meta":{"inline_featured_image":false,"footnotes":""},"class_list":["post-567","page","type-page","status-publish","has-post-thumbnail","hentry","thunk-woo-product-list","open-woo-hover-zoom","open-single-product-tab-horizontal","open-shadow-","open-shadow-hover-"],"_links":{"self":[{"href":"https:\/\/www.blumen-schwarz.de\/aktuell\/wp-json\/wp\/v2\/pages\/567","targetHints":{"allow":["GET"]}}],"collection":[{"href":"https:\/\/www.blumen-schwarz.de\/aktuell\/wp-json\/wp\/v2\/pages"}],"about":[{"href":"https:\/\/www.blumen-schwarz.de\/aktuell\/wp-json\/wp\/v2\/types\/page"}],"author":[{"embeddable":true,"href":"https:\/\/www.blumen-schwarz.de\/aktuell\/wp-json\/wp\/v2\/users\/2"}],"replies":[{"embeddable":true,"href":"https:\/\/www.blumen-schwarz.de\/aktuell\/wp-json\/wp\/v2\/comments?post=567"}],"version-history":[{"count":4,"href":"https:\/\/www.blumen-schwarz.de\/aktuell\/wp-json\/wp\/v2\/pages\/567\/revisions"}],"predecessor-version":[{"id":286461,"href":"https:\/\/www.blumen-schwarz.de\/aktuell\/wp-json\/wp\/v2\/pages\/567\/revisions\/286461"}],"up":[{"embeddable":true,"href":"https:\/\/www.blumen-schwarz.de\/aktuell\/wp-json\/wp\/v2\/pages\/95"}],"wp:featuredmedia":[{"embeddable":true,"href":"https:\/\/www.blumen-schwarz.de\/aktuell\/wp-json\/wp\/v2\/media\/5331"}],"wp:attachment":[{"href":"https:\/\/www.blumen-schwarz.de\/aktuell\/wp-json\/wp\/v2\/media?parent=567"}],"curies":[{"name":"wp","href":"https:\/\/api.w.org\/{rel}","templated":true}]}}