{"id":5236,"date":"2017-05-19T15:27:35","date_gmt":"2017-05-19T13:27:35","guid":{"rendered":"https:\/\/www.blumen-schwarz.de\/aktuell\/?page_id=5236"},"modified":"2021-10-05T14:01:13","modified_gmt":"2021-10-05T12:01:13","slug":"blumen-schwarz-ihre-landgaertnerei-rutzendorf","status":"publish","type":"page","link":"https:\/\/www.blumen-schwarz.de\/aktuell\/ueber-uns\/blumen-schwarz-ihre-landgaertnerei-rutzendorf\/","title":{"rendered":"Blumen Schwarz - Ihre Landg\u00e4rtnerei in Rutzendorf"},"content":{"rendered":"<h2>Hinweis: Beitrag aus dem Archiv.<\/h2>\n<h2><a href=\"https:\/\/www.blumen-schwarz.de\/aktuell\/category\/rutzendorf\/\">Bitte schauen Sie die aktuellen Informationen an.<\/a><\/h2>\n<p>Dieser Artikel ist nur noch online, weil er einfach Teil unserer Geschichte ist. Inzwischen haben wir neu gebaut, haben unsere eigene G\u00e4rtnerei am Standort und der \u00c4rger mit dem Pachtbetrieb ist vergessen...<\/p>\n<h2><a href=\"https:\/\/www.blumen-schwarz.de\/aktuell\/category\/rutzendorf\/\">Bitte schauen Sie die aktuellen Informationen an.<\/a><\/h2>\n<p>&nbsp;<\/p>\n<h4>Liebe Kunden aus Rutzendorf, Sachsen, Lichtenau, Ansbach und Umgebung,<\/h4>\n<p><a href=\"https:\/\/www.blumen-schwarz.de\/aktuell\/wp-content\/uploads\/2016\/12\/IMG_8625.jpg\"><img loading=\"lazy\" decoding=\"async\" class=\"wp-image-1643 size-medium alignright\" src=\"https:\/\/www.blumen-schwarz.de\/aktuell\/wp-content\/uploads\/2016\/12\/IMG_8625-600x400.jpg\" alt=\"\" width=\"500\" height=\"333\" srcset=\"https:\/\/www.blumen-schwarz.de\/aktuell\/wp-content\/uploads\/2016\/12\/IMG_8625-600x400.jpg 600w, https:\/\/www.blumen-schwarz.de\/aktuell\/wp-content\/uploads\/2016\/12\/IMG_8625-620x413.jpg 620w, https:\/\/www.blumen-schwarz.de\/aktuell\/wp-content\/uploads\/2016\/12\/IMG_8625-768x512.jpg 768w, https:\/\/www.blumen-schwarz.de\/aktuell\/wp-content\/uploads\/2016\/12\/IMG_8625-1200x800.jpg 1200w, https:\/\/www.blumen-schwarz.de\/aktuell\/wp-content\/uploads\/2016\/12\/IMG_8625.jpg 1620w\" sizes=\"auto, (max-width: 500px) 100vw, 500px\" \/><\/a><\/p>\n<p>vielen Dank f\u00fcr Ihren Einkauf in der G\u00e4rtnerei Birnbaum. Sicherlich haben Sie schon geh\u00f6rt, dass Herr Fritz Birnbaum an seinen Ruhestand denkt. Wir sind deshalb richtig stolz, dass wir seine wundersch\u00f6ne G\u00e4rtnerei ab 2018 pachten d\u00fcrfen. Herr Birnbaum wird aber weiterhin, mit reduzierten Stunden, zu Ihrer Verf\u00fcgung stehen.<br \/>\nSeit 115 Jahren g\u00e4rtnert unsere Familie in Schwabach. <a href=\"https:\/\/www.blumen-schwarz.de\/aktuell\/ueber-uns\/wir-sind-blumen-schwarz\/\">Unser Nachfolger Lukas Schwarz<\/a> (die 5. Generation) kommt 2018 als Betriebsleiter nach Rutzendorf. Damit haben Sie einen kundenorientierten, dynamischen G\u00e4rtner als Ansprechpartner vor Ort.<\/p>\n<p>&nbsp;<\/p>\n<figure id=\"attachment_5282\" aria-describedby=\"caption-attachment-5282\" style=\"width: 500px\" class=\"wp-caption alignleft\"><a href=\"https:\/\/www.blumen-schwarz.de\/aktuell\/wp-content\/uploads\/2017\/05\/lukas_schwarz.jpg\"><img loading=\"lazy\" decoding=\"async\" class=\"size-medium wp-image-5282\" src=\"https:\/\/www.blumen-schwarz.de\/aktuell\/wp-content\/uploads\/2017\/05\/lukas_schwarz-500x281.jpg\" alt=\"Lukas Schwarz\" width=\"500\" height=\"281\" srcset=\"https:\/\/www.blumen-schwarz.de\/aktuell\/wp-content\/uploads\/2017\/05\/lukas_schwarz-500x281.jpg 500w, https:\/\/www.blumen-schwarz.de\/aktuell\/wp-content\/uploads\/2017\/05\/lukas_schwarz-620x349.jpg 620w, https:\/\/www.blumen-schwarz.de\/aktuell\/wp-content\/uploads\/2017\/05\/lukas_schwarz-768x432.jpg 768w, https:\/\/www.blumen-schwarz.de\/aktuell\/wp-content\/uploads\/2017\/05\/lukas_schwarz.jpg 1920w\" sizes=\"auto, (max-width: 500px) 100vw, 500px\" \/><\/a><figcaption id=\"caption-attachment-5282\" class=\"wp-caption-text\">Lukas Schwarz<\/figcaption><\/figure>\n<p align=\"justify\">Gerne w\u00fcrden wir Sie pers\u00f6nlich zweimal im Jahr mit unserem Halbjahresprogramm \u00fcber die Entwicklung informieren. Wenn Sie uns Ihre Adresse geben, schicken wir Ihnen dies automatisch zu.<\/p>\n<p>Wir versprechen Ihnen, dass wir Ihre Daten nie an Dritte weitergeben und intern sehr sorgf\u00e4ltig und gewissenhaft damit umgehen. Gerne w\u00fcrden wir Ihnen zus\u00e4tzlich drei bis viermal im Jahr unseren Rundbrief schicken. Muster der letzten <a href=\"https:\/\/www.blumen-schwarz.de\/aktuell\/rundbrief\/\">Rundbriefe finden Sie hier.<\/a><br \/>\nMit gro\u00dfer Spannung und Vorfreude erwarten wir die <a href=\"https:\/\/www.blumen-schwarz.de\/aktuell\/ueber-uns\/oeffnungszeiten-und-anfahrt-rutzendorf\/\">Begegnungen mit Ihnen ab 2018<\/a> in Rutzendorf.<br \/>\nBis dahin<br \/>\n<a href=\"https:\/\/www.blumen-schwarz.de\/aktuell\/ueber-uns\/wir-sind-blumen-schwarz\/\">Ihr Blumen Schwarz aus Schwabach<\/a><\/p>\n<p>&nbsp;<\/p>\n<p>&nbsp;<\/p>\n<p>&nbsp;<\/p>\n<p>[contact-form-7 id=\"5234\" title=\"Rutzendorf\"]<\/p>\n<p>&nbsp;<\/p>\n<p>&nbsp;<\/p>\n<p>&nbsp;<\/p>\n","protected":false},"excerpt":{"rendered":"<p>Hinweis: Beitrag aus dem Archiv. Bitte schauen Sie die aktuellen Informationen an. Dieser Artikel ist &hellip;<\/p>\n<p class=\"read-more\"> <a class=\" thunk-readmore button \" href=\"https:\/\/www.blumen-schwarz.de\/aktuell\/ueber-uns\/blumen-schwarz-ihre-landgaertnerei-rutzendorf\/\"> <span class=\"screen-reader-text\">Blumen Schwarz - Ihre Landg\u00e4rtnerei in Rutzendorf<\/span>weiterlesen<\/a><\/p>\n","protected":false},"author":2,"featured_media":5225,"parent":95,"menu_order":0,"comment_status":"closed","ping_status":"closed","template":"","meta":{"inline_featured_image":false,"footnotes":""},"class_list":["post-5236","page","type-page","status-publish","has-post-thumbnail","hentry","thunk-woo-product-list","open-woo-hover-zoom","open-single-product-tab-horizontal","open-shadow-","open-shadow-hover-"],"_links":{"self":[{"href":"https:\/\/www.blumen-schwarz.de\/aktuell\/wp-json\/wp\/v2\/pages\/5236","targetHints":{"allow":["GET"]}}],"collection":[{"href":"https:\/\/www.blumen-schwarz.de\/aktuell\/wp-json\/wp\/v2\/pages"}],"about":[{"href":"https:\/\/www.blumen-schwarz.de\/aktuell\/wp-json\/wp\/v2\/types\/page"}],"author":[{"embeddable":true,"href":"https:\/\/www.blumen-schwarz.de\/aktuell\/wp-json\/wp\/v2\/users\/2"}],"replies":[{"embeddable":true,"href":"https:\/\/www.blumen-schwarz.de\/aktuell\/wp-json\/wp\/v2\/comments?post=5236"}],"version-history":[{"count":0,"href":"https:\/\/www.blumen-schwarz.de\/aktuell\/wp-json\/wp\/v2\/pages\/5236\/revisions"}],"up":[{"embeddable":true,"href":"https:\/\/www.blumen-schwarz.de\/aktuell\/wp-json\/wp\/v2\/pages\/95"}],"wp:featuredmedia":[{"embeddable":true,"href":"https:\/\/www.blumen-schwarz.de\/aktuell\/wp-json\/wp\/v2\/media\/5225"}],"wp:attachment":[{"href":"https:\/\/www.blumen-schwarz.de\/aktuell\/wp-json\/wp\/v2\/media?parent=5236"}],"curies":[{"name":"wp","href":"https:\/\/api.w.org\/{rel}","templated":true}]}}