{"id":500,"date":"2016-11-23T18:19:01","date_gmt":"2016-11-23T17:19:01","guid":{"rendered":"https:\/\/www.blumen-schwarz.de\/aktuell\/?page_id=500"},"modified":"2019-07-20T17:23:40","modified_gmt":"2019-07-20T15:23:40","slug":"grabneuanlagen","status":"publish","type":"page","link":"https:\/\/www.blumen-schwarz.de\/aktuell\/gartenbau\/grabpflege\/grabneuanlagen\/","title":{"rendered":"Grabneuanlagen"},"content":{"rendered":"\t\t<div class=\"fotorama responsive-image-silder\"\r\n\t\t\tdata-width=80%\t\t\t\t\t\t\t\t\tdata-height=\"\"\t\t\t\t\t\t\t\t\t\t\t\t\t\t\t\t\t\tdata-nav=thumbs\t\t\t\t\t\tdata-navposition=bottom\t\t\t\t\t\t\t\t\t\t\t\tdata-thumbborderwidth=3\t\t\tdata-allowfullscreen=native\t\t\tdata-fit=contain\t\t\tdata-thumbfit=cover\t\t\tdata-transition=crossfade\t\t\tdata-click=true \r\n\t\t\tdata-transitionduration=500\t\t\t\t\t\tcaption\t\t\tdata-hash=false\t\t\tdata-autoplay=true\t\t\tdata-stopautoplayontouch=true\t\t\tdata-loop=true\t\t\tdata-keyboard=true\t\t\tdata-arrow=true\t\t\tdata-click=true\t\t\tdata-swipe=true\t\t\tdata-trackpad=true\t\t\tdata-shuffle=false\t\t\tdata-direction=ltr\t\t\tdata-spinner=true\t\t\t>\r\n\t\t\t<img decoding=\"async\" src=\"https:\/\/www.blumen-schwarz.de\/aktuell\/wp-content\/uploads\/2019\/07\/IMG_20190720_103736a-scaled.jpg\" data-caption=\"vollsonniges Grab - auf Sandboden - mit Rosen, verschiedenen Mauerpfeffer \/ Fetthehnen, Mittagsblumen und Kiefer\"><img decoding=\"async\" src=\"https:\/\/www.blumen-schwarz.de\/aktuell\/wp-content\/uploads\/2019\/07\/IMG_20190720_103820-scaled.jpg\" data-caption=\"vollsonniges Grab - auf Sandboden - mit Rosen, verschiedenen Mauerpfeffer \/ Fetthehnen, Mittagsblumen und Kiefer\"><img decoding=\"async\" src=\"https:\/\/www.blumen-schwarz.de\/aktuell\/wp-content\/uploads\/2016\/11\/grabneuanlage_45.jpg\" data-caption=\"reduzierte Bepflanzung mit Gr\u00e4sen\"><img decoding=\"async\" src=\"https:\/\/www.blumen-schwarz.de\/aktuell\/wp-content\/uploads\/2016\/11\/grabneuanlage_46.jpg\" data-caption=\"Gr\u00e4ser und Scheinzypressen\"><img decoding=\"async\" src=\"https:\/\/www.blumen-schwarz.de\/aktuell\/wp-content\/uploads\/2016\/11\/grabneuanlage_41.jpg\" data-caption=\"vorher - nachher Bild einer Grabneuanlage\"><img decoding=\"async\" src=\"https:\/\/www.blumen-schwarz.de\/aktuell\/wp-content\/uploads\/2016\/11\/grabneuanlage_42.jpg\" data-caption=\"vorher - nachher Bild einer Grabneuanlage\"><img decoding=\"async\" src=\"https:\/\/www.blumen-schwarz.de\/aktuell\/wp-content\/uploads\/2016\/11\/grabneuanlage_37.jpg\" data-caption=\"grafische Gestaltungsform\"><img decoding=\"async\" src=\"https:\/\/www.blumen-schwarz.de\/aktuell\/wp-content\/uploads\/2016\/11\/grabneuanlage_38.jpg\" data-caption=\"grafische Gestaltungsform\"><img decoding=\"async\" src=\"https:\/\/www.blumen-schwarz.de\/aktuell\/wp-content\/uploads\/2016\/11\/grabneuanlage_43.jpg\" data-caption=\"Fr\u00fchjahrspflanzung und als winterharter Bodendecker Muehlenbeckia\"><img decoding=\"async\" src=\"https:\/\/www.blumen-schwarz.de\/aktuell\/wp-content\/uploads\/2016\/11\/grabneuanlage_44.jpg\" data-caption=\"DCF 1.0\"><img decoding=\"async\" src=\"https:\/\/www.blumen-schwarz.de\/aktuell\/wp-content\/uploads\/2016\/11\/grabneuanlage_36.jpg\" data-caption=\"Grabneuanlage Friedhof Kammerstein\"><img decoding=\"async\" src=\"https:\/\/www.blumen-schwarz.de\/aktuell\/wp-content\/uploads\/2016\/11\/grabneuanlage_35.jpg\" data-caption=\"Grabneuanlage Friedhof Kammerstein\"><img decoding=\"async\" src=\"https:\/\/www.blumen-schwarz.de\/aktuell\/wp-content\/uploads\/2016\/11\/grabneuanlage_30.jpg\" data-caption=\"DCF 1.0\"><img decoding=\"async\" src=\"https:\/\/www.blumen-schwarz.de\/aktuell\/wp-content\/uploads\/2016\/11\/grabneuanlage_34.jpg\" data-caption=\"Landesgartenschau Roth \"><img decoding=\"async\" src=\"https:\/\/www.blumen-schwarz.de\/aktuell\/wp-content\/uploads\/2016\/11\/grabneuanlage_32.jpg\" data-caption=\"DCF 1.0\"><img decoding=\"async\" src=\"https:\/\/www.blumen-schwarz.de\/aktuell\/wp-content\/uploads\/2016\/11\/grabneuanlage_31.jpg\" data-caption=\"Stauden, Ahorn, Gr\u00e4ser\"><img decoding=\"async\" src=\"https:\/\/www.blumen-schwarz.de\/aktuell\/wp-content\/uploads\/2016\/11\/grabneuanlage_29.jpg\" data-caption=\"DCF 1.0\"><img decoding=\"async\" src=\"https:\/\/www.blumen-schwarz.de\/aktuell\/wp-content\/uploads\/2016\/11\/grabneuanlage_27.jpg\" data-caption=\"DCF 1.0\"><img decoding=\"async\" src=\"https:\/\/www.blumen-schwarz.de\/aktuell\/wp-content\/uploads\/2016\/11\/grabneuanlage_26.jpg\" data-caption=\"Stauden, Ahorn, Gr\u00e4ser\"><img decoding=\"async\" src=\"https:\/\/www.blumen-schwarz.de\/aktuell\/wp-content\/uploads\/2016\/11\/grabneuanlage_28.jpg\" data-caption=\"DCF 1.0\"><img decoding=\"async\" src=\"https:\/\/www.blumen-schwarz.de\/aktuell\/wp-content\/uploads\/2016\/11\/grabneuanlage_22.jpg\" data-caption=\"Staudengrab im Halbschatten:\nlang bl\u00fchender Storchschnabel (Geranium Jolly Bee), Christrosen, Waldsteinia u.a.\"><img decoding=\"async\" src=\"https:\/\/www.blumen-schwarz.de\/aktuell\/wp-content\/uploads\/2016\/11\/grabneuanlage_23.jpg\" data-caption=\"Staudengrab im Halbschatten:\nlang bl\u00fchender Storchschnabel (Geranium Jolly Bee), Christrosen, Waldsteinia u.a.\"><img decoding=\"async\" src=\"https:\/\/www.blumen-schwarz.de\/aktuell\/wp-content\/uploads\/2016\/11\/grabneuanlage_25.jpg\" data-caption=\"DCF 1.0\"><img decoding=\"async\" src=\"https:\/\/www.blumen-schwarz.de\/aktuell\/wp-content\/uploads\/2016\/11\/grabneuanlage_24.jpg\" data-caption=\"DCF 1.0\"><img decoding=\"async\" src=\"https:\/\/www.blumen-schwarz.de\/aktuell\/wp-content\/uploads\/2016\/11\/grabneuanlage_19.jpg\" data-caption=\"\"><img decoding=\"async\" src=\"https:\/\/www.blumen-schwarz.de\/aktuell\/wp-content\/uploads\/2016\/11\/grabneuanlage_20.jpg\" data-caption=\"\"><img decoding=\"async\" src=\"https:\/\/www.blumen-schwarz.de\/aktuell\/wp-content\/uploads\/2016\/11\/grabneuanlage_15.jpg\" data-caption=\"\"><img decoding=\"async\" src=\"https:\/\/www.blumen-schwarz.de\/aktuell\/wp-content\/uploads\/2016\/11\/grabneuanlage_21.jpg\" data-caption=\"bunte Fr\u00fchlingsschale mit Hornveilchen, G\u00e4nsebl\u00fcmchen und Stiefm\u00fctterchen\"><img decoding=\"async\" src=\"https:\/\/www.blumen-schwarz.de\/aktuell\/wp-content\/uploads\/2016\/11\/grabneuanlage_18.jpg\" data-caption=\"\"><img decoding=\"async\" src=\"https:\/\/www.blumen-schwarz.de\/aktuell\/wp-content\/uploads\/2016\/11\/grabneuanlage_13.jpg\" data-caption=\"klare Formen und viel Platz f\u00fcr Wechselpflanzung\"><img decoding=\"async\" src=\"https:\/\/www.blumen-schwarz.de\/aktuell\/wp-content\/uploads\/2016\/11\/grabneuanlage_12.jpg\" data-caption=\"klare Formen und viel Platz f\u00fcr Wechselpflanzung\"><img decoding=\"async\" src=\"https:\/\/www.blumen-schwarz.de\/aktuell\/wp-content\/uploads\/2016\/11\/grabneuanlage_16.jpg\" data-caption=\"vor der Gestaltung\"><img decoding=\"async\" src=\"https:\/\/www.blumen-schwarz.de\/aktuell\/wp-content\/uploads\/2016\/11\/grabneuanlage_17.jpg\" data-caption=\"Auf dem Grab sollte ausreichend Platz f\u00fcr sichtbare Erde bleiben. \nRechts: gelb-roter japanischer Ahorn und Zwergliguster.\nLinks: Sch\u00f6ne verkr\u00fcppelt wachsende Scheinzypressenart\"><img decoding=\"async\" src=\"https:\/\/www.blumen-schwarz.de\/aktuell\/wp-content\/uploads\/2016\/11\/grabneuanlage_11.jpg\" data-caption=\"Reichelsdorfer Friedhof.\nNiedrige Bodendecker, das Grab soll sehr kompakt bleiben und eine Wuchsh\u00f6he von 15 cm (mit Formschnitt) nicht \u00fcberschreiten.\nZur Auswahl kamen:\nCotoneaster \"Evergreen\"\nund Euonymus fortunei in Sorten\"><img decoding=\"async\" src=\"https:\/\/www.blumen-schwarz.de\/aktuell\/wp-content\/uploads\/2016\/11\/grabneuanlage_05.jpg\" data-caption=\"grafische Gestaltungsform\"><img decoding=\"async\" src=\"https:\/\/www.blumen-schwarz.de\/aktuell\/wp-content\/uploads\/2016\/11\/grabneuanlage_10.jpg\" data-caption=\"grafische Gestaltungsform\"><img decoding=\"async\" src=\"https:\/\/www.blumen-schwarz.de\/aktuell\/wp-content\/uploads\/2016\/11\/grabneuanlage_09.jpg\" data-caption=\"grafische Gestaltungsform\"><img decoding=\"async\" src=\"https:\/\/www.blumen-schwarz.de\/aktuell\/wp-content\/uploads\/2016\/11\/grabneuanlage_08.jpg\" data-caption=\"grafische Gestaltungsform\"><img decoding=\"async\" src=\"https:\/\/www.blumen-schwarz.de\/aktuell\/wp-content\/uploads\/2016\/11\/grabneuanlage_07.jpg\" data-caption=\"Staudengrab:\nBodendecker Vinca \"Imagine\" und Pachysandra. \nAls bl\u00fchende Wechselpflanzung wurden folgende Stauden gepflanzt:\nAster dumosus in Sorten\nPulmoniara\nHelleborus\nAquilegia\nDoronicum\nHeuchera\"><img decoding=\"async\" src=\"https:\/\/www.blumen-schwarz.de\/aktuell\/wp-content\/uploads\/2016\/11\/grabneuanlage_06.jpg\" data-caption=\"Staudengrab:\nBodendecker Vinca \"Imagine\" und Pachysandra. \nAls bl\u00fchende Wechselpflanzung wurden folgende Stauden gepflanzt:\nAster dumosus in Sorten\nPulmoniara\nHelleborus\nAquilegia\nDoronicum\nHeuchera\"><img decoding=\"async\" src=\"https:\/\/www.blumen-schwarz.de\/aktuell\/wp-content\/uploads\/2016\/11\/grabneuanlage_04.jpg\" data-caption=\"\"><img decoding=\"async\" src=\"https:\/\/www.blumen-schwarz.de\/aktuell\/wp-content\/uploads\/2016\/11\/grabneuanlage_03.jpg\" data-caption=\"gemischte Waldanpflanzung\"><img decoding=\"async\" src=\"https:\/\/www.blumen-schwarz.de\/aktuell\/wp-content\/uploads\/2016\/11\/grabneuanlage_02.jpg\" data-caption=\"gemischte Waldanpflanzung\"><img decoding=\"async\" src=\"https:\/\/www.blumen-schwarz.de\/aktuell\/wp-content\/uploads\/2016\/11\/grabneuanlage_01.jpg\" data-caption=\"Wechselbepflanzung mit Besenheide und wintergr\u00fcnen Stauden\">\t\t<\/div>\r\n\t\t\n","protected":false},"excerpt":{"rendered":"","protected":false},"author":2,"featured_media":0,"parent":143,"menu_order":0,"comment_status":"closed","ping_status":"closed","template":"","meta":{"inline_featured_image":false,"footnotes":""},"class_list":["post-500","page","type-page","status-publish","hentry","thunk-woo-product-list","open-woo-hover-zoom","open-single-product-tab-horizontal","open-shadow-","open-shadow-hover-"],"_links":{"self":[{"href":"https:\/\/www.blumen-schwarz.de\/aktuell\/wp-json\/wp\/v2\/pages\/500","targetHints":{"allow":["GET"]}}],"collection":[{"href":"https:\/\/www.blumen-schwarz.de\/aktuell\/wp-json\/wp\/v2\/pages"}],"about":[{"href":"https:\/\/www.blumen-schwarz.de\/aktuell\/wp-json\/wp\/v2\/types\/page"}],"author":[{"embeddable":true,"href":"https:\/\/www.blumen-schwarz.de\/aktuell\/wp-json\/wp\/v2\/users\/2"}],"replies":[{"embeddable":true,"href":"https:\/\/www.blumen-schwarz.de\/aktuell\/wp-json\/wp\/v2\/comments?post=500"}],"version-history":[{"count":0,"href":"https:\/\/www.blumen-schwarz.de\/aktuell\/wp-json\/wp\/v2\/pages\/500\/revisions"}],"up":[{"embeddable":true,"href":"https:\/\/www.blumen-schwarz.de\/aktuell\/wp-json\/wp\/v2\/pages\/143"}],"wp:attachment":[{"href":"https:\/\/www.blumen-schwarz.de\/aktuell\/wp-json\/wp\/v2\/media?parent=500"}],"curies":[{"name":"wp","href":"https:\/\/api.w.org\/{rel}","templated":true}]}}