{"id":4688,"date":"2017-04-27T09:50:55","date_gmt":"2017-04-27T07:50:55","guid":{"rendered":"https:\/\/www.blumen-schwarz.de\/aktuell\/?page_id=4688"},"modified":"2025-10-23T15:10:49","modified_gmt":"2025-10-23T13:10:49","slug":"oeffnungszeiten-und-anfahrt-rutzendorf","status":"publish","type":"page","link":"https:\/\/www.blumen-schwarz.de\/aktuell\/ueber-uns\/oeffnungszeiten-und-anfahrt-rutzendorf\/","title":{"rendered":"\u00d6ffnungszeiten und Anfahrt Rutzendorf"},"content":{"rendered":"<h1><a href=\"https:\/\/www.blumen-schwarz.de\/aktuell\/24-7-unsere-landgaertnerei-ist-immer-fuer-sie-offen\/2025\/03\/\">Immer f\u00fcr Sie ge\u00f6ffnet (mit Selbstbedienung<\/a>)<\/h1>\n<p>&nbsp;<\/p>\n<h2>Beratungszeit (in dieser Zeit ist immer Fachpersonal vor Ort):<\/h2>\n<p>Montag bis Freitag<\/p>\n<p>9 bis 17 Uhr<\/p>\n<p>Samstag<\/p>\n<p>9 bis 13 Uhr<\/p>\n<h2>Unsere Anschrift<\/h2>\n<p>Blumen Schwarz<\/p>\n<p>Ihre Landg\u00e4rtnerei in Rutzendorf<\/p>\n<p>Rutzendorf 28<\/p>\n<p>91623 Sachsen bei Ansbach<\/p>\n<h2>Kontakt:<\/h2>\n<p>Telefon 09827 6817<\/p>\n<p>\u00dcber folgende Messenger k\u00f6nnen Sie uns anschreiben<\/p>\n<p><a href=\"https:\/\/wa.me\/4917645501104\">Whatsapp: 0176 45501104<\/a> (bitte lesen Sie vorher unsere <a href=\"https:\/\/www.blumen-schwarz.de\/aktuell\/ueber-uns\/impressum\/#a15\">Datenschutzhinweise Punkt 15<\/a>)<\/p>\n<p>&nbsp;<\/p>\n<hr \/>\n<h2>Wir sind leicht zu finden:<\/h2>\n<p>Zwischen der Autobahnausfahrt Lichtenau (A6) und Ansbach liegt Rutzendorf als kleines D\u00f6rfchen gegen\u00fcber Sachsen bei Ansbach. Sie erreichen uns per PKW Ausfahrt Lichtenau in 4 Minuten. Von Ansbach Mitte aus kommen Sie in 7 Minuten zu uns. Malerisch gelegen l\u00e4dt unser Standort zu Spazierg\u00e4ngen und Radtouren durch Mittelfranken ein (entlang der fr\u00e4nkischen Rezat).<\/p>\n<p>Sie finden uns 700m au\u00dferhalb des Dorfes Richtung Ratzenwinden. In Rutzendorf sehen Sie noch die geschlossene G\u00e4rtnerei. <strong>Das sind nicht wir.<\/strong> Bitte daran vorbeifahren und den Ort verlassen.<\/p>\n<p><a href=\"https:\/\/www.blumen-schwarz.de\/aktuell\/wp-content\/uploads\/2025\/10\/anfahrtrutzendorf-scaled.jpg\"><img loading=\"lazy\" decoding=\"async\" class=\"aligncenter wp-image-286459 size-large\" src=\"https:\/\/www.blumen-schwarz.de\/aktuell\/wp-content\/uploads\/2025\/10\/anfahrtrutzendorf-1920x782.jpg\" alt=\"\" width=\"640\" height=\"261\" srcset=\"https:\/\/www.blumen-schwarz.de\/aktuell\/wp-content\/uploads\/2025\/10\/anfahrtrutzendorf-1920x782.jpg 1920w, https:\/\/www.blumen-schwarz.de\/aktuell\/wp-content\/uploads\/2025\/10\/anfahrtrutzendorf-500x204.jpg 500w, https:\/\/www.blumen-schwarz.de\/aktuell\/wp-content\/uploads\/2025\/10\/anfahrtrutzendorf-768x313.jpg 768w, https:\/\/www.blumen-schwarz.de\/aktuell\/wp-content\/uploads\/2025\/10\/anfahrtrutzendorf-1536x626.jpg 1536w, https:\/\/www.blumen-schwarz.de\/aktuell\/wp-content\/uploads\/2025\/10\/anfahrtrutzendorf-2048x834.jpg 2048w, https:\/\/www.blumen-schwarz.de\/aktuell\/wp-content\/uploads\/2025\/10\/anfahrtrutzendorf-620x253.jpg 620w\" sizes=\"auto, (max-width: 640px) 100vw, 640px\" \/><\/a><\/p>\n<p><a href=\"http:\/\/www.openstreetmap.org\/?mlat=49.28042&amp;mlon=10.65198#map=12\/49.28042\/10.65198\">Auf Openstreetmap ansehen<\/a><\/p>\n<p>Mit \u00f6ffentlichen Verkehrsmitteln ist der k\u00fcrzeste Wege ein Spaziergang vom S-Bahnhof Sachsen bei Ansbach. Sie ben\u00f6tigen daf\u00fcr ca. 25 Minuten (den Berg hinunter, an der Kirche vorbei, Richtung Tal der Fr\u00e4nkische Rezat).<\/p>\n<p>&nbsp;<\/p>\n<p><span style=\"font-size: 1pt;\">\u00d6ffnung, ge\u00f6ffnet<\/span><\/p>\n","protected":false},"excerpt":{"rendered":"<p>Immer f\u00fcr Sie ge\u00f6ffnet (mit Selbstbedienung) &nbsp; Beratungszeit (in dieser Zeit ist immer Fachpersonal vor &hellip;<\/p>\n<p class=\"read-more\"> <a class=\" thunk-readmore button \" href=\"https:\/\/www.blumen-schwarz.de\/aktuell\/ueber-uns\/oeffnungszeiten-und-anfahrt-rutzendorf\/\"> <span class=\"screen-reader-text\">\u00d6ffnungszeiten und Anfahrt Rutzendorf<\/span>weiterlesen<\/a><\/p>\n","protected":false},"author":2,"featured_media":201174,"parent":95,"menu_order":0,"comment_status":"closed","ping_status":"closed","template":"","meta":{"inline_featured_image":false,"footnotes":""},"class_list":["post-4688","page","type-page","status-publish","has-post-thumbnail","hentry","thunk-woo-product-list","open-woo-hover-zoom","open-single-product-tab-horizontal","open-shadow-","open-shadow-hover-"],"_links":{"self":[{"href":"https:\/\/www.blumen-schwarz.de\/aktuell\/wp-json\/wp\/v2\/pages\/4688","targetHints":{"allow":["GET"]}}],"collection":[{"href":"https:\/\/www.blumen-schwarz.de\/aktuell\/wp-json\/wp\/v2\/pages"}],"about":[{"href":"https:\/\/www.blumen-schwarz.de\/aktuell\/wp-json\/wp\/v2\/types\/page"}],"author":[{"embeddable":true,"href":"https:\/\/www.blumen-schwarz.de\/aktuell\/wp-json\/wp\/v2\/users\/2"}],"replies":[{"embeddable":true,"href":"https:\/\/www.blumen-schwarz.de\/aktuell\/wp-json\/wp\/v2\/comments?post=4688"}],"version-history":[{"count":7,"href":"https:\/\/www.blumen-schwarz.de\/aktuell\/wp-json\/wp\/v2\/pages\/4688\/revisions"}],"predecessor-version":[{"id":283901,"href":"https:\/\/www.blumen-schwarz.de\/aktuell\/wp-json\/wp\/v2\/pages\/4688\/revisions\/283901"}],"up":[{"embeddable":true,"href":"https:\/\/www.blumen-schwarz.de\/aktuell\/wp-json\/wp\/v2\/pages\/95"}],"wp:featuredmedia":[{"embeddable":true,"href":"https:\/\/www.blumen-schwarz.de\/aktuell\/wp-json\/wp\/v2\/media\/201174"}],"wp:attachment":[{"href":"https:\/\/www.blumen-schwarz.de\/aktuell\/wp-json\/wp\/v2\/media?parent=4688"}],"curies":[{"name":"wp","href":"https:\/\/api.w.org\/{rel}","templated":true}]}}