{"id":4215,"date":"2017-01-14T16:43:16","date_gmt":"2017-01-14T15:43:16","guid":{"rendered":"https:\/\/www.blumen-schwarz.de\/aktuell\/?page_id=4215"},"modified":"2017-01-14T16:45:42","modified_gmt":"2017-01-14T15:45:42","slug":"tischschmuck","status":"publish","type":"page","link":"https:\/\/www.blumen-schwarz.de\/aktuell\/floristik\/hochzeitsfloristik\/tischschmuck\/","title":{"rendered":"Tischschmuck"},"content":{"rendered":"<p>Nur Blumen machen ein festliches Essen wirklich festlich.<\/p>\n\t\t<div class=\"fotorama responsive-image-silder\"\r\n\t\t\tdata-width=80%\t\t\t\t\t\t\t\t\tdata-height=\"\"\t\t\t\t\t\t\t\t\t\t\t\t\t\t\t\t\t\tdata-nav=thumbs\t\t\t\t\t\tdata-navposition=bottom\t\t\t\t\t\t\t\t\t\t\t\tdata-thumbborderwidth=3\t\t\tdata-allowfullscreen=native\t\t\tdata-fit=scaledown\t\t\tdata-thumbfit=cover\t\t\tdata-transition=slide\t\t\tdata-click=true \r\n\t\t\tdata-transitionduration=500\t\t\t\t\t\tcaption\t\t\tdata-hash=false\t\t\tdata-autoplay=true\t\t\tdata-stopautoplayontouch=true\t\t\tdata-loop=true\t\t\tdata-keyboard=true\t\t\tdata-arrow=true\t\t\tdata-click=true\t\t\tdata-swipe=true\t\t\tdata-trackpad=true\t\t\tdata-shuffle=false\t\t\tdata-direction=ltr\t\t\tdata-spinner=true\t\t\t>\r\n\t\t\t<img decoding=\"async\" src=\"https:\/\/www.blumen-schwarz.de\/aktuell\/wp-content\/uploads\/2017\/01\/IMG_20160910_145800-1.jpg\" data-caption=\"Blumentorte auf Glasplatte mit Rosen, Hortensienbl\u00fcten, Beeren, Alchemilla...in herbstlichen Farbt\u00f6nen\"><img decoding=\"async\" src=\"https:\/\/www.blumen-schwarz.de\/aktuell\/wp-content\/uploads\/2017\/01\/IMG_20160910_145808-1.jpg\" data-caption=\"Blumentorte auf Glasplatte mit Amaranthus, Rosen, Beeren, Statice\"><img decoding=\"async\" src=\"https:\/\/www.blumen-schwarz.de\/aktuell\/wp-content\/uploads\/2017\/01\/P1460455-1-e1594818281586.jpg\" data-caption=\"Tischdekoration in herbstlichen T\u00f6nen. Blumentorten auf Glasplatten gesteckt mit Rosen, Hortensienbl\u00fcten, Dahlien, Fr\u00fcchte, Alchemilla\"><img decoding=\"async\" src=\"https:\/\/www.blumen-schwarz.de\/aktuell\/wp-content\/uploads\/2017\/01\/P1450447-e1594818366471.jpg\" data-caption=\"Gesteckter Kranz mit Kerzen\"><img decoding=\"async\" src=\"https:\/\/www.blumen-schwarz.de\/aktuell\/wp-content\/uploads\/2017\/01\/P1460456.jpg\" data-caption=\"Blumentorte als Tischdekoration\"><img decoding=\"async\" src=\"https:\/\/www.blumen-schwarz.de\/aktuell\/wp-content\/uploads\/2017\/01\/P1450446-e1594818384709.jpg\" data-caption=\"Tischdekoration. Gesteckter Kranz mit Gerbera, Ritterspornbl\u00fcten, Olive, Fr\u00fcchten und Kerzen\"><img decoding=\"async\" src=\"https:\/\/www.blumen-schwarz.de\/aktuell\/wp-content\/uploads\/2017\/01\/P1450304.jpg\" data-caption=\"\"><img decoding=\"async\" src=\"https:\/\/www.blumen-schwarz.de\/aktuell\/wp-content\/uploads\/2017\/01\/aDSC_6889.jpg\" data-caption=\"Vielen Dank an unsere Kunden f\u00fcr die Bereitstellung dieses Bildes\"><img decoding=\"async\" src=\"https:\/\/www.blumen-schwarz.de\/aktuell\/wp-content\/uploads\/2017\/01\/aDSC_6581.jpg\" data-caption=\"Vielen Dank an unsere Kunden f\u00fcr die Bereitstellung dieses Bildes\"><img decoding=\"async\" src=\"https:\/\/www.blumen-schwarz.de\/aktuell\/wp-content\/uploads\/2017\/01\/P1450045.jpg\" data-caption=\"Tischdekoration Kursaal Bad Wurzach\"><img decoding=\"async\" src=\"https:\/\/www.blumen-schwarz.de\/aktuell\/wp-content\/uploads\/2017\/01\/P1440977.jpg\" data-caption=\"Floraler gesteckter Kranz um einen Leuchter\"><img decoding=\"async\" src=\"https:\/\/www.blumen-schwarz.de\/aktuell\/wp-content\/uploads\/2017\/01\/P1450043.jpg\" data-caption=\"Tischdekoration im Kursaal Bad Wurzach\"><img decoding=\"async\" src=\"https:\/\/www.blumen-schwarz.de\/aktuell\/wp-content\/uploads\/2017\/01\/P1380931.jpg\" data-caption=\"Gef\u00e4\u00dff\u00fcllung: Renautriaabschnitte dienen als Halterung. Dazwischen Nelken, Anthurien, Gloriosa, Rosen...gesteckt\"><img decoding=\"async\" src=\"https:\/\/www.blumen-schwarz.de\/aktuell\/wp-content\/uploads\/2017\/01\/IMG_0024.jpg\" data-caption=\"\"><img decoding=\"async\" src=\"https:\/\/www.blumen-schwarz.de\/aktuell\/wp-content\/uploads\/2017\/01\/unsortiert_064-3.jpg\" data-caption=\"Rosen\/Blumenkugeln zur Tischdekoration\"><img decoding=\"async\" src=\"https:\/\/www.blumen-schwarz.de\/aktuell\/wp-content\/uploads\/2017\/01\/IMG_0025.jpg\" data-caption=\"Fr\u00fchlingshafte Tischdekoartion mit Tulpen und Hornveilchen\"><img decoding=\"async\" src=\"https:\/\/www.blumen-schwarz.de\/aktuell\/wp-content\/uploads\/2017\/01\/IMG_0010.jpg\" data-caption=\"Rundes Tischgesteck mit Kerzenglas. Gearbeitet mt Minigerbera, Rosen, Hyazinthenbl\u00fcten, Freesien, Chrysanthemenbl\u00fcten und Schleierkraut\"><img decoding=\"async\" src=\"https:\/\/www.blumen-schwarz.de\/aktuell\/wp-content\/uploads\/2017\/01\/IMG_0026.jpg\" data-caption=\"\"><img decoding=\"async\" src=\"https:\/\/www.blumen-schwarz.de\/aktuell\/wp-content\/uploads\/2017\/01\/IMG_0023.jpg\" data-caption=\"Ein kleiner Fr\u00fchlingsgru\u00df als Tischdekoration\"><img decoding=\"async\" src=\"https:\/\/www.blumen-schwarz.de\/aktuell\/wp-content\/uploads\/2017\/01\/IMG_0014.jpg\" data-caption=\"L\u00e4nglich gearbeitetes Blumengesteck mit kleinbl\u00fcten Calla, Schleierkraut und Gr\u00fcn\"><img decoding=\"async\" src=\"https:\/\/www.blumen-schwarz.de\/aktuell\/wp-content\/uploads\/2017\/01\/atropfenform_056.jpg\" data-caption=\"\"><img decoding=\"async\" src=\"https:\/\/www.blumen-schwarz.de\/aktuell\/wp-content\/uploads\/2017\/01\/atropfenform_055.jpg\" data-caption=\"\"><img decoding=\"async\" src=\"https:\/\/www.blumen-schwarz.de\/aktuell\/wp-content\/uploads\/2017\/01\/atropfenform_054.jpg\" data-caption=\"\"><img decoding=\"async\" src=\"https:\/\/www.blumen-schwarz.de\/aktuell\/wp-content\/uploads\/2017\/01\/atropfenform_053.jpg\" data-caption=\"\"><img decoding=\"async\" src=\"https:\/\/www.blumen-schwarz.de\/aktuell\/wp-content\/uploads\/2017\/01\/atropfenform_046.jpg\" data-caption=\"\"><img decoding=\"async\" src=\"https:\/\/www.blumen-schwarz.de\/aktuell\/wp-content\/uploads\/2017\/01\/atropfenform_045.jpg\" data-caption=\"\"><img decoding=\"async\" src=\"https:\/\/www.blumen-schwarz.de\/aktuell\/wp-content\/uploads\/2017\/01\/atropfenform_034.jpg\" data-caption=\"\"><img decoding=\"async\" src=\"https:\/\/www.blumen-schwarz.de\/aktuell\/wp-content\/uploads\/2017\/01\/atropfenform_044.jpg\" data-caption=\"\"><img decoding=\"async\" src=\"https:\/\/www.blumen-schwarz.de\/aktuell\/wp-content\/uploads\/2017\/01\/IMG_2810.jpg\" data-caption=\"\"><img decoding=\"async\" src=\"https:\/\/www.blumen-schwarz.de\/aktuell\/wp-content\/uploads\/2017\/01\/atropfenform_033.jpg\" data-caption=\"\"><img decoding=\"async\" src=\"https:\/\/www.blumen-schwarz.de\/aktuell\/wp-content\/uploads\/2017\/01\/atropfenform_032.jpg\" data-caption=\"\"><img decoding=\"async\" src=\"https:\/\/www.blumen-schwarz.de\/aktuell\/wp-content\/uploads\/2017\/01\/IMG_2809.jpg\" data-caption=\"\"><img decoding=\"async\" src=\"https:\/\/www.blumen-schwarz.de\/aktuell\/wp-content\/uploads\/2017\/01\/img_0039.jpg\" data-caption=\"\"><img decoding=\"async\" src=\"https:\/\/www.blumen-schwarz.de\/aktuell\/wp-content\/uploads\/2017\/01\/IMG_2804.jpg\" data-caption=\"\"><img decoding=\"async\" src=\"https:\/\/www.blumen-schwarz.de\/aktuell\/wp-content\/uploads\/2017\/01\/img_0124.jpg\" data-caption=\"Tischdekoration w\u00e4hrend der Adventszeit\"><img decoding=\"async\" src=\"https:\/\/www.blumen-schwarz.de\/aktuell\/wp-content\/uploads\/2017\/01\/img_0122.jpg\" data-caption=\"Tischdekoration w\u00e4hrend der Adventszeit\"><img decoding=\"async\" src=\"https:\/\/www.blumen-schwarz.de\/aktuell\/wp-content\/uploads\/2017\/01\/img_122.jpg\" data-caption=\"Tischdekoration w\u00e4hrend der Adventszeit\"><img decoding=\"async\" src=\"https:\/\/www.blumen-schwarz.de\/aktuell\/wp-content\/uploads\/2017\/01\/img_121.jpg\" data-caption=\"Tischdekoration w\u00e4hrend der Adventszeit\"><img decoding=\"async\" src=\"https:\/\/www.blumen-schwarz.de\/aktuell\/wp-content\/uploads\/2017\/01\/unsortiert-052-e1594818460391.jpg\" data-caption=\"Tischdekoration\"><img decoding=\"async\" src=\"https:\/\/www.blumen-schwarz.de\/aktuell\/wp-content\/uploads\/2017\/01\/img_0133.jpg\" data-caption=\"Tischdekoration\"><img decoding=\"async\" src=\"https:\/\/www.blumen-schwarz.de\/aktuell\/wp-content\/uploads\/2017\/01\/unsortiert-060.jpg\" data-caption=\"Tischdekoration\"><img decoding=\"async\" src=\"https:\/\/www.blumen-schwarz.de\/aktuell\/wp-content\/uploads\/2017\/01\/img_0131.jpg\" data-caption=\"Tischdekoration\"><img decoding=\"async\" src=\"https:\/\/www.blumen-schwarz.de\/aktuell\/wp-content\/uploads\/2017\/01\/img_0125.jpg\" data-caption=\"Tischdekoration\"><img decoding=\"async\" src=\"https:\/\/www.blumen-schwarz.de\/aktuell\/wp-content\/uploads\/2017\/01\/img_0128.jpg\" data-caption=\"Tischdekoration\"><img decoding=\"async\" src=\"https:\/\/www.blumen-schwarz.de\/aktuell\/wp-content\/uploads\/2017\/01\/img_0120.jpg\" data-caption=\"Tischdekoration\"><img decoding=\"async\" src=\"https:\/\/www.blumen-schwarz.de\/aktuell\/wp-content\/uploads\/2017\/01\/img_0121.jpg\" data-caption=\"Tischdekoration\"><img decoding=\"async\" src=\"https:\/\/www.blumen-schwarz.de\/aktuell\/wp-content\/uploads\/2017\/01\/img_0119.jpg\" data-caption=\"Tischdekoration\"><img decoding=\"async\" src=\"https:\/\/www.blumen-schwarz.de\/aktuell\/wp-content\/uploads\/2017\/01\/tischdekoration-002.jpg\" data-caption=\"Das Foto wurde uns vom Brautpaar Artes, Roth zur Verf\u00fcgung gestellt. Herzlichen Dank daf\u00fcr.\"><img decoding=\"async\" src=\"https:\/\/www.blumen-schwarz.de\/aktuell\/wp-content\/uploads\/2017\/01\/tischdekoration-003.jpg\" data-caption=\"Das Foto wurde uns vom Brautpaar Artes, Roth zur Verf\u00fcgung gestellt. Herzlichen Dank daf\u00fcr.\"><img decoding=\"async\" src=\"https:\/\/www.blumen-schwarz.de\/aktuell\/wp-content\/uploads\/2017\/01\/tischdekoration-001.jpg\" data-caption=\"Das Foto wurde uns vom Brautpaar Artes, Roth zur Verf\u00fcgung gestellt. Herzlichen Dank daf\u00fcr.\"><img decoding=\"async\" src=\"https:\/\/www.blumen-schwarz.de\/aktuell\/wp-content\/uploads\/2017\/01\/img_1825.jpg\" data-caption=\"Tischdekoration f\u00fcr eine festliche Feier\"><img decoding=\"async\" src=\"https:\/\/www.blumen-schwarz.de\/aktuell\/wp-content\/uploads\/2017\/01\/img_1824.jpg\" data-caption=\"Tischdekoration f\u00fcr eine festliche Feier\"><img decoding=\"async\" src=\"https:\/\/www.blumen-schwarz.de\/aktuell\/wp-content\/uploads\/2017\/01\/img_1826.jpg\" data-caption=\"Tischdekoration f\u00fcr eine festliche Feier\"><img decoding=\"async\" src=\"https:\/\/www.blumen-schwarz.de\/aktuell\/wp-content\/uploads\/2017\/01\/img_1823.jpg\" data-caption=\"Tischdekoration f\u00fcr eine festliche Feier\"><img decoding=\"async\" src=\"https:\/\/www.blumen-schwarz.de\/aktuell\/wp-content\/uploads\/2017\/01\/img_1822.jpg\" data-caption=\"Tischdekoration f\u00fcr eine festliche Feier\"><img decoding=\"async\" src=\"https:\/\/www.blumen-schwarz.de\/aktuell\/wp-content\/uploads\/2017\/01\/tischdekoration-016.jpg\" data-caption=\"Muster Tischdekoration von unserem Tag der offenen G\u00e4rtnerei 2007\"><img decoding=\"async\" src=\"https:\/\/www.blumen-schwarz.de\/aktuell\/wp-content\/uploads\/2017\/01\/tischdekoration-017.jpg\" data-caption=\"Muster Tischdekoration von unserem Tag der offenen G\u00e4rtnerei 2007\"><img decoding=\"async\" src=\"https:\/\/www.blumen-schwarz.de\/aktuell\/wp-content\/uploads\/2017\/01\/tischdekoration-019.jpg\" data-caption=\"Muster Tischdekoration von unserem Tag der offenen G\u00e4rtnerei 2007\"><img decoding=\"async\" src=\"https:\/\/www.blumen-schwarz.de\/aktuell\/wp-content\/uploads\/2017\/01\/tischdekoration-018.jpg\" data-caption=\"Muster Tischdekoration von unserem Tag der offenen G\u00e4rtnerei 2007\"><img decoding=\"async\" src=\"https:\/\/www.blumen-schwarz.de\/aktuell\/wp-content\/uploads\/2017\/01\/tischdekoration-020.jpg\" data-caption=\"Muster Tischdekoration von unserem Tag der offenen G\u00e4rtnerei 2007\"><img decoding=\"async\" src=\"https:\/\/www.blumen-schwarz.de\/aktuell\/wp-content\/uploads\/2017\/01\/tischdekoration-025.jpg\" data-caption=\"Tischdekoration zum Nachmachen von unserem Tag der offenen G\u00e4rtnerei 2007.\"><img decoding=\"async\" src=\"https:\/\/www.blumen-schwarz.de\/aktuell\/wp-content\/uploads\/2017\/01\/tischdekoration-026.jpg\" data-caption=\"Tischdekoration zum Nachmachen von unserem Tag der offenen G\u00e4rtnerei 2007.\"><img decoding=\"async\" src=\"https:\/\/www.blumen-schwarz.de\/aktuell\/wp-content\/uploads\/2017\/01\/tischdekoration-028.jpg\" data-caption=\"Tischdekoration zum Nachmachen von unserem Tag der offenen G\u00e4rtnerei 2007.\"><img decoding=\"async\" src=\"https:\/\/www.blumen-schwarz.de\/aktuell\/wp-content\/uploads\/2017\/01\/tischdekoration-027.jpg\" data-caption=\"Tischdekoration zum Nachmachen von unserem Tag der offenen G\u00e4rtnerei 2007.\"><img decoding=\"async\" src=\"https:\/\/www.blumen-schwarz.de\/aktuell\/wp-content\/uploads\/2017\/01\/tischdekoration-030.jpg\" data-caption=\"Tischdekoration zum Nachmachen von unserem Tag der offenen G\u00e4rtnerei 2007.\"><img decoding=\"async\" src=\"https:\/\/www.blumen-schwarz.de\/aktuell\/wp-content\/uploads\/2017\/01\/tischdekoration-029.jpg\" data-caption=\"Tischdekoration zum Nachmachen von unserem Tag der offenen G\u00e4rtnerei 2007.\"><img decoding=\"async\" src=\"https:\/\/www.blumen-schwarz.de\/aktuell\/wp-content\/uploads\/2017\/01\/tischdekoration-031.jpg\" data-caption=\"Tischdekoration zum Nachmachen von unserem Tag der offenen G\u00e4rtnerei 2007.\"><img decoding=\"async\" src=\"https:\/\/www.blumen-schwarz.de\/aktuell\/wp-content\/uploads\/2017\/01\/tischdekoration-006.jpg\" data-caption=\"Tischdekoration\"><img decoding=\"async\" src=\"https:\/\/www.blumen-schwarz.de\/aktuell\/wp-content\/uploads\/2017\/01\/tischdekoration-010.jpg\" data-caption=\"Tischdekoration\"><img decoding=\"async\" src=\"https:\/\/www.blumen-schwarz.de\/aktuell\/wp-content\/uploads\/2017\/01\/tischdekoration-005.jpg\" data-caption=\"Tischdekoration\"><img decoding=\"async\" src=\"https:\/\/www.blumen-schwarz.de\/aktuell\/wp-content\/uploads\/2017\/01\/tischdekoration-008.jpg\" data-caption=\"Tischdekoration\"><img decoding=\"async\" src=\"https:\/\/www.blumen-schwarz.de\/aktuell\/wp-content\/uploads\/2017\/01\/tischdekoration-009.jpg\" data-caption=\"Tischdekoration\"><img decoding=\"async\" src=\"https:\/\/www.blumen-schwarz.de\/aktuell\/wp-content\/uploads\/2017\/01\/tischdekoration-007.jpg\" data-caption=\"Tischdekoration\"><img decoding=\"async\" src=\"https:\/\/www.blumen-schwarz.de\/aktuell\/wp-content\/uploads\/2017\/01\/tischdekoration-042.jpg\" data-caption=\"Tischdekoration\"><img decoding=\"async\" src=\"https:\/\/www.blumen-schwarz.de\/aktuell\/wp-content\/uploads\/2017\/01\/tischdekoration-041.jpg\" data-caption=\"Tischdekoration\"><img decoding=\"async\" src=\"https:\/\/www.blumen-schwarz.de\/aktuell\/wp-content\/uploads\/2017\/01\/tischdekoration-033.jpg\" data-caption=\"Tischdekoration\"><img decoding=\"async\" src=\"https:\/\/www.blumen-schwarz.de\/aktuell\/wp-content\/uploads\/2017\/01\/tischdekoration-032.jpg\" data-caption=\"Tischdekoration\"><img decoding=\"async\" src=\"https:\/\/www.blumen-schwarz.de\/aktuell\/wp-content\/uploads\/2017\/01\/tischdekoration-034.jpg\" data-caption=\"Tischdekoration\"><img decoding=\"async\" src=\"https:\/\/www.blumen-schwarz.de\/aktuell\/wp-content\/uploads\/2017\/01\/tischdekoration-035.jpg\" data-caption=\"Tischdekoration\"><img decoding=\"async\" src=\"https:\/\/www.blumen-schwarz.de\/aktuell\/wp-content\/uploads\/2017\/01\/tischdekoration-036.jpg\" data-caption=\"Tischdekoration\"><img decoding=\"async\" src=\"https:\/\/www.blumen-schwarz.de\/aktuell\/wp-content\/uploads\/2017\/01\/tischdekoration-037.jpg\" data-caption=\"Tischdekoration\"><img decoding=\"async\" src=\"https:\/\/www.blumen-schwarz.de\/aktuell\/wp-content\/uploads\/2017\/01\/tischdekoration-038.jpg\" data-caption=\"Tischdekoration\"><img decoding=\"async\" src=\"https:\/\/www.blumen-schwarz.de\/aktuell\/wp-content\/uploads\/2017\/01\/tischdekoration-013.jpg\" data-caption=\"Tischdekoration\"><img decoding=\"async\" src=\"https:\/\/www.blumen-schwarz.de\/aktuell\/wp-content\/uploads\/2017\/01\/tischdekoration-012.jpg\" data-caption=\"Tischdekoration\"><img decoding=\"async\" src=\"https:\/\/www.blumen-schwarz.de\/aktuell\/wp-content\/uploads\/2017\/01\/tischdekoration-011.jpg\" data-caption=\"Tischdekoration\"><img decoding=\"async\" src=\"https:\/\/www.blumen-schwarz.de\/aktuell\/wp-content\/uploads\/2017\/01\/tischdekoration-014.jpg\" data-caption=\"Tischdekoration\"><img decoding=\"async\" src=\"https:\/\/www.blumen-schwarz.de\/aktuell\/wp-content\/uploads\/2017\/01\/tischdekoration-015.jpg\" data-caption=\"Tischdekoration\"><img decoding=\"async\" src=\"https:\/\/www.blumen-schwarz.de\/aktuell\/wp-content\/uploads\/2017\/01\/tischdekoration-021.jpg\" data-caption=\"Tischdekoration\"><img decoding=\"async\" src=\"https:\/\/www.blumen-schwarz.de\/aktuell\/wp-content\/uploads\/2017\/01\/tischdekoration-022.jpg\" data-caption=\"Tischdekoration\"><img decoding=\"async\" src=\"https:\/\/www.blumen-schwarz.de\/aktuell\/wp-content\/uploads\/2017\/01\/tischdekoration-023.jpg\" data-caption=\"Tischdekoration\"><img decoding=\"async\" src=\"https:\/\/www.blumen-schwarz.de\/aktuell\/wp-content\/uploads\/2017\/01\/tischdekoration-024.jpg\" data-caption=\"Tischdekoration\"><img decoding=\"async\" src=\"https:\/\/www.blumen-schwarz.de\/aktuell\/wp-content\/uploads\/2017\/01\/tischdekoration-039.jpg\" data-caption=\"Tischdekoration\"><img decoding=\"async\" src=\"https:\/\/www.blumen-schwarz.de\/aktuell\/wp-content\/uploads\/2017\/01\/tischdekoration-040.jpg\" data-caption=\"Tischdekoration\"><img decoding=\"async\" src=\"https:\/\/www.blumen-schwarz.de\/aktuell\/wp-content\/uploads\/2017\/01\/tischdekoration-004.jpg\" data-caption=\"Tischdekoration\">\t\t<\/div>\r\n\t\t\n<h4><div class=\"menu-hochzeit-container\"><ul id=\"Hochzeit\" class=\"menu\"><li id=\"menu-item-3105\" class=\"menu-item menu-item-type-custom menu-item-object-custom menu-item-home menu-item-3105\"><a href=\"https:\/\/www.blumen-schwarz.de\/aktuell\/\">Startseite<\/a><\/li>\n<li id=\"menu-item-3000\" class=\"menu-item menu-item-type-post_type menu-item-object-page menu-item-has-children menu-item-3000\"><a href=\"https:\/\/www.blumen-schwarz.de\/aktuell\/floristik\/hochzeitsfloristik\/\">Hochzeitsfloristik<\/a>\n<ul class=\"sub-menu\">\n\t<li id=\"menu-item-3461\" class=\"menu-item menu-item-type-post_type menu-item-object-page menu-item-3461\"><a href=\"https:\/\/www.blumen-schwarz.de\/aktuell\/floristik\/hochzeitsfloristik\/exklusive-hochzeitsfloristik\/\">etwas Besonderes<\/a><\/li>\n\t<li id=\"menu-item-3026\" class=\"menu-item menu-item-type-post_type menu-item-object-page menu-item-3026\"><a href=\"https:\/\/www.blumen-schwarz.de\/aktuell\/floristik\/hochzeitsfloristik\/haarschmuck-ringe-und-anstecker\/\">Haarschmuck, Ringe, Anstecker und weiteres<\/a><\/li>\n\t<li id=\"menu-item-4220\" class=\"menu-item menu-item-type-post_type menu-item-object-page menu-item-4220\"><a href=\"https:\/\/www.blumen-schwarz.de\/aktuell\/floristik\/hochzeitsfloristik\/tischschmuck\/\">Tischschmuck<\/a><\/li>\n<\/ul>\n<\/li>\n<li id=\"menu-item-3442\" class=\"menu-item menu-item-type-post_type menu-item-object-page menu-item-has-children menu-item-3442\"><a href=\"https:\/\/www.blumen-schwarz.de\/aktuell\/floristik\/hochzeitsfloristik\/\">Brautstr\u00e4u\u00dfe<\/a>\n<ul class=\"sub-menu\">\n\t<li id=\"menu-item-3633\" class=\"menu-item menu-item-type-custom menu-item-object-custom menu-item-3633\"><a href=\"https:\/\/www.blumen-schwarz.de\/aktuell\/floristik\/hochzeitsfloristik\/\">Kurz und rund gebunden<\/a><\/li>\n\t<li id=\"menu-item-3634\" class=\"menu-item menu-item-type-custom menu-item-object-custom menu-item-3634\"><a href=\"https:\/\/www.blumen-schwarz.de\/aktuell\/floristik\/hochzeitsfloristik\/2\/\">Wasserfall- und Tropfenform<\/a><\/li>\n\t<li id=\"menu-item-3635\" class=\"menu-item menu-item-type-custom menu-item-object-custom menu-item-3635\"><a href=\"https:\/\/www.blumen-schwarz.de\/aktuell\/floristik\/hochzeitsfloristik\/3\/\">Brautzepter<\/a><\/li>\n\t<li id=\"menu-item-3636\" class=\"menu-item menu-item-type-custom menu-item-object-custom menu-item-3636\"><a href=\"https:\/\/www.blumen-schwarz.de\/aktuell\/floristik\/hochzeitsfloristik\/4\/\">Sonderformen<\/a><\/li>\n<\/ul>\n<\/li>\n<li id=\"menu-item-3218\" class=\"menu-item menu-item-type-post_type menu-item-object-page menu-item-has-children menu-item-3218\"><a href=\"https:\/\/www.blumen-schwarz.de\/aktuell\/floristik\/hochzeitsfloristik\/autoschmuck\/\">Autoschmuck<\/a>\n<ul class=\"sub-menu\">\n\t<li id=\"menu-item-3650\" class=\"menu-item menu-item-type-custom menu-item-object-custom menu-item-3650\"><a href=\"https:\/\/www.blumen-schwarz.de\/aktuell\/floristik\/hochzeitsfloristik\/autoschmuck\/2\/\">Herzen, Ringe und Girlanden<\/a><\/li>\n\t<li id=\"menu-item-3649\" class=\"menu-item menu-item-type-custom menu-item-object-custom menu-item-3649\"><a href=\"https:\/\/www.blumen-schwarz.de\/aktuell\/floristik\/hochzeitsfloristik\/autoschmuck\/1\/\">blumig<\/a><\/li>\n\t<li id=\"menu-item-3651\" class=\"menu-item menu-item-type-custom menu-item-object-custom menu-item-3651\"><a href=\"https:\/\/www.blumen-schwarz.de\/aktuell\/floristik\/hochzeitsfloristik\/autoschmuck\/3\/\">grafisch<\/a><\/li>\n<\/ul>\n<\/li>\n<li id=\"menu-item-254077\" class=\"menu-item menu-item-type-post_type menu-item-object-page menu-item-privacy-policy menu-item-254077\"><a rel=\"privacy-policy\" href=\"https:\/\/www.blumen-schwarz.de\/aktuell\/ueber-uns\/impressum\/\">Impressum und Kontakt<\/a><\/li>\n<\/ul><\/div><\/h4>\n","protected":false},"excerpt":{"rendered":"<p>Nur Blumen machen ein festliches Essen wirklich festlich.<\/p>\n","protected":false},"author":2,"featured_media":0,"parent":127,"menu_order":0,"comment_status":"closed","ping_status":"closed","template":"","meta":{"inline_featured_image":false,"footnotes":""},"class_list":["post-4215","page","type-page","status-publish","hentry","thunk-woo-product-list","open-woo-hover-zoom","open-single-product-tab-horizontal","open-shadow-","open-shadow-hover-"],"_links":{"self":[{"href":"https:\/\/www.blumen-schwarz.de\/aktuell\/wp-json\/wp\/v2\/pages\/4215","targetHints":{"allow":["GET"]}}],"collection":[{"href":"https:\/\/www.blumen-schwarz.de\/aktuell\/wp-json\/wp\/v2\/pages"}],"about":[{"href":"https:\/\/www.blumen-schwarz.de\/aktuell\/wp-json\/wp\/v2\/types\/page"}],"author":[{"embeddable":true,"href":"https:\/\/www.blumen-schwarz.de\/aktuell\/wp-json\/wp\/v2\/users\/2"}],"replies":[{"embeddable":true,"href":"https:\/\/www.blumen-schwarz.de\/aktuell\/wp-json\/wp\/v2\/comments?post=4215"}],"version-history":[{"count":0,"href":"https:\/\/www.blumen-schwarz.de\/aktuell\/wp-json\/wp\/v2\/pages\/4215\/revisions"}],"up":[{"embeddable":true,"href":"https:\/\/www.blumen-schwarz.de\/aktuell\/wp-json\/wp\/v2\/pages\/127"}],"wp:attachment":[{"href":"https:\/\/www.blumen-schwarz.de\/aktuell\/wp-json\/wp\/v2\/media?parent=4215"}],"curies":[{"name":"wp","href":"https:\/\/api.w.org\/{rel}","templated":true}]}}