{"id":3839,"date":"2017-01-05T17:40:22","date_gmt":"2017-01-05T16:40:22","guid":{"rendered":"https:\/\/www.blumen-schwarz.de\/aktuell\/?page_id=3839"},"modified":"2017-01-05T17:48:23","modified_gmt":"2017-01-05T16:48:23","slug":"service","status":"publish","type":"page","link":"https:\/\/www.blumen-schwarz.de\/aktuell\/floristik\/trauerfloristik\/service\/","title":{"rendered":"Service"},"content":{"rendered":"<p>Selbstverst\u00e4ndlich geh\u00f6rt bei uns der Lieferservice zum Standard. Wir beliefern alle Schwabacher und N\u00fcrnberger Friedh\u00f6fe (und selbstverst\u00e4ndlich auch die kleineren Friedh\u00f6fe auf den umliegenden D\u00f6rfern). Kranzst\u00e4nder, Lorbeerb\u00e4ume, Wurfschale etc. werden von uns stilvoll dekoriert. Auf Wunsch \u00fcbernehmen wir auch die Kapellendekoration, bzw. den Blumenschmuck in der Aufbarungshalle.<\/p>\n<p>Auch nach der Beerdigung sind wir f\u00fcr Sie da. Auf Wunsch erledigen wir alle weiteren Arbeiten, \u00fcbernehmen die <a href=\"https:\/\/www.blumen-schwarz.de\/aktuell\/gartenbau\/grabpflege\/\">Neuanlage und \/ oder Pflege Ihres Grabes.<\/a><\/p>\n","protected":false},"excerpt":{"rendered":"<p>Selbstverst\u00e4ndlich geh\u00f6rt bei uns der Lieferservice zum Standard. Wir beliefern alle Schwabacher und N\u00fcrnberger Friedh\u00f6fe &hellip;<\/p>\n<p class=\"read-more\"> <a class=\" thunk-readmore button \" href=\"https:\/\/www.blumen-schwarz.de\/aktuell\/floristik\/trauerfloristik\/service\/\"> <span class=\"screen-reader-text\">Service<\/span>weiterlesen<\/a><\/p>\n","protected":false},"author":2,"featured_media":0,"parent":134,"menu_order":0,"comment_status":"closed","ping_status":"closed","template":"","meta":{"inline_featured_image":false,"footnotes":""},"class_list":["post-3839","page","type-page","status-publish","hentry","thunk-woo-product-list","open-woo-hover-zoom","open-single-product-tab-horizontal","open-shadow-","open-shadow-hover-"],"_links":{"self":[{"href":"https:\/\/www.blumen-schwarz.de\/aktuell\/wp-json\/wp\/v2\/pages\/3839","targetHints":{"allow":["GET"]}}],"collection":[{"href":"https:\/\/www.blumen-schwarz.de\/aktuell\/wp-json\/wp\/v2\/pages"}],"about":[{"href":"https:\/\/www.blumen-schwarz.de\/aktuell\/wp-json\/wp\/v2\/types\/page"}],"author":[{"embeddable":true,"href":"https:\/\/www.blumen-schwarz.de\/aktuell\/wp-json\/wp\/v2\/users\/2"}],"replies":[{"embeddable":true,"href":"https:\/\/www.blumen-schwarz.de\/aktuell\/wp-json\/wp\/v2\/comments?post=3839"}],"version-history":[{"count":0,"href":"https:\/\/www.blumen-schwarz.de\/aktuell\/wp-json\/wp\/v2\/pages\/3839\/revisions"}],"up":[{"embeddable":true,"href":"https:\/\/www.blumen-schwarz.de\/aktuell\/wp-json\/wp\/v2\/pages\/134"}],"wp:attachment":[{"href":"https:\/\/www.blumen-schwarz.de\/aktuell\/wp-json\/wp\/v2\/media?parent=3839"}],"curies":[{"name":"wp","href":"https:\/\/api.w.org\/{rel}","templated":true}]}}