{"id":3675,"date":"2017-01-05T14:57:36","date_gmt":"2017-01-05T13:57:36","guid":{"rendered":"https:\/\/www.blumen-schwarz.de\/aktuell\/?page_id=3675"},"modified":"2017-01-05T18:54:54","modified_gmt":"2017-01-05T17:54:54","slug":"sargschmuck","status":"publish","type":"page","link":"https:\/\/www.blumen-schwarz.de\/aktuell\/floristik\/trauerfloristik\/sargschmuck\/","title":{"rendered":"Sargschmuck"},"content":{"rendered":"<h2>au\u00dfergew\u00f6hnliche Formen \/ Gestaltungen<\/h2>\n\t\t<div class=\"fotorama responsive-image-silder\"\r\n\t\t\tdata-width=80%\t\t\t\t\t\t\t\t\tdata-height=\"\"\t\t\t\t\t\t\t\t\t\t\t\t\t\t\t\t\t\tdata-nav=thumbs\t\t\t\t\t\tdata-navposition=bottom\t\t\t\t\t\t\t\t\t\t\t\tdata-thumbborderwidth=3\t\t\tdata-allowfullscreen=native\t\t\tdata-fit=scaledown\t\t\tdata-thumbfit=cover\t\t\tdata-transition=slide\t\t\tdata-click=true \r\n\t\t\tdata-transitionduration=500\t\t\t\t\t\tcaption\t\t\tdata-hash=true\t\t\tdata-autoplay=true\t\t\tdata-stopautoplayontouch=true\t\t\tdata-loop=true\t\t\tdata-keyboard=true\t\t\tdata-arrow=true\t\t\tdata-click=true\t\t\tdata-swipe=true\t\t\tdata-trackpad=true\t\t\tdata-shuffle=false\t\t\tdata-direction=ltr\t\t\tdata-spinner=true\t\t\t>\r\n\t\t\t<img decoding=\"async\" src=\"https:\/\/www.blumen-schwarz.de\/aktuell\/wp-content\/uploads\/2017\/01\/hortensien-rosen-deko_043_v1.jpg\" data-caption=\"komplette Sargdecke\"><img decoding=\"async\" src=\"https:\/\/www.blumen-schwarz.de\/aktuell\/wp-content\/uploads\/2017\/01\/atropfenform_002.jpg\" data-caption=\"\"><img decoding=\"async\" src=\"https:\/\/www.blumen-schwarz.de\/aktuell\/wp-content\/uploads\/2017\/01\/atropfenform_003.jpg\" data-caption=\"\"><img decoding=\"async\" src=\"https:\/\/www.blumen-schwarz.de\/aktuell\/wp-content\/uploads\/2017\/01\/P1130435.jpg\" data-caption=\"\"><img decoding=\"async\" src=\"https:\/\/www.blumen-schwarz.de\/aktuell\/wp-content\/uploads\/2017\/01\/IMG_0075.jpg\" data-caption=\"\"><img decoding=\"async\" src=\"https:\/\/www.blumen-schwarz.de\/aktuell\/wp-content\/uploads\/2017\/01\/img_0012.jpg\" data-caption=\"Sargbukett mit Strelitzien, Steppenkerze und blauem Rittersporn\"><img decoding=\"async\" src=\"https:\/\/www.blumen-schwarz.de\/aktuell\/wp-content\/uploads\/2017\/01\/IMG_0056_v1.jpg\" data-caption=\"\"><img decoding=\"async\" src=\"https:\/\/www.blumen-schwarz.de\/aktuell\/wp-content\/uploads\/2017\/01\/img_0008.jpg\" data-caption=\"\"><img decoding=\"async\" src=\"https:\/\/www.blumen-schwarz.de\/aktuell\/wp-content\/uploads\/2017\/01\/IMG_0070_v1.jpg\" data-caption=\"\"><img decoding=\"async\" src=\"https:\/\/www.blumen-schwarz.de\/aktuell\/wp-content\/uploads\/2017\/01\/img_0079.jpg\" data-caption=\"quer \u00fcberh\u00e4ngendes Sargbukett\"><img decoding=\"async\" src=\"https:\/\/www.blumen-schwarz.de\/aktuell\/wp-content\/uploads\/2017\/01\/img_0080.jpg\" data-caption=\"quer \u00fcberh\u00e4ngendes Sargbukett\"><img decoding=\"async\" src=\"https:\/\/www.blumen-schwarz.de\/aktuell\/wp-content\/uploads\/2017\/01\/sargbukett-023.jpg\" data-caption=\"\"><img decoding=\"async\" src=\"https:\/\/www.blumen-schwarz.de\/aktuell\/wp-content\/uploads\/2017\/01\/sargbukett-004.jpg\" data-caption=\"Werkst\u00fcck \/ Pflanze wurde auf der Internationalen Pflanzen Messe (IPM 2008) fotografiert.\"><img decoding=\"async\" src=\"https:\/\/www.blumen-schwarz.de\/aktuell\/wp-content\/uploads\/2017\/01\/sargbukett-005.jpg\" data-caption=\"Sarggirlande, geschwungen \u00fcber den Sarg laufen\"><img decoding=\"async\" src=\"https:\/\/www.blumen-schwarz.de\/aktuell\/wp-content\/uploads\/2017\/01\/sargbukett-015.jpg\" data-caption=\"Herzform, nach der Beerdigung sehr sch\u00f6n auf dem Grab, auf dem Sarg weniger dekorativ, da die Seitenansicht fehlt.\"><img decoding=\"async\" src=\"https:\/\/www.blumen-schwarz.de\/aktuell\/wp-content\/uploads\/2017\/01\/sargbukett-011.jpg\" data-caption=\"duftiges Sargbukett mit Schleierkrautumhang\"><img decoding=\"async\" src=\"https:\/\/www.blumen-schwarz.de\/aktuell\/wp-content\/uploads\/2017\/01\/sargbukett-016.jpg\" data-caption=\"Herzform, nach der Beerdigung sehr sch\u00f6n auf dem Grab, auf dem Sarg weniger dekorativ, da die Seitenansicht fehlt.\"><img decoding=\"async\" src=\"https:\/\/www.blumen-schwarz.de\/aktuell\/wp-content\/uploads\/2017\/01\/sargbukett-019.jpg\" data-caption=\"Sargbukett mit wei\u00dfen Phalaenopsis - sehr elegant und wirkungsvoll\"><img decoding=\"async\" src=\"https:\/\/www.blumen-schwarz.de\/aktuell\/wp-content\/uploads\/2017\/01\/sargbukett-026.jpg\" data-caption=\"Lockere Sarggirlande,\npassend zum Farbton des Sarges.\"><img decoding=\"async\" src=\"https:\/\/www.blumen-schwarz.de\/aktuell\/wp-content\/uploads\/2017\/01\/sargbukett-006.jpg\" data-caption=\"Seitlich h\u00e4ngende Herzen mit kleinen Schleifen. Wirklich pers\u00f6nlich, weil alle direkten Hinterbliebene ein Herz am Sarg h\u00e4ngen haben. \nEtwas problematisch von der Dekoration her, weil in der Kapelle nur das vorderste Herz gesehen wird.\"><img decoding=\"async\" src=\"https:\/\/www.blumen-schwarz.de\/aktuell\/wp-content\/uploads\/2017\/01\/sargbukett-022.jpg\" data-caption=\"Sargdekoration aus 3 gesteckten \nHerzen. Nachher sehr sch\u00f6n auf dem Grab, auf dem Sarg wirkt es nur bedingt (Seitenansicht fehlt).\"><img decoding=\"async\" src=\"https:\/\/www.blumen-schwarz.de\/aktuell\/wp-content\/uploads\/2017\/01\/sargbukett-025.jpg\" data-caption=\"Sargdekoration aus 3 gesteckten \nHerzen. Nachher sehr sch\u00f6n auf dem Grab, auf dem Sarg wirkt es nur bedingt (Seitenansicht fehlt).\"><img decoding=\"async\" src=\"https:\/\/www.blumen-schwarz.de\/aktuell\/wp-content\/uploads\/2017\/01\/sargbukett-014.jpg\" data-caption=\"Sargschmuck mit Anthurien und Maranthen\"><img decoding=\"async\" src=\"https:\/\/www.blumen-schwarz.de\/aktuell\/wp-content\/uploads\/2017\/01\/sargbukett-012.jpg\" data-caption=\"Sargschmuck mit Anthurien und Maranthen\"><img decoding=\"async\" src=\"https:\/\/www.blumen-schwarz.de\/aktuell\/wp-content\/uploads\/2017\/01\/sargbukett-003.jpg\" data-caption=\"Sarggirlande quer \u00fcber den Sarg laufen\">\t\t<\/div>\r\n\t\t\n<h4><div class=\"menu-trauer-container\"><ul id=\"Trauer\" class=\"menu\"><li id=\"menu-item-3668\" class=\"menu-item menu-item-type-custom menu-item-object-custom menu-item-home menu-item-3668\"><a href=\"https:\/\/www.blumen-schwarz.de\/aktuell\/\">Startseite<\/a><\/li>\n<li id=\"menu-item-3702\" class=\"menu-item menu-item-type-post_type menu-item-object-page menu-item-has-children menu-item-3702\"><a href=\"https:\/\/www.blumen-schwarz.de\/aktuell\/floristik\/trauerfloristik\/trauerkraenze\/\">Blumengaben<\/a>\n<ul class=\"sub-menu\">\n\t<li id=\"menu-item-3703\" class=\"menu-item menu-item-type-custom menu-item-object-custom menu-item-3703\"><a href=\"https:\/\/www.blumen-schwarz.de\/aktuell\/floristik\/trauerfloristik\/Trauerkraenze\/1\/\">rundgesteckte Kr\u00e4nze<\/a><\/li>\n\t<li id=\"menu-item-3704\" class=\"menu-item menu-item-type-custom menu-item-object-custom menu-item-3704\"><a href=\"https:\/\/www.blumen-schwarz.de\/aktuell\/floristik\/trauerfloristik\/Trauerkraenze\/2\/\">gepflanzte Kr\u00e4nze<\/a><\/li>\n\t<li id=\"menu-item-3705\" class=\"menu-item menu-item-type-custom menu-item-object-custom menu-item-3705\"><a href=\"https:\/\/www.blumen-schwarz.de\/aktuell\/floristik\/trauerfloristik\/Trauerkraenze\/3\/\">klassische Kr\u00e4nze<\/a><\/li>\n\t<li id=\"menu-item-3696\" class=\"menu-item menu-item-type-post_type menu-item-object-page menu-item-3696\"><a href=\"https:\/\/www.blumen-schwarz.de\/aktuell\/floristik\/trauerfloristik\/kreuze-herzen\/\">Kreuze, Herzen<\/a><\/li>\n\t<li id=\"menu-item-3697\" class=\"menu-item menu-item-type-post_type menu-item-object-page menu-item-3697\"><a href=\"https:\/\/www.blumen-schwarz.de\/aktuell\/floristik\/trauerfloristik\/blumenbuketts\/\">Blumenbuketts<\/a><\/li>\n\t<li id=\"menu-item-3725\" class=\"menu-item menu-item-type-custom menu-item-object-custom menu-item-3725\"><a href=\"https:\/\/www.blumen-schwarz.de\/aktuell\/floristik\/trauerfloristik\/trauerfloristik-im-winter\/\">im Winter<\/a><\/li>\n<\/ul>\n<\/li>\n<li id=\"menu-item-3698\" class=\"menu-item menu-item-type-post_type menu-item-object-page menu-item-has-children menu-item-3698\"><a href=\"https:\/\/www.blumen-schwarz.de\/aktuell\/floristik\/trauerfloristik\/sargschmuck\/\">Sargschmuck<\/a>\n<ul class=\"sub-menu\">\n\t<li id=\"menu-item-3708\" class=\"menu-item menu-item-type-custom menu-item-object-custom menu-item-3708\"><a href=\"https:\/\/www.blumen-schwarz.de\/aktuell\/floristik\/trauerfloristik\/sargschmuck\/1\/\">au\u00dfergew\u00f6hnlich<\/a><\/li>\n\t<li id=\"menu-item-3709\" class=\"menu-item menu-item-type-custom menu-item-object-custom menu-item-3709\"><a href=\"https:\/\/www.blumen-schwarz.de\/aktuell\/floristik\/trauerfloristik\/sargschmuck\/2\/\">klassisch<\/a><\/li>\n<\/ul>\n<\/li>\n<li id=\"menu-item-3695\" class=\"menu-item menu-item-type-post_type menu-item-object-page menu-item-3695\"><a href=\"https:\/\/www.blumen-schwarz.de\/aktuell\/floristik\/trauerfloristik\/urnenschmuck\/\">Urnenschmuck<\/a><\/li>\n<li id=\"menu-item-3706\" class=\"menu-item menu-item-type-custom menu-item-object-custom menu-item-has-children menu-item-3706\"><a href=\"https:\/\/www.blumen-schwarz.de\/aktuell\/floristik\/trauerfloristik\/kapellendekoration\/\">Dekoration<\/a>\n<ul class=\"sub-menu\">\n\t<li id=\"menu-item-3694\" class=\"menu-item menu-item-type-post_type menu-item-object-page menu-item-3694\"><a href=\"https:\/\/www.blumen-schwarz.de\/aktuell\/floristik\/trauerfloristik\/kapellendekoration\/\">Kapellendekoration<\/a><\/li>\n\t<li id=\"menu-item-3693\" class=\"menu-item menu-item-type-post_type menu-item-object-page menu-item-3693\"><a href=\"https:\/\/www.blumen-schwarz.de\/aktuell\/floristik\/trauerfloristik\/grabdekoration\/\">Grabdekoration<\/a><\/li>\n\t<li id=\"menu-item-3692\" class=\"menu-item menu-item-type-post_type menu-item-object-page menu-item-3692\"><a href=\"https:\/\/www.blumen-schwarz.de\/aktuell\/floristik\/trauerfloristik\/ausgefallene-trauerbinderei\/\">ausgefallene Trauerbinderei<\/a><\/li>\n<\/ul>\n<\/li>\n<li id=\"menu-item-3707\" class=\"menu-item menu-item-type-custom menu-item-object-custom menu-item-has-children menu-item-3707\"><a href=\"https:\/\/www.blumen-schwarz.de\/aktuell\/floristik\/trauerfloristik\/trauerschleifen\/\">weitere Informationen<\/a>\n<ul class=\"sub-menu\">\n\t<li id=\"menu-item-3849\" class=\"menu-item menu-item-type-post_type menu-item-object-page menu-item-3849\"><a href=\"https:\/\/www.blumen-schwarz.de\/aktuell\/floristik\/trauerfloristik\/service\/\">Service<\/a><\/li>\n\t<li id=\"menu-item-3701\" class=\"menu-item menu-item-type-post_type menu-item-object-page menu-item-3701\"><a href=\"https:\/\/www.blumen-schwarz.de\/aktuell\/floristik\/trauerfloristik\/trauerschleifen\/\">Trauerschleifen<\/a><\/li>\n\t<li id=\"menu-item-3700\" class=\"menu-item menu-item-type-post_type menu-item-object-page menu-item-3700\"><a href=\"https:\/\/www.blumen-schwarz.de\/aktuell\/floristik\/trauerfloristik\/trauerbraeuche\/\">Trauerbr\u00e4uche<\/a><\/li>\n\t<li id=\"menu-item-3691\" class=\"menu-item menu-item-type-post_type menu-item-object-page menu-item-3691\"><a href=\"https:\/\/www.blumen-schwarz.de\/aktuell\/floristik\/trauerfloristik\/friedhofskapellen-und-plan\/\">Friedhofskapellen und Plan<\/a><\/li>\n<\/ul>\n<\/li>\n<\/ul><\/div><\/h4>\n<p><!--nextpage--><\/p>\n<h2>klassische Form<\/h2>\n\t\t<div class=\"fotorama responsive-image-silder\"\r\n\t\t\tdata-width=80%\t\t\t\t\t\t\t\t\tdata-height=\"\"\t\t\t\t\t\t\t\t\t\t\t\t\t\t\t\t\t\tdata-nav=thumbs\t\t\t\t\t\tdata-navposition=bottom\t\t\t\t\t\t\t\t\t\t\t\tdata-thumbborderwidth=3\t\t\tdata-allowfullscreen=native\t\t\tdata-fit=scaledown\t\t\tdata-thumbfit=cover\t\t\tdata-transition=slide\t\t\tdata-click=true \r\n\t\t\tdata-transitionduration=500\t\t\t\t\t\tcaption\t\t\tdata-hash=true\t\t\tdata-autoplay=true\t\t\tdata-stopautoplayontouch=true\t\t\tdata-loop=true\t\t\tdata-keyboard=true\t\t\tdata-arrow=true\t\t\tdata-click=true\t\t\tdata-swipe=true\t\t\tdata-trackpad=true\t\t\tdata-shuffle=false\t\t\tdata-direction=ltr\t\t\tdata-spinner=true\t\t\t>\r\n\t\t\t<img decoding=\"async\" src=\"https:\/\/www.blumen-schwarz.de\/aktuell\/wp-content\/uploads\/2017\/01\/IMG_0617.jpg\" data-caption=\"\"><img decoding=\"async\" src=\"https:\/\/www.blumen-schwarz.de\/aktuell\/wp-content\/uploads\/2017\/01\/IMG_12_v1.jpg\" data-caption=\"\"><img decoding=\"async\" src=\"https:\/\/www.blumen-schwarz.de\/aktuell\/wp-content\/uploads\/2017\/01\/IMG_0004-2_v1.jpg\" data-caption=\"\"><img decoding=\"async\" src=\"https:\/\/www.blumen-schwarz.de\/aktuell\/wp-content\/uploads\/2017\/01\/sargschmuck-041.jpg\" data-caption=\"\"><img decoding=\"async\" src=\"https:\/\/www.blumen-schwarz.de\/aktuell\/wp-content\/uploads\/2017\/01\/IMG_0133_v1.jpg\" data-caption=\"Sargbukett zu Weihnachten mit Weihnachtssternen\"><img decoding=\"async\" src=\"https:\/\/www.blumen-schwarz.de\/aktuell\/wp-content\/uploads\/2017\/01\/sargschmuck-047.jpg\" data-caption=\"\"><img decoding=\"async\" src=\"https:\/\/www.blumen-schwarz.de\/aktuell\/wp-content\/uploads\/2017\/01\/sargschmuck-049.jpg\" data-caption=\"\"><img decoding=\"async\" src=\"https:\/\/www.blumen-schwarz.de\/aktuell\/wp-content\/uploads\/2017\/01\/sargschmuck-019.jpg\" data-caption=\"\"><img decoding=\"async\" src=\"https:\/\/www.blumen-schwarz.de\/aktuell\/wp-content\/uploads\/2017\/01\/sargschmuck-014.jpg\" data-caption=\"\"><img decoding=\"async\" src=\"https:\/\/www.blumen-schwarz.de\/aktuell\/wp-content\/uploads\/2017\/01\/sargschmuck-013.jpg\" data-caption=\"\"><img decoding=\"async\" src=\"https:\/\/www.blumen-schwarz.de\/aktuell\/wp-content\/uploads\/2017\/01\/sargschmuck-045.jpg\" data-caption=\"\"><img decoding=\"async\" src=\"https:\/\/www.blumen-schwarz.de\/aktuell\/wp-content\/uploads\/2017\/01\/sargschmuck-024.jpg\" data-caption=\"\"><img decoding=\"async\" src=\"https:\/\/www.blumen-schwarz.de\/aktuell\/wp-content\/uploads\/2017\/01\/sargschmuck-026.jpg\" data-caption=\"\"><img decoding=\"async\" src=\"https:\/\/www.blumen-schwarz.de\/aktuell\/wp-content\/uploads\/2017\/01\/sargschmuck-033_v1.jpg\" data-caption=\"\"><img decoding=\"async\" src=\"https:\/\/www.blumen-schwarz.de\/aktuell\/wp-content\/uploads\/2017\/01\/sargschmuck-035.jpg\" data-caption=\"\"><img decoding=\"async\" src=\"https:\/\/www.blumen-schwarz.de\/aktuell\/wp-content\/uploads\/2017\/01\/sargschmuck-034.jpg\" data-caption=\"\"><img decoding=\"async\" src=\"https:\/\/www.blumen-schwarz.de\/aktuell\/wp-content\/uploads\/2017\/01\/sargschmuck-030.jpg\" data-caption=\"Haltbares Sargbukett mit Nelken.\nKlassisch und sch\u00f6n.\"><img decoding=\"async\" src=\"https:\/\/www.blumen-schwarz.de\/aktuell\/wp-content\/uploads\/2017\/01\/sargschmuck-028.jpg\" data-caption=\"\"><img decoding=\"async\" src=\"https:\/\/www.blumen-schwarz.de\/aktuell\/wp-content\/uploads\/2017\/01\/sargschmuck-043.jpg\" data-caption=\"\"><img decoding=\"async\" src=\"https:\/\/www.blumen-schwarz.de\/aktuell\/wp-content\/uploads\/2017\/01\/sargschmuck-046.jpg\" data-caption=\"\"><img decoding=\"async\" src=\"https:\/\/www.blumen-schwarz.de\/aktuell\/wp-content\/uploads\/2017\/01\/sargschmuck-012.jpg\" data-caption=\"\"><img decoding=\"async\" src=\"https:\/\/www.blumen-schwarz.de\/aktuell\/wp-content\/uploads\/2017\/01\/sargschmuck-027.jpg\" data-caption=\"\"><img decoding=\"async\" src=\"https:\/\/www.blumen-schwarz.de\/aktuell\/wp-content\/uploads\/2017\/01\/sargschmuck-001.jpg\" data-caption=\"Herbstlich mit gef\u00e4rbtem Eichenlaub. Chrsysanthemen, Efeu und Rosen.\"><img decoding=\"async\" src=\"https:\/\/www.blumen-schwarz.de\/aktuell\/wp-content\/uploads\/2017\/01\/sargschmuck-008.jpg\" data-caption=\"DCF 1.0\"><img decoding=\"async\" src=\"https:\/\/www.blumen-schwarz.de\/aktuell\/wp-content\/uploads\/2017\/01\/sargschmuck-009.jpg\" data-caption=\"DCF 1.0\"><img decoding=\"async\" src=\"https:\/\/www.blumen-schwarz.de\/aktuell\/wp-content\/uploads\/2017\/01\/sargschmuck-007.jpg\" data-caption=\"DCF 1.0\"><img decoding=\"async\" src=\"https:\/\/www.blumen-schwarz.de\/aktuell\/wp-content\/uploads\/2017\/01\/sargschmuck-002.jpg\" data-caption=\"DCF 1.0\">\t\t<\/div>\r\n\t\t\n<h4><div class=\"menu-trauer-container\"><ul id=\"Trauer\" class=\"menu\"><li class=\"menu-item menu-item-type-custom menu-item-object-custom menu-item-home menu-item-3668\"><a href=\"https:\/\/www.blumen-schwarz.de\/aktuell\/\">Startseite<\/a><\/li>\n<li class=\"menu-item menu-item-type-post_type menu-item-object-page menu-item-has-children menu-item-3702\"><a href=\"https:\/\/www.blumen-schwarz.de\/aktuell\/floristik\/trauerfloristik\/trauerkraenze\/\">Blumengaben<\/a>\n<ul class=\"sub-menu\">\n\t<li class=\"menu-item menu-item-type-custom menu-item-object-custom menu-item-3703\"><a href=\"https:\/\/www.blumen-schwarz.de\/aktuell\/floristik\/trauerfloristik\/Trauerkraenze\/1\/\">rundgesteckte Kr\u00e4nze<\/a><\/li>\n\t<li class=\"menu-item menu-item-type-custom menu-item-object-custom menu-item-3704\"><a href=\"https:\/\/www.blumen-schwarz.de\/aktuell\/floristik\/trauerfloristik\/Trauerkraenze\/2\/\">gepflanzte Kr\u00e4nze<\/a><\/li>\n\t<li class=\"menu-item menu-item-type-custom menu-item-object-custom menu-item-3705\"><a href=\"https:\/\/www.blumen-schwarz.de\/aktuell\/floristik\/trauerfloristik\/Trauerkraenze\/3\/\">klassische Kr\u00e4nze<\/a><\/li>\n\t<li class=\"menu-item menu-item-type-post_type menu-item-object-page menu-item-3696\"><a href=\"https:\/\/www.blumen-schwarz.de\/aktuell\/floristik\/trauerfloristik\/kreuze-herzen\/\">Kreuze, Herzen<\/a><\/li>\n\t<li class=\"menu-item menu-item-type-post_type menu-item-object-page menu-item-3697\"><a href=\"https:\/\/www.blumen-schwarz.de\/aktuell\/floristik\/trauerfloristik\/blumenbuketts\/\">Blumenbuketts<\/a><\/li>\n\t<li class=\"menu-item menu-item-type-custom menu-item-object-custom menu-item-3725\"><a href=\"https:\/\/www.blumen-schwarz.de\/aktuell\/floristik\/trauerfloristik\/trauerfloristik-im-winter\/\">im Winter<\/a><\/li>\n<\/ul>\n<\/li>\n<li class=\"menu-item menu-item-type-post_type menu-item-object-page menu-item-has-children menu-item-3698\"><a href=\"https:\/\/www.blumen-schwarz.de\/aktuell\/floristik\/trauerfloristik\/sargschmuck\/\">Sargschmuck<\/a>\n<ul class=\"sub-menu\">\n\t<li class=\"menu-item menu-item-type-custom menu-item-object-custom menu-item-3708\"><a href=\"https:\/\/www.blumen-schwarz.de\/aktuell\/floristik\/trauerfloristik\/sargschmuck\/1\/\">au\u00dfergew\u00f6hnlich<\/a><\/li>\n\t<li class=\"menu-item menu-item-type-custom menu-item-object-custom menu-item-3709\"><a href=\"https:\/\/www.blumen-schwarz.de\/aktuell\/floristik\/trauerfloristik\/sargschmuck\/2\/\">klassisch<\/a><\/li>\n<\/ul>\n<\/li>\n<li class=\"menu-item menu-item-type-post_type menu-item-object-page menu-item-3695\"><a href=\"https:\/\/www.blumen-schwarz.de\/aktuell\/floristik\/trauerfloristik\/urnenschmuck\/\">Urnenschmuck<\/a><\/li>\n<li class=\"menu-item menu-item-type-custom menu-item-object-custom menu-item-has-children menu-item-3706\"><a href=\"https:\/\/www.blumen-schwarz.de\/aktuell\/floristik\/trauerfloristik\/kapellendekoration\/\">Dekoration<\/a>\n<ul class=\"sub-menu\">\n\t<li class=\"menu-item menu-item-type-post_type menu-item-object-page menu-item-3694\"><a href=\"https:\/\/www.blumen-schwarz.de\/aktuell\/floristik\/trauerfloristik\/kapellendekoration\/\">Kapellendekoration<\/a><\/li>\n\t<li class=\"menu-item menu-item-type-post_type menu-item-object-page menu-item-3693\"><a href=\"https:\/\/www.blumen-schwarz.de\/aktuell\/floristik\/trauerfloristik\/grabdekoration\/\">Grabdekoration<\/a><\/li>\n\t<li class=\"menu-item menu-item-type-post_type menu-item-object-page menu-item-3692\"><a href=\"https:\/\/www.blumen-schwarz.de\/aktuell\/floristik\/trauerfloristik\/ausgefallene-trauerbinderei\/\">ausgefallene Trauerbinderei<\/a><\/li>\n<\/ul>\n<\/li>\n<li class=\"menu-item menu-item-type-custom menu-item-object-custom menu-item-has-children menu-item-3707\"><a href=\"https:\/\/www.blumen-schwarz.de\/aktuell\/floristik\/trauerfloristik\/trauerschleifen\/\">weitere Informationen<\/a>\n<ul class=\"sub-menu\">\n\t<li class=\"menu-item menu-item-type-post_type menu-item-object-page menu-item-3849\"><a href=\"https:\/\/www.blumen-schwarz.de\/aktuell\/floristik\/trauerfloristik\/service\/\">Service<\/a><\/li>\n\t<li class=\"menu-item menu-item-type-post_type menu-item-object-page menu-item-3701\"><a href=\"https:\/\/www.blumen-schwarz.de\/aktuell\/floristik\/trauerfloristik\/trauerschleifen\/\">Trauerschleifen<\/a><\/li>\n\t<li class=\"menu-item menu-item-type-post_type menu-item-object-page menu-item-3700\"><a href=\"https:\/\/www.blumen-schwarz.de\/aktuell\/floristik\/trauerfloristik\/trauerbraeuche\/\">Trauerbr\u00e4uche<\/a><\/li>\n\t<li class=\"menu-item menu-item-type-post_type menu-item-object-page menu-item-3691\"><a href=\"https:\/\/www.blumen-schwarz.de\/aktuell\/floristik\/trauerfloristik\/friedhofskapellen-und-plan\/\">Friedhofskapellen und Plan<\/a><\/li>\n<\/ul>\n<\/li>\n<\/ul><\/div><\/h4>\n","protected":false},"excerpt":{"rendered":"<p>au\u00dfergew\u00f6hnliche Formen \/ Gestaltungen<\/p>\n","protected":false},"author":2,"featured_media":0,"parent":134,"menu_order":0,"comment_status":"closed","ping_status":"closed","template":"","meta":{"inline_featured_image":false,"footnotes":""},"class_list":["post-3675","page","type-page","status-publish","hentry","thunk-woo-product-list","open-woo-hover-zoom","open-single-product-tab-horizontal","open-shadow-","open-shadow-hover-"],"_links":{"self":[{"href":"https:\/\/www.blumen-schwarz.de\/aktuell\/wp-json\/wp\/v2\/pages\/3675","targetHints":{"allow":["GET"]}}],"collection":[{"href":"https:\/\/www.blumen-schwarz.de\/aktuell\/wp-json\/wp\/v2\/pages"}],"about":[{"href":"https:\/\/www.blumen-schwarz.de\/aktuell\/wp-json\/wp\/v2\/types\/page"}],"author":[{"embeddable":true,"href":"https:\/\/www.blumen-schwarz.de\/aktuell\/wp-json\/wp\/v2\/users\/2"}],"replies":[{"embeddable":true,"href":"https:\/\/www.blumen-schwarz.de\/aktuell\/wp-json\/wp\/v2\/comments?post=3675"}],"version-history":[{"count":0,"href":"https:\/\/www.blumen-schwarz.de\/aktuell\/wp-json\/wp\/v2\/pages\/3675\/revisions"}],"up":[{"embeddable":true,"href":"https:\/\/www.blumen-schwarz.de\/aktuell\/wp-json\/wp\/v2\/pages\/134"}],"wp:attachment":[{"href":"https:\/\/www.blumen-schwarz.de\/aktuell\/wp-json\/wp\/v2\/media?parent=3675"}],"curies":[{"name":"wp","href":"https:\/\/api.w.org\/{rel}","templated":true}]}}