{"id":3671,"date":"2017-01-05T14:48:24","date_gmt":"2017-01-05T13:48:24","guid":{"rendered":"https:\/\/www.blumen-schwarz.de\/aktuell\/?page_id=3671"},"modified":"2017-09-05T08:55:46","modified_gmt":"2017-09-05T06:55:46","slug":"trauerbraeuche","status":"publish","type":"page","link":"https:\/\/www.blumen-schwarz.de\/aktuell\/floristik\/trauerfloristik\/trauerbraeuche\/","title":{"rendered":"Trauerbr\u00e4uche"},"content":{"rendered":"<p>Wir erleben es leider oft, dass das Abschiednehmen nach Fabrikbetrieb aussieht. Im Gegensatz dazu haben wir wirklich herzliche Trauerbr\u00e4uche auf den l\u00e4ndlichen Friedh\u00f6fen. Diese Liste soll Anregung geben (und den Mut die Bestatter \/ Friedhofsverantwortlichen auf etwas anderes anzusprechen).<\/p>\n<ul>\n<li>Posaunenchor spielt schon eine halbe Stunde vor der Beerdigung.<\/li>\n<li>Der Sarg wird von Freunden, Nachbarn des Verstorbenen getragen und abgelassen.<\/li>\n<li>Abschied nehmen am offenen Sarg (die Aufbahrung)<\/li>\n<li>Gaben f\u00fcr den Toten (Lieblingschokolade, Briefe, Photos, Erinnerungsst\u00fccke, Schmuck)<\/li>\n<li>Dekoration der Feierhalle mit pers\u00f6nlichen Dingen des Verstorbenen (Hobby, Beruf, gemalte Bilder, Motorrad )<\/li>\n<li>Gemeinsames H\u00e4ndehalten<\/li>\n<li>Symbolverwendung wie z.B. eine aufsteigende Taube oder Luftballons<\/li>\n<li>Entz\u00fcndung von Kerzen w\u00e4hrend der Rede<\/li>\n<li>das Begleiten der Trauerfeier und Rede mit Photos aus dem Leben des Verstorbenen (evtl. \"modern\" gedacht mit Beamer oder Diaprojektor)<\/li>\n<li>Einbeziehen von Freunden und Verwandten in den Trauergottesdienst (Lieder, Erz\u00e4hlungen, Kurzgeschichten)<\/li>\n<li>Trauerfeier am Wochenende, so dass wirklich Zeit vorhanden ist<\/li>\n<li>Einspielen des Lieblingsliedes des Verstorbenen<\/li>\n<li>Musik - in jeder Form (Chor, Streicher, Bluesband etc.). Wenn m\u00f6glich wirklich passend zum Geschmack des Verstorbenen<\/li>\n<li>gemeinsames Essen nach der Trauerfeier<\/li>\n<li>und nat\u00fcrlich Blumen (die tr\u00f6sten, W\u00fcrde ausstrahlen, Festlichkeit gew\u00e4hren und Liebe ausdr\u00fccken)<\/li>\n<\/ul>\n<p>Wir empfehlen in den meisten F\u00e4llen (wenn finanziell machbar) die doppelte Zeit in der Trauerhalle zu buchen. Aus pers\u00f6nlichen Trauerf\u00e4llen ist uns z.B. vom N\u00fcrnberger Westfriedhof bekannt, wie schrecklich es ist, wenn die Trauergemeinde auf die Minute p\u00fcnktlich die Trauerhalle verlassen muss und vor der vorderen T\u00fcr schon die n\u00e4chste Trauerfeier wartet.<\/p>\n","protected":false},"excerpt":{"rendered":"<p>Wir erleben es leider oft, dass das Abschiednehmen nach Fabrikbetrieb aussieht. Im Gegensatz dazu haben &hellip;<\/p>\n<p class=\"read-more\"> <a class=\" thunk-readmore button \" href=\"https:\/\/www.blumen-schwarz.de\/aktuell\/floristik\/trauerfloristik\/trauerbraeuche\/\"> <span class=\"screen-reader-text\">Trauerbr\u00e4uche<\/span>weiterlesen<\/a><\/p>\n","protected":false},"author":2,"featured_media":0,"parent":134,"menu_order":0,"comment_status":"closed","ping_status":"closed","template":"","meta":{"inline_featured_image":false,"footnotes":""},"class_list":["post-3671","page","type-page","status-publish","hentry","thunk-woo-product-list","open-woo-hover-zoom","open-single-product-tab-horizontal","open-shadow-","open-shadow-hover-"],"_links":{"self":[{"href":"https:\/\/www.blumen-schwarz.de\/aktuell\/wp-json\/wp\/v2\/pages\/3671","targetHints":{"allow":["GET"]}}],"collection":[{"href":"https:\/\/www.blumen-schwarz.de\/aktuell\/wp-json\/wp\/v2\/pages"}],"about":[{"href":"https:\/\/www.blumen-schwarz.de\/aktuell\/wp-json\/wp\/v2\/types\/page"}],"author":[{"embeddable":true,"href":"https:\/\/www.blumen-schwarz.de\/aktuell\/wp-json\/wp\/v2\/users\/2"}],"replies":[{"embeddable":true,"href":"https:\/\/www.blumen-schwarz.de\/aktuell\/wp-json\/wp\/v2\/comments?post=3671"}],"version-history":[{"count":0,"href":"https:\/\/www.blumen-schwarz.de\/aktuell\/wp-json\/wp\/v2\/pages\/3671\/revisions"}],"up":[{"embeddable":true,"href":"https:\/\/www.blumen-schwarz.de\/aktuell\/wp-json\/wp\/v2\/pages\/134"}],"wp:attachment":[{"href":"https:\/\/www.blumen-schwarz.de\/aktuell\/wp-json\/wp\/v2\/media?parent=3671"}],"curies":[{"name":"wp","href":"https:\/\/api.w.org\/{rel}","templated":true}]}}