{"id":3669,"date":"2017-01-05T14:45:44","date_gmt":"2017-01-05T13:45:44","guid":{"rendered":"https:\/\/www.blumen-schwarz.de\/aktuell\/?page_id=3669"},"modified":"2026-02-04T09:24:14","modified_gmt":"2026-02-04T08:24:14","slug":"trauerschleifen","status":"publish","type":"page","link":"https:\/\/www.blumen-schwarz.de\/aktuell\/floristik\/trauerfloristik\/trauerschleifen\/","title":{"rendered":"Trauerschleifen"},"content":{"rendered":"<p>Wir haben f\u00fcr Sie eine bewusst \u00fcbersichtlich gehaltene Auflistung von Trauerschleifentexten. Nat\u00fcrlich gibt es noch viel mehr M\u00f6glichkeiten. Durch den heutigen Computerdruck k\u00f6nnen auch Gedichte oder \u00e4hnliches auf die Schleife gedruckt werden (bitte beachten Sie, dass bei mehr Text die Schriftgr\u00f6\u00dfe nat\u00fcrlich kleiner wird).<br \/>\nWir drucken mit Goldtransferb\u00e4ndern. D.h. die Schleife ist wetterfest und schaut \"gl\u00e4nzend\" aus, das Gold h\u00e4lt mechanische Beanspruchung aber nicht aus (Reiben, Knicken etc.).<\/p>\n<p>Gerne drucken wir Ihr Firmen- oder Vereinslogo auf die Schleife.<\/p>\n<h4>Neutrale Texte f\u00fcr jede Trauerfeier m\u00f6glich:<\/h4>\n<ul>\n<li>In dankbarerer Erinnerung<\/li>\n<li>In ehrenvollem Gedenken<\/li>\n<li>In stiller Anteilnahme<\/li>\n<li>In (stiller) Erinnerung<\/li>\n<li>In stillem Gedenken<\/li>\n<li>In (tiefer\/stiller) Trauer<\/li>\n<li>In Verbundenheit<\/li>\n<li>Letzter Gru\u00df<\/li>\n<li>Ruhe sanft<\/li>\n<li>Ruhe in Frieden<\/li>\n<li>Zum Abschied<\/li>\n<\/ul>\n<p>&nbsp;<\/p>\n<h4>Texte f\u00fcr nahestehende Verstorbene<\/h4>\n<ul>\n<li>Danke<\/li>\n<li>Du fehlst uns<\/li>\n<li>Ein lieber, letzter Gru\u00df<\/li>\n<li>In Freundschaft<\/li>\n<li>In Liebe<\/li>\n<li>In Liebe und Dankbarkeit<\/li>\n<li>In lieber Erinnerung<\/li>\n<li>In liebem Gedenken<\/li>\n<li>In liebevollem Gedenken<\/li>\n<li>In herzlichem Gedenken<\/li>\n<li>In unseren Herzen lebst du weiter<\/li>\n<li>Was wir in Liebe bewahren, geht niemals verloren<\/li>\n<li>Wir vermissen Dich<\/li>\n<\/ul>\n<p>&nbsp;<\/p>\n<h4>Bibeltexte<\/h4>\n<p>(die meisten Textstellen sind der revidierten Lutherbibel 1984 entnommen)<\/p>\n<ul>\n<li>Meine Zeit steht in deinen H\u00e4nden. Psalm 31, 16<\/li>\n<li>Wer an den Sohn glaubt, der hat das ewige Leben. Johannes 3, 36<\/li>\n<li>Und Gott wird abwischen alle Tr\u00e4nen von ihren Augen (, und der Tod wird nicht mehr sein, noch Leid noch Geschrei noch Schmerz wird mehr sein; denn das Erste ist vergangen.) Offenb. 21,4<\/li>\n<li>Gott ist unsre Zuversicht und St\u00e4rke, eine Hilfe in den gro\u00dfen N\u00f6ten, die uns getroffen haben. Psalm 46,2<\/li>\n<li>Ihr aber sollt mich sehen, denn ich lebe und ihr sollt auch leben. Johannes 14,19<\/li>\n<li>Aber ich wei\u00df, dass mein Erl\u00f6ser lebt! Hiob 19,25<\/li>\n<li>Der HERR hat's gegeben, der HERR hat's genommen; der Name des HERRN sei gelobt! Hiob 1,21<\/li>\n<li>Selig sind, die da Leid tragen; denn sie sollen getr\u00f6stet werden. Matth\u00e4us 5,4<\/li>\n<li>Der HERR ist nahe denen, die zerbrochenen Herzens sind, und hilft denen, die ein zerschlagenes Gem\u00fct haben. Psalm 34,19<\/li>\n<li>Er heilt, die zerbrochenen Herzens sind. Psalm 147,3<\/li>\n<li>Ihr wisst, dass ihr das ewige Leben habt, die ihr glaubt an den Namen des Sohnes Gottes. 1. Johannes 5,13<\/li>\n<li>(Und Jesus sprach zu ihm: Wahrlich, ich sage dir:) Heute wirst du mit mir im Paradies sein.\u00c2\u00a0 Lukas 23,43<\/li>\n<\/ul>\n<p>Was wir nicht empfehlen<\/p>\n<p>Trauerschleifen d\u00fcrfen ganz pers\u00f6nlich sein und wirklich das ausdr\u00fccken, was die Hinterbliebenen f\u00fchlen. Wir w\u00e4ren aber vorsichtig mit solchen Schleifen wie \"Ich werde ewig an Dich denken\" oder \"Wir werden Dich nie vergessen\". \"Immer\", \"ewig\",\"nie\" sind absolute Begriffe, die zwar den momentanen Schmerz ausdr\u00fccken, aber oft nicht der Realit\u00e4t entsprechen. Nichts schaut schlimmer aus, als ein Grab, das verwahrlost wirkt und auf dem man solche Schleifen lesen kann.<\/p>\n","protected":false},"excerpt":{"rendered":"<p>Wir haben f\u00fcr Sie eine bewusst \u00fcbersichtlich gehaltene Auflistung von Trauerschleifentexten. Nat\u00fcrlich gibt es noch &hellip;<\/p>\n<p class=\"read-more\"> <a class=\" thunk-readmore button \" href=\"https:\/\/www.blumen-schwarz.de\/aktuell\/floristik\/trauerfloristik\/trauerschleifen\/\"> <span class=\"screen-reader-text\">Trauerschleifen<\/span>weiterlesen<\/a><\/p>\n","protected":false},"author":2,"featured_media":0,"parent":134,"menu_order":0,"comment_status":"closed","ping_status":"closed","template":"","meta":{"inline_featured_image":false,"footnotes":""},"class_list":["post-3669","page","type-page","status-publish","hentry","thunk-woo-product-list","open-woo-hover-zoom","open-single-product-tab-horizontal","open-shadow-","open-shadow-hover-"],"_links":{"self":[{"href":"https:\/\/www.blumen-schwarz.de\/aktuell\/wp-json\/wp\/v2\/pages\/3669","targetHints":{"allow":["GET"]}}],"collection":[{"href":"https:\/\/www.blumen-schwarz.de\/aktuell\/wp-json\/wp\/v2\/pages"}],"about":[{"href":"https:\/\/www.blumen-schwarz.de\/aktuell\/wp-json\/wp\/v2\/types\/page"}],"author":[{"embeddable":true,"href":"https:\/\/www.blumen-schwarz.de\/aktuell\/wp-json\/wp\/v2\/users\/2"}],"replies":[{"embeddable":true,"href":"https:\/\/www.blumen-schwarz.de\/aktuell\/wp-json\/wp\/v2\/comments?post=3669"}],"version-history":[{"count":1,"href":"https:\/\/www.blumen-schwarz.de\/aktuell\/wp-json\/wp\/v2\/pages\/3669\/revisions"}],"predecessor-version":[{"id":287754,"href":"https:\/\/www.blumen-schwarz.de\/aktuell\/wp-json\/wp\/v2\/pages\/3669\/revisions\/287754"}],"up":[{"embeddable":true,"href":"https:\/\/www.blumen-schwarz.de\/aktuell\/wp-json\/wp\/v2\/pages\/134"}],"wp:attachment":[{"href":"https:\/\/www.blumen-schwarz.de\/aktuell\/wp-json\/wp\/v2\/media?parent=3669"}],"curies":[{"name":"wp","href":"https:\/\/api.w.org\/{rel}","templated":true}]}}