{"id":3659,"date":"2017-01-05T14:29:13","date_gmt":"2017-01-05T13:29:13","guid":{"rendered":"https:\/\/www.blumen-schwarz.de\/aktuell\/?page_id=3659"},"modified":"2021-10-05T12:05:09","modified_gmt":"2021-10-05T10:05:09","slug":"gartenpflege-und-gestaltung","status":"publish","type":"page","link":"https:\/\/www.blumen-schwarz.de\/aktuell\/gartenpflege-und-gestaltung\/","title":{"rendered":"Gartenpflege und Gestaltung"},"content":{"rendered":"<h3>Unser Schwerpunkt: pflanzliches<\/h3>\n<p>&nbsp;<\/p>\n<p>Von Herzen G\u00e4rtner - das ist unsere Grundeinstellung. Das hei\u00dft f\u00fcr uns auch Qualit\u00e4t in der Arbeit, die sich von ungelernten Mitbewerbern unterscheidet.<\/p>\n<p>Eine kleine Auswahl unseres Angebotes:<\/p>\n<ul>\n<li>Obstbaum- und Geh\u00f6lzschnitt. Inklusive Baumf\u00e4llung in engen Bereichen (durch Seilklettertechnik), wie Reihenhausg\u00e4rten etc.<\/li>\n<li>Pflanzung: Beete mit Stauden, Geh\u00f6lzen, Einj\u00e4hrigen<\/li>\n<li>Pflegearbeiten: regelm\u00e4\u00dfiges Rasenm\u00e4hen, vertikutieren, Pflanzen schneiden, Unkrautbek\u00e4mpfung<\/li>\n<li>kleinere Natursteinarbeiten<\/li>\n<li>automatische Bew\u00e4sserungsanlagen f\u00fcr G\u00e4rten, Balkone, Terrassen<\/li>\n<\/ul>\n<p>Uns ist kein Auftrag zu klein.<\/p>\n<p>Neuanlagen und gr\u00f6\u00dfere Projekte (auch mit mehr Steinarbeiten) erledigen wir in Zusammenarbeit mit Partnerfirmen.<\/p>\n","protected":false},"excerpt":{"rendered":"<p>Unser Schwerpunkt: pflanzliches &nbsp; Von Herzen G\u00e4rtner - das ist unsere Grundeinstellung. Das hei\u00dft f\u00fcr &hellip;<\/p>\n<p class=\"read-more\"> <a class=\" thunk-readmore button \" href=\"https:\/\/www.blumen-schwarz.de\/aktuell\/gartenpflege-und-gestaltung\/\"> <span class=\"screen-reader-text\">Gartenpflege und Gestaltung<\/span>weiterlesen<\/a><\/p>\n","protected":false},"author":2,"featured_media":0,"parent":0,"menu_order":0,"comment_status":"closed","ping_status":"closed","template":"","meta":{"inline_featured_image":false,"footnotes":""},"class_list":["post-3659","page","type-page","status-publish","hentry","thunk-woo-product-list","open-woo-hover-zoom","open-single-product-tab-horizontal","open-shadow-","open-shadow-hover-"],"_links":{"self":[{"href":"https:\/\/www.blumen-schwarz.de\/aktuell\/wp-json\/wp\/v2\/pages\/3659","targetHints":{"allow":["GET"]}}],"collection":[{"href":"https:\/\/www.blumen-schwarz.de\/aktuell\/wp-json\/wp\/v2\/pages"}],"about":[{"href":"https:\/\/www.blumen-schwarz.de\/aktuell\/wp-json\/wp\/v2\/types\/page"}],"author":[{"embeddable":true,"href":"https:\/\/www.blumen-schwarz.de\/aktuell\/wp-json\/wp\/v2\/users\/2"}],"replies":[{"embeddable":true,"href":"https:\/\/www.blumen-schwarz.de\/aktuell\/wp-json\/wp\/v2\/comments?post=3659"}],"version-history":[{"count":0,"href":"https:\/\/www.blumen-schwarz.de\/aktuell\/wp-json\/wp\/v2\/pages\/3659\/revisions"}],"wp:attachment":[{"href":"https:\/\/www.blumen-schwarz.de\/aktuell\/wp-json\/wp\/v2\/media?parent=3659"}],"curies":[{"name":"wp","href":"https:\/\/api.w.org\/{rel}","templated":true}]}}