{"id":3450,"date":"2017-01-01T20:07:08","date_gmt":"2017-01-01T19:07:08","guid":{"rendered":"https:\/\/www.blumen-schwarz.de\/aktuell\/?page_id=3450"},"modified":"2017-01-03T08:41:25","modified_gmt":"2017-01-03T07:41:25","slug":"exklusive-hochzeitsfloristik","status":"publish","type":"page","link":"https:\/\/www.blumen-schwarz.de\/aktuell\/floristik\/hochzeitsfloristik\/exklusive-hochzeitsfloristik\/","title":{"rendered":"exklusive Hochzeitsfloristik"},"content":{"rendered":"<p>Manchmal spielen die Kosten eine untergeordnete Rolle. Grenzen sind nur durch die Kreativit\u00e4t, den Veranstaltungsort und die vorhandenen Blumen gesetzt. Die Ergebnisse begeistern uns (und nat\u00fcrlich auch die G\u00e4ste der Veranstaltung) und man erz\u00e4hlt noch lange davon ....<\/p>\n<p>Hier zeigen wir Ihnen ein paar solcher liebevollen, aufwendigen Dekorationen.<\/p>\n\t\t<div class=\"fotorama responsive-image-silder\"\r\n\t\t\tdata-width=80%\t\t\t\t\t\tdata-maxwidth=80%\t\t\tdata-height=\"\"\t\t\t\t\t\t\t\t\t\t\t\t\t\t\t\t\t\tdata-nav=thumbs\t\t\t\t\t\tdata-navposition=bottom\t\t\t\t\t\t\t\t\t\t\t\tdata-thumbborderwidth=3\t\t\tdata-allowfullscreen=native\t\t\tdata-fit=scaledown\t\t\tdata-thumbfit=cover\t\t\tdata-transition=slide\t\t\tdata-click=false \r\n\t\t\tdata-transitionduration=500\t\t\t\t\t\tcaption\t\t\tdata-hash=true\t\t\tdata-autoplay=true\t\t\tdata-stopautoplayontouch=true\t\t\tdata-loop=true\t\t\tdata-keyboard=true\t\t\tdata-arrow=true\t\t\tdata-click=true\t\t\tdata-swipe=true\t\t\tdata-trackpad=true\t\t\tdata-shuffle=false\t\t\tdata-direction=ltr\t\t\tdata-spinner=true\t\t\t>\r\n\t\t\t<img decoding=\"async\" src=\"https:\/\/www.blumen-schwarz.de\/aktuell\/wp-content\/uploads\/2017\/01\/mwei_20160910_hochzeit_schwarz_gemischt_560.jpg\" data-caption=\"kurzer, runder Brautstrau\u00df \/ Wurfstrau\u00df\"><img decoding=\"async\" src=\"https:\/\/www.blumen-schwarz.de\/aktuell\/wp-content\/uploads\/2017\/01\/mwei_20160910_hochzeit_schwarz_gemischt_516.jpg\" data-caption=\"Hochzeitstorte mit frischen Blumen dekoriert\"><img decoding=\"async\" src=\"https:\/\/www.blumen-schwarz.de\/aktuell\/wp-content\/uploads\/2017\/01\/mwei_20160910_hochzeit_schwarz_gemischt_463.jpg\" data-caption=\"Tischschmuck mit floralen Torten auf Glasplatten\"><img decoding=\"async\" src=\"https:\/\/www.blumen-schwarz.de\/aktuell\/wp-content\/uploads\/2017\/01\/mwei_20160910_hochzeit_schwarz_gemischt_504.jpg\" data-caption=\"florale Torte\"><img decoding=\"async\" src=\"https:\/\/www.blumen-schwarz.de\/aktuell\/wp-content\/uploads\/2017\/01\/IMG_20160910_145808.jpg\" data-caption=\"Blumentorte auf Glasplatte mit Amaranthus, Rosen, Beeren, Statice\"><img decoding=\"async\" src=\"https:\/\/www.blumen-schwarz.de\/aktuell\/wp-content\/uploads\/2017\/01\/mwei_20160910_hochzeit_schwarz_gemischt_461.jpg\" data-caption=\"Blumendekoration mit floralen Torten\"><img decoding=\"async\" src=\"https:\/\/www.blumen-schwarz.de\/aktuell\/wp-content\/uploads\/2017\/01\/IMG_20160910_145746.jpg\" data-caption=\"Blumendekoration mit floralen Torten\"><img decoding=\"async\" src=\"https:\/\/www.blumen-schwarz.de\/aktuell\/wp-content\/uploads\/2017\/01\/IMG_20160910_145715.jpg\" data-caption=\"Brautpaartisch\"><img decoding=\"async\" src=\"https:\/\/www.blumen-schwarz.de\/aktuell\/wp-content\/uploads\/2017\/01\/mwei_20160910_hochzeit_schwarz_gemischt_362.jpg\" data-caption=\"Ringhalterung\"><img decoding=\"async\" src=\"https:\/\/www.blumen-schwarz.de\/aktuell\/wp-content\/uploads\/2017\/01\/IMG_20160910_121557.jpg\" data-caption=\"vor der evang. Kirche in Kammerstein. Floral dekorierte Herzen auf St\u00e4ndern, kombiniert mit Hortensienk\u00fcbeln\"><img decoding=\"async\" src=\"https:\/\/www.blumen-schwarz.de\/aktuell\/wp-content\/uploads\/2017\/01\/mwei_20160910_hochzeit_schwarz_gemischt_214.jpg\" data-caption=\"floral dekoriertes Herz\"><img decoding=\"async\" src=\"https:\/\/www.blumen-schwarz.de\/aktuell\/wp-content\/uploads\/2017\/01\/mwei_20160910_hochzeit_schwarz_gemischt_194.jpg\" data-caption=\"Kirchendekoration evang. Kirche Kammerstein\"><img decoding=\"async\" src=\"https:\/\/www.blumen-schwarz.de\/aktuell\/wp-content\/uploads\/2017\/01\/P1460412.jpg\" data-caption=\"evang. Kirche in Kammerstein\"><img decoding=\"async\" src=\"https:\/\/www.blumen-schwarz.de\/aktuell\/wp-content\/uploads\/2017\/01\/P1460414.jpg\" data-caption=\"dekorierter Leuchter in der evang. Kirche in Kammerstein\"><img decoding=\"async\" src=\"https:\/\/www.blumen-schwarz.de\/aktuell\/wp-content\/uploads\/2017\/01\/P1460415.jpg\" data-caption=\"S\u00e4ulenschmuck. Gewunden aus Ruscusstielen\"><img decoding=\"async\" src=\"https:\/\/www.blumen-schwarz.de\/aktuell\/wp-content\/uploads\/2017\/01\/P1460413.jpg\" data-caption=\"Bankdekoration. Gebunden aus Hortensienbl\u00fcten, als Akzent eine Rose im R\u00f6hrchen\"><img decoding=\"async\" src=\"https:\/\/www.blumen-schwarz.de\/aktuell\/wp-content\/uploads\/2017\/01\/P1460407.jpg\" data-caption=\"Kerzenschmuck. Gebundene Hortensienherzen und ein Kr\u00e4nzchen aus Hortensienbl\u00fcten, Alchemilla, Rosen und Statice\"><img decoding=\"async\" src=\"https:\/\/www.blumen-schwarz.de\/aktuell\/wp-content\/uploads\/2017\/01\/P1460406.jpg\" data-caption=\"Altardekoration evang. Kirche Kammerstein. Verwendet wurden Hortensienbl\u00fcten, Rosen, Amaranthus, Dahlien, Alchemilla, Statice\"><img decoding=\"async\" src=\"https:\/\/www.blumen-schwarz.de\/aktuell\/wp-content\/uploads\/2017\/01\/mwei_20160910_hochzeit_schwarz_gemischt_051.jpg\" data-caption=\"gebundenes Herz\"><img decoding=\"async\" src=\"https:\/\/www.blumen-schwarz.de\/aktuell\/wp-content\/uploads\/2017\/01\/P1460475.jpg\" data-caption=\"\u00fcppig gebundene Autogirlande mit Hortensien, Rosen, Amaranthus, Beeren, Statice\"><img decoding=\"async\" src=\"https:\/\/www.blumen-schwarz.de\/aktuell\/wp-content\/uploads\/2017\/01\/P1430777.jpg\" data-caption=\"Exotischer Autoschmuck mit Orchideen, Calla, Rosen, Nelken, Chrysanthemen, Amaranthus\"><img decoding=\"async\" src=\"https:\/\/www.blumen-schwarz.de\/aktuell\/wp-content\/uploads\/2017\/01\/P1450262.jpg\" data-caption=\"Bankschmuck mit Calla, Rose, Germini, Gr\u00fcn und B\u00e4ndern\"><img decoding=\"async\" src=\"https:\/\/www.blumen-schwarz.de\/aktuell\/wp-content\/uploads\/2017\/01\/P1450259_v1.jpg\" data-caption=\"Kirchendekoration in der evang. Wehrkirche Katzwang. St\u00e4nder mit floral dekorierten Herzen, Stuhlschmuck und passender Bankschmuck.\"><img decoding=\"async\" src=\"https:\/\/www.blumen-schwarz.de\/aktuell\/wp-content\/uploads\/2017\/01\/P1450260_v1.jpg\" data-caption=\"Blumendekoration in der evang. Wehrkirche in Katzwang\"><img decoding=\"async\" src=\"https:\/\/www.blumen-schwarz.de\/aktuell\/wp-content\/uploads\/2017\/01\/P1430984.jpg\" data-caption=\"Blumendekoration zur Hochzeit im Hotel Schindlerhof in N\u00fcrnberg.\"><img decoding=\"async\" src=\"https:\/\/www.blumen-schwarz.de\/aktuell\/wp-content\/uploads\/2017\/01\/P1430982.jpg\" data-caption=\"Blumendekoration im Hotel Schindlerhof in N\u00fcrnberg. Dekoriert wurden wei\u00dfe Hortensien, gr\u00fcne Nelken, Schleierkraut, cremewei\u00dfe Rosen, kleine Minipflanzen. Arrangiert in Glasvasen, die auf gelbem Chiffronband stehen.Erg\u00e4nzt durch Schalen mit Schwimmkerzen und Bl\u00fcten.\"><img decoding=\"async\" src=\"https:\/\/www.blumen-schwarz.de\/aktuell\/wp-content\/uploads\/2017\/01\/P1430980.jpg\" data-caption=\"Blumendekoration zur Hochzeit im Hotel Schindlerhof in N\u00fcrnberg. Glasvasen in verschiedenen Gr\u00f6\u00dfen wurden mit Blumen in creme-gr\u00fcn-wei\u00df-T\u00f6nen arrangiert.\"><img decoding=\"async\" src=\"https:\/\/www.blumen-schwarz.de\/aktuell\/wp-content\/uploads\/2017\/01\/unsortiert_064.jpg\" data-caption=\"Rosen\/Blumenkugeln zur Tischdekoration\"><img decoding=\"async\" src=\"https:\/\/www.blumen-schwarz.de\/aktuell\/wp-content\/uploads\/2017\/01\/P1380928_v1.jpg\" data-caption=\"Brautschmuck\"><img decoding=\"async\" src=\"https:\/\/www.blumen-schwarz.de\/aktuell\/wp-content\/uploads\/2017\/01\/P1380882.jpg\" data-caption=\"Kirchendekoration in der evang. Kirche in Wallesau\"><img decoding=\"async\" src=\"https:\/\/www.blumen-schwarz.de\/aktuell\/wp-content\/uploads\/2017\/01\/P1380925_v1.jpg\" data-caption=\"flie\u00dfender Brautschmuck:Ein geh\u00e4keltes Golddrahtbank wurde mit vielen exotischen Blumen, wie Orchideenbl\u00fcten, Anthurien, Gloriosa, Sandersonia...zu einem schmalen, lang flie\u00dfenden Brautschmuck gefertigt\"><img decoding=\"async\" src=\"https:\/\/www.blumen-schwarz.de\/aktuell\/wp-content\/uploads\/2017\/01\/P1380881.jpg\" data-caption=\"Drahtherzen an langen St\u00e4ben, floral erg\u00e4nzt mit Glorisa, Nelken und Gr\u00fcn\"><img decoding=\"async\" src=\"https:\/\/www.blumen-schwarz.de\/aktuell\/wp-content\/uploads\/2017\/01\/P1380877_v1-1.jpg\" data-caption=\"Florale Herzen aus Clematisranken gefertigt, dekoriert mit Gerbera, Rosen, Wicken, Alchemilla\"><img decoding=\"async\" src=\"https:\/\/www.blumen-schwarz.de\/aktuell\/wp-content\/uploads\/2017\/01\/2013-08-17_135-1.jpg\" data-caption=\"Tischdekoration: Styroporschalen mit Blattsilber oder Blattgold, bzw. Lunaria veredelt. Gef\u00fcllt mit Rosen, Dahlen, Hortensien, Santini, Alchemilla, Mohnkapseln. Mooskugeln geben der Gestaltung Ruhe\"><img decoding=\"async\" src=\"https:\/\/www.blumen-schwarz.de\/aktuell\/wp-content\/uploads\/2017\/01\/2013-08-17_134.jpg\" data-caption=\"Tischdekoration: Mit Blattsilber veredelte Schale, gef\u00fcllt mit Rosen, Alchemilla, wei\u00dfen Hortensienbl\u00fcten, gr\u00fcnen Santini\"><img decoding=\"async\" src=\"https:\/\/www.blumen-schwarz.de\/aktuell\/wp-content\/uploads\/2017\/01\/2013-08_Litauen-1587.jpg\" data-caption=\"\"><img decoding=\"async\" src=\"https:\/\/www.blumen-schwarz.de\/aktuell\/wp-content\/uploads\/2017\/01\/2013-08_Litauen-1670.jpg\" data-caption=\"\"><img decoding=\"async\" src=\"https:\/\/www.blumen-schwarz.de\/aktuell\/wp-content\/uploads\/2017\/01\/2013-08-17_136-1.jpg\" data-caption=\"Brauttisch\"><img decoding=\"async\" src=\"https:\/\/www.blumen-schwarz.de\/aktuell\/wp-content\/uploads\/2017\/01\/2013-08_Litauen-1671.jpg\" data-caption=\"\"><img decoding=\"async\" src=\"https:\/\/www.blumen-schwarz.de\/aktuell\/wp-content\/uploads\/2017\/01\/2013-08-17_120-1.jpg\" data-caption=\"Freilufthochzeit: Rosenbogen mit St\u00fchlen f\u00fcr das Brautpaar und \"Altar\"\"><img decoding=\"async\" src=\"https:\/\/www.blumen-schwarz.de\/aktuell\/wp-content\/uploads\/2017\/01\/2013-08-17_121-1.jpg\" data-caption=\"Brautpaar unterm Rosenbogen nach dem Ja-Wort - der Rosenbogen hat sich als DAS Fotomotiv f\u00fcr alle G\u00e4ste herausgestellt.\"><img decoding=\"async\" src=\"https:\/\/www.blumen-schwarz.de\/aktuell\/wp-content\/uploads\/2017\/01\/2013-08-17_096.jpg\" data-caption=\"\"><img decoding=\"async\" src=\"https:\/\/www.blumen-schwarz.de\/aktuell\/wp-content\/uploads\/2017\/01\/2013-08-17_003-1.jpg\" data-caption=\"Brautstrau\u00df in aufgelockerter Tropfenform, gearbeitet mit creme Rosen, Lysianthus, Alchemilla, Nigella und unterschiedlichem Gr\u00fcn\"><img decoding=\"async\" src=\"https:\/\/www.blumen-schwarz.de\/aktuell\/wp-content\/uploads\/2017\/01\/2013-08-17_096a-1.jpg\" data-caption=\"Haarschmuck: Feine Hortensienbluten, Efeubl\u00e4tter, Leuterblumenranken, Tillandsienranken und Draht wurden mit Stofff\u00e4den ( aus dem gleichen Material wie das  Kleid) arrangiert\"><img decoding=\"async\" src=\"https:\/\/www.blumen-schwarz.de\/aktuell\/wp-content\/uploads\/2017\/01\/2013-08-17_073.jpg\" data-caption=\"edler Brautstrau\u00df in Tropfenform nach unten hin auslaufend, in cremewei\u00df-gr\u00fcn T\u00f6nen\"><img decoding=\"async\" src=\"https:\/\/www.blumen-schwarz.de\/aktuell\/wp-content\/uploads\/2017\/01\/2013-08-17_097-1.jpg\" data-caption=\"Anstecker: Eine Drahtkreation wurde mit Minirose, gr\u00fcnem Johanniskraut und Efeu verbunden. Befestigt mit Magnet am Revers\"><img decoding=\"async\" src=\"https:\/\/www.blumen-schwarz.de\/aktuell\/wp-content\/uploads\/2017\/01\/2013-08-17_098-1.jpg\" data-caption=\"Ringhalter: Mooskugel mit Efeubl\u00e4ttern umwickelt. Eine Dendrobiebl\u00fcte ziert und wertet auf. Zur Befestigung dient gebogener Aludraht.\"><img decoding=\"async\" src=\"https:\/\/www.blumen-schwarz.de\/aktuell\/wp-content\/uploads\/2017\/01\/2013-08-15-18Litauen-044-1.jpg\" data-caption=\"\"><img decoding=\"async\" src=\"https:\/\/www.blumen-schwarz.de\/aktuell\/wp-content\/uploads\/2017\/01\/2013-08-15-18Litauen-057-1.jpg\" data-caption=\"Freilufthochzeit: Blumenkugel mit wei\u00dfen Hortensienbl\u00fcten, freischwingend am Stab\"><img decoding=\"async\" src=\"https:\/\/www.blumen-schwarz.de\/aktuell\/wp-content\/uploads\/2017\/01\/P1100256-1.jpg\" data-caption=\"Freilufthochzeit: Gartenstecker \"Krone\" mit wei\u00dfen Hortensienbl\u00fcten, gelber Nelke, Perle und B\u00e4ndern\"><img decoding=\"async\" src=\"https:\/\/www.blumen-schwarz.de\/aktuell\/wp-content\/uploads\/2017\/01\/2013-08-17_122-1.jpg\" data-caption=\"Nelkenkugel am Stab\"><img decoding=\"async\" src=\"https:\/\/www.blumen-schwarz.de\/aktuell\/wp-content\/uploads\/2017\/01\/P1100255-1.jpg\" data-caption=\"Hortensienkugel\"><img decoding=\"async\" src=\"https:\/\/www.blumen-schwarz.de\/aktuell\/wp-content\/uploads\/2017\/01\/P1100254-1.jpg\" data-caption=\"Freilufthochzeit: Blumenkugeln mit gr\u00fcnen Hortensienbl\u00fcten, freischwingend\"><img decoding=\"async\" src=\"https:\/\/www.blumen-schwarz.de\/aktuell\/wp-content\/uploads\/2017\/01\/P1100247-1.jpg\" data-caption=\"Freilufthochzeit: \u00dcppige Nelkenkugel freischwingend am Stab\"><img decoding=\"async\" src=\"https:\/\/www.blumen-schwarz.de\/aktuell\/wp-content\/uploads\/2017\/01\/P1100209-2.jpg\" data-caption=\"Freilufthochzeit: Gro\u00dfbl\u00fctiger Rittersporn mit gr\u00fcnen Hortensien wurden in gro\u00dfe Steinschalen arrangiert\"><img decoding=\"async\" src=\"https:\/\/www.blumen-schwarz.de\/aktuell\/wp-content\/uploads\/2017\/01\/P1100208-1.jpg\" data-caption=\"Freilufthochzeit: H\u00e4ngebambus, dekoriert mit Rosen und Hortensienbl\u00fcten schmucken die Fassade\"><img decoding=\"async\" src=\"https:\/\/www.blumen-schwarz.de\/aktuell\/wp-content\/uploads\/2017\/01\/2013-08-15-18Litauen-003-2.jpg\" data-caption=\"Freilufthochzeit: Gartenstecker mit Rose und Santinibl\u00fcten\"><img decoding=\"async\" src=\"https:\/\/www.blumen-schwarz.de\/aktuell\/wp-content\/uploads\/2017\/01\/2013-08-17_135.jpg\" data-caption=\"Tischdekoration: Styroporschalen mit Blattsilber oder Blattgold, bzw. Lunaria veredelt. Gef\u00fcllt mit Rosen, Dahlen, Hortensien, Santini, Alchemilla, Mohnkapseln. Mooskugeln geben der Gestaltung Ruhe\"><img decoding=\"async\" src=\"https:\/\/www.blumen-schwarz.de\/aktuell\/wp-content\/uploads\/2017\/01\/2013-08-17_098.jpg\" data-caption=\"Ringhalter: Mooskugel mit Efeubl\u00e4ttern umwickelt. Eine Dendrobiebl\u00fcte ziert und wertet auf. Zur Befestigung dient gebogener Aludraht.\"><img decoding=\"async\" src=\"https:\/\/www.blumen-schwarz.de\/aktuell\/wp-content\/uploads\/2017\/01\/2013-08-17_136.jpg\" data-caption=\"Brauttisch\"><img decoding=\"async\" src=\"https:\/\/www.blumen-schwarz.de\/aktuell\/wp-content\/uploads\/2017\/01\/2013-08-15-18Litauen-057.jpg\" data-caption=\"Freilufthochzeit: Blumenkugel mit wei\u00dfen Hortensienbl\u00fcten, freischwingend am Stab\"><img decoding=\"async\" src=\"https:\/\/www.blumen-schwarz.de\/aktuell\/wp-content\/uploads\/2017\/01\/P1100209.jpg\" data-caption=\"Freilufthochzeit: Gro\u00dfbl\u00fctiger Rittersporn mit gr\u00fcnen Hortensien wurden in gro\u00dfe Steinschalen arrangiert\"><img decoding=\"async\" src=\"https:\/\/www.blumen-schwarz.de\/aktuell\/wp-content\/uploads\/2017\/01\/P1100256.jpg\" data-caption=\"Freilufthochzeit: Gartenstecker \"Krone\" mit wei\u00dfen Hortensienbl\u00fcten, gelber Nelke, Perle und B\u00e4ndern\"><img decoding=\"async\" src=\"https:\/\/www.blumen-schwarz.de\/aktuell\/wp-content\/uploads\/2017\/01\/P1100255.jpg\" data-caption=\"Hortensienkugel\"><img decoding=\"async\" src=\"https:\/\/www.blumen-schwarz.de\/aktuell\/wp-content\/uploads\/2017\/01\/P1100254.jpg\" data-caption=\"Freilufthochzeit: Blumenkugeln mit gr\u00fcnen Hortensienbl\u00fcten, freischwingend\"><img decoding=\"async\" src=\"https:\/\/www.blumen-schwarz.de\/aktuell\/wp-content\/uploads\/2017\/01\/P1100247.jpg\" data-caption=\"Freilufthochzeit: \u00dcppige Nelkenkugel freischwingend am Stab\"><img decoding=\"async\" src=\"https:\/\/www.blumen-schwarz.de\/aktuell\/wp-content\/uploads\/2017\/01\/2013-08-17_122.jpg\" data-caption=\"Nelkenkugel am Stab\"><img decoding=\"async\" src=\"https:\/\/www.blumen-schwarz.de\/aktuell\/wp-content\/uploads\/2017\/01\/P1100208.jpg\" data-caption=\"Freilufthochzeit: H\u00e4ngebambus, dekoriert mit Rosen und Hortensienbl\u00fcten schmucken die Fassade\"><img decoding=\"async\" src=\"https:\/\/www.blumen-schwarz.de\/aktuell\/wp-content\/uploads\/2017\/01\/2013-08-15-18Litauen-003.jpg\" data-caption=\"Freilufthochzeit: Gartenstecker mit Rose und Santinibl\u00fcten\"><img decoding=\"async\" src=\"https:\/\/www.blumen-schwarz.de\/aktuell\/wp-content\/uploads\/2017\/01\/aDSC_6651.jpg\" data-caption=\"\">\t\t<\/div>\r\n\t\t\n","protected":false},"excerpt":{"rendered":"<p>Manchmal spielen die Kosten eine untergeordnete Rolle. Grenzen sind nur durch die Kreativit\u00e4t, den Veranstaltungsort &hellip;<\/p>\n<p class=\"read-more\"> <a class=\" thunk-readmore button \" href=\"https:\/\/www.blumen-schwarz.de\/aktuell\/responsive_slider\/hochzeitsfloristik-etwas-besonderes\/\"> <span class=\"screen-reader-text\">Hochzeitsfloristik - etwas besonderes<\/span>weiterlesen<\/a><\/p>\n","protected":false},"author":2,"featured_media":0,"parent":127,"menu_order":0,"comment_status":"closed","ping_status":"closed","template":"","meta":{"inline_featured_image":false,"footnotes":""},"class_list":["post-3450","page","type-page","status-publish","hentry","thunk-woo-product-list","open-woo-hover-zoom","open-single-product-tab-horizontal","open-shadow-","open-shadow-hover-"],"_links":{"self":[{"href":"https:\/\/www.blumen-schwarz.de\/aktuell\/wp-json\/wp\/v2\/pages\/3450","targetHints":{"allow":["GET"]}}],"collection":[{"href":"https:\/\/www.blumen-schwarz.de\/aktuell\/wp-json\/wp\/v2\/pages"}],"about":[{"href":"https:\/\/www.blumen-schwarz.de\/aktuell\/wp-json\/wp\/v2\/types\/page"}],"author":[{"embeddable":true,"href":"https:\/\/www.blumen-schwarz.de\/aktuell\/wp-json\/wp\/v2\/users\/2"}],"replies":[{"embeddable":true,"href":"https:\/\/www.blumen-schwarz.de\/aktuell\/wp-json\/wp\/v2\/comments?post=3450"}],"version-history":[{"count":0,"href":"https:\/\/www.blumen-schwarz.de\/aktuell\/wp-json\/wp\/v2\/pages\/3450\/revisions"}],"up":[{"embeddable":true,"href":"https:\/\/www.blumen-schwarz.de\/aktuell\/wp-json\/wp\/v2\/pages\/127"}],"wp:attachment":[{"href":"https:\/\/www.blumen-schwarz.de\/aktuell\/wp-json\/wp\/v2\/media?parent=3450"}],"curies":[{"name":"wp","href":"https:\/\/api.w.org\/{rel}","templated":true}]}}