{"id":259026,"date":"2021-11-24T09:51:35","date_gmt":"2021-11-24T08:51:35","guid":{"rendered":"https:\/\/www.blumen-schwarz.de\/aktuell\/?page_id=259026"},"modified":"2023-07-28T07:55:03","modified_gmt":"2023-07-28T05:55:03","slug":"sozial-umweltbewusst-und-engagiert","status":"publish","type":"page","link":"https:\/\/www.blumen-schwarz.de\/aktuell\/sozial-umweltbewusst-und-engagiert\/","title":{"rendered":"Sozial, umweltbewusst und engagiert"},"content":{"rendered":"<p>Vorab: Eigentlich widerstrebt uns eine Ver\u00f6ffentlichung dieser Informationen von Herzen. Das hat etwas mit Selbstbeweihr\u00e4ucherung und unangenehmer Selbstdarstellung zu tun. In der heutigen Zeit geh\u00f6rt es aber zu jeder Firma, dass sie sich m\u00f6glichst positiv darstellt und werbem\u00e4\u00dfig auswertet. Ein Schweigen in diesem Bereich wird als \"nicht-vorhanden\" gewertet. Aus diesem Kontext heraus haben wir diese Seite online gestellt.<\/p>\n<h2>engagiert<\/h2>\n<p>Wir sehen uns (als Chefs) als Verwalter und in Verantwortung. Daher unterst\u00fctzen wir regelm\u00e4\u00dfig folgende Organisationen:<\/p>\n<ul>\n<li><a href=\"https:\/\/www.cvjm-bayern.de\">CVJM Landesverband Bayern<\/a><\/li>\n<li><a href=\"https:\/\/www.cbm.de\">Christoffel Blindenmission<\/a><\/li>\n<li><a href=\"https:\/\/www.vanessa-school-mbeya.org\/index.php\/de\/\">Vanessa Secondary School Tansania<\/a><\/li>\n<li><a href=\"https:\/\/www.die-samariter.org\/\">Samaritan's Purse<\/a><\/li>\n<li><a href=\"https:\/\/www.stmartin-schwabach.de\/\">nat\u00fcrlich auch unsere \u00f6rtliche Kirchengemeinde<\/a><\/li>\n<li>und viele lokale Vereine und Veranstaltungen.<\/li>\n<\/ul>\n<blockquote>\n<h6>Bitte schreiben Sie uns nicht an und bitten, dass wir Ihr Projekt auch unterst\u00fctzen. Wir gehen generell auf solche Schreiben nicht ein. Die oben genannten Unternehmen unterst\u00fctzen wir zum gro\u00dfen Teil aus pers\u00f6nlichen, langj\u00e4hrigen Beziehungen heraus, z.B. ist eine gute Freundin von uns die Spendenkoordinatorin der Vanessa Secondary School und \u00fcberpr\u00fcft auch die Spendenverwendung vor Ort\u00a0 .... Wir und unsere Kinder sind mit den Freizeiten des CVJM Bayerns gro\u00df geworden und haben ganz viele tolle Erinnerungen an diese Zeit ...<\/h6>\n<\/blockquote>\n<h2>umweltbewusst<\/h2>\n<p>Umweltschutz ist ein laufender Prozess. Neben der \u00d6kologie sind wir nat\u00fcrlich ein Unternehmen, dass Gewinne bringen muss und haben daher die \u00d6konomie als Begrenzer. Unser Bestreben ist es in allen Bereichen, die naturfreundliche Produktion und den Handel auszubauen. Wir freuen uns, dass wir folgende Projekte umsetzen konnten:<\/p>\n<ul>\n<li>Pflanzenschutz mit nat\u00fcrlichen Mitteln und <a href=\"https:\/\/www.blumen-schwarz.de\/aktuell\/nuetzlingseinsatz-biologischer-pflanzenschutz\/\">Einsatz von N\u00fctzlingen.<\/a><\/li>\n<li>stark torfreduzierte Erde mit Torf aus <a href=\"https:\/\/gramoflor.com\/\">deutschen Abbaugebieten<\/a> (die nachher perfekt renaturiert werden).<\/li>\n<li><a href=\"https:\/\/www.biolpg.de\/\">CO2 neutrale Heizung<\/a> in unserer Rutzendorfer G\u00e4rtnerei und in unserem \u00dcberwinterungsbetrieb<\/li>\n<li>Verwendung von Regenwasser. An jedem Standort haben wir mindestens 300m\u00b3 Regenwasserspeicher.<\/li>\n<li>100% \u00d6k\u00f6strom<\/li>\n<li><a href=\"https:\/\/www.blumen-schwarz.de\/aktuell\/pfandtopf-ein-weitere-beitrag-zum-umweltschutz\/2019\/05\/\">Pfandtopfsystem<\/a>. Wir ben\u00f6tigen j\u00e4hrlich nur 20% unseres Bedarfs an T\u00f6pfen neu. Der Rest sind gebrauchte T\u00f6pfe, die unsere Kunden zur\u00fcckbringen oder die bei uns im Betrieb angefallen sind.<\/li>\n<li>Auswahl verrottbarer Produkte (Floristik, Gartenbau)<\/li>\n<li>klimacomputergesteuerte, sparsamkeitsoptimierte Heizung in den Gew\u00e4chsh\u00e4usern<\/li>\n<li>Akkuger\u00e4te statt 2-Takt Maschinen<\/li>\n<li>LED Leuchten in den meisten Gew\u00e4chsh\u00e4usern<\/li>\n<li>Entwicklung eines akku-angetriebenen, fast lautlosen Gie\u00dfroboters, der unser Gr\u00e4bergie\u00dfen mit dem Dieseltraktor ersetzen soll. Pikanterweise haben wir hier in Schwabach die gr\u00f6\u00dften Gegner dieses Projektes in der Gr\u00fcnen Partei. Leider blockiert die Politik in Schwabach dieses Projekt aktuell immer noch. Wir k\u00f6nnten auf dem Schwabacher Friedhof unseren Energieverbrauch bei jedem Gie\u00dfgang von 120kw auf 10kw reduzieren. Die Schallemission k\u00f6nnen von \u00fcber 90db auf\u00a0 45db reduzieren - aber wir k\u00e4mpfen noch gegen die unglaublichen Auflagen und H\u00fcrden.<\/li>\n<\/ul>\n<h2>sozial<\/h2>\n<p>Seit vielen Jahren zeigen wir <a href=\"https:\/\/www.blumen-schwarz.de\/aktuell\/gruene-berufe-beliebt-wie-noch-nie-10-junge-menschen-in-der-ausbildung\/2021\/09\/\">Engagement in Ausbildung<\/a> (normale Ausbildung, Fachwerker, einstiegsqualifizierendes Jahr etc.) und Personalf\u00fchrung.\u00a0 Auch wenn im produzierenden Gartenbau sehr viel mit Mindestl\u00f6hnen gearbeitet wird, versuchen wir im Sinne unserer Mitarbeiter zu denken und bestm\u00f6gliche L\u00f6hne zu bezahlen.<\/p>\n<p>Ein Betriebsklima mit fairer und offener Kommunikation ist unser Ziel (das wir oft auch erreichen ...). Wir haben mehrmals im Jahr externe Berater im Haus und versuchen auch in der Leitung offen zu sein und \u00c4nderungen umzusetzen.<\/p>\n<p>Ehrenamtlich engagieren wir uns als Familie in der Schwabacher Kirchengemeinde, u.a. im Kirchenvorstand und im Tau-Gottesdienstteam.<\/p>\n<p>Sie sehen, dass diese Liste sehr pers\u00f6nlich ist und wir nat\u00fcrlich nur von uns als Familie und Firmenleitung sprechen k\u00f6nnen. Unsere Motivation ist, das Richtige zu machen. Ob dies jedes Mal klappt, m\u00fcssen andere entscheiden.<\/p>\n<p>Annette und Heino Schwarz<\/p>\n","protected":false},"excerpt":{"rendered":"<p>Vorab: Eigentlich widerstrebt uns eine Ver\u00f6ffentlichung dieser Informationen von Herzen. Das hat etwas mit Selbstbeweihr\u00e4ucherung &hellip;<\/p>\n<p class=\"read-more\"> <a class=\" thunk-readmore button \" href=\"https:\/\/www.blumen-schwarz.de\/aktuell\/sozial-umweltbewusst-und-engagiert\/\"> <span class=\"screen-reader-text\">Sozial, umweltbewusst und engagiert<\/span>weiterlesen<\/a><\/p>\n","protected":false},"author":2,"featured_media":259540,"parent":0,"menu_order":0,"comment_status":"closed","ping_status":"closed","template":"","meta":{"inline_featured_image":false,"footnotes":""},"class_list":["post-259026","page","type-page","status-publish","has-post-thumbnail","hentry","thunk-woo-product-list","open-woo-hover-zoom","open-single-product-tab-horizontal","open-shadow-","open-shadow-hover-"],"_links":{"self":[{"href":"https:\/\/www.blumen-schwarz.de\/aktuell\/wp-json\/wp\/v2\/pages\/259026","targetHints":{"allow":["GET"]}}],"collection":[{"href":"https:\/\/www.blumen-schwarz.de\/aktuell\/wp-json\/wp\/v2\/pages"}],"about":[{"href":"https:\/\/www.blumen-schwarz.de\/aktuell\/wp-json\/wp\/v2\/types\/page"}],"author":[{"embeddable":true,"href":"https:\/\/www.blumen-schwarz.de\/aktuell\/wp-json\/wp\/v2\/users\/2"}],"replies":[{"embeddable":true,"href":"https:\/\/www.blumen-schwarz.de\/aktuell\/wp-json\/wp\/v2\/comments?post=259026"}],"version-history":[{"count":0,"href":"https:\/\/www.blumen-schwarz.de\/aktuell\/wp-json\/wp\/v2\/pages\/259026\/revisions"}],"wp:featuredmedia":[{"embeddable":true,"href":"https:\/\/www.blumen-schwarz.de\/aktuell\/wp-json\/wp\/v2\/media\/259540"}],"wp:attachment":[{"href":"https:\/\/www.blumen-schwarz.de\/aktuell\/wp-json\/wp\/v2\/media?parent=259026"}],"curies":[{"name":"wp","href":"https:\/\/api.w.org\/{rel}","templated":true}]}}