{"id":1850,"date":"2016-12-14T15:09:28","date_gmt":"2016-12-14T14:09:28","guid":{"rendered":"https:\/\/www.blumen-schwarz.de\/aktuell\/?page_id=1850"},"modified":"2016-12-14T15:09:28","modified_gmt":"2016-12-14T14:09:28","slug":"tage-der-kindergaertnerei","status":"publish","type":"page","link":"https:\/\/www.blumen-schwarz.de\/aktuell\/geschichte\/2011-2\/tage-der-kindergaertnerei\/","title":{"rendered":"Tage der Kinderg\u00e4rtnerei"},"content":{"rendered":"<p>5 Tage - jeden Tag fast 100 Kinder: Jede Menge Spa\u00df und ersch\u00f6pfte G\u00e4rtner<\/p>\n<div id='gallery-1' class='gallery galleryid-1850 gallery-columns-2 gallery-size-thumbnail'><figure class='gallery-item'>\n\t\t\t<div class='gallery-icon landscape'>\n\t\t\t\t<a href='https:\/\/www.blumen-schwarz.de\/aktuell\/wp-content\/uploads\/2016\/12\/kindergaertnerei.jpg'><img loading=\"lazy\" decoding=\"async\" width=\"150\" height=\"150\" src=\"https:\/\/www.blumen-schwarz.de\/aktuell\/wp-content\/uploads\/2016\/12\/kindergaertnerei-299x299.jpg\" class=\"attachment-thumbnail size-thumbnail\" alt=\"\" aria-describedby=\"gallery-1-1504\" srcset=\"https:\/\/www.blumen-schwarz.de\/aktuell\/wp-content\/uploads\/2016\/12\/kindergaertnerei-299x299.jpg 299w, https:\/\/www.blumen-schwarz.de\/aktuell\/wp-content\/uploads\/2016\/12\/kindergaertnerei-100x100.jpg 100w, https:\/\/www.blumen-schwarz.de\/aktuell\/wp-content\/uploads\/2016\/12\/kindergaertnerei-150x150.jpg 150w\" sizes=\"auto, (max-width: 150px) 100vw, 150px\" \/><\/a>\n\t\t\t<\/div>\n\t\t\t\t<figcaption class='wp-caption-text gallery-caption' id='gallery-1-1504'>\n\t\t\t\tTage der Kinderg\u00e4rtnerei. 5 Tage, fast 100 Kinder am Tag und viel Spa\u00df\n\t\t\t\t<\/figcaption><\/figure><figure class='gallery-item'>\n\t\t\t<div class='gallery-icon portrait'>\n\t\t\t\t<a href='https:\/\/www.blumen-schwarz.de\/aktuell\/wp-content\/uploads\/2016\/12\/img_2007_0162.jpg'><img loading=\"lazy\" decoding=\"async\" width=\"150\" height=\"150\" src=\"https:\/\/www.blumen-schwarz.de\/aktuell\/wp-content\/uploads\/2016\/12\/img_2007_0162-299x299.jpg\" class=\"attachment-thumbnail size-thumbnail\" alt=\"\" aria-describedby=\"gallery-1-1503\" srcset=\"https:\/\/www.blumen-schwarz.de\/aktuell\/wp-content\/uploads\/2016\/12\/img_2007_0162-299x299.jpg 299w, https:\/\/www.blumen-schwarz.de\/aktuell\/wp-content\/uploads\/2016\/12\/img_2007_0162-100x100.jpg 100w, https:\/\/www.blumen-schwarz.de\/aktuell\/wp-content\/uploads\/2016\/12\/img_2007_0162-150x150.jpg 150w\" sizes=\"auto, (max-width: 150px) 100vw, 150px\" \/><\/a>\n\t\t\t<\/div>\n\t\t\t\t<figcaption class='wp-caption-text gallery-caption' id='gallery-1-1503'>\n\t\t\t\tTage der Kinderg\u00e4rtnerei. 5 Tage, fast 100 Kinder am Tag und viel Spa\u00df\n\t\t\t\t<\/figcaption><\/figure><figure class='gallery-item'>\n\t\t\t<div class='gallery-icon landscape'>\n\t\t\t\t<a href='https:\/\/www.blumen-schwarz.de\/aktuell\/wp-content\/uploads\/2016\/12\/img_2007_0167.jpg'><img loading=\"lazy\" decoding=\"async\" width=\"150\" height=\"150\" src=\"https:\/\/www.blumen-schwarz.de\/aktuell\/wp-content\/uploads\/2016\/12\/img_2007_0167-299x299.jpg\" class=\"attachment-thumbnail size-thumbnail\" alt=\"\" aria-describedby=\"gallery-1-1502\" srcset=\"https:\/\/www.blumen-schwarz.de\/aktuell\/wp-content\/uploads\/2016\/12\/img_2007_0167-299x299.jpg 299w, https:\/\/www.blumen-schwarz.de\/aktuell\/wp-content\/uploads\/2016\/12\/img_2007_0167-100x100.jpg 100w, https:\/\/www.blumen-schwarz.de\/aktuell\/wp-content\/uploads\/2016\/12\/img_2007_0167-150x150.jpg 150w\" sizes=\"auto, (max-width: 150px) 100vw, 150px\" \/><\/a>\n\t\t\t<\/div>\n\t\t\t\t<figcaption class='wp-caption-text gallery-caption' id='gallery-1-1502'>\n\t\t\t\tTage der Kinderg\u00e4rtnerei. 5 Tage, fast 100 Kinder am Tag und viel Spa\u00df\n\t\t\t\t<\/figcaption><\/figure><figure class='gallery-item'>\n\t\t\t<div class='gallery-icon landscape'>\n\t\t\t\t<a href='https:\/\/www.blumen-schwarz.de\/aktuell\/wp-content\/uploads\/2016\/12\/img_2007_0176.jpg'><img loading=\"lazy\" decoding=\"async\" width=\"150\" height=\"150\" src=\"https:\/\/www.blumen-schwarz.de\/aktuell\/wp-content\/uploads\/2016\/12\/img_2007_0176-299x299.jpg\" class=\"attachment-thumbnail size-thumbnail\" alt=\"\" aria-describedby=\"gallery-1-1501\" srcset=\"https:\/\/www.blumen-schwarz.de\/aktuell\/wp-content\/uploads\/2016\/12\/img_2007_0176-299x299.jpg 299w, https:\/\/www.blumen-schwarz.de\/aktuell\/wp-content\/uploads\/2016\/12\/img_2007_0176-100x100.jpg 100w, https:\/\/www.blumen-schwarz.de\/aktuell\/wp-content\/uploads\/2016\/12\/img_2007_0176-150x150.jpg 150w\" sizes=\"auto, (max-width: 150px) 100vw, 150px\" \/><\/a>\n\t\t\t<\/div>\n\t\t\t\t<figcaption class='wp-caption-text gallery-caption' id='gallery-1-1501'>\n\t\t\t\tTage der Kinderg\u00e4rtnerei. 5 Tage, fast 100 Kinder am Tag und viel Spa\u00df\n\t\t\t\t<\/figcaption><\/figure><figure class='gallery-item'>\n\t\t\t<div class='gallery-icon landscape'>\n\t\t\t\t<a href='https:\/\/www.blumen-schwarz.de\/aktuell\/wp-content\/uploads\/2016\/12\/img_2007_0179.jpg'><img loading=\"lazy\" decoding=\"async\" width=\"150\" height=\"150\" src=\"https:\/\/www.blumen-schwarz.de\/aktuell\/wp-content\/uploads\/2016\/12\/img_2007_0179-299x299.jpg\" class=\"attachment-thumbnail size-thumbnail\" alt=\"\" aria-describedby=\"gallery-1-1500\" srcset=\"https:\/\/www.blumen-schwarz.de\/aktuell\/wp-content\/uploads\/2016\/12\/img_2007_0179-299x299.jpg 299w, https:\/\/www.blumen-schwarz.de\/aktuell\/wp-content\/uploads\/2016\/12\/img_2007_0179-100x100.jpg 100w, https:\/\/www.blumen-schwarz.de\/aktuell\/wp-content\/uploads\/2016\/12\/img_2007_0179-150x150.jpg 150w\" sizes=\"auto, (max-width: 150px) 100vw, 150px\" \/><\/a>\n\t\t\t<\/div>\n\t\t\t\t<figcaption class='wp-caption-text gallery-caption' id='gallery-1-1500'>\n\t\t\t\tTage der Kinderg\u00e4rtnerei. 5 Tage, fast 100 Kinder am Tag und viel Spa\u00df\n\t\t\t\t<\/figcaption><\/figure><figure class='gallery-item'>\n\t\t\t<div class='gallery-icon landscape'>\n\t\t\t\t<a href='https:\/\/www.blumen-schwarz.de\/aktuell\/wp-content\/uploads\/2016\/12\/img_2007_0180.jpg'><img loading=\"lazy\" decoding=\"async\" width=\"150\" height=\"150\" src=\"https:\/\/www.blumen-schwarz.de\/aktuell\/wp-content\/uploads\/2016\/12\/img_2007_0180-299x299.jpg\" class=\"attachment-thumbnail size-thumbnail\" alt=\"\" aria-describedby=\"gallery-1-1499\" srcset=\"https:\/\/www.blumen-schwarz.de\/aktuell\/wp-content\/uploads\/2016\/12\/img_2007_0180-299x299.jpg 299w, https:\/\/www.blumen-schwarz.de\/aktuell\/wp-content\/uploads\/2016\/12\/img_2007_0180-100x100.jpg 100w, https:\/\/www.blumen-schwarz.de\/aktuell\/wp-content\/uploads\/2016\/12\/img_2007_0180-150x150.jpg 150w\" sizes=\"auto, (max-width: 150px) 100vw, 150px\" \/><\/a>\n\t\t\t<\/div>\n\t\t\t\t<figcaption class='wp-caption-text gallery-caption' id='gallery-1-1499'>\n\t\t\t\tTage der Kinderg\u00e4rtnerei. 5 Tage, fast 100 Kinder am Tag und viel Spa\u00df\n\t\t\t\t<\/figcaption><\/figure><figure class='gallery-item'>\n\t\t\t<div class='gallery-icon landscape'>\n\t\t\t\t<a href='https:\/\/www.blumen-schwarz.de\/aktuell\/wp-content\/uploads\/2016\/12\/img_2007_0183.jpg'><img loading=\"lazy\" decoding=\"async\" width=\"150\" height=\"150\" src=\"https:\/\/www.blumen-schwarz.de\/aktuell\/wp-content\/uploads\/2016\/12\/img_2007_0183-299x299.jpg\" class=\"attachment-thumbnail size-thumbnail\" alt=\"\" aria-describedby=\"gallery-1-1498\" srcset=\"https:\/\/www.blumen-schwarz.de\/aktuell\/wp-content\/uploads\/2016\/12\/img_2007_0183-299x299.jpg 299w, https:\/\/www.blumen-schwarz.de\/aktuell\/wp-content\/uploads\/2016\/12\/img_2007_0183-100x100.jpg 100w, https:\/\/www.blumen-schwarz.de\/aktuell\/wp-content\/uploads\/2016\/12\/img_2007_0183-150x150.jpg 150w\" sizes=\"auto, (max-width: 150px) 100vw, 150px\" \/><\/a>\n\t\t\t<\/div>\n\t\t\t\t<figcaption class='wp-caption-text gallery-caption' id='gallery-1-1498'>\n\t\t\t\tTage der Kinderg\u00e4rtnerei. 5 Tage, fast 100 Kinder am Tag und viel Spa\u00df\n\t\t\t\t<\/figcaption><\/figure><figure class='gallery-item'>\n\t\t\t<div class='gallery-icon landscape'>\n\t\t\t\t<a href='https:\/\/www.blumen-schwarz.de\/aktuell\/wp-content\/uploads\/2016\/12\/img_2007_0189.jpg'><img loading=\"lazy\" decoding=\"async\" width=\"150\" height=\"150\" src=\"https:\/\/www.blumen-schwarz.de\/aktuell\/wp-content\/uploads\/2016\/12\/img_2007_0189-299x299.jpg\" class=\"attachment-thumbnail size-thumbnail\" alt=\"\" aria-describedby=\"gallery-1-1497\" srcset=\"https:\/\/www.blumen-schwarz.de\/aktuell\/wp-content\/uploads\/2016\/12\/img_2007_0189-299x299.jpg 299w, https:\/\/www.blumen-schwarz.de\/aktuell\/wp-content\/uploads\/2016\/12\/img_2007_0189-100x100.jpg 100w, https:\/\/www.blumen-schwarz.de\/aktuell\/wp-content\/uploads\/2016\/12\/img_2007_0189-150x150.jpg 150w\" sizes=\"auto, (max-width: 150px) 100vw, 150px\" \/><\/a>\n\t\t\t<\/div>\n\t\t\t\t<figcaption class='wp-caption-text gallery-caption' id='gallery-1-1497'>\n\t\t\t\tTage der Kinderg\u00e4rtnerei. 5 Tage, fast 100 Kinder am Tag und viel Spa\u00df\n\t\t\t\t<\/figcaption><\/figure><figure class='gallery-item'>\n\t\t\t<div class='gallery-icon landscape'>\n\t\t\t\t<a href='https:\/\/www.blumen-schwarz.de\/aktuell\/wp-content\/uploads\/2016\/12\/img_2007_0196.jpg'><img loading=\"lazy\" decoding=\"async\" width=\"150\" height=\"150\" src=\"https:\/\/www.blumen-schwarz.de\/aktuell\/wp-content\/uploads\/2016\/12\/img_2007_0196-299x299.jpg\" class=\"attachment-thumbnail size-thumbnail\" alt=\"\" aria-describedby=\"gallery-1-1496\" srcset=\"https:\/\/www.blumen-schwarz.de\/aktuell\/wp-content\/uploads\/2016\/12\/img_2007_0196-299x299.jpg 299w, https:\/\/www.blumen-schwarz.de\/aktuell\/wp-content\/uploads\/2016\/12\/img_2007_0196-100x100.jpg 100w, https:\/\/www.blumen-schwarz.de\/aktuell\/wp-content\/uploads\/2016\/12\/img_2007_0196-150x150.jpg 150w\" sizes=\"auto, (max-width: 150px) 100vw, 150px\" \/><\/a>\n\t\t\t<\/div>\n\t\t\t\t<figcaption class='wp-caption-text gallery-caption' id='gallery-1-1496'>\n\t\t\t\tTage der Kinderg\u00e4rtnerei. 5 Tage, fast 100 Kinder am Tag und viel Spa\u00df\n\t\t\t\t<\/figcaption><\/figure><figure class='gallery-item'>\n\t\t\t<div class='gallery-icon landscape'>\n\t\t\t\t<a href='https:\/\/www.blumen-schwarz.de\/aktuell\/wp-content\/uploads\/2016\/12\/img_2007_0208.jpg'><img loading=\"lazy\" decoding=\"async\" width=\"150\" height=\"150\" src=\"https:\/\/www.blumen-schwarz.de\/aktuell\/wp-content\/uploads\/2016\/12\/img_2007_0208-299x299.jpg\" class=\"attachment-thumbnail size-thumbnail\" alt=\"\" aria-describedby=\"gallery-1-1495\" srcset=\"https:\/\/www.blumen-schwarz.de\/aktuell\/wp-content\/uploads\/2016\/12\/img_2007_0208-299x299.jpg 299w, https:\/\/www.blumen-schwarz.de\/aktuell\/wp-content\/uploads\/2016\/12\/img_2007_0208-100x100.jpg 100w, https:\/\/www.blumen-schwarz.de\/aktuell\/wp-content\/uploads\/2016\/12\/img_2007_0208-150x150.jpg 150w\" sizes=\"auto, (max-width: 150px) 100vw, 150px\" \/><\/a>\n\t\t\t<\/div>\n\t\t\t\t<figcaption class='wp-caption-text gallery-caption' id='gallery-1-1495'>\n\t\t\t\tTage der Kinderg\u00e4rtnerei. 5 Tage, fast 100 Kinder am Tag und viel Spa\u00df\n\t\t\t\t<\/figcaption><\/figure><figure class='gallery-item'>\n\t\t\t<div class='gallery-icon landscape'>\n\t\t\t\t<a href='https:\/\/www.blumen-schwarz.de\/aktuell\/wp-content\/uploads\/2016\/12\/img_2007_0210.jpg'><img loading=\"lazy\" decoding=\"async\" width=\"150\" height=\"150\" src=\"https:\/\/www.blumen-schwarz.de\/aktuell\/wp-content\/uploads\/2016\/12\/img_2007_0210-299x299.jpg\" class=\"attachment-thumbnail size-thumbnail\" alt=\"\" aria-describedby=\"gallery-1-1493\" srcset=\"https:\/\/www.blumen-schwarz.de\/aktuell\/wp-content\/uploads\/2016\/12\/img_2007_0210-299x299.jpg 299w, https:\/\/www.blumen-schwarz.de\/aktuell\/wp-content\/uploads\/2016\/12\/img_2007_0210-100x100.jpg 100w, https:\/\/www.blumen-schwarz.de\/aktuell\/wp-content\/uploads\/2016\/12\/img_2007_0210-150x150.jpg 150w\" sizes=\"auto, (max-width: 150px) 100vw, 150px\" \/><\/a>\n\t\t\t<\/div>\n\t\t\t\t<figcaption class='wp-caption-text gallery-caption' id='gallery-1-1493'>\n\t\t\t\tTage der Kinderg\u00e4rtnerei. 5 Tage, fast 100 Kinder am Tag und viel Spa\u00df\n\t\t\t\t<\/figcaption><\/figure><figure class='gallery-item'>\n\t\t\t<div class='gallery-icon landscape'>\n\t\t\t\t<a href='https:\/\/www.blumen-schwarz.de\/aktuell\/wp-content\/uploads\/2016\/12\/img_2007_0215.jpg'><img loading=\"lazy\" decoding=\"async\" width=\"150\" height=\"150\" src=\"https:\/\/www.blumen-schwarz.de\/aktuell\/wp-content\/uploads\/2016\/12\/img_2007_0215-299x299.jpg\" class=\"attachment-thumbnail size-thumbnail\" alt=\"\" aria-describedby=\"gallery-1-1492\" srcset=\"https:\/\/www.blumen-schwarz.de\/aktuell\/wp-content\/uploads\/2016\/12\/img_2007_0215-299x299.jpg 299w, https:\/\/www.blumen-schwarz.de\/aktuell\/wp-content\/uploads\/2016\/12\/img_2007_0215-100x100.jpg 100w, https:\/\/www.blumen-schwarz.de\/aktuell\/wp-content\/uploads\/2016\/12\/img_2007_0215-150x150.jpg 150w\" sizes=\"auto, (max-width: 150px) 100vw, 150px\" \/><\/a>\n\t\t\t<\/div>\n\t\t\t\t<figcaption class='wp-caption-text gallery-caption' id='gallery-1-1492'>\n\t\t\t\tTage der Kinderg\u00e4rtnerei. 5 Tage, fast 100 Kinder am Tag und viel Spa\u00df\n\t\t\t\t<\/figcaption><\/figure><figure class='gallery-item'>\n\t\t\t<div class='gallery-icon landscape'>\n\t\t\t\t<a href='https:\/\/www.blumen-schwarz.de\/aktuell\/wp-content\/uploads\/2016\/12\/img_2007_0224.jpg'><img loading=\"lazy\" decoding=\"async\" width=\"150\" height=\"150\" src=\"https:\/\/www.blumen-schwarz.de\/aktuell\/wp-content\/uploads\/2016\/12\/img_2007_0224-299x299.jpg\" class=\"attachment-thumbnail size-thumbnail\" alt=\"\" aria-describedby=\"gallery-1-1491\" srcset=\"https:\/\/www.blumen-schwarz.de\/aktuell\/wp-content\/uploads\/2016\/12\/img_2007_0224-299x299.jpg 299w, https:\/\/www.blumen-schwarz.de\/aktuell\/wp-content\/uploads\/2016\/12\/img_2007_0224-100x100.jpg 100w, https:\/\/www.blumen-schwarz.de\/aktuell\/wp-content\/uploads\/2016\/12\/img_2007_0224-150x150.jpg 150w\" sizes=\"auto, (max-width: 150px) 100vw, 150px\" \/><\/a>\n\t\t\t<\/div>\n\t\t\t\t<figcaption class='wp-caption-text gallery-caption' id='gallery-1-1491'>\n\t\t\t\tTage der Kinderg\u00e4rtnerei. 5 Tage, fast 100 Kinder am Tag und viel Spa\u00df\n\t\t\t\t<\/figcaption><\/figure>\n\t\t<\/div>\n\n","protected":false},"excerpt":{"rendered":"<p>5 Tage - jeden Tag fast 100 Kinder: Jede Menge Spa\u00df und ersch\u00f6pfte G\u00e4rtner<\/p>\n","protected":false},"author":2,"featured_media":0,"parent":1825,"menu_order":0,"comment_status":"closed","ping_status":"closed","template":"","meta":{"inline_featured_image":false,"footnotes":""},"class_list":["post-1850","page","type-page","status-publish","hentry","thunk-woo-product-list","open-woo-hover-zoom","open-single-product-tab-horizontal","open-shadow-","open-shadow-hover-"],"_links":{"self":[{"href":"https:\/\/www.blumen-schwarz.de\/aktuell\/wp-json\/wp\/v2\/pages\/1850","targetHints":{"allow":["GET"]}}],"collection":[{"href":"https:\/\/www.blumen-schwarz.de\/aktuell\/wp-json\/wp\/v2\/pages"}],"about":[{"href":"https:\/\/www.blumen-schwarz.de\/aktuell\/wp-json\/wp\/v2\/types\/page"}],"author":[{"embeddable":true,"href":"https:\/\/www.blumen-schwarz.de\/aktuell\/wp-json\/wp\/v2\/users\/2"}],"replies":[{"embeddable":true,"href":"https:\/\/www.blumen-schwarz.de\/aktuell\/wp-json\/wp\/v2\/comments?post=1850"}],"version-history":[{"count":0,"href":"https:\/\/www.blumen-schwarz.de\/aktuell\/wp-json\/wp\/v2\/pages\/1850\/revisions"}],"up":[{"embeddable":true,"href":"https:\/\/www.blumen-schwarz.de\/aktuell\/wp-json\/wp\/v2\/pages\/1825"}],"wp:attachment":[{"href":"https:\/\/www.blumen-schwarz.de\/aktuell\/wp-json\/wp\/v2\/media?parent=1850"}],"curies":[{"name":"wp","href":"https:\/\/api.w.org\/{rel}","templated":true}]}}