{"id":156,"date":"2016-11-06T00:12:22","date_gmt":"2016-11-05T23:12:22","guid":{"rendered":"https:\/\/www.blumen-schwarz.de\/aktuell\/?page_id=156"},"modified":"2019-12-03T15:57:31","modified_gmt":"2019-12-03T14:57:31","slug":"schwarzsche-pflanzen","status":"publish","type":"page","link":"https:\/\/www.blumen-schwarz.de\/aktuell\/floristik-und-gartenbau\/schwarzsche-pflanzen\/","title":{"rendered":"Schwarz'sche Pflanzen"},"content":{"rendered":"<h3>Beet- und Balkonpflanzen<\/h3>\n<p>Wir produzieren den gr\u00f6\u00dften Teil unserer Balkonpflanzen in eigener G\u00e4rtnerei. Dabei legen wir viel Wert auf Vielfalt und Spitzenqualit\u00e4t.<br \/>\nZu unserem Sortiment geh\u00f6rt<\/p>\n<ul>\n<li>ein \"Extra-Plus\"-Service<\/li>\n<li>Sondersachen wie Fre\u00dfsack oder Bl\u00fctenbeutel<\/li>\n<li>eine gro\u00dfe Auswahl<\/li>\n<\/ul>\n<p>Am besten lernen Sie unsere G\u00e4rtnerei kennen, wenn Sie kurz durch die Bilder unseres Tag der offenen G\u00e4rtnerei klicken. Oder Sie schauen einfach selbst bei uns vorbei. Sie k\u00f6nnen jederzeit zu den Laden\u00f6ffnungszeiten unsere G\u00e4rtnerei besichtigen (und sich nat\u00fcrlich auch die Pflanzen dort direkt aussuchen).<\/p>\n<p>&nbsp;<\/p>\n\t\t<div class=\"fotorama responsive-image-silder\"\r\n\t\t\tdata-width=100%\t\t\t\t\t\t\t\t\tdata-height=\"\"\t\t\t\t\t\t\t\t\t\t\t\t\t\t\t\t\t\tdata-nav=thumbs\t\t\t\t\t\tdata-navposition=bottom\t\t\t\t\t\t\t\t\t\t\t\tdata-thumbborderwidth=3\t\t\tdata-allowfullscreen=true\t\t\tdata-fit=cover\t\t\tdata-thumbfit=cover\t\t\tdata-transition=crossfade\t\t\tdata-click=true \r\n\t\t\tdata-transitionduration=300\t\t\t\t\t\ttitle\t\t\tdata-hash=false\t\t\tdata-autoplay=true\t\t\tdata-stopautoplayontouch=false\t\t\tdata-loop=true\t\t\tdata-keyboard=true\t\t\tdata-arrow=true\t\t\tdata-click=true\t\t\tdata-swipe=true\t\t\tdata-trackpad=true\t\t\tdata-shuffle=true\t\t\tdata-direction=ltr\t\t\tdata-spinner=true\t\t\t>\r\n\t\t\t<img decoding=\"async\" src=\"https:\/\/www.blumen-schwarz.de\/aktuell\/wp-content\/uploads\/2019\/12\/Arctotis_cultivars_1-scaled.jpg\" data-caption=\"\"><img decoding=\"async\" src=\"https:\/\/www.blumen-schwarz.de\/aktuell\/wp-content\/uploads\/2019\/12\/chrysanthemum-scaled.jpg\" data-caption=\"\"><img decoding=\"async\" src=\"https:\/\/www.blumen-schwarz.de\/aktuell\/wp-content\/uploads\/2019\/12\/Agrostis-scaled.jpg\" data-caption=\"\"><img decoding=\"async\" src=\"https:\/\/www.blumen-schwarz.de\/aktuell\/wp-content\/uploads\/2019\/12\/viola_cornuta-scaled.jpg\" data-caption=\"\"><img decoding=\"async\" src=\"https:\/\/www.blumen-schwarz.de\/aktuell\/wp-content\/uploads\/2019\/12\/Hebe_Magic_Summer-scaled.jpg\" data-caption=\"\"><img decoding=\"async\" src=\"https:\/\/www.blumen-schwarz.de\/aktuell\/wp-content\/uploads\/2019\/12\/Hakonechloa-scaled.jpg\" data-caption=\"\"><img decoding=\"async\" src=\"https:\/\/www.blumen-schwarz.de\/aktuell\/wp-content\/uploads\/2019\/12\/Heuchera_in_Sorten-scaled.jpg\" data-caption=\"\"><img decoding=\"async\" src=\"https:\/\/www.blumen-schwarz.de\/aktuell\/wp-content\/uploads\/2019\/12\/Cyclamen_persicum-scaled.jpg\" data-caption=\"\"><img decoding=\"async\" src=\"https:\/\/www.blumen-schwarz.de\/aktuell\/wp-content\/uploads\/2019\/12\/Anisodontea_capensis-scaled.jpg\" data-caption=\"\">\t\t<\/div>\r\n\t\t\n<p>&nbsp;<\/p>\n<p>&nbsp;<\/p>\n<h3>Rosen, Koniferen, Obst, Geh\u00f6lze<\/h3>\n<p>Wir f\u00fchren ein kleines, gut ausgew\u00e4hltes Sortiment an Geh\u00f6lzen. Da unsere eigene Anbaufl\u00e4che leider viel zu klein ist, m\u00fcssen wir diese Pflanzen zu kaufen. Seit drei Generation haben wir hier einen Partner im Norden von Deutschland (Ammerland), der uns zuverl\u00e4ssig mit guter und g\u00fcnstiger Qualit\u00e4t beliefert.<br \/>\nEinmal im Jahr sind wir selbst in Apen in der Baumschule und suchen den gro\u00dfen Teil unseres Jahresbedarfes vor Ort aus.<br \/>\nDiese Liste enth\u00e4lt auch alle Obst- und Beerenstr\u00e4ucher. Diese kaufen wir regional von einem Kollegen am Rande der fr\u00e4nkischen Schweiz zu. Unser Schwerpunkt im Obstbereich liegt auf B\u00e4umen und Str\u00e4uchern f\u00fcr kleine G\u00e4rten (Spalier, S\u00e4ulen, Zwergsorten).<\/p>\n<p>&nbsp;<\/p>\n<p>&nbsp;<\/p>\n<p>&nbsp;<\/p>\n<p>&nbsp;<\/p>\n<p>&nbsp;<\/p>\n<p>&nbsp;<\/p>\n<h3>Winterharte Bl\u00fctenstauden, Farne und Gr\u00e4ser<\/h3>\n<p>Zus\u00e4tzlich zu den Beet- und Balkonpflanzen kultivieren wir in unserer G\u00e4rtnerei ein Sortiment von derzeit ca. 200 verschieden Stauden. Wir liegen im Trend der Nachfrage nach Stauden im gro\u00dfen Topf. Einzig Bodendecker und Steingartenstauden werden in kleinen T\u00f6pfen angezogen. Der Rest des Sortimentes soll bl\u00fchend in dekorativer Qualit\u00e4t zum Verkauf stehen.<\/p>\n<p>&nbsp;<\/p>\n","protected":false},"excerpt":{"rendered":"<p>Beet- und Balkonpflanzen Wir produzieren den gr\u00f6\u00dften Teil unserer Balkonpflanzen in eigener G\u00e4rtnerei. Dabei legen &hellip;<\/p>\n<p class=\"read-more\"> <a class=\" thunk-readmore button \" href=\"https:\/\/www.blumen-schwarz.de\/aktuell\/responsive_slider\/pflanzen-aus-eigenproduktion\/\"> <span class=\"screen-reader-text\">Pflanzen aus Eigenproduktion<\/span>weiterlesen<\/a><\/p>\n","protected":false},"author":1,"featured_media":0,"parent":117,"menu_order":0,"comment_status":"closed","ping_status":"closed","template":"","meta":{"inline_featured_image":false,"footnotes":""},"class_list":["post-156","page","type-page","status-publish","hentry","thunk-woo-product-list","open-woo-hover-zoom","open-single-product-tab-horizontal","open-shadow-","open-shadow-hover-"],"_links":{"self":[{"href":"https:\/\/www.blumen-schwarz.de\/aktuell\/wp-json\/wp\/v2\/pages\/156","targetHints":{"allow":["GET"]}}],"collection":[{"href":"https:\/\/www.blumen-schwarz.de\/aktuell\/wp-json\/wp\/v2\/pages"}],"about":[{"href":"https:\/\/www.blumen-schwarz.de\/aktuell\/wp-json\/wp\/v2\/types\/page"}],"author":[{"embeddable":true,"href":"https:\/\/www.blumen-schwarz.de\/aktuell\/wp-json\/wp\/v2\/users\/1"}],"replies":[{"embeddable":true,"href":"https:\/\/www.blumen-schwarz.de\/aktuell\/wp-json\/wp\/v2\/comments?post=156"}],"version-history":[{"count":0,"href":"https:\/\/www.blumen-schwarz.de\/aktuell\/wp-json\/wp\/v2\/pages\/156\/revisions"}],"up":[{"embeddable":true,"href":"https:\/\/www.blumen-schwarz.de\/aktuell\/wp-json\/wp\/v2\/pages\/117"}],"wp:attachment":[{"href":"https:\/\/www.blumen-schwarz.de\/aktuell\/wp-json\/wp\/v2\/media?parent=156"}],"curies":[{"name":"wp","href":"https:\/\/api.w.org\/{rel}","templated":true}]}}