{"id":1508,"date":"2016-12-14T08:51:27","date_gmt":"2016-12-14T07:51:27","guid":{"rendered":"https:\/\/www.blumen-schwarz.de\/aktuell\/?page_id=1508"},"modified":"2016-12-14T08:51:27","modified_gmt":"2016-12-14T07:51:27","slug":"abschied-von-der-agria","status":"publish","type":"page","link":"https:\/\/www.blumen-schwarz.de\/aktuell\/geschichte\/2006-2\/abschied-von-der-agria\/","title":{"rendered":"Abschied von der Agria"},"content":{"rendered":"<p>Es tut zwar immer weh, wenn man alte Ger\u00e4te verkauft, aber leider langt unser Platz nicht aus um alle \"historische\" Maschinen unterzubringen. So musste dieses Jahr unsere alte Agriafr\u00e4se einer neuen Fr\u00e4se weichen ....<\/p>\n<div id='gallery-1' class='gallery galleryid-1508 gallery-columns-2 gallery-size-thumbnail'><figure class='gallery-item'>\n\t\t\t<div class='gallery-icon landscape'>\n\t\t\t\t<a href='https:\/\/www.blumen-schwarz.de\/aktuell\/wp-content\/uploads\/2016\/12\/img_0200.jpg'><img loading=\"lazy\" decoding=\"async\" width=\"150\" height=\"150\" src=\"https:\/\/www.blumen-schwarz.de\/aktuell\/wp-content\/uploads\/2016\/12\/img_0200-299x299.jpg\" class=\"attachment-thumbnail size-thumbnail\" alt=\"\" aria-describedby=\"gallery-1-945\" srcset=\"https:\/\/www.blumen-schwarz.de\/aktuell\/wp-content\/uploads\/2016\/12\/img_0200-299x299.jpg 299w, https:\/\/www.blumen-schwarz.de\/aktuell\/wp-content\/uploads\/2016\/12\/img_0200-100x100.jpg 100w, https:\/\/www.blumen-schwarz.de\/aktuell\/wp-content\/uploads\/2016\/12\/img_0200-150x150.jpg 150w\" sizes=\"auto, (max-width: 150px) 100vw, 150px\" \/><\/a>\n\t\t\t<\/div>\n\t\t\t\t<figcaption class='wp-caption-text gallery-caption' id='gallery-1-945'>\n\t\t\t\tIrgendwann wird auch der sch\u00f6nste Oldtimer zu alt f\u00fcr den Einsatz. Deswegen musste leider dieses Jahr unsere Fr\u00e4se daran glauben. Nach \u00fcber 50 Laufjahren wurde sie bei Ebay an einen Sammler verh\u00f6kert.\n\t\t\t\t<\/figcaption><\/figure><figure class='gallery-item'>\n\t\t\t<div class='gallery-icon landscape'>\n\t\t\t\t<a href='https:\/\/www.blumen-schwarz.de\/aktuell\/wp-content\/uploads\/2016\/12\/img_0199.jpg'><img loading=\"lazy\" decoding=\"async\" width=\"150\" height=\"150\" src=\"https:\/\/www.blumen-schwarz.de\/aktuell\/wp-content\/uploads\/2016\/12\/img_0199-299x299.jpg\" class=\"attachment-thumbnail size-thumbnail\" alt=\"\" aria-describedby=\"gallery-1-944\" srcset=\"https:\/\/www.blumen-schwarz.de\/aktuell\/wp-content\/uploads\/2016\/12\/img_0199-299x299.jpg 299w, https:\/\/www.blumen-schwarz.de\/aktuell\/wp-content\/uploads\/2016\/12\/img_0199-100x100.jpg 100w, https:\/\/www.blumen-schwarz.de\/aktuell\/wp-content\/uploads\/2016\/12\/img_0199-150x150.jpg 150w\" sizes=\"auto, (max-width: 150px) 100vw, 150px\" \/><\/a>\n\t\t\t<\/div>\n\t\t\t\t<figcaption class='wp-caption-text gallery-caption' id='gallery-1-944'>\n\t\t\t\tIrgendwann wird auch der sch\u00f6nste Oldtimer zu alt f\u00fcr den Einsatz. Deswegen musste leider dieses Jahr unsere Fr\u00e4se daran glauben. Nach \u00fcber 50 Laufjahren wurde sie bei Ebay an einen Sammler verh\u00f6kert.\n\t\t\t\t<\/figcaption><\/figure><figure class='gallery-item'>\n\t\t\t<div class='gallery-icon landscape'>\n\t\t\t\t<a href='https:\/\/www.blumen-schwarz.de\/aktuell\/wp-content\/uploads\/2016\/12\/img_0198.jpg'><img loading=\"lazy\" decoding=\"async\" width=\"150\" height=\"150\" src=\"https:\/\/www.blumen-schwarz.de\/aktuell\/wp-content\/uploads\/2016\/12\/img_0198-299x299.jpg\" class=\"attachment-thumbnail size-thumbnail\" alt=\"\" aria-describedby=\"gallery-1-943\" srcset=\"https:\/\/www.blumen-schwarz.de\/aktuell\/wp-content\/uploads\/2016\/12\/img_0198-299x299.jpg 299w, https:\/\/www.blumen-schwarz.de\/aktuell\/wp-content\/uploads\/2016\/12\/img_0198-100x100.jpg 100w, https:\/\/www.blumen-schwarz.de\/aktuell\/wp-content\/uploads\/2016\/12\/img_0198-150x150.jpg 150w\" sizes=\"auto, (max-width: 150px) 100vw, 150px\" \/><\/a>\n\t\t\t<\/div>\n\t\t\t\t<figcaption class='wp-caption-text gallery-caption' id='gallery-1-943'>\n\t\t\t\tIrgendwann wird auch der sch\u00f6nste Oldtimer zu alt f\u00fcr den Einsatz. Deswegen musste leider dieses Jahr unsere Fr\u00e4se daran glauben. Nach \u00fcber 50 Laufjahren wurde sie bei Ebay an einen Sammler verh\u00f6kert.\n\t\t\t\t<\/figcaption><\/figure>\n\t\t<\/div>\n\n","protected":false},"excerpt":{"rendered":"<p>Es tut zwar immer weh, wenn man alte Ger\u00e4te verkauft, aber leider langt unser Platz &hellip;<\/p>\n<p class=\"read-more\"> <a class=\" thunk-readmore button \" href=\"https:\/\/www.blumen-schwarz.de\/aktuell\/geschichte\/2006-2\/abschied-von-der-agria\/\"> <span class=\"screen-reader-text\">Abschied von der Agria<\/span>weiterlesen<\/a><\/p>\n","protected":false},"author":2,"featured_media":0,"parent":1506,"menu_order":0,"comment_status":"closed","ping_status":"closed","template":"","meta":{"inline_featured_image":false,"footnotes":""},"class_list":["post-1508","page","type-page","status-publish","hentry","thunk-woo-product-list","open-woo-hover-zoom","open-single-product-tab-horizontal","open-shadow-","open-shadow-hover-"],"_links":{"self":[{"href":"https:\/\/www.blumen-schwarz.de\/aktuell\/wp-json\/wp\/v2\/pages\/1508","targetHints":{"allow":["GET"]}}],"collection":[{"href":"https:\/\/www.blumen-schwarz.de\/aktuell\/wp-json\/wp\/v2\/pages"}],"about":[{"href":"https:\/\/www.blumen-schwarz.de\/aktuell\/wp-json\/wp\/v2\/types\/page"}],"author":[{"embeddable":true,"href":"https:\/\/www.blumen-schwarz.de\/aktuell\/wp-json\/wp\/v2\/users\/2"}],"replies":[{"embeddable":true,"href":"https:\/\/www.blumen-schwarz.de\/aktuell\/wp-json\/wp\/v2\/comments?post=1508"}],"version-history":[{"count":0,"href":"https:\/\/www.blumen-schwarz.de\/aktuell\/wp-json\/wp\/v2\/pages\/1508\/revisions"}],"up":[{"embeddable":true,"href":"https:\/\/www.blumen-schwarz.de\/aktuell\/wp-json\/wp\/v2\/pages\/1506"}],"wp:attachment":[{"href":"https:\/\/www.blumen-schwarz.de\/aktuell\/wp-json\/wp\/v2\/media?parent=1508"}],"curies":[{"name":"wp","href":"https:\/\/api.w.org\/{rel}","templated":true}]}}