{"id":137,"date":"2016-11-05T23:57:02","date_gmt":"2016-11-05T22:57:02","guid":{"rendered":"https:\/\/www.blumen-schwarz.de\/aktuell\/?page_id=137"},"modified":"2021-10-05T10:37:02","modified_gmt":"2021-10-05T08:37:02","slug":"dekorationen","status":"publish","type":"page","link":"https:\/\/www.blumen-schwarz.de\/aktuell\/floristik\/dekorationen\/","title":{"rendered":"Dekorationen"},"content":{"rendered":"<h2>Dekorationen<\/h2>\n<p>Egal ob Wohnzimmer, Gastwirtschaft, Messezentrum oder Kirche: Wir haben die richtige Dekoration f\u00fcr Sie.<br \/>\nUnser Leihpflanzensortiment (z.B. 3.50m hohe Ficus benj., Lorbeerb\u00e4ume, Palmen u.\u00e4.) sorgt f\u00fcr einen gr\u00fcnen Hintergrund. Farbe entsteht durch Gestecke, Pflanzungen, Str\u00e4u\u00dfe und Objekte.<\/p>\n<p>Meistersingerhalle, Frankenhalle, Schwabachs Markgrafensaal oder das Messezentrum sind nur ein Teil unserer \"Schaffensorte\".<\/p>\n<p>Sprechen Sie uns an: Wir beraten Sie gerne.<\/p>\n","protected":false},"excerpt":{"rendered":"<p>Dekorationen Egal ob Wohnzimmer, Gastwirtschaft, Messezentrum oder Kirche: Wir haben die richtige Dekoration f\u00fcr Sie. &hellip;<\/p>\n<p class=\"read-more\"> <a class=\" thunk-readmore button \" href=\"https:\/\/www.blumen-schwarz.de\/aktuell\/floristik\/dekorationen\/\"> <span class=\"screen-reader-text\">Dekorationen<\/span>weiterlesen<\/a><\/p>\n","protected":false},"author":1,"featured_media":0,"parent":130,"menu_order":0,"comment_status":"closed","ping_status":"closed","template":"","meta":{"inline_featured_image":false,"footnotes":""},"class_list":["post-137","page","type-page","status-publish","hentry","thunk-woo-product-list","open-woo-hover-zoom","open-single-product-tab-horizontal","open-shadow-","open-shadow-hover-"],"_links":{"self":[{"href":"https:\/\/www.blumen-schwarz.de\/aktuell\/wp-json\/wp\/v2\/pages\/137","targetHints":{"allow":["GET"]}}],"collection":[{"href":"https:\/\/www.blumen-schwarz.de\/aktuell\/wp-json\/wp\/v2\/pages"}],"about":[{"href":"https:\/\/www.blumen-schwarz.de\/aktuell\/wp-json\/wp\/v2\/types\/page"}],"author":[{"embeddable":true,"href":"https:\/\/www.blumen-schwarz.de\/aktuell\/wp-json\/wp\/v2\/users\/1"}],"replies":[{"embeddable":true,"href":"https:\/\/www.blumen-schwarz.de\/aktuell\/wp-json\/wp\/v2\/comments?post=137"}],"version-history":[{"count":0,"href":"https:\/\/www.blumen-schwarz.de\/aktuell\/wp-json\/wp\/v2\/pages\/137\/revisions"}],"up":[{"embeddable":true,"href":"https:\/\/www.blumen-schwarz.de\/aktuell\/wp-json\/wp\/v2\/pages\/130"}],"wp:attachment":[{"href":"https:\/\/www.blumen-schwarz.de\/aktuell\/wp-json\/wp\/v2\/media?parent=137"}],"curies":[{"name":"wp","href":"https:\/\/api.w.org\/{rel}","templated":true}]}}