{"id":120,"date":"2016-11-05T23:43:39","date_gmt":"2016-11-05T22:43:39","guid":{"rendered":"https:\/\/www.blumen-schwarz.de\/aktuell\/?page_id=120"},"modified":"2017-09-09T12:29:22","modified_gmt":"2017-09-09T10:29:22","slug":"dienstleistungen","status":"publish","type":"page","link":"https:\/\/www.blumen-schwarz.de\/aktuell\/dienstleistungen\/","title":{"rendered":"Dienstleistungen"},"content":{"rendered":"<p>Bitte w\u00e4hlen Sie ein Untermen\u00fc<\/p>\n<h4><div class=\"menu-standard-container\"><ul id=\"Standard\" class=\"menu\"><li id=\"menu-item-4463\" class=\"menu-item menu-item-type-custom menu-item-object-custom menu-item-home menu-item-4463\"><a href=\"https:\/\/www.blumen-schwarz.de\/aktuell\/\">Startseite<\/a><\/li>\n<li id=\"menu-item-6043\" class=\"menu-item menu-item-type-post_type menu-item-object-page menu-item-has-children menu-item-6043\"><a href=\"https:\/\/www.blumen-schwarz.de\/aktuell\/webshop\/\">SchwarzShop<\/a>\n<ul class=\"sub-menu\">\n\t<li id=\"menu-item-233287\" class=\"menu-item menu-item-type-taxonomy menu-item-object-product_cat menu-item-has-children menu-item-233287\"><a href=\"https:\/\/www.blumen-schwarz.de\/aktuell\/produkt-kategorie\/floristik\/\">Floristik<\/a>\n\t<ul class=\"sub-menu\">\n\t\t<li id=\"menu-item-282438\" class=\"menu-item menu-item-type-taxonomy menu-item-object-product_cat menu-item-282438\"><a href=\"https:\/\/www.blumen-schwarz.de\/aktuell\/produkt-kategorie\/floristik\/advent\/\">Advent und Weihnachten<p class=\"menu-item-description\">[widgets_on_pages id=&quot;1&quot;]<\/p><\/a><\/li>\n\t\t<li id=\"menu-item-233288\" class=\"menu-item menu-item-type-taxonomy menu-item-object-product_cat menu-item-233288\"><a href=\"https:\/\/www.blumen-schwarz.de\/aktuell\/produkt-kategorie\/floristik\/straeusse\/\">Str\u00e4u\u00dfe<\/a><\/li>\n\t\t<li id=\"menu-item-277412\" class=\"menu-item menu-item-type-taxonomy menu-item-object-product_cat menu-item-277412\"><a href=\"https:\/\/www.blumen-schwarz.de\/aktuell\/produkt-kategorie\/floristik\/trockenblumen\/\">Trockenblumen und Trockengestecke<p class=\"menu-item-description\">Naturmaterialien \u2013 die lange Halten<\/p><\/a><\/li>\n\t\t<li id=\"menu-item-233508\" class=\"menu-item menu-item-type-taxonomy menu-item-object-product_cat menu-item-233508\"><a href=\"https:\/\/www.blumen-schwarz.de\/aktuell\/produkt-kategorie\/floristik\/arrangements-schalen\/\">Arrangments und Schalen<\/a><\/li>\n\t\t<li id=\"menu-item-244837\" class=\"menu-item menu-item-type-taxonomy menu-item-object-product_cat menu-item-244837\"><a href=\"https:\/\/www.blumen-schwarz.de\/aktuell\/produkt-kategorie\/floristik\/winterlicher_grabschmuck\/\">winterlicher Grabschmuck<\/a><\/li>\n\t<\/ul>\n<\/li>\n\t<li id=\"menu-item-233366\" class=\"menu-item menu-item-type-taxonomy menu-item-object-product_cat menu-item-has-children menu-item-233366\"><a href=\"https:\/\/www.blumen-schwarz.de\/aktuell\/produkt-kategorie\/pflanzen\/\">Pflanzen<\/a>\n\t<ul class=\"sub-menu\">\n\t\t<li id=\"menu-item-233367\" class=\"menu-item menu-item-type-taxonomy menu-item-object-product_cat menu-item-233367\"><a href=\"https:\/\/www.blumen-schwarz.de\/aktuell\/produkt-kategorie\/pflanzen\/fruehlingssortiment\/\">Fr\u00fchlingssortiment<p class=\"menu-item-description\">Saisonalle Fr\u00fchlingspflanzen: Verf\u00fcgbar ab Anfang Februar bis Mitte\/Ende April<\/p><\/a><\/li>\n\t\t<li id=\"menu-item-233509\" class=\"menu-item menu-item-type-taxonomy menu-item-object-product_cat menu-item-233509\"><a href=\"https:\/\/www.blumen-schwarz.de\/aktuell\/produkt-kategorie\/pflanzen\/gehoelze\/\">Geh\u00f6lze<\/a><\/li>\n\t\t<li id=\"menu-item-233510\" class=\"menu-item menu-item-type-taxonomy menu-item-object-product_cat menu-item-233510\"><a href=\"https:\/\/www.blumen-schwarz.de\/aktuell\/produkt-kategorie\/pflanzen\/gemuese-kraeuter\/\">Gem\u00fcsejungpflanzen \/ Kr\u00e4uter<\/a><\/li>\n\t\t<li id=\"menu-item-236665\" class=\"menu-item menu-item-type-taxonomy menu-item-object-product_cat menu-item-236665\"><a href=\"https:\/\/www.blumen-schwarz.de\/aktuell\/produkt-kategorie\/pflanzen\/saatgut\/\">Saatgut und Zwiebel \/ Knollen<\/a><\/li>\n\t\t<li id=\"menu-item-237083\" class=\"menu-item menu-item-type-taxonomy menu-item-object-product_cat menu-item-237083\"><a href=\"https:\/\/www.blumen-schwarz.de\/aktuell\/produkt-kategorie\/pflanzen\/sommersortiment\/\">Sommersortiment \/ Beet u. Balkonpflanzen<p class=\"menu-item-description\">Pflanzen, die den Sommer \u00fcber richtig sch\u00f6n sind, aber meistens keinen Frost vertragen. [widgets_on_pages id=&quot;1&quot;]<\/p><\/a><\/li>\n\t\t<li id=\"menu-item-242844\" class=\"menu-item menu-item-type-taxonomy menu-item-object-product_cat menu-item-242844\"><a href=\"https:\/\/www.blumen-schwarz.de\/aktuell\/produkt-kategorie\/pflanzen\/herbst\/\">Sp\u00e4tsommer- und Herbstpflanzen<p class=\"menu-item-description\">Wintergr\u00fcne Stauden, Herbstbl\u00fcher, Beerenpflanzen \u00e2\u20ac\u201c alles was die dritte Jahreszeit und den Winter bunt macht \u00e2\u20ac\u00a6<\/p><\/a><\/li>\n\t\t<li id=\"menu-item-233512\" class=\"menu-item menu-item-type-taxonomy menu-item-object-product_cat menu-item-233512\"><a href=\"https:\/\/www.blumen-schwarz.de\/aktuell\/produkt-kategorie\/pflanzen\/stauden\/\">Stauden<\/a><\/li>\n\t\t<li id=\"menu-item-233520\" class=\"menu-item menu-item-type-taxonomy menu-item-object-product_cat menu-item-233520\"><a href=\"https:\/\/www.blumen-schwarz.de\/aktuell\/produkt-kategorie\/pflanzen\/zimmerpflanzen\/\">Zimmerpflanzen<\/a><\/li>\n\t<\/ul>\n<\/li>\n\t<li id=\"menu-item-233504\" class=\"menu-item menu-item-type-taxonomy menu-item-object-product_cat menu-item-has-children menu-item-233504\"><a href=\"https:\/\/www.blumen-schwarz.de\/aktuell\/produkt-kategorie\/gartenbedarf\/\">Gartenbedarf<\/a>\n\t<ul class=\"sub-menu\">\n\t\t<li id=\"menu-item-233505\" class=\"menu-item menu-item-type-taxonomy menu-item-object-product_cat menu-item-233505\"><a href=\"https:\/\/www.blumen-schwarz.de\/aktuell\/produkt-kategorie\/gartenbedarf\/duenger\/\">D\u00fcnger<\/a><\/li>\n\t\t<li id=\"menu-item-233506\" class=\"menu-item menu-item-type-taxonomy menu-item-object-product_cat menu-item-233506\"><a href=\"https:\/\/www.blumen-schwarz.de\/aktuell\/produkt-kategorie\/gartenbedarf\/erde\/\">Erde<\/a><\/li>\n\t\t<li id=\"menu-item-239160\" class=\"menu-item menu-item-type-taxonomy menu-item-object-product_cat menu-item-239160\"><a href=\"https:\/\/www.blumen-schwarz.de\/aktuell\/produkt-kategorie\/gartenbedarf\/toepfe\/\">T\u00f6pfe, Gef\u00e4\u00dfe und Zubeh\u00f6r<\/a><\/li>\n\t<\/ul>\n<\/li>\n\t<li id=\"menu-item-233365\" class=\"menu-item menu-item-type-taxonomy menu-item-object-product_cat menu-item-has-children menu-item-233365\"><a href=\"https:\/\/www.blumen-schwarz.de\/aktuell\/produkt-kategorie\/dienstleistung\/\">Dienstleistung<\/a>\n\t<ul class=\"sub-menu\">\n\t\t<li id=\"menu-item-231912\" class=\"menu-item menu-item-type-taxonomy menu-item-object-product_cat menu-item-231912\"><a href=\"https:\/\/www.blumen-schwarz.de\/aktuell\/produkt-kategorie\/dienstleistung\/grabpflege\/\">Grabpflege<\/a><\/li>\n\t\t<li id=\"menu-item-243479\" class=\"menu-item menu-item-type-taxonomy menu-item-object-product_cat menu-item-243479\"><a href=\"https:\/\/www.blumen-schwarz.de\/aktuell\/produkt-kategorie\/dienstleistung\/veranstaltung\/\">Kurse und Veranstaltungen<p class=\"menu-item-description\">[widgets_on_pages id=&quot;1&quot;] Hier k\u00f6nnen Sie Ihre Teilnahme an unseren Kursen oder Veranstaltungen buchen.<\/p><\/a><\/li>\n\t\t<li id=\"menu-item-6435\" class=\"menu-item menu-item-type-taxonomy menu-item-object-product_cat menu-item-6435\"><a href=\"https:\/\/www.blumen-schwarz.de\/aktuell\/produkt-kategorie\/dienstleistung\/ueberwinterung\/\">\u00dcberwinterung<\/a><\/li>\n\t<\/ul>\n<\/li>\n<\/ul>\n<\/li>\n<li id=\"menu-item-2841\" class=\"menu-item menu-item-type-custom menu-item-object-custom menu-item-2841\"><a href=\"https:\/\/www.blumen-schwarz.de\/aktuell\/category\/termine\/\">Schwarzens-Termine<\/a><\/li>\n<li id=\"menu-item-118\" class=\"menu-item menu-item-type-post_type menu-item-object-page menu-item-has-children menu-item-118\"><a href=\"https:\/\/www.blumen-schwarz.de\/aktuell\/floristik-und-gartenbau\/\">SchwarzArbeit<\/a>\n<ul class=\"sub-menu\">\n\t<li id=\"menu-item-158\" class=\"menu-item menu-item-type-post_type menu-item-object-page menu-item-158\"><a href=\"https:\/\/www.blumen-schwarz.de\/aktuell\/floristik-und-gartenbau\/schwarzsche-pflanzen\/\">Schwarzsche Pflanzen<\/a><\/li>\n\t<li id=\"menu-item-133\" class=\"menu-item menu-item-type-post_type menu-item-object-page menu-item-133\"><a href=\"https:\/\/www.blumen-schwarz.de\/aktuell\/floristik\/hochzeitsfloristik\/\">Hochzeitsfloristik<\/a><\/li>\n\t<li id=\"menu-item-136\" class=\"menu-item menu-item-type-post_type menu-item-object-page menu-item-136\"><a href=\"https:\/\/www.blumen-schwarz.de\/aktuell\/floristik\/trauerfloristik\/\">Trauerfloristik<\/a><\/li>\n\t<li id=\"menu-item-139\" class=\"menu-item menu-item-type-post_type menu-item-object-page menu-item-139\"><a href=\"https:\/\/www.blumen-schwarz.de\/aktuell\/floristik\/dekorationen\/\">Gestaltung<\/a><\/li>\n\t<li id=\"menu-item-123\" class=\"menu-item menu-item-type-post_type menu-item-object-page menu-item-has-children menu-item-123\"><a href=\"https:\/\/www.blumen-schwarz.de\/aktuell\/dienstleistungen\/\">Dienstleistungen<\/a>\n\t<ul class=\"sub-menu\">\n\t\t<li id=\"menu-item-3667\" class=\"menu-item menu-item-type-post_type menu-item-object-page menu-item-3667\"><a href=\"https:\/\/www.blumen-schwarz.de\/aktuell\/gartenpflege-und-gestaltung\/\">Gartenpflege und Gestaltung<\/a><\/li>\n\t\t<li id=\"menu-item-232800\" class=\"menu-item menu-item-type-post_type menu-item-object-post menu-item-232800\"><a href=\"https:\/\/www.blumen-schwarz.de\/aktuell\/ausgleichs-und-ersatzpflanzen\/2013\/04\/\">Ausgleichs- und Ersatzpflanzen f\u00fcr das eigene Grundst\u00fcck<\/a><\/li>\n\t\t<li id=\"menu-item-145\" class=\"menu-item menu-item-type-post_type menu-item-object-page menu-item-145\"><a href=\"https:\/\/www.blumen-schwarz.de\/aktuell\/gartenbau\/grabpflege\/\">Grabpflege und Grabgestaltung<\/a><\/li>\n\t\t<li id=\"menu-item-152\" class=\"menu-item menu-item-type-post_type menu-item-object-page menu-item-152\"><a href=\"https:\/\/www.blumen-schwarz.de\/aktuell\/gartenbau\/innenraumbegruenung\/\">Innenraumbegr\u00fcnung und Hydrokultur<\/a><\/li>\n\t\t<li id=\"menu-item-148\" class=\"menu-item menu-item-type-post_type menu-item-object-page menu-item-148\"><a href=\"https:\/\/www.blumen-schwarz.de\/aktuell\/gartenbau\/ueberwinterung\/\">\u00dcberwinterung<\/a><\/li>\n\t<\/ul>\n<\/li>\n<\/ul>\n<\/li>\n<li id=\"menu-item-4464\" class=\"menu-item menu-item-type-post_type menu-item-object-page menu-item-has-children menu-item-4464\"><a href=\"https:\/\/www.blumen-schwarz.de\/aktuell\/ueber-uns\/wir-sind-blumen-schwarz\/\">\u00dcber uns<\/a>\n<ul class=\"sub-menu\">\n\t<li id=\"menu-item-108\" class=\"menu-item menu-item-type-post_type menu-item-object-page menu-item-108\"><a href=\"https:\/\/www.blumen-schwarz.de\/aktuell\/rundbrief\/\">Rundbrief<\/a><\/li>\n\t<li id=\"menu-item-569\" class=\"menu-item menu-item-type-post_type menu-item-object-page menu-item-569\"><a href=\"https:\/\/www.blumen-schwarz.de\/aktuell\/ueber-uns\/oeffnungszeiten\/\">\u00d6ffnungszeiten und Anfahrt Schwabach<\/a><\/li>\n\t<li id=\"menu-item-278183\" class=\"menu-item menu-item-type-post_type menu-item-object-page menu-item-278183\"><a href=\"https:\/\/www.blumen-schwarz.de\/aktuell\/24h-laden-immer-fuer-sie-geoeffnet\/\">24h Laden \u2013 immer f\u00fcr Sie ge\u00f6ffnet<\/a><\/li>\n\t<li id=\"menu-item-4696\" class=\"menu-item menu-item-type-post_type menu-item-object-page menu-item-4696\"><a href=\"https:\/\/www.blumen-schwarz.de\/aktuell\/ueber-uns\/oeffnungszeiten-und-anfahrt-rutzendorf\/\">\u00d6ffnungszeiten und Anfahrt Rutzendorf<\/a><\/li>\n\t<li id=\"menu-item-295\" class=\"menu-item menu-item-type-post_type menu-item-object-page menu-item-295\"><a href=\"https:\/\/www.blumen-schwarz.de\/aktuell\/ueber-uns\/wir-sind-blumen-schwarz\/\">Wir sind Blumen Schwarz<\/a><\/li>\n\t<li id=\"menu-item-844\" class=\"menu-item menu-item-type-post_type menu-item-object-page menu-item-844\"><a href=\"https:\/\/www.blumen-schwarz.de\/aktuell\/geschichte\/\">Geschichte<\/a><\/li>\n\t<li id=\"menu-item-624\" class=\"menu-item menu-item-type-post_type menu-item-object-page menu-item-624\"><a href=\"https:\/\/www.blumen-schwarz.de\/aktuell\/ueber-uns\/freie-stellen\/\">Kommen Sie ins Team<\/a><\/li>\n\t<li id=\"menu-item-259028\" class=\"menu-item menu-item-type-post_type menu-item-object-page menu-item-259028\"><a href=\"https:\/\/www.blumen-schwarz.de\/aktuell\/sozial-umweltbewusst-und-engagiert\/\">Sozial, umweltbewusst und engagiert<\/a><\/li>\n\t<li id=\"menu-item-3444\" class=\"menu-item menu-item-type-post_type menu-item-object-page menu-item-privacy-policy menu-item-3444\"><a rel=\"privacy-policy\" href=\"https:\/\/www.blumen-schwarz.de\/aktuell\/ueber-uns\/impressum\/\">Impressum und Kontakt<\/a><\/li>\n<\/ul>\n<\/li>\n<\/ul><\/div><\/h4>\n","protected":false},"excerpt":{"rendered":"<p>Bitte w\u00e4hlen Sie ein Untermen\u00fc<\/p>\n","protected":false},"author":1,"featured_media":0,"parent":0,"menu_order":0,"comment_status":"closed","ping_status":"closed","template":"","meta":{"inline_featured_image":false,"footnotes":""},"class_list":["post-120","page","type-page","status-publish","hentry","thunk-woo-product-list","open-woo-hover-zoom","open-single-product-tab-horizontal","open-shadow-","open-shadow-hover-"],"_links":{"self":[{"href":"https:\/\/www.blumen-schwarz.de\/aktuell\/wp-json\/wp\/v2\/pages\/120","targetHints":{"allow":["GET"]}}],"collection":[{"href":"https:\/\/www.blumen-schwarz.de\/aktuell\/wp-json\/wp\/v2\/pages"}],"about":[{"href":"https:\/\/www.blumen-schwarz.de\/aktuell\/wp-json\/wp\/v2\/types\/page"}],"author":[{"embeddable":true,"href":"https:\/\/www.blumen-schwarz.de\/aktuell\/wp-json\/wp\/v2\/users\/1"}],"replies":[{"embeddable":true,"href":"https:\/\/www.blumen-schwarz.de\/aktuell\/wp-json\/wp\/v2\/comments?post=120"}],"version-history":[{"count":0,"href":"https:\/\/www.blumen-schwarz.de\/aktuell\/wp-json\/wp\/v2\/pages\/120\/revisions"}],"wp:attachment":[{"href":"https:\/\/www.blumen-schwarz.de\/aktuell\/wp-json\/wp\/v2\/media?parent=120"}],"curies":[{"name":"wp","href":"https:\/\/api.w.org\/{rel}","templated":true}]}}