{"id":111,"date":"2016-11-05T23:29:26","date_gmt":"2016-11-05T22:29:26","guid":{"rendered":"https:\/\/www.blumen-schwarz.de\/aktuell\/?page_id=111"},"modified":"2021-10-06T13:28:36","modified_gmt":"2021-10-06T11:28:36","slug":"wir-sind-blumen-schwarz","status":"publish","type":"page","link":"https:\/\/www.blumen-schwarz.de\/aktuell\/ueber-uns\/wir-sind-blumen-schwarz\/","title":{"rendered":"Wir sind Blumen Schwarz"},"content":{"rendered":"\t\t<div class=\"fotorama responsive-image-silder\"\r\n\t\t\tdata-width=80%\t\t\t\t\t\t\t\t\tdata-height=\"\"\t\t\t\t\t\t\t\t\t\t\t\t\t\t\t\t\t\tdata-nav=thumbs\t\t\t\t\t\tdata-navposition=bottom\t\t\t\t\t\t\t\t\t\t\t\tdata-thumbborderwidth=3\t\t\tdata-allowfullscreen=native\t\t\tdata-fit=scaledown\t\t\tdata-thumbfit=cover\t\t\tdata-transition=crossfade\t\t\tdata-click=true \r\n\t\t\tdata-transitionduration=300\t\t\t\t\t\tcaption\t\t\tdata-hash=true\t\t\tdata-autoplay=true\t\t\tdata-stopautoplayontouch=true\t\t\tdata-loop=true\t\t\tdata-keyboard=true\t\t\tdata-arrow=true\t\t\tdata-click=true\t\t\tdata-swipe=true\t\t\tdata-trackpad=true\t\t\tdata-shuffle=false\t\t\tdata-direction=ltr\t\t\tdata-spinner=true\t\t\t>\r\n\t\t\t<img decoding=\"async\" src=\"https:\/\/www.blumen-schwarz.de\/aktuell\/wp-content\/uploads\/2019\/09\/DSC04778-scaled.jpg\" data-caption=\"Heino, Annette und Lukas Schwarz\"><img decoding=\"async\" src=\"https:\/\/www.blumen-schwarz.de\/aktuell\/wp-content\/uploads\/2019\/09\/DSC04852-scaled.jpg\" data-caption=\"Heino und Annette Schwarz, G\u00e4rtnermeister und Floristmeisterin, Manager, Ideengeber und Strippenzieher im Hintergrund. Immer offen f\u00fcr neues, andere G\u00e4rtereien, Parks und G\u00e4rten. Leiten den Betrieb in der 4. Generation\"><img decoding=\"async\" src=\"https:\/\/www.blumen-schwarz.de\/aktuell\/wp-content\/uploads\/2019\/09\/DSC04812-scaled.jpg\" data-caption=\"Unser Gesch\u00e4ftsf\u00fchrer in Rutzendorf. Der Mann mit der Melone. Gelernter Baumschulg\u00e4rtner und G\u00e4rtnermeister im Zierpflanzenbau mit Begeisterung f\u00fcr Gr\u00fcn. Lehr-u.\nWanderjahre u.a. in \u00d6sterreich und Costa Rica. Seine Freizeit verbringt er gerne mit Frau und Kind.\"><img decoding=\"async\" src=\"https:\/\/www.blumen-schwarz.de\/aktuell\/wp-content\/uploads\/2016\/11\/team_02.jpg\" data-caption=\"Christa M\u00fcller \u2022 G\u00e4rtnerin \u2022 Floristin \u2022 Weiterbildung zur Gartentherapeutin \u2022viele Fortbildungen (Floristik, Pflanzenkunde, Stauden) \u2022 vielen Kunden als Seele unserer G\u00e4rtnerei gut bekannt \u2022 leidenschaftliche G\u00e4rtnerin\"><img decoding=\"async\" src=\"https:\/\/www.blumen-schwarz.de\/aktuell\/wp-content\/uploads\/2019\/09\/bianka_v1-scaled.jpg\" data-caption=\"Bianka Felsinger, Floristin, die gerne in ihrer Freizeit fotografiert, liest und St\u00e4dtreisen macht.\r\nAm meisten haben es ihr Tulpen und Rosen angetan. Floristin bin ich, weil mir das kreative Arbeiten mit \t\tNaturmaterialien gef\u00e4llt.\u00e2\u20ac\u0153\"><img decoding=\"async\" src=\"https:\/\/www.blumen-schwarz.de\/aktuell\/wp-content\/uploads\/2016\/11\/team_03.jpg\" data-caption=\"Rainer Manthey: G\u00e4rtnermeister, unser Profi f\u00fcr alle Arbeiten au\u00dfer Haus. Von der Bew\u00e4sserungsanlage, bis hin zur Innenraumbegr\u00fcnung. Seine ruhige, kontinuierliche Art findet bei unseren Kunden gro\u00dfen Anklang.\"><img decoding=\"async\" src=\"https:\/\/www.blumen-schwarz.de\/aktuell\/wp-content\/uploads\/2019\/09\/anna6-3.png\" data-caption=\"Anna Hausmann, Floristin, die jede Blume liebt, da jede einzigartig und auf ihre Weise sch\u00f6n ist. Ihre Freizeit gestaltet sie gerne mit Freunden, Familie, Natur und Zumba.\"Ich bin Floristin,weil mir das kretive Arbeiten, das Organisieren sowie der Umgang mit Menschen sehr viel Spa\u00df macht und die Arbeit abwechslungsreich ist.\" Mit ihrem gro\u00dfartigen Organisationstalent f\u00fchrt sie sich in Abwesenheit der Chefin den Laden.\r\n\r\n\"><img decoding=\"async\" src=\"https:\/\/www.blumen-schwarz.de\/aktuell\/wp-content\/uploads\/2019\/09\/IMG_0584-scaled.jpg\" data-caption=\"Sven Daut, G\u00e4rtner, Unterst\u00fctzt uns seit seiner Lehre. Viel auf den \nFriedh\u00f6fen unterwegs. Er liebt Salbei in s\u00e4mtlichen Variationen. In seiner Freizeit liest er gerne und backt Torten. \u00e2\u20ac\u017eIch arbeite gerne als G\u00e4rtner, da es ein vielseitiger\nJob ist und ich im Sommer gerne drau\u00dfen bin. Auch macht es mir Spa\u00df kreativ zu sein.\"\"><img decoding=\"async\" src=\"https:\/\/www.blumen-schwarz.de\/aktuell\/wp-content\/uploads\/2019\/09\/P1460534-scaled.jpg\" data-caption=\"Adrian Pfaller, Zierpflanzeng\u00e4rtner. Immer fr\u00f6hlich und gut gelaunt bei der Arbeit. Stets liebensw\u00fcrdig und geduldig.\"><img decoding=\"async\" src=\"https:\/\/www.blumen-schwarz.de\/aktuell\/wp-content\/uploads\/2019\/09\/DSC04933-scaled.jpg\" data-caption=\"Martina Schmidt, Floristin, die schon als Kind von diesem Beruf fasziniert war. Lieblingsblume: orange Ranunkel Hobbys: Familie und Garten. Man kann kreativ sein, ist der Natur zum greifen nahe.\"><img decoding=\"async\" src=\"https:\/\/www.blumen-schwarz.de\/aktuell\/wp-content\/uploads\/2019\/09\/DSC05166-1-scaled.jpg\" data-caption=\"Kathrin Bittner, Gartenhelferin, Sie bereichert mit ihrer Fr\u00f6hlichkeit und Wissbegierigkeitunser Team. Quereinsteigerin die noch ihre Gro\u00dffamilie Managt, gerne t\u00f6pfert, liest und in Natur und eigenem Garten unterwegs ist. \"Ich wollte nach meiner langen Elternzeit wieder Geld ver-dienen, habe Interesse an Pflanzen und hier die passende Stelle gefunden. Ich f\u00fchle mich wohl und es machtmir Spa\u00df.\"\"><img decoding=\"async\" src=\"https:\/\/www.blumen-schwarz.de\/aktuell\/wp-content\/uploads\/2019\/10\/DSC05615-scaled.jpg\" data-caption=\"Carmen Scheiderer. Floristin. Unterst\u00fctzt uns schon seit ihrer Ausbildung. Fortbildung zum Ausbilder. Liebt den Herbst mit all seiner Farbpracht, Beeren und Fruchtst\u00e4nden. Ihre Freizeit verbringt sie gerne mit Familie, Freunden, sammeln in der Natur und dekoriern. \"Ich bin schon immer kreativ und wollte nie ins B\u00fcro. Blumen passen in jeder Situation.. Sie schenken Freude und tr\u00f6sten.\"\"><img decoding=\"async\" src=\"https:\/\/www.blumen-schwarz.de\/aktuell\/wp-content\/uploads\/2019\/09\/DSC05151-1-scaled.jpg\" data-caption=\"Heike Werner-Stecher, Floistin, hat bei uns vor \u00fcber 30 Jahren gelernt, war jahrelangselbstst\u00e4ndig und unterst\u00fctzt uns nun wieder ein mal pro Woche. Lieblingsblume im Sommer: die Hahnenkammcelosie. Ansonsten je nach Saison. Hobby: Reiten. \"Ich wollte schon immer mit meinen H\u00e4nden arbeiten und nie am Schreibtisch sitzen.\"\"><img decoding=\"async\" src=\"https:\/\/www.blumen-schwarz.de\/aktuell\/wp-content\/uploads\/2016\/11\/team_22.jpg\" data-caption=\"Margit Vestner \u2022 Unsere Feuerwehr, die immer da zum Einsatz kommt, wo es gerade brennt. \u2022 Sei es Schnittblumenanschnitt, Ware einr\u00e4umen oder der Schmutz im Verkaufsraum. Klasse!\"><img decoding=\"async\" src=\"https:\/\/www.blumen-schwarz.de\/aktuell\/wp-content\/uploads\/2021\/11\/Lorena-Schroth-\u2022-Gaertnerazubi-seit-2021-\u2022-Ausbildungsort-Rutzendorf-_04-scaled.jpg\" data-caption=\"Lorena Schroth \u2022 G\u00e4rtnerin \u2022 immer freundlich \u2022 immer motiviert und mit einem tollen Pflanzenwissen\"><img decoding=\"async\" src=\"https:\/\/www.blumen-schwarz.de\/aktuell\/wp-content\/uploads\/2023\/03\/20221223_103209_v1-scaled.jpg\" data-caption=\"Annemarie Fessel\nG\u00e4rtnerazubi in Rutzendorf\"><img decoding=\"async\" src=\"https:\/\/www.blumen-schwarz.de\/aktuell\/wp-content\/uploads\/2023\/03\/Sophie-Loy-\u2022-Gaertnerazubi-seit-2021-\u2022-Ausbildungsort-Schwabach_07.jpg\" data-caption=\"Sophie Loy \u2022 G\u00e4rtnerazubi seit 2021 \u2022 Ausbildungsort Schwabach\"><img decoding=\"async\" src=\"https:\/\/www.blumen-schwarz.de\/aktuell\/wp-content\/uploads\/2017\/01\/IMG_20210105_131602-scaled.jpg\" data-caption=\"\"><img decoding=\"async\" src=\"https:\/\/www.blumen-schwarz.de\/aktuell\/wp-content\/uploads\/2017\/01\/DSC05045_v1.jpg\" data-caption=\"Doris Haberkern, Floristin, die ihren Garten liebt und dort gerne Zeit verbringt. Str\u00e4u\u00dfe und Kreatives sind ihr Markenzeichen\">\t\t<\/div>\r\n\t\t\n<h2>Wir stellen uns vor<\/h2>\n<p>Seit 1902 g\u00e4rtnern und gestalten die Schwarzens in Schwabach. Momentan wird der Betrieb von der 4. Generation (Annette und Heino Schwarz) gef\u00fchrt.<\/p>\n<p>Als kleiner Familienbetrieb m\u00f6chten wir fachliche Kompetenz, Freundlichkeit, Leistungsbereitschaft und Kundenn\u00e4he umsetzen.<\/p>\n<p>Wir arbeiten ausschlie\u00dflich mit Fachpersonal. Darunter vier Meister und mehrere Mitarbeiter mit Doppelausbildung Florist\/G\u00e4rtner. Wir wollen vielseitig sein und Ihnen in allen \"gr\u00fcnen Belangen\" zur Seite stehen. Von der Gartenpflege, \u00fcber die Hochzeitsfloristik, Innenraumbegr\u00fcnung bis zur Pflege Ihres Grabes reicht unser Spektrum. Unsere motivierten Angestellten erm\u00f6glichen uns eine enorme Vielfalt anzubieten.<\/p>\n<p>Wir versuchen den Begriff \"Team\" nicht nur als Wort zu sehen, sondern im Alltag zu leben. Daher f\u00f6rdern wir unsere Mitarbeiter, wo es m\u00f6glich ist, delegieren Verantwortung und schulen laufend in aktuellen \"gr\u00fcnen\" Bereichen. Uns, als Chefs, macht die Arbeit Spa\u00df. Deswegen wollen wir diese Freude auch mit unseren Mitarbeitern allt\u00e4glich haben. Unser Ziel sind Mitarbeiter, die wirklich kompetent sind und unsere Kunden h\u00f6flich und \u00fcberzeugend bedienen.<\/p>\n<p>&nbsp;<\/p>\n","protected":false},"excerpt":{"rendered":"<p>Wir stellen uns vor Seit 1902 g\u00e4rtnern und gestalten die Schwarzens in Schwabach. Momentan wird &hellip;<\/p>\n<p class=\"read-more\"> <a class=\" thunk-readmore button \" href=\"https:\/\/www.blumen-schwarz.de\/aktuell\/responsive_slider\/wir-sind-blumen-schwarz\/\"> <span class=\"screen-reader-text\">wir-sind-blumen-schwarz<\/span>weiterlesen<\/a><\/p>\n","protected":false},"author":1,"featured_media":467,"parent":95,"menu_order":1,"comment_status":"closed","ping_status":"closed","template":"","meta":{"inline_featured_image":false,"footnotes":""},"class_list":["post-111","page","type-page","status-publish","has-post-thumbnail","hentry","thunk-woo-product-list","open-woo-hover-zoom","open-single-product-tab-horizontal","open-shadow-","open-shadow-hover-"],"_links":{"self":[{"href":"https:\/\/www.blumen-schwarz.de\/aktuell\/wp-json\/wp\/v2\/pages\/111","targetHints":{"allow":["GET"]}}],"collection":[{"href":"https:\/\/www.blumen-schwarz.de\/aktuell\/wp-json\/wp\/v2\/pages"}],"about":[{"href":"https:\/\/www.blumen-schwarz.de\/aktuell\/wp-json\/wp\/v2\/types\/page"}],"author":[{"embeddable":true,"href":"https:\/\/www.blumen-schwarz.de\/aktuell\/wp-json\/wp\/v2\/users\/1"}],"replies":[{"embeddable":true,"href":"https:\/\/www.blumen-schwarz.de\/aktuell\/wp-json\/wp\/v2\/comments?post=111"}],"version-history":[{"count":0,"href":"https:\/\/www.blumen-schwarz.de\/aktuell\/wp-json\/wp\/v2\/pages\/111\/revisions"}],"up":[{"embeddable":true,"href":"https:\/\/www.blumen-schwarz.de\/aktuell\/wp-json\/wp\/v2\/pages\/95"}],"wp:featuredmedia":[{"embeddable":true,"href":"https:\/\/www.blumen-schwarz.de\/aktuell\/wp-json\/wp\/v2\/media\/467"}],"wp:attachment":[{"href":"https:\/\/www.blumen-schwarz.de\/aktuell\/wp-json\/wp\/v2\/media?parent=111"}],"curies":[{"name":"wp","href":"https:\/\/api.w.org\/{rel}","templated":true}]}}