{"id":104,"date":"2016-11-05T23:17:24","date_gmt":"2016-11-05T22:17:24","guid":{"rendered":"https:\/\/www.blumen-schwarz.de\/aktuell\/?page_id=104"},"modified":"2026-03-27T09:40:47","modified_gmt":"2026-03-27T08:40:47","slug":"impressum","status":"publish","type":"page","link":"https:\/\/www.blumen-schwarz.de\/aktuell\/ueber-uns\/impressum\/","title":{"rendered":"Impressum, Kontakt, Datenschutz"},"content":{"rendered":"<p>Blumen Schwarz<br \/>\nHeino Schwarz<br \/>\nLimbacher Str. 60<br \/>\n91126 Schwabach<\/p>\n<p><a href=\"mailto:webseite@blumen-schwarz.de\">webseite@blumen-schwarz.de<\/a><\/p>\n<p>Telefon <a href=\"tel:+499122691850\">09122 691850<\/a><br \/>\nTelefon Raum Ansbach <a href=\"tel:+4998276817\">09827 6817<\/a><\/p>\n<p>Umsatzsteuerid: DE 213 5816 60<\/p>\n<h4>\u00dcber folgende Messenger k\u00f6nnen Sie uns anschreiben<\/h4>\n<p><a href=\"https:\/\/wa.me\/4917645501104\">Whatsapp: 0176 45501104<\/a> (bitte lesen Sie vorher unsere <a href=\"https:\/\/www.blumen-schwarz.de\/aktuell\/ueber-uns\/impressum\/#a15\">Datenschutzhinweise Punkt 17<\/a>)<\/p>\n<p>&nbsp;<\/p>\n<p>Ein paar Hinweise zum Einsatz von Messengern<\/p>\n<ul>\n<li>Bitte verwenden Sie die Messenger nur als reine Textmessenger und f\u00fcr Bildanh\u00e4nge. Sprachnachrichten, Anrufe o.\u00e4. k\u00f6nnen wir leider nicht annehmen, bzw. mangels Soundkarte auf unseren Arbeitsrechnern nicht abspielen.<\/li>\n<li>Bitte schreiben Sie uns<strong> keine<\/strong> SMS. Das kann Jahre dauern, bis wir diese zuf\u00e4llig lesen.<\/li>\n<li>Kontakt per Messenger ist <strong>nicht<\/strong> schneller als ein normaler Kontakt per Telefon. Wir sind au\u00dferhalb der \u00d6ffnungszeiten nicht mit dem Betriebshandy zu erreichen. Wir bieten per Messenger <strong>keine<\/strong> 24\/7\u00a0 Hotline an.<\/li>\n<li>Bitten um R\u00fcckruf werden im Normalfall ignoriert. Es ist viel einfacher, wenn Sie selbst kurz anrufen. Wir wissen nicht, wann Sie zu erreichen sind und welchen Ansprechpartner Sie ben\u00f6tigen. Zudem sind wir hauptberuflich G\u00e4rtner und Floristen und haben keine speziellen Telefon- Kommunikationsmitarbeiter.\u00a0 Bitte haben Sie daf\u00fcr Verst\u00e4ndnis.<\/li>\n<\/ul>\n<h4>Datenschutz:<\/h4>\n<p>Bitte wenden Sie sich bei Fragen an unseren Datenschutzbeauftragten. Mit einer Mail an uns stimmen Sie der Erfassung Ihrer Mailadresse und weiteren elektronischen Verarbeitung Ihrer Anfrage zu:<\/p>\n<p>J\u00f6rg Herzog<\/p>\n<p>Jahnstra\u00dfe 31<\/p>\n<p>83278\u00a0<span class=\"locality\">Traunstein<\/span><\/p>\n<p>joerg.herzog@praxis-pusteblume.de<\/p>\n<p>Bitte schicken Sie L\u00f6schanfragen an die datenschutz@blumen-schwarz.de<\/p>\n<ol>\n<li>Wir gehen absolut sorgf\u00e4ltig und sensibilisiert mit Ihren Daten um. Daher verwenden wir keine externen Statistikprogramme (wie z.B. google-analytics) oder binden Socialmedia Seiten direkt ein. Intern werden Ihre Seitenabrufe mit den\u00a0 Opensourceklassikern awstats ausgewertet. Ihre IP-Adresse wird vor\u00fcbergehend zur Bearbeitung der aktuellen Sitzung gespeichert. Diese IP-Adresse wird, au\u00dfer bei Bestellungen in unserem Webshop, nicht mit pers\u00f6nlichen Daten verkn\u00fcpft. Es wird keine personenbezogene Auswertung in einer Abrufstatistik durchgef\u00fchrt.\u00a0 Der Logfile mit Ihrer IP-Adresse wird nach 14 Tagen gel\u00f6scht.<\/li>\n<li>Die Kartendaten auf den Anfahrtseiten werden von OpenStreetMap geladen. Ansonsten ist unsere Webseite (nach unserem Wissen) frei von Querverlinkungen und Tracking.<\/li>\n<li>Wir verwenden Cookies nur f\u00fcr interne Funktionen und zur tempor\u00e4ren Datenerfassung. Auch diese Daten werden nur bei uns im Haus verarbeitet und an keinen anderen Anbieter weitergereicht.<\/li>\n<li>Unsere Webseite ist nur mit Verschl\u00fcsselung zug\u00e4nglich. Intern werden Ihre Mails verschl\u00fcsselt abgeholt und in diesem Standard weiter bearbeitet. Wir nutzen im E-Mail-Bereich OpenPGP (auf Anfrage auch\u00a0 s\/mime) als Verschl\u00fcsselungsstandard. Gerne schicken wir Ihnen unseren \u00f6ffentlichen Schl\u00fcssel f\u00fcr den Schriftverkehr.<\/li>\n<li>Zwischen den Webseiten-Abrufdaten und unseren Kundendaten besteht keine Verkn\u00fcpfung und keinerlei personelle Zuordnung. Eine Ausnahme ist der Webshop und das Kontaktformular. Hier werden n\u00f6tige Verkn\u00fcpfungen zu unseren Kundendaten hergestellt.<\/li>\n<li>Die Kundenkarte dient einzig zur Erfassung Ihres gesamten Umsatzes pro Jahr zur Ermittlung Ihrer Gutschrift. Weitere Auswertung (wie Kaufverhalten, Uhrzeit der Eink\u00e4ufe, personelle Vorlieben) oder \u00e4hnliches \"Tracking\" wird nicht vorgenommen. Daten wie bevorzugte Artikel, Sto\u00dfzeiten und \u00e4hnliches werden nur anonym ausgewertet und gehen in unsere Gesamtstatistik ein.<\/li>\n<li>Eine L\u00f6schung Ihrer Kundendaten ist erst 10 Jahre nach Ihrem letzten Einkauf m\u00f6glich. Solange m\u00fcssen wir f\u00fcr das Finanzamt Ihre Rechnungsdaten (und damit auch Ihre Adresse) vorhalten. Daten, die nicht von Finanzamt ben\u00f6tigt werden, k\u00f6nnen wir nat\u00fcrlich eher l\u00f6schen. Sie k\u00f6nnen unsere Werbeschreiben per Post jederzeit abbestellen (meist zweimal j\u00e4hrlich in Form unseres Halbjahresprogrammes).<\/li>\n<li>Wir betreiben keine Telefonwerbung. Sie bekommen von uns nur Anrufe, wenn wir Fragen zu einer laufenden Bestellung oder Rechnung haben oder Termine mit Ihnen \u00e4ndern m\u00fcssen.<\/li>\n<li>Sie bekommen von uns nur E-Mail-Rundbriefe, wenn Sie diese bestellen, bzw. einem Versand zustimmen. Selbstverst\u00e4ndlich k\u00f6nnen Sie jederzeit die Rundbriefe formlos abbestellen.<\/li>\n<li>Ihre E-Mails und Briefe an uns werden (wenn wichtig) archiviert und Ihren Adressdaten zugeordnet.<\/li>\n<li>Unsere E-Mails werden automatisiert\u00a0 (Spam\/Blacklisten\/Inhalts\u00fcberpr\u00fcfung\/Viren) \u00fcberpr\u00fcft. Sollte Ihre E-Mail an uns als Spam eingestuft werden, wird diese bei uns intern nicht zugestellt und Sie erhalten sofort eine Fehlermeldung zur\u00fcck (das setzt voraus, dass Sie als Absender einen \"sauberen\" E-Mail-Server verwenden, der solche Fehlermeldungen an Sie zustellt).\u00a0 Ein digitale Auswertung dieser E-Mail-Scan findet, au\u00dfer zur Spam- und Virenabwehr, nicht statt.<\/li>\n<li>Sie k\u00f6nnen jederzeit die \u00fcber Sie gespeicherten Daten abrufen. Rechnungen werden dazu im PDF verschickt, alle andere Daten kommen im reinen Textformat.<\/li>\n<li>Unser Webserver steht in Falkenstein (im Vogtland) und wird von uns selbst betrieben. Unser zentraler Datenbankserver steht in Schwabach in unseren R\u00e4umen. Wir k\u00f6nnen daher sicher kontrollieren, wer auf die Daten Zugriff hat.<\/li>\n<li>Postsendungen werden von einem <a href=\"https:\/\/www.onlinebrief24.de\/datenschutz\/\">externen Dienstleister<\/a> gedruckt und verarbeitet. Ihre Daten werden dort nur, wenn Sie f\u00fcr den Druck und die Bef\u00f6rderung der Briefe n\u00f6tig sind, gespeichert. Eine weitere Verarbeitung der Daten passiert nicht.<\/li>\n<li>Unsere Telefonanlage und unsere Telefone speichern bei einem Anruf Ihre Rufnummer\u00a0 (unterschiedlich lange Speicherdauer - je nach Telefonart). Zudem macht unsere Telefonanlage eine automatische R\u00fcckw\u00e4rtssuche in unseren Kundendaten. Wenn Sie das nicht wollen, rufen Sie uns bitte mit unterdr\u00fcckter Rufnummer an. Auf Nachfrage l\u00f6schen wir auch Ihre Telefonnummer aus unserer Kundendatenbank.<\/li>\n<li>Wenn Sie Rechnungen per Bank oder Paypal bezahlen, speichern wir Ihre Kontonummer \/ Bankdaten \/ Paypalemailadresse und weisen Sie Ihrem Kundendatenbankeintrag zu. Das hilft uns, im Folgefall, wenn Sie einmal vergessen haben, die Rechnungsnummer anzugeben, Ihre Zahlungen zu Rechnungen automatisiert und sicher zu erkennen.<\/li>\n<li><a id=\"a15\"><\/a>Kontakt per WhatsApp: Auf Kundenwunsch sind wir \u00fcber WhatsApp zu erreichen. Wenn Sie diese Form der Kontaktaufnahme w\u00e4hlen, ist ein gro\u00dfer Teil Ihrer Daten nicht mehr in unseren Hand und werden an den Betreiber von WhatsApp (Meta) \u00fcbermittelt. Bitte verwenden Sie diese Art der Kommunikation, nur wenn Sie wissen, was Sie machen und Sie mit dieser Datenweitergabe einverstanden sind. WhatsApp hat eine Verschl\u00fcsselung der Nachrichten. Allerdings werden sogenannte \"Meta-Daten\" gespeichert. D.h. WhatsApp kennt Ihre Kontakte, Standorte und andere \"Kleinigkeiten\". Alleine aus diesen Daten lassen sich digital sehr gut Pers\u00f6nlichkeitsprofile erstellen.<\/li>\n<li><a id=\"a16\"><\/a>\u00c4hnlich, wie im Punkt 17 (WhatsApp) beschrieben, liegen auch die Probleme beim Messenger Telegram. Telegram hat per Standard keine Verschl\u00fcsselung der pers\u00f6nlichen Nachrichten Standard. Hier h\u00e4lt der Betreiber alle Metadaten und alle Nachrichten im Klartext gespeichert vor. Auch diese Art der Kommunikation liegt au\u00dferhalb unserer Datenschutzm\u00f6glichkeiten.<\/li>\n<li><cite>Wir nutzen, auf wenigen Seiten (bisher eine Seite), das Petitionsformular der openPetition gGmbH, Greifswalder Str. 4, 10405 Berlin. Die openPetition gGmbH stellt die technische Plattform f\u00fcr die Sammlung von Petitionsunterschriften zur Verf\u00fcgung. Die von Ihnen bei der Petition eingegebenen Daten (z.B. Name, Adresse, Kommentar) werden von openPetition zur Gew\u00e4hrleistung der Petition auf Servern in Deutschland gespeichert und verarbeitet. Bei jedem Seitenaufruf der Petitionsseite werden Browser-Informationen (z.B. Browser-Typ, Betriebssystem, IP-Adresse, Uhrzeit und der Referrer) gespeichert. Die Logfiles werden statistisch ausgewertet und helfen, den fehlerfreien Betrieb der Seiten sicherzustellen. Es gelten die <a href=\"https:\/\/www.openpetition.de\/content\/data_privacy\">Datenschutzbestimmungen<\/a> von openPetition. <\/cite><\/li>\n<li>Im Rahmen der Versandabwicklung \u00fcbermitteln wir auf der Grundlage der EU-Datenschutzgrund- verordnung Artikel 6(1f) Ihre Daten (Name, Adresse, ggf. Emailadresse und\/oder Mobiltelefonnummer, sowie weitere, sendungsbezogene, Daten) an unseren Versandpartner DHL. Sie k\u00f6nnen der \u00dcbermittlung von Zusatzinformationen wie E-Mail oder Mobiltelefonnummer sowohl bei uns als auch bei DHL\u00a0 jederzeit widersprechen.<\/li>\n<li>Cloud: Unsere interne Cloud steht nur Mitarbeitern und befreundeten Institutionen zur Verf\u00fcgung. Hier gelten folgende zus\u00e4tzlichen Bestimmungen:\n<ol>\n<li>Die \u00dcbertragung Benutzer \/ Server erfolgt nur \u00fcber eine verschl\u00fcsselte Verbindung.<\/li>\n<li>Ein Analysiseren und Profilerstellung der Daten erfolgt nicht.<\/li>\n<li>Die Daten werden zum Zweck des Virenscannes ge\u00f6ffnet und automatisiert gescannt. Wir behalten uns vor, virenbefallene Daten ohne Nachfrage zu l\u00f6schen.<\/li>\n<li>Die Daten (z.B.) liegen auf einer verschl\u00fcsselten Festplatte, sind aber f\u00fcr die Administratoren zug\u00e4nglich (keine Einzel- oder EndtoEnd-Verschl\u00fcsselung der Daten).<\/li>\n<li>Der Chatverlauf wird im Plaintext in der Datenbank gespeichert. Direkter Zugriff erfolgt nur, bei technischen St\u00f6rungen.<\/li>\n<li>Der Serverstandort ist Schwabach.<\/li>\n<li>Technisch bedingt setzen wir bei der Cloud-L\u00f6sung Cookies ein. Mit Anmeldung an die Cloud wird daher der Cookieverwendung zugestimmt.<\/li>\n<li>Wie bei allen unseren Cookies werden diese nur system-intern z.B. zur Authentifizierung verwendet. Eine Verwendung au\u00dferhalb unserer Firma findet nicht statt (aber eine Nutzung von verschiedenen Servern und Serverstandorten (Schwabach \/ Falkenstein)).<\/li>\n<li>Es gibt keine versteckten Tracker in der Cloud.<\/li>\n<\/ol>\n<\/li>\n<li>Video\u00fcberwachung: In einigen R\u00e4umen \/ Gew\u00e4chsh\u00e4usern setzen wir Video\u00fcberwachung ein:\n<ol>\n<li>\u00a0Wir kl\u00e4ren damit Diebst\u00e4hle und Vandalismus auf.<\/li>\n<li>Pr\u00e4vention und Beweissicherung sind weitere Grundlagen.<\/li>\n<li>Die Daten werden bei uns, nach sp\u00e4testens 4 Wochen automatisiert gel\u00f6scht.<\/li>\n<li>Alle Videodaten werden direkt von uns verarbeitet und gepeichert.<\/li>\n<li>Die Daten liegen daher auf unseren Servern in Falkenstein, Schwabach, Rutzendorf (Sachsen b.Ansbach).<\/li>\n<li>Eine Weitergabe erfolgt nicht.<\/li>\n<li>Eine Auswertung von Pers\u00f6nlichkeitsprofilen oder Verkn\u00fcpfung mit Kundeninformationen findet nicht statt.<\/li>\n<li>Bei Diebstahl, Vandalismus oder anderen berechtigen Vorf\u00e4llen, wird die Speicherdauer erh\u00f6ht und werden die Videodaten ausgewertet und personalisiert. In diesem Fall erfolgt eine Weitergabe der Daten an die Polizei.<\/li>\n<\/ol>\n<\/li>\n<li>Diebstahlschutz: In unseren 24h Selbstbedienungsbereichen, verwenden wir Techniken wie RFID, WIFI und anderen Sensoren zur Pr\u00e4vention und Aufkl\u00e4rung. Diese Daten werden nur zum zweck der Diebstahlvermeidung und Aufkl\u00e4rung verwendet. Eine Analyse des Verkaufsverhalten oder \u00e4hnliches wird nicht gemacht.<\/li>\n<li>Brief-Postversand erfolgt bei uns \u00fcber die letterei.de Postdienste GmbH. Die von uns \u00fcbermittelten Daten werden dort einzig zum Zwecke des Postversandes\u00a0 verwendet. Details finden Sie <a href=\"https:\/\/www.onlinebrief24.de\/datenschutzerklaerung\">hier.<\/a><\/li>\n<li>Video\u00fcberwachung:<br \/>\nRechtsgrundlage der Verarbeitung: Art: 6 Abs. 1 lit. f DSGVO<\/p>\n<ol>\n<li style=\"text-align: left;\"><b>Berechtigtes Interesse und Zweck der Verarbeitung<\/b>\n<ul>\n<li>Wahrnehmung des Hausrechts, Pr\u00e4vention vor Vandalismus, Diebstahl, Pr\u00e4vention und Beweissicherung bzgl. Straftataten.<\/li>\n<li>Kunden- und Personalsicherheit<\/li>\n<\/ul>\n<p>&nbsp;<\/li>\n<li style=\"text-align: left;\"><b>Speicherdauer und Weitergabe der Daten<\/b>\n<ul>\n<li>Die Aufzeichnungen werden, sofern es keinen Anlass f\u00fcr Verwertung gibt, nach 21 Tagen automatisiert gel\u00f6scht.<\/li>\n<li>Die Aufzeichnungen werden ausschlie\u00dflich anlassbezogen intern bearbeitet.<\/li>\n<li>Bei Verdacht auf strafbare Handlungen werden die Daten an die Ermittlungsbeh\u00f6rden weitergegeben.<\/li>\n<\/ul>\n<p>&nbsp;<\/li>\n<li style=\"text-align: left;\"><b>Ihre Rechte:<\/b>\n<ol>\n<li>Gem\u00e4\u00df Art. 7 Abs. 3 EU-DSGVO haben Sie das eine uns gegen\u00fcber erteilte Einwilligung in die Verarbeitung Ihrer personenbezogenen Daten jederzeit zu widerrufen.<\/li>\n<li>Gem\u00e4\u00dft Art. 15 EU-DSGVO k\u00f6nnen Sie von uns Auskunft \u00fcber Ihre von uns verarbeiteten personenbezogenen Daten verlangen.<\/li>\n<li>Gem\u00e4\u00df Art. 16 EU-DSGVO haben Sie das Recht von uns die Berichtigung Ihrer personen-bezogenen Daten zu verlangen, wenn eine der dort benannten Voraussetzungen vorliegt.<\/li>\n<li>Gem\u00e4\u00df Art. 17 EU-DSGVO k\u00f6nnen Sie von uns die L\u00f6schung Ihrer von uns gespeicherten personenbezogenen Daen verlangen, wenn eine dort benannte Voraussetzung vorliegt.<\/li>\n<li>Gem\u00e4\u00df Art. 18 EU-DSGVO m\u00fcssen wir auf Ihr Verlangen die Verarbeitung Ihrer personen-bezogenen Daten einschr\u00e4nken, wenn eine der dort benannten Voraussetzungen vorliegt.<\/li>\n<li>Gem\u00e4\u00df Art. 20 EU-DSGVO haben Sie das Recht, dass wir Ihnen Ihre personenbezogenen Daten, welche Sie uns zur Verf\u00fcgung gestellt haben, in einem strukturierten, g\u00e4ngigen und maschinenlesbaren Format zur Verf\u00fcgung stellen. Daher hinaus haben Sie das Recht, dass wir Ihre Daten an eine andere datenverarbeitende Stelle \u00fcbertragen.<\/li>\n<li>Gem\u00e4\u00df Art. 21 EU-DSGVO k\u00f6nnen Sie der Verarbeitung Ihrer personenbezogenen Daten durch uns widersprechen, sofern dies auf diesseitige berechtigte Interessen gest\u00fcrzt ist.<\/li>\n<li>Gem\u00e4\u00df Art. 77 EU-DSGVO haben Sie das Recht sich bei der zust\u00e4ndigen Datenschutzaufsichtsbeh\u00f6rde zu beschweren, wenn Sie der Ansicht sein sollten, dass eine durch uns erfolgte Datenverarbeitung gegen die EU-DSGVO oder das BDSG verst\u00f6\u00dft.<\/li>\n<\/ol>\n<\/li>\n<\/ol>\n<\/li>\n<\/ol>\n<p>Haben Sie noch Fragen? Gerne geben wir Ihnen Antwort.<\/p>\n<p>&nbsp;<\/p>\n<p><strong><span style=\"font-size: 10pt;\">Beschwerden \/ Streitschlichtung<\/span><\/strong><\/p>\n<p><span style=\"font-size: 10pt;\">(Vorgabe dieser Angabe: Verbraucherstreitbeilegungsgesetz (VSBG))<\/span><\/p>\n<p><span style=\"font-size: 10pt;\"><i>Wir sind zwecks Beilegung von Streitigkeiten mit Verbrauchern zur Teilnahme an einem Streitbeilegungsverfahren vor einer Verbraucherschlichtungsstelle bereit. Die zust\u00e4ndige Verbraucherschlichtungsstelle ist: Allgemeine Verbraucherschlichtungsstelle des Zentrums f\u00fcr Schlichtung e.V., Stra\u00dfburger Stra\u00dfe 8, 77694 Kehl am Rhein, <a href=\"http:\/\/www.verbraucher-schlichter.de\" target=\"_blank\" rel=\"noopener noreferrer\">www.verbraucher-schlichter.de<\/a> . Zur Beilegung der genannten Streitigkeiten werden wir in einem Streitbeilegungsverfahren vor dieser Stelle teilnehmen.<\/i><\/span><\/p>\n<p><span style=\"font-size: 10pt;\">Nat\u00fcrlich bevorzugen wir in allen Bereichen das pers\u00f6nliche Gespr\u00e4ch und hoffen, dass wir unsere Statistik (2 gerichtliche Streitf\u00e4lle in knapp 120 Jahren Firmengeschichte) nicht verschlechtern. Kommen Sie einfach auf uns zu.<\/span><\/p>\n","protected":false},"excerpt":{"rendered":"<p>Blumen Schwarz Heino Schwarz Limbacher Str. 60 91126 Schwabach webseite@blumen-schwarz.de Telefon 09122 691850 Telefon Raum &hellip;<\/p>\n<p class=\"read-more\"> <a class=\" thunk-readmore button \" href=\"https:\/\/www.blumen-schwarz.de\/aktuell\/ueber-uns\/impressum\/\"> <span class=\"screen-reader-text\">Impressum, Kontakt, Datenschutz<\/span>weiterlesen<\/a><\/p>\n","protected":false},"author":1,"featured_media":0,"parent":95,"menu_order":1,"comment_status":"closed","ping_status":"closed","template":"","meta":{"inline_featured_image":false,"footnotes":""},"class_list":["post-104","page","type-page","status-publish","hentry","thunk-woo-product-list","open-woo-hover-zoom","open-single-product-tab-horizontal","open-shadow-","open-shadow-hover-"],"_links":{"self":[{"href":"https:\/\/www.blumen-schwarz.de\/aktuell\/wp-json\/wp\/v2\/pages\/104","targetHints":{"allow":["GET"]}}],"collection":[{"href":"https:\/\/www.blumen-schwarz.de\/aktuell\/wp-json\/wp\/v2\/pages"}],"about":[{"href":"https:\/\/www.blumen-schwarz.de\/aktuell\/wp-json\/wp\/v2\/types\/page"}],"author":[{"embeddable":true,"href":"https:\/\/www.blumen-schwarz.de\/aktuell\/wp-json\/wp\/v2\/users\/1"}],"replies":[{"embeddable":true,"href":"https:\/\/www.blumen-schwarz.de\/aktuell\/wp-json\/wp\/v2\/comments?post=104"}],"version-history":[{"count":4,"href":"https:\/\/www.blumen-schwarz.de\/aktuell\/wp-json\/wp\/v2\/pages\/104\/revisions"}],"predecessor-version":[{"id":288414,"href":"https:\/\/www.blumen-schwarz.de\/aktuell\/wp-json\/wp\/v2\/pages\/104\/revisions\/288414"}],"up":[{"embeddable":true,"href":"https:\/\/www.blumen-schwarz.de\/aktuell\/wp-json\/wp\/v2\/pages\/95"}],"wp:attachment":[{"href":"https:\/\/www.blumen-schwarz.de\/aktuell\/wp-json\/wp\/v2\/media?parent=104"}],"curies":[{"name":"wp","href":"https:\/\/api.w.org\/{rel}","templated":true}]}}